{"id":120567,"date":"2026-02-03T10:47:27","date_gmt":"2026-02-03T09:47:27","guid":{"rendered":"https:\/\/shiatsuverband.ch\/le-shiatsu-comme-profession\/supervision\/"},"modified":"2026-03-09T10:13:51","modified_gmt":"2026-03-09T09:13:51","slug":"supervision","status":"publish","type":"page","link":"https:\/\/shiatsuverband.ch\/fr\/le-shiatsu-comme-profession\/supervision\/","title":{"rendered":"Supervision"},"content":{"rendered":"\n<style type=\"text\/css\" data-created_by=\"avia_inline_auto\" id=\"style-css-av-ju2np72c-426f13c1290d372734dcfece8dfb9c11\">\n.avia-section.av-ju2np72c-426f13c1290d372734dcfece8dfb9c11{\nbackground-repeat:no-repeat;\nbackground-image:url(https:\/\/shiatsuverband.ch\/wp-content\/uploads\/2019\/04\/SGS-Foto_401BM_GB.jpg);\nbackground-position:50% 50%;\nbackground-attachment:scroll;\n}\n<\/style>\n<div id='av_section_1'  class='avia-section av-ju2np72c-426f13c1290d372734dcfece8dfb9c11 main_color avia-section-no-padding avia-no-border-styling  avia-builder-el-0  el_before_av_section  avia-builder-el-first  margin-top-color-section av-small-hide av-mini-hide avia-full-stretch avia-bg-style-scroll av-minimum-height av-minimum-height-custom av-height-custom  container_wrap fullsize'  data-section-bg-repeat='stretch' data-av_minimum_height_px='440'><div class='container av-section-cont-open' style='height:440px'><main  role=\"main\" itemprop=\"mainContentOfPage\"  class='template-page content  av-content-full alpha units'><div class='post-entry post-entry-type-page post-entry-120567'><div class='entry-content-wrapper clearfix'>\n<\/div><\/div><\/main><!-- close content main element --><\/div><\/div>\n<style type=\"text\/css\" data-created_by=\"avia_inline_auto\" id=\"style-css-av-julcyueo-59e4c05ec8fa258d8ad36a405fa72434\">\n.avia-section.av-julcyueo-59e4c05ec8fa258d8ad36a405fa72434{\nbackground-color:#009ed0;\nbackground-image:unset;\n}\n<\/style>\n<div id='av_section_2'  class='avia-section av-julcyueo-59e4c05ec8fa258d8ad36a405fa72434 main_color avia-section-no-padding avia-no-border-styling  avia-builder-el-1  el_after_av_section  el_before_av_textblock  color-section-title avia-bg-style-scroll container_wrap fullsize'  ><div class='container av-section-cont-open' ><div class='template-page content  av-content-full alpha units'><div class='post-entry post-entry-type-page post-entry-120567'><div class='entry-content-wrapper clearfix'>\n\n<style type=\"text\/css\" data-created_by=\"avia_inline_auto\" id=\"style-css-av-julcym6e-486dcdde98e90c97e0f8033570b7feb1\">\n#top .hr.hr-invisible.av-julcym6e-486dcdde98e90c97e0f8033570b7feb1{\nheight:40px;\n}\n<\/style>\n<div  class='hr av-julcym6e-486dcdde98e90c97e0f8033570b7feb1 hr-invisible  avia-builder-el-2  el_before_av_textblock  avia-builder-el-first '><span class='hr-inner '><span class=\"hr-inner-style\"><\/span><\/span><\/div>\n<section  class='av_textblock_section av-julcy7np-d11b595e1e6bd8cd2a885a9197df8900 '   itemscope=\"itemscope\" itemtype=\"https:\/\/schema.org\/CreativeWork\" ><div class='avia_textblock'  itemprop=\"text\" ><h1 class=\"h1-white\">Supervision<\/h1>\n<\/div><\/section>\n<\/div><\/div><\/div><!-- close content main div --><\/div><\/div><div id='after_section_2'  class='main_color av_default_container_wrap container_wrap fullsize'  ><div class='container av-section-cont-open' ><div class='template-page content  av-content-full alpha units'><div class='post-entry post-entry-type-page post-entry-120567'><div class='entry-content-wrapper clearfix'>\n<section  class='av_textblock_section av-vkwx-0a3d01bbf75ff05eddfbc4266f021ed1 '   itemscope=\"itemscope\" itemtype=\"https:\/\/schema.org\/CreativeWork\" ><div class='avia_textblock'  itemprop=\"text\" ><h2>La supervision dans le contexte th\u00e9rapeutique<\/h2>\n<p>La supervision est un outil pour assurer la qualit\u00e9 professionnelle, d\u00e9velopper l&rsquo;approche th\u00e9rapeutique et renforcer les comp\u00e9tences professionnelles. Elle cr\u00e9e un espace propice \u00e0 l&rsquo;\u00e9change, \u00e0 l&rsquo;orientation et au d\u00e9veloppement.<\/p>\n<\/div><\/section>\n<div  class='hr av-11zs1-7f8a783574cf5bbe043aa1b96d21d84a hr-default  avia-builder-el-5  el_after_av_textblock  el_before_av_textblock '><span class='hr-inner '><span class=\"hr-inner-style\"><\/span><\/span><\/div>\n<section  class='av_textblock_section av-ml6f4g12-c2735fc40895b2b9e58285b9bd0f1117 '   itemscope=\"itemscope\" itemtype=\"https:\/\/schema.org\/CreativeWork\" ><div class='avia_textblock'  itemprop=\"text\" ><h2>Les th\u00e8mes d&rsquo;une supervision<\/h2>\n<p>Voici quelques exemples de th\u00e8mes qui peuvent \u00eatre abord\u00e9s lors d&rsquo;une supervision :<br \/>\n_ R\u00e9flexion sur sa propre pratique th\u00e9rapeutique<br \/>\n_ Analyse des interventions et de leurs effets dans la pratique quotidienne<br \/>\n_ Discussion de cas afin d&rsquo;\u00e9largir les perspectives et de d\u00e9velopper de nouvelles approches<br \/>\n_ Clarification quant \u00e0 la compr\u00e9hension du r\u00f4le de th\u00e9rapeute et \u00e0 l&rsquo;attitude professionnelle<br \/>\n_ Strat\u00e9gies visant \u00e0 prendre soin de soi et \u00e0 pr\u00e9venir le surmenage et le burnout<br \/>\n_ R\u00e9flexion sur les questions \u00e9thiques et la responsabilit\u00e9 professionnelle<br \/>\n_ Soutien dans les processus de changement professionnel et de d\u00e9veloppement personnel<\/p>\n<\/div><\/section>\n<div  class='hr av-h350ipj-767bc8573fdf7b17d8ecdc52398ce77d hr-default  avia-builder-el-7  el_after_av_textblock  el_before_av_textblock '><span class='hr-inner '><span class=\"hr-inner-style\"><\/span><\/span><\/div>\n<section  class='av_textblock_section av-lh5yt2qk-584d95478ff19d7c595114a6059c3a22 '   itemscope=\"itemscope\" itemtype=\"https:\/\/schema.org\/CreativeWork\" ><div class='avia_textblock'  itemprop=\"text\" ><h2>La liste des supverviseuses et superviseurs<\/h2>\n<p>Ci-dessous vous trouverez :<\/p>\n<p>_ <a href=\"https:\/\/www.oda-kt.ch\/fr\/supervision\/superviseurs\">La liste de l\u2019OrTra TC avec les superviseuses et superviseurs dont les qualifications correspondent aux exigences minimales de l&rsquo;OrTra TC conform\u00e9ment au r\u00e8glement relatif \u00e0 la pratique professionnelle supervis\u00e9e en th\u00e9rapie compl\u00e9mentaire.<\/a><\/p>\n<p>_ <a href=\"https:\/\/shiatsuverband.ch\/wp-content\/uploads\/2026\/02\/10-5-SupervisorInnen-Liste_20260219.pdf\">La liste des superviseuses et superviseurs de la m\u00e9thode Shiatsu reconnus par l\u2019ASS.<\/a> Il s\u2019agit de superviseuses et superviseurs qui sont membres de l\u2019ASS et qui remplissent les exigences minimales de l\u2019OrTra TC conform\u00e9ment au r\u00e8glement relatif \u00e0 la pratique professionnelle supervis\u00e9e en th\u00e9rapie compl\u00e9mentaire.<\/p>\n<\/div><\/section>\n<div  class='hr av-6f96svr-3cb2bea6520224c02b8a4d6ebe43b265 hr-default  avia-builder-el-9  el_after_av_textblock  el_before_av_textblock '><span class='hr-inner '><span class=\"hr-inner-style\"><\/span><\/span><\/div>\n<section  class='av_textblock_section av-mlrnvtc8-db20a437dd854e2b4dc4e89321616ddc '   itemscope=\"itemscope\" itemtype=\"https:\/\/schema.org\/CreativeWork\" ><div class='avia_textblock'  itemprop=\"text\" ><h2>Pratique professionnelle supervis\u00e9e pour l&rsquo;admission \u00e0 l&rsquo;examen professionnel sup\u00e9rieur<\/h2>\n<p>La condition d\u2019admission \u00e0 l&rsquo;examen professionnel sup\u00e9rieur pour th\u00e9rapeutes compl\u00e9mentaires est la suivante: il faut avoir, au moment de l\u2019inscription, au moins deux ans d&rsquo;exp\u00e9rience professionnelle dans le domaine de la th\u00e9rapie compl\u00e9mentaire. La charge de travail moyenne doit<br \/>\n\u00eatre d&rsquo;au moins 50% et comprendre au minimum 300 heures de traitement par an pendant la dur\u00e9e d\u00e9clar\u00e9e. Il faut enfin pouvoir justifier de 18 heures de supervision pendant la p\u00e9riode de pratique professionnelle. Vous trouverez toutes les informations <a href=\"https:\/\/www.oda-kt.ch\/fileadmin\/user_upload\/pdf\/F\/Newsletter\/202602_Spezial\/2_OdA_KT_Newsletter_2602_Nachweis_Berufspraxis_fr.pdf\">ici<\/a>.<\/p>\n<\/div><\/section>\n<div  class='hr av-dkb38fr-6562f1c656d329a50e40098ce7cc1295 hr-default  avia-builder-el-11  el_after_av_textblock  el_before_av_textblock '><span class='hr-inner '><span class=\"hr-inner-style\"><\/span><\/span><\/div>\n<section  class='av_textblock_section av-ml6hpp9n-bc8006b251eeefc4712612d9afab9593 '   itemscope=\"itemscope\" itemtype=\"https:\/\/schema.org\/CreativeWork\" ><div class='avia_textblock'  itemprop=\"text\" ><h2>Distinction entre supervision et pr\u00e9paration \u00e0 l\u2019examen<\/h2>\n<p>Les candidat-e-s et les superviseurs\/euses expriment r\u00e9guli\u00e8rement le souhait de pouvoir utiliser les heures de supervision exig\u00e9es dans le cadre du parcours menant du Certificat de Branche OrTra TC \u00e0 l&rsquo;Examen Professionnel Sup\u00e9rieur (EPS) pour pr\u00e9parer leur examen ou discuter de l&rsquo;\u00e9tude de cas. <a href=\"https:\/\/www.oda-kt.ch\/fileadmin\/user_upload\/pdf\/F\/Merkblaetter_F\/230622_Merkblatt_Pruefungsvorbereitung_versus_Supervision_fr.pdf\">Cette fiche d&rsquo;information de l&rsquo;OrTra TC<\/a> explique pourquoi la supervision et la pr\u00e9paration \u00e0 l&rsquo;examen doivent \u00eatre clairement s\u00e9par\u00e9es.<\/p>\n<\/div><\/section>\n<div  class='hr av-82tq5vb-3f382773ede03ee5768550762f173f15 hr-default  avia-builder-el-13  el_after_av_textblock  avia-builder-el-last '><span class='hr-inner '><span class=\"hr-inner-style\"><\/span><\/span><\/div>\n","protected":false},"excerpt":{"rendered":"","protected":false},"author":11,"featured_media":4639,"parent":4318,"menu_order":0,"comment_status":"closed","ping_status":"closed","template":"","meta":{"_acf_changed":false,"_monsterinsights_skip_tracking":false,"_monsterinsights_sitenote_active":false,"_monsterinsights_sitenote_note":"","_monsterinsights_sitenote_category":0,"footnotes":""},"class_list":["post-120567","page","type-page","status-publish","has-post-thumbnail","hentry"],"acf":[],"yoast_head":"<!-- This site is optimized with the Yoast SEO plugin v27.5 - https:\/\/yoast.com\/product\/yoast-seo-wordpress\/ -->\n<title>Supervision zur Komplement\u00e4rTherapeutin - Shiatsu Gesellschaft Schweiz<\/title>\n<meta name=\"description\" content=\"Die berufliche Ausbildung zur Komplement\u00e4rTherapeutin bzw. \u2013Therapeut in der Methode Shiatsu dauert mindestens 3 Jahre und verlangt 500 Kontaktstunden...\" \/>\n<meta name=\"robots\" content=\"index, follow, max-snippet:-1, max-image-preview:large, max-video-preview:-1\" \/>\n<link rel=\"canonical\" href=\"https:\/\/shiatsuverband.ch\/fr\/le-shiatsu-comme-profession\/supervision\/\" \/>\n<meta property=\"og:locale\" content=\"fr_FR\" \/>\n<meta property=\"og:type\" content=\"article\" \/>\n<meta property=\"og:title\" content=\"Supervision zur Komplement\u00e4rTherapeutin - Shiatsu Gesellschaft Schweiz\" \/>\n<meta property=\"og:description\" content=\"Die berufliche Ausbildung zur Komplement\u00e4rTherapeutin bzw. \u2013Therapeut in der Methode Shiatsu dauert mindestens 3 Jahre und verlangt 500 Kontaktstunden...\" \/>\n<meta property=\"og:url\" content=\"https:\/\/shiatsuverband.ch\/fr\/le-shiatsu-comme-profession\/supervision\/\" \/>\n<meta property=\"og:site_name\" content=\"Shiatsu Gesellschaft Schweiz\" \/>\n<meta property=\"article:publisher\" content=\"https:\/\/www.facebook.com\/shiatsugesellschaftschweiz\" \/>\n<meta property=\"article:modified_time\" content=\"2026-03-09T09:13:51+00:00\" \/>\n<meta property=\"og:image\" content=\"https:\/\/shiatsuverband.ch\/wp-content\/uploads\/2019\/04\/Shiatsu_1.png\" \/>\n\t<meta property=\"og:image:width\" content=\"1200\" \/>\n\t<meta property=\"og:image:height\" content=\"800\" \/>\n\t<meta property=\"og:image:type\" content=\"image\/png\" \/>\n<meta name=\"twitter:card\" content=\"summary_large_image\" \/>\n<meta name=\"twitter:label1\" content=\"Dur\u00e9e de lecture estim\u00e9e\" \/>\n\t<meta name=\"twitter:data1\" content=\"2 minutes\" \/>\n<script type=\"application\/ld+json\" class=\"yoast-schema-graph\">{\"@context\":\"https:\\\/\\\/schema.org\",\"@graph\":[{\"@type\":\"WebPage\",\"@id\":\"https:\\\/\\\/shiatsuverband.ch\\\/fr\\\/le-shiatsu-comme-profession\\\/supervision\\\/\",\"url\":\"https:\\\/\\\/shiatsuverband.ch\\\/fr\\\/le-shiatsu-comme-profession\\\/supervision\\\/\",\"name\":\"Supervision zur Komplement\u00e4rTherapeutin - Shiatsu Gesellschaft Schweiz\",\"isPartOf\":{\"@id\":\"https:\\\/\\\/shiatsuverband.ch\\\/fr\\\/#website\"},\"primaryImageOfPage\":{\"@id\":\"https:\\\/\\\/shiatsuverband.ch\\\/fr\\\/le-shiatsu-comme-profession\\\/supervision\\\/#primaryimage\"},\"image\":{\"@id\":\"https:\\\/\\\/shiatsuverband.ch\\\/fr\\\/le-shiatsu-comme-profession\\\/supervision\\\/#primaryimage\"},\"thumbnailUrl\":\"https:\\\/\\\/shiatsuverband.ch\\\/wp-content\\\/uploads\\\/2019\\\/04\\\/Shiatsu_1.png\",\"datePublished\":\"2026-02-03T09:47:27+00:00\",\"dateModified\":\"2026-03-09T09:13:51+00:00\",\"description\":\"Die berufliche Ausbildung zur Komplement\u00e4rTherapeutin bzw. \u2013Therapeut in der Methode Shiatsu dauert mindestens 3 Jahre und verlangt 500 Kontaktstunden...\",\"breadcrumb\":{\"@id\":\"https:\\\/\\\/shiatsuverband.ch\\\/fr\\\/le-shiatsu-comme-profession\\\/supervision\\\/#breadcrumb\"},\"inLanguage\":\"fr-FR\",\"potentialAction\":[{\"@type\":\"ReadAction\",\"target\":[\"https:\\\/\\\/shiatsuverband.ch\\\/fr\\\/le-shiatsu-comme-profession\\\/supervision\\\/\"]}]},{\"@type\":\"ImageObject\",\"inLanguage\":\"fr-FR\",\"@id\":\"https:\\\/\\\/shiatsuverband.ch\\\/fr\\\/le-shiatsu-comme-profession\\\/supervision\\\/#primaryimage\",\"url\":\"https:\\\/\\\/shiatsuverband.ch\\\/wp-content\\\/uploads\\\/2019\\\/04\\\/Shiatsu_1.png\",\"contentUrl\":\"https:\\\/\\\/shiatsuverband.ch\\\/wp-content\\\/uploads\\\/2019\\\/04\\\/Shiatsu_1.png\",\"width\":1200,\"height\":800},{\"@type\":\"BreadcrumbList\",\"@id\":\"https:\\\/\\\/shiatsuverband.ch\\\/fr\\\/le-shiatsu-comme-profession\\\/supervision\\\/#breadcrumb\",\"itemListElement\":[{\"@type\":\"ListItem\",\"position\":1,\"name\":\"Startseite\",\"item\":\"https:\\\/\\\/shiatsuverband.ch\\\/fr\\\/le-shiatsu-une-methode-de-la-therapie-complementaire\\\/\"},{\"@type\":\"ListItem\",\"position\":2,\"name\":\"Profession\",\"item\":\"https:\\\/\\\/shiatsuverband.ch\\\/fr\\\/le-shiatsu-comme-profession\\\/\"},{\"@type\":\"ListItem\",\"position\":3,\"name\":\"Supervision\"}]},{\"@type\":\"WebSite\",\"@id\":\"https:\\\/\\\/shiatsuverband.ch\\\/fr\\\/#website\",\"url\":\"https:\\\/\\\/shiatsuverband.ch\\\/fr\\\/\",\"name\":\"Shiatsu Gesellschaft Schweiz\",\"description\":\"Shiatsu, eine Methode der Komplement\u00e4rTherapie\",\"publisher\":{\"@id\":\"https:\\\/\\\/shiatsuverband.ch\\\/fr\\\/#organization\"},\"potentialAction\":[{\"@type\":\"SearchAction\",\"target\":{\"@type\":\"EntryPoint\",\"urlTemplate\":\"https:\\\/\\\/shiatsuverband.ch\\\/fr\\\/?s={search_term_string}\"},\"query-input\":{\"@type\":\"PropertyValueSpecification\",\"valueRequired\":true,\"valueName\":\"search_term_string\"}}],\"inLanguage\":\"fr-FR\"},{\"@type\":\"Organization\",\"@id\":\"https:\\\/\\\/shiatsuverband.ch\\\/fr\\\/#organization\",\"name\":\"Shiatsu Gesellschaft Schweiz\",\"url\":\"https:\\\/\\\/shiatsuverband.ch\\\/fr\\\/\",\"logo\":{\"@type\":\"ImageObject\",\"inLanguage\":\"fr-FR\",\"@id\":\"https:\\\/\\\/shiatsuverband.ch\\\/fr\\\/#\\\/schema\\\/logo\\\/image\\\/\",\"url\":\"https:\\\/\\\/shiatsuverband.ch\\\/wp-content\\\/uploads\\\/2019\\\/04\\\/Shiatsuverband_Logo.png\",\"contentUrl\":\"https:\\\/\\\/shiatsuverband.ch\\\/wp-content\\\/uploads\\\/2019\\\/04\\\/Shiatsuverband_Logo.png\",\"width\":387,\"height\":130,\"caption\":\"Shiatsu Gesellschaft Schweiz\"},\"image\":{\"@id\":\"https:\\\/\\\/shiatsuverband.ch\\\/fr\\\/#\\\/schema\\\/logo\\\/image\\\/\"},\"sameAs\":[\"https:\\\/\\\/www.facebook.com\\\/shiatsugesellschaftschweiz\"]}]}<\/script>\n<!-- \/ Yoast SEO plugin. -->","yoast_head_json":{"title":"Supervision zur Komplement\u00e4rTherapeutin - Shiatsu Gesellschaft Schweiz","description":"Die berufliche Ausbildung zur Komplement\u00e4rTherapeutin bzw. \u2013Therapeut in der Methode Shiatsu dauert mindestens 3 Jahre und verlangt 500 Kontaktstunden...","robots":{"index":"index","follow":"follow","max-snippet":"max-snippet:-1","max-image-preview":"max-image-preview:large","max-video-preview":"max-video-preview:-1"},"canonical":"https:\/\/shiatsuverband.ch\/fr\/le-shiatsu-comme-profession\/supervision\/","og_locale":"fr_FR","og_type":"article","og_title":"Supervision zur Komplement\u00e4rTherapeutin - Shiatsu Gesellschaft Schweiz","og_description":"Die berufliche Ausbildung zur Komplement\u00e4rTherapeutin bzw. \u2013Therapeut in der Methode Shiatsu dauert mindestens 3 Jahre und verlangt 500 Kontaktstunden...","og_url":"https:\/\/shiatsuverband.ch\/fr\/le-shiatsu-comme-profession\/supervision\/","og_site_name":"Shiatsu Gesellschaft Schweiz","article_publisher":"https:\/\/www.facebook.com\/shiatsugesellschaftschweiz","article_modified_time":"2026-03-09T09:13:51+00:00","og_image":[{"width":1200,"height":800,"url":"https:\/\/shiatsuverband.ch\/wp-content\/uploads\/2019\/04\/Shiatsu_1.png","type":"image\/png"}],"twitter_card":"summary_large_image","twitter_misc":{"Dur\u00e9e de lecture estim\u00e9e":"2 minutes"},"schema":{"@context":"https:\/\/schema.org","@graph":[{"@type":"WebPage","@id":"https:\/\/shiatsuverband.ch\/fr\/le-shiatsu-comme-profession\/supervision\/","url":"https:\/\/shiatsuverband.ch\/fr\/le-shiatsu-comme-profession\/supervision\/","name":"Supervision zur Komplement\u00e4rTherapeutin - Shiatsu Gesellschaft Schweiz","isPartOf":{"@id":"https:\/\/shiatsuverband.ch\/fr\/#website"},"primaryImageOfPage":{"@id":"https:\/\/shiatsuverband.ch\/fr\/le-shiatsu-comme-profession\/supervision\/#primaryimage"},"image":{"@id":"https:\/\/shiatsuverband.ch\/fr\/le-shiatsu-comme-profession\/supervision\/#primaryimage"},"thumbnailUrl":"https:\/\/shiatsuverband.ch\/wp-content\/uploads\/2019\/04\/Shiatsu_1.png","datePublished":"2026-02-03T09:47:27+00:00","dateModified":"2026-03-09T09:13:51+00:00","description":"Die berufliche Ausbildung zur Komplement\u00e4rTherapeutin bzw. \u2013Therapeut in der Methode Shiatsu dauert mindestens 3 Jahre und verlangt 500 Kontaktstunden...","breadcrumb":{"@id":"https:\/\/shiatsuverband.ch\/fr\/le-shiatsu-comme-profession\/supervision\/#breadcrumb"},"inLanguage":"fr-FR","potentialAction":[{"@type":"ReadAction","target":["https:\/\/shiatsuverband.ch\/fr\/le-shiatsu-comme-profession\/supervision\/"]}]},{"@type":"ImageObject","inLanguage":"fr-FR","@id":"https:\/\/shiatsuverband.ch\/fr\/le-shiatsu-comme-profession\/supervision\/#primaryimage","url":"https:\/\/shiatsuverband.ch\/wp-content\/uploads\/2019\/04\/Shiatsu_1.png","contentUrl":"https:\/\/shiatsuverband.ch\/wp-content\/uploads\/2019\/04\/Shiatsu_1.png","width":1200,"height":800},{"@type":"BreadcrumbList","@id":"https:\/\/shiatsuverband.ch\/fr\/le-shiatsu-comme-profession\/supervision\/#breadcrumb","itemListElement":[{"@type":"ListItem","position":1,"name":"Startseite","item":"https:\/\/shiatsuverband.ch\/fr\/le-shiatsu-une-methode-de-la-therapie-complementaire\/"},{"@type":"ListItem","position":2,"name":"Profession","item":"https:\/\/shiatsuverband.ch\/fr\/le-shiatsu-comme-profession\/"},{"@type":"ListItem","position":3,"name":"Supervision"}]},{"@type":"WebSite","@id":"https:\/\/shiatsuverband.ch\/fr\/#website","url":"https:\/\/shiatsuverband.ch\/fr\/","name":"Shiatsu Gesellschaft Schweiz","description":"Shiatsu, eine Methode der Komplement\u00e4rTherapie","publisher":{"@id":"https:\/\/shiatsuverband.ch\/fr\/#organization"},"potentialAction":[{"@type":"SearchAction","target":{"@type":"EntryPoint","urlTemplate":"https:\/\/shiatsuverband.ch\/fr\/?s={search_term_string}"},"query-input":{"@type":"PropertyValueSpecification","valueRequired":true,"valueName":"search_term_string"}}],"inLanguage":"fr-FR"},{"@type":"Organization","@id":"https:\/\/shiatsuverband.ch\/fr\/#organization","name":"Shiatsu Gesellschaft Schweiz","url":"https:\/\/shiatsuverband.ch\/fr\/","logo":{"@type":"ImageObject","inLanguage":"fr-FR","@id":"https:\/\/shiatsuverband.ch\/fr\/#\/schema\/logo\/image\/","url":"https:\/\/shiatsuverband.ch\/wp-content\/uploads\/2019\/04\/Shiatsuverband_Logo.png","contentUrl":"https:\/\/shiatsuverband.ch\/wp-content\/uploads\/2019\/04\/Shiatsuverband_Logo.png","width":387,"height":130,"caption":"Shiatsu Gesellschaft Schweiz"},"image":{"@id":"https:\/\/shiatsuverband.ch\/fr\/#\/schema\/logo\/image\/"},"sameAs":["https:\/\/www.facebook.com\/shiatsugesellschaftschweiz"]}]}},"_links":{"self":[{"href":"https:\/\/shiatsuverband.ch\/fr\/wp-json\/wp\/v2\/pages\/120567","targetHints":{"allow":["GET"]}}],"collection":[{"href":"https:\/\/shiatsuverband.ch\/fr\/wp-json\/wp\/v2\/pages"}],"about":[{"href":"https:\/\/shiatsuverband.ch\/fr\/wp-json\/wp\/v2\/types\/page"}],"author":[{"embeddable":true,"href":"https:\/\/shiatsuverband.ch\/fr\/wp-json\/wp\/v2\/users\/11"}],"replies":[{"embeddable":true,"href":"https:\/\/shiatsuverband.ch\/fr\/wp-json\/wp\/v2\/comments?post=120567"}],"version-history":[{"count":15,"href":"https:\/\/shiatsuverband.ch\/fr\/wp-json\/wp\/v2\/pages\/120567\/revisions"}],"predecessor-version":[{"id":121744,"href":"https:\/\/shiatsuverband.ch\/fr\/wp-json\/wp\/v2\/pages\/120567\/revisions\/121744"}],"up":[{"embeddable":true,"href":"https:\/\/shiatsuverband.ch\/fr\/wp-json\/wp\/v2\/pages\/4318"}],"wp:featuredmedia":[{"embeddable":true,"href":"https:\/\/shiatsuverband.ch\/fr\/wp-json\/wp\/v2\/media\/4639"}],"wp:attachment":[{"href":"https:\/\/shiatsuverband.ch\/fr\/wp-json\/wp\/v2\/media?parent=120567"}],"curies":[{"name":"wp","href":"https:\/\/api.w.org\/{rel}","templated":true}]}}