{"id":120620,"date":"2026-02-08T16:19:45","date_gmt":"2026-02-08T15:19:45","guid":{"rendered":"https:\/\/shiatsuverband.ch\/?page_id=120620"},"modified":"2026-05-06T10:17:25","modified_gmt":"2026-05-06T08:17:25","slug":"alice-ginger-zagato","status":"publish","type":"page","link":"https:\/\/shiatsuverband.ch\/fr\/association\/team\/alice-ginger-zagato\/","title":{"rendered":"Alice Ginger Zagato"},"content":{"rendered":"\n<style type=\"text\/css\" data-created_by=\"avia_inline_auto\" id=\"style-css-av-649twp0-8153f42c1bee7c6bb0af32283e9b43eb\">\n.avia-section.av-649twp0-8153f42c1bee7c6bb0af32283e9b43eb{\nbackground-color:#009ed0;\nbackground-image:unset;\n}\n<\/style>\n<div id='av_section_1'  class='avia-section av-649twp0-8153f42c1bee7c6bb0af32283e9b43eb main_color avia-section-no-padding avia-no-border-styling  avia-builder-el-0  el_before_av_one_third  avia-builder-el-first  color-section-title avia-bg-style-scroll container_wrap fullsize'  ><div class='container av-section-cont-open' ><main  role=\"main\" itemprop=\"mainContentOfPage\"  class='template-page content  av-content-full alpha units'><div class='post-entry post-entry-type-page post-entry-120620'><div class='entry-content-wrapper clearfix'>\n\n<style type=\"text\/css\" data-created_by=\"avia_inline_auto\" id=\"style-css-av-5reot7o-29a63a84c9f09dea41e89b519a57ce0d\">\n#top .hr.hr-invisible.av-5reot7o-29a63a84c9f09dea41e89b519a57ce0d{\nheight:40px;\n}\n<\/style>\n<div  class='hr av-5reot7o-29a63a84c9f09dea41e89b519a57ce0d hr-invisible  avia-builder-el-1  el_before_av_textblock  avia-builder-el-first '><span class='hr-inner '><span class=\"hr-inner-style\"><\/span><\/span><\/div>\n<section  class='av_textblock_section av-l876x9ju-b1481707273c0988e9f3bafb6a432e7b '   itemscope=\"itemscope\" itemtype=\"https:\/\/schema.org\/CreativeWork\" ><div class='avia_textblock'  itemprop=\"text\" ><h1 class=\"h1-white\">Alice Ginger Zagato &#8211; Commission d&rsquo;\u00e9thique<\/h1>\n<\/div><\/section>\n<\/div><\/div><\/main><!-- close content main element --><\/div><\/div><div id='after_section_1'  class='main_color av_default_container_wrap container_wrap fullsize'  ><div class='container av-section-cont-open' ><div class='template-page content  av-content-full alpha units'><div class='post-entry post-entry-type-page post-entry-120620'><div class='entry-content-wrapper clearfix'>\n\n<style type=\"text\/css\" data-created_by=\"avia_inline_auto\" id=\"style-css-av-53ws4x0-93ac68ef4ff3c8d1b3ef7a436f5eb956\">\n.flex_column.av-53ws4x0-93ac68ef4ff3c8d1b3ef7a436f5eb956{\nborder-radius:0px 0px 0px 0px;\npadding:0px 0px 0px 0px;\n}\n<\/style>\n<div  class='flex_column av-53ws4x0-93ac68ef4ff3c8d1b3ef7a436f5eb956 av_one_third  avia-builder-el-3  el_after_av_section  el_before_av_two_third  avia-builder-el-first  first flex_column_div av-zero-column-padding  '     ><style type=\"text\/css\" data-created_by=\"avia_inline_auto\" id=\"style-css-av-4uft6ro-a5400206a486056fa7ff8d052b06ddf6\">\n.avia-image-container.av-4uft6ro-a5400206a486056fa7ff8d052b06ddf6 img.avia_image{\nbox-shadow:none;\n}\n.avia-image-container.av-4uft6ro-a5400206a486056fa7ff8d052b06ddf6 .av-image-caption-overlay-center{\ncolor:#ffffff;\n}\n<\/style>\n<div  class='avia-image-container av-4uft6ro-a5400206a486056fa7ff8d052b06ddf6 av-styling- avia-align-center  avia-builder-el-4  avia-builder-el-no-sibling '   itemprop=\"image\" itemscope=\"itemscope\" itemtype=\"https:\/\/schema.org\/ImageObject\" ><div class=\"avia-image-container-inner\"><div class=\"avia-image-overlay-wrap\"><img decoding=\"async\" fetchpriority=\"high\" class='wp-image-120617 avia-img-lazy-loading-not-120617 avia_image ' src=\"https:\/\/shiatsuverband.ch\/wp-content\/uploads\/2026\/02\/agz_sw-1-229x300.jpg\" alt='' title='agz_sw'  height=\"300\" width=\"229\"  itemprop=\"thumbnailUrl\" srcset=\"https:\/\/shiatsuverband.ch\/wp-content\/uploads\/2026\/02\/agz_sw-1-229x300.jpg 229w, https:\/\/shiatsuverband.ch\/wp-content\/uploads\/2026\/02\/agz_sw-1-785x1030.jpg 785w, https:\/\/shiatsuverband.ch\/wp-content\/uploads\/2026\/02\/agz_sw-1-768x1008.jpg 768w, https:\/\/shiatsuverband.ch\/wp-content\/uploads\/2026\/02\/agz_sw-1-1171x1536.jpg 1171w, https:\/\/shiatsuverband.ch\/wp-content\/uploads\/2026\/02\/agz_sw-1-1143x1500.jpg 1143w, https:\/\/shiatsuverband.ch\/wp-content\/uploads\/2026\/02\/agz_sw-1-537x705.jpg 537w, https:\/\/shiatsuverband.ch\/wp-content\/uploads\/2026\/02\/agz_sw-1.jpg 1179w\" sizes=\"(max-width: 229px) 100vw, 229px\" \/><\/div><\/div><\/div><\/div>\n\n<style type=\"text\/css\" data-created_by=\"avia_inline_auto\" id=\"style-css-av-4bw5ozo-69789aecd3f83c568d9a801cf78bffe1\">\n.flex_column.av-4bw5ozo-69789aecd3f83c568d9a801cf78bffe1{\nborder-radius:0px 0px 0px 0px;\npadding:0px 0px 0px 0px;\n}\n<\/style>\n<div  class='flex_column av-4bw5ozo-69789aecd3f83c568d9a801cf78bffe1 av_two_third  avia-builder-el-5  el_after_av_one_third  el_before_av_one_half  flex_column_div av-zero-column-padding  '     ><\/div>\n\n<style type=\"text\/css\" data-created_by=\"avia_inline_auto\" id=\"style-css-av-3whszms-a66ed47aff323dfe1edbd71c1b868a52\">\n.flex_column.av-3whszms-a66ed47aff323dfe1edbd71c1b868a52{\nborder-radius:0px 0px 0px 0px;\npadding:0px 0px 0px 0px;\n}\n<\/style>\n<div  class='flex_column av-3whszms-a66ed47aff323dfe1edbd71c1b868a52 av_one_half  avia-builder-el-6  el_after_av_two_third  el_before_av_one_half  first flex_column_div av-zero-column-padding  column-top-margin'     ><section  class='av_textblock_section av-ci7d0k-c018a7a83a4d5525578c6d1b9da58e7c '   itemscope=\"itemscope\" itemtype=\"https:\/\/schema.org\/CreativeWork\" ><div class='avia_textblock'  itemprop=\"text\" ><h2>Curriculum<\/h2>\n<h3>Formation de Shiatsu et exp\u00e9rience professionnelle th\u00e9rapeutique<\/h3>\n<p>Dipl\u00f4me de Shiatsu :<br \/>\n2008 IRTE Milano<\/p>\n<p>Master en Shiatsu :<br \/>\n2011 IRTE Milano<\/p>\n<p>Autres formations :<br \/>\n_ En cours : Universit\u00e9 de Lausanne : Unethical Decision Making in Organizations<br \/>\n_ Depuis 2025 PESI\u00a0: TDAH, autisme et neurodivergence<br \/>\n_ 2025 PESI\u00a0: TDAH, strat\u00e9gies et techniques de traitement<br \/>\n_ 2021 Universit\u00e9 de Pise\u00a0: Timeout Dialogue, formatrice accr\u00e9dit\u00e9e<br \/>\n_ 2013\u20132015, 2018\u20132019 Istituto Italiano PNL\u00a0: Master en PNL\u00a0;<br \/>\nExecutive Systemic Coaching (IANLP)<br \/>\n_ 2004 Universit\u00e9 de Milan\u00a0: \u00e9tudes de base en biologie<\/p>\n<p>Exp\u00e9rience professionnelle th\u00e9rapeutique :<br \/>\n_ Depuis 2008 cabinet de Shiatsu \u00e0 B\u00e2le<br \/>\n_ Depuis 2013 (IANLP depuis 2018) coaching de particuliers et d&rsquo;\u00e9quipes<\/p>\n<h3>Parcours professionnel<\/h3>\n<p>_ Jusqu&rsquo;en 2006, assistante \u00e0 l&rsquo;atelier d&rsquo;art Mustica, Milan<br \/>\n_ Jusqu&rsquo;en 2007, collaboration \u00e0 des projets et coordination d&rsquo;\u00e9v\u00e9nements dans le domaine de l&rsquo;art et des produits de luxe UE<\/p>\n<h3>Informations personnelles<\/h3>\n<p>N\u00e9e en 1977. Amoureuse de la nature et de la montagne, j&rsquo;aime passer du temps en plein air. Je m&rsquo;engage depuis de nombreuses ann\u00e9es dans le th\u00e9\u00e2tre anglophone \u00e0 B\u00e2le. J&rsquo;appr\u00e9cie autant l&rsquo;agitation et la vie que le calme et la m\u00e9ditation.<\/p>\n<\/div><\/section><\/div>\n\n<style type=\"text\/css\" data-created_by=\"avia_inline_auto\" id=\"style-css-av-372rw04-28fd19428ac5ac391c6ea31c4c6e6e93\">\n.flex_column.av-372rw04-28fd19428ac5ac391c6ea31c4c6e6e93{\nborder-radius:0px 0px 0px 0px;\npadding:0px 0px 0px 0px;\n}\n<\/style>\n<div  class='flex_column av-372rw04-28fd19428ac5ac391c6ea31c4c6e6e93 av_one_half  avia-builder-el-8  el_after_av_one_half  el_before_av_one_half  flex_column_div av-zero-column-padding  column-top-margin'     ><section  class='av_textblock_section av-2k0rhk4-c86da593d4cf32831863a3a9772c0a4b '   itemscope=\"itemscope\" itemtype=\"https:\/\/schema.org\/CreativeWork\" ><div class='avia_textblock'  itemprop=\"text\" ><h2>Fonction<\/h2>\n<h3>Fonction actuelle au sein de l&rsquo;ASS<\/h3>\n<p>_ membre de la commission d&rsquo;\u00e9thique (depuis 2026)<\/p>\n<\/div><\/section><\/div>\n\n<style type=\"text\/css\" data-created_by=\"avia_inline_auto\" id=\"style-css-av-83jcas-5af5b529f4c1788a0227affb2fab022b\">\n.flex_column.av-83jcas-5af5b529f4c1788a0227affb2fab022b{\nborder-radius:0px 0px 0px 0px;\npadding:0px 0px 0px 0px;\n}\n<\/style>\n<div  class='flex_column av-83jcas-5af5b529f4c1788a0227affb2fab022b av_one_half  avia-builder-el-10  el_after_av_one_half  el_before_av_one_half  first flex_column_div av-zero-column-padding  column-top-margin'     ><div  class='avia-button-wrap av-1rk6mmc-3005dc624a00a02ad1ce15e50ef56a27-wrap avia-button-left  avia-builder-el-11  avia-builder-el-no-sibling '><a href='https:\/\/shiatsuverband.ch\/fr\/association\/team\/tamara-odermatt\/'  class='avia-button av-1rk6mmc-3005dc624a00a02ad1ce15e50ef56a27 av-link-btn avia-icon_select-no avia-size-medium avia-position-left avia-color-dark'   aria-label=\"Tamara Odermatt - Commission d\u2019\u00e9thique\"><span class='avia_iconbox_title' >Tamara Odermatt - Commission d\u2019\u00e9thique<\/span><\/a><\/div><\/div>\n<style type=\"text\/css\" data-created_by=\"avia_inline_auto\" id=\"style-css-av-1912fac-dc65a3b80be12b94ee5975f560bbe89a\">\n.flex_column.av-1912fac-dc65a3b80be12b94ee5975f560bbe89a{\nborder-radius:0px 0px 0px 0px;\npadding:0px 0px 0px 0px;\n}\n<\/style>\n<div  class='flex_column av-1912fac-dc65a3b80be12b94ee5975f560bbe89a av_one_half  avia-builder-el-12  el_after_av_one_half  avia-builder-el-last  flex_column_div av-zero-column-padding  column-top-margin'     ><div  class='avia-button-wrap av-jgfukk-45fd4456c183d95808e420eb8ae4543a-wrap avia-button-right  avia-builder-el-13  avia-builder-el-no-sibling '><a href='https:\/\/shiatsuverband.ch\/fr\/association\/team\/bastian-schreiber\/'  class='avia-button av-jgfukk-45fd4456c183d95808e420eb8ae4543a av-link-btn avia-icon_select-no avia-size-medium avia-position-right avia-color-dark'   aria-label=\"Bastian Schreiber - Commission d\u2019\u00e9thique\"><span class='avia_iconbox_title' >Bastian Schreiber - Commission d\u2019\u00e9thique<\/span><\/a><\/div><\/div><\/p>\n","protected":false},"excerpt":{"rendered":"","protected":false},"author":11,"featured_media":0,"parent":4413,"menu_order":0,"comment_status":"closed","ping_status":"closed","template":"","meta":{"_acf_changed":false,"_monsterinsights_skip_tracking":false,"_monsterinsights_sitenote_active":false,"_monsterinsights_sitenote_note":"","_monsterinsights_sitenote_category":0,"footnotes":""},"class_list":["post-120620","page","type-page","status-publish","hentry"],"acf":[],"yoast_head":"<!-- This site is optimized with the Yoast SEO plugin v27.5 - https:\/\/yoast.com\/product\/yoast-seo-wordpress\/ -->\n<title>Alice Ginger Zagato - Shiatsu Gesellschaft Schweiz<\/title>\n<meta name=\"robots\" content=\"index, follow, max-snippet:-1, max-image-preview:large, max-video-preview:-1\" \/>\n<link rel=\"canonical\" href=\"https:\/\/shiatsuverband.ch\/fr\/association\/team\/alice-ginger-zagato\/\" \/>\n<meta property=\"og:locale\" content=\"fr_FR\" \/>\n<meta property=\"og:type\" content=\"article\" \/>\n<meta property=\"og:title\" content=\"Alice Ginger Zagato - Shiatsu Gesellschaft Schweiz\" \/>\n<meta property=\"og:url\" content=\"https:\/\/shiatsuverband.ch\/fr\/association\/team\/alice-ginger-zagato\/\" \/>\n<meta property=\"og:site_name\" content=\"Shiatsu Gesellschaft Schweiz\" \/>\n<meta property=\"article:publisher\" content=\"https:\/\/www.facebook.com\/shiatsugesellschaftschweiz\" \/>\n<meta property=\"article:modified_time\" content=\"2026-05-06T08:17:25+00:00\" \/>\n<meta name=\"twitter:card\" content=\"summary_large_image\" \/>\n<meta name=\"twitter:label1\" content=\"Dur\u00e9e de lecture estim\u00e9e\" \/>\n\t<meta name=\"twitter:data1\" content=\"2 minutes\" \/>\n<script type=\"application\/ld+json\" class=\"yoast-schema-graph\">{\"@context\":\"https:\\\/\\\/schema.org\",\"@graph\":[{\"@type\":\"WebPage\",\"@id\":\"https:\\\/\\\/shiatsuverband.ch\\\/fr\\\/association\\\/team\\\/alice-ginger-zagato\\\/\",\"url\":\"https:\\\/\\\/shiatsuverband.ch\\\/fr\\\/association\\\/team\\\/alice-ginger-zagato\\\/\",\"name\":\"Alice Ginger Zagato - Shiatsu Gesellschaft Schweiz\",\"isPartOf\":{\"@id\":\"https:\\\/\\\/shiatsuverband.ch\\\/fr\\\/#website\"},\"datePublished\":\"2026-02-08T15:19:45+00:00\",\"dateModified\":\"2026-05-06T08:17:25+00:00\",\"breadcrumb\":{\"@id\":\"https:\\\/\\\/shiatsuverband.ch\\\/fr\\\/association\\\/team\\\/alice-ginger-zagato\\\/#breadcrumb\"},\"inLanguage\":\"fr-FR\",\"potentialAction\":[{\"@type\":\"ReadAction\",\"target\":[\"https:\\\/\\\/shiatsuverband.ch\\\/fr\\\/association\\\/team\\\/alice-ginger-zagato\\\/\"]}]},{\"@type\":\"BreadcrumbList\",\"@id\":\"https:\\\/\\\/shiatsuverband.ch\\\/fr\\\/association\\\/team\\\/alice-ginger-zagato\\\/#breadcrumb\",\"itemListElement\":[{\"@type\":\"ListItem\",\"position\":1,\"name\":\"Startseite\",\"item\":\"https:\\\/\\\/shiatsuverband.ch\\\/fr\\\/le-shiatsu-une-methode-de-la-therapie-complementaire\\\/\"},{\"@type\":\"ListItem\",\"position\":2,\"name\":\"Association\",\"item\":\"https:\\\/\\\/shiatsuverband.ch\\\/fr\\\/association\\\/\"},{\"@type\":\"ListItem\",\"position\":3,\"name\":\"L\u2019\u00e9quipe\",\"item\":\"https:\\\/\\\/shiatsuverband.ch\\\/fr\\\/association\\\/team\\\/\"},{\"@type\":\"ListItem\",\"position\":4,\"name\":\"Alice Ginger Zagato\"}]},{\"@type\":\"WebSite\",\"@id\":\"https:\\\/\\\/shiatsuverband.ch\\\/fr\\\/#website\",\"url\":\"https:\\\/\\\/shiatsuverband.ch\\\/fr\\\/\",\"name\":\"Shiatsu Gesellschaft Schweiz\",\"description\":\"Shiatsu, eine Methode der Komplement\u00e4rTherapie\",\"publisher\":{\"@id\":\"https:\\\/\\\/shiatsuverband.ch\\\/fr\\\/#organization\"},\"potentialAction\":[{\"@type\":\"SearchAction\",\"target\":{\"@type\":\"EntryPoint\",\"urlTemplate\":\"https:\\\/\\\/shiatsuverband.ch\\\/fr\\\/?s={search_term_string}\"},\"query-input\":{\"@type\":\"PropertyValueSpecification\",\"valueRequired\":true,\"valueName\":\"search_term_string\"}}],\"inLanguage\":\"fr-FR\"},{\"@type\":\"Organization\",\"@id\":\"https:\\\/\\\/shiatsuverband.ch\\\/fr\\\/#organization\",\"name\":\"Shiatsu Gesellschaft Schweiz\",\"url\":\"https:\\\/\\\/shiatsuverband.ch\\\/fr\\\/\",\"logo\":{\"@type\":\"ImageObject\",\"inLanguage\":\"fr-FR\",\"@id\":\"https:\\\/\\\/shiatsuverband.ch\\\/fr\\\/#\\\/schema\\\/logo\\\/image\\\/\",\"url\":\"https:\\\/\\\/shiatsuverband.ch\\\/wp-content\\\/uploads\\\/2019\\\/04\\\/Shiatsuverband_Logo.png\",\"contentUrl\":\"https:\\\/\\\/shiatsuverband.ch\\\/wp-content\\\/uploads\\\/2019\\\/04\\\/Shiatsuverband_Logo.png\",\"width\":387,\"height\":130,\"caption\":\"Shiatsu Gesellschaft Schweiz\"},\"image\":{\"@id\":\"https:\\\/\\\/shiatsuverband.ch\\\/fr\\\/#\\\/schema\\\/logo\\\/image\\\/\"},\"sameAs\":[\"https:\\\/\\\/www.facebook.com\\\/shiatsugesellschaftschweiz\"]}]}<\/script>\n<!-- \/ Yoast SEO plugin. -->","yoast_head_json":{"title":"Alice Ginger Zagato - Shiatsu Gesellschaft Schweiz","robots":{"index":"index","follow":"follow","max-snippet":"max-snippet:-1","max-image-preview":"max-image-preview:large","max-video-preview":"max-video-preview:-1"},"canonical":"https:\/\/shiatsuverband.ch\/fr\/association\/team\/alice-ginger-zagato\/","og_locale":"fr_FR","og_type":"article","og_title":"Alice Ginger Zagato - Shiatsu Gesellschaft Schweiz","og_url":"https:\/\/shiatsuverband.ch\/fr\/association\/team\/alice-ginger-zagato\/","og_site_name":"Shiatsu Gesellschaft Schweiz","article_publisher":"https:\/\/www.facebook.com\/shiatsugesellschaftschweiz","article_modified_time":"2026-05-06T08:17:25+00:00","twitter_card":"summary_large_image","twitter_misc":{"Dur\u00e9e de lecture estim\u00e9e":"2 minutes"},"schema":{"@context":"https:\/\/schema.org","@graph":[{"@type":"WebPage","@id":"https:\/\/shiatsuverband.ch\/fr\/association\/team\/alice-ginger-zagato\/","url":"https:\/\/shiatsuverband.ch\/fr\/association\/team\/alice-ginger-zagato\/","name":"Alice Ginger Zagato - Shiatsu Gesellschaft Schweiz","isPartOf":{"@id":"https:\/\/shiatsuverband.ch\/fr\/#website"},"datePublished":"2026-02-08T15:19:45+00:00","dateModified":"2026-05-06T08:17:25+00:00","breadcrumb":{"@id":"https:\/\/shiatsuverband.ch\/fr\/association\/team\/alice-ginger-zagato\/#breadcrumb"},"inLanguage":"fr-FR","potentialAction":[{"@type":"ReadAction","target":["https:\/\/shiatsuverband.ch\/fr\/association\/team\/alice-ginger-zagato\/"]}]},{"@type":"BreadcrumbList","@id":"https:\/\/shiatsuverband.ch\/fr\/association\/team\/alice-ginger-zagato\/#breadcrumb","itemListElement":[{"@type":"ListItem","position":1,"name":"Startseite","item":"https:\/\/shiatsuverband.ch\/fr\/le-shiatsu-une-methode-de-la-therapie-complementaire\/"},{"@type":"ListItem","position":2,"name":"Association","item":"https:\/\/shiatsuverband.ch\/fr\/association\/"},{"@type":"ListItem","position":3,"name":"L\u2019\u00e9quipe","item":"https:\/\/shiatsuverband.ch\/fr\/association\/team\/"},{"@type":"ListItem","position":4,"name":"Alice Ginger Zagato"}]},{"@type":"WebSite","@id":"https:\/\/shiatsuverband.ch\/fr\/#website","url":"https:\/\/shiatsuverband.ch\/fr\/","name":"Shiatsu Gesellschaft Schweiz","description":"Shiatsu, eine Methode der Komplement\u00e4rTherapie","publisher":{"@id":"https:\/\/shiatsuverband.ch\/fr\/#organization"},"potentialAction":[{"@type":"SearchAction","target":{"@type":"EntryPoint","urlTemplate":"https:\/\/shiatsuverband.ch\/fr\/?s={search_term_string}"},"query-input":{"@type":"PropertyValueSpecification","valueRequired":true,"valueName":"search_term_string"}}],"inLanguage":"fr-FR"},{"@type":"Organization","@id":"https:\/\/shiatsuverband.ch\/fr\/#organization","name":"Shiatsu Gesellschaft Schweiz","url":"https:\/\/shiatsuverband.ch\/fr\/","logo":{"@type":"ImageObject","inLanguage":"fr-FR","@id":"https:\/\/shiatsuverband.ch\/fr\/#\/schema\/logo\/image\/","url":"https:\/\/shiatsuverband.ch\/wp-content\/uploads\/2019\/04\/Shiatsuverband_Logo.png","contentUrl":"https:\/\/shiatsuverband.ch\/wp-content\/uploads\/2019\/04\/Shiatsuverband_Logo.png","width":387,"height":130,"caption":"Shiatsu Gesellschaft Schweiz"},"image":{"@id":"https:\/\/shiatsuverband.ch\/fr\/#\/schema\/logo\/image\/"},"sameAs":["https:\/\/www.facebook.com\/shiatsugesellschaftschweiz"]}]}},"_links":{"self":[{"href":"https:\/\/shiatsuverband.ch\/fr\/wp-json\/wp\/v2\/pages\/120620","targetHints":{"allow":["GET"]}}],"collection":[{"href":"https:\/\/shiatsuverband.ch\/fr\/wp-json\/wp\/v2\/pages"}],"about":[{"href":"https:\/\/shiatsuverband.ch\/fr\/wp-json\/wp\/v2\/types\/page"}],"author":[{"embeddable":true,"href":"https:\/\/shiatsuverband.ch\/fr\/wp-json\/wp\/v2\/users\/11"}],"replies":[{"embeddable":true,"href":"https:\/\/shiatsuverband.ch\/fr\/wp-json\/wp\/v2\/comments?post=120620"}],"version-history":[{"count":12,"href":"https:\/\/shiatsuverband.ch\/fr\/wp-json\/wp\/v2\/pages\/120620\/revisions"}],"predecessor-version":[{"id":122917,"href":"https:\/\/shiatsuverband.ch\/fr\/wp-json\/wp\/v2\/pages\/120620\/revisions\/122917"}],"up":[{"embeddable":true,"href":"https:\/\/shiatsuverband.ch\/fr\/wp-json\/wp\/v2\/pages\/4413"}],"wp:attachment":[{"href":"https:\/\/shiatsuverband.ch\/fr\/wp-json\/wp\/v2\/media?parent=120620"}],"curies":[{"name":"wp","href":"https:\/\/api.w.org\/{rel}","templated":true}]}}