{"id":29159,"date":"2020-01-08T20:59:54","date_gmt":"2020-01-08T19:59:54","guid":{"rendered":"https:\/\/shiatsuverband.ch\/?page_id=29159"},"modified":"2025-04-22T17:03:48","modified_gmt":"2025-04-22T15:03:48","slug":"fr-association-team-andrea-pfisterer","status":"publish","type":"page","link":"https:\/\/shiatsuverband.ch\/fr\/association\/team\/fr-association-team-andrea-pfisterer\/","title":{"rendered":"Andrea Pfisterer"},"content":{"rendered":"\n<style type=\"text\/css\" data-created_by=\"avia_inline_auto\" id=\"style-css-av-juldoq0r-c87511fb83b526ccdc26f866797fb10f\">\n.avia-section.av-juldoq0r-c87511fb83b526ccdc26f866797fb10f{\nbackground-color:#009ed0;\nbackground-image:unset;\n}\n<\/style>\n<div id='av_section_1'  class='avia-section av-juldoq0r-c87511fb83b526ccdc26f866797fb10f main_color avia-section-no-padding avia-no-border-styling  avia-builder-el-0  el_before_av_one_third  avia-builder-el-first  color-section-title avia-bg-style-scroll container_wrap fullsize'  ><div class='container av-section-cont-open' ><main  role=\"main\" itemprop=\"mainContentOfPage\"  class='template-page content  av-content-full alpha units'><div class='post-entry post-entry-type-page post-entry-29159'><div class='entry-content-wrapper clearfix'>\n\n<style type=\"text\/css\" data-created_by=\"avia_inline_auto\" id=\"style-css-av-juldp5op-eb15166013101c8b5ba3d36b4655d3c0\">\n#top .hr.hr-invisible.av-juldp5op-eb15166013101c8b5ba3d36b4655d3c0{\nheight:40px;\n}\n<\/style>\n<div  class='hr av-juldp5op-eb15166013101c8b5ba3d36b4655d3c0 hr-invisible  avia-builder-el-1  el_before_av_textblock  avia-builder-el-first '><span class='hr-inner '><span class=\"hr-inner-style\"><\/span><\/span><\/div>\n<section  class='av_textblock_section av-juldpd9d-b2dacd7bd036403d11f47aa4c108d8c4 '   itemscope=\"itemscope\" itemtype=\"https:\/\/schema.org\/CreativeWork\" ><div class='avia_textblock'  itemprop=\"text\" ><h1 class=\"h1-white\">Andrea Pfisterer &#8211; Relations publiques<\/h1>\n<\/div><\/section>\n<\/div><\/div><\/main><!-- close content main element --><\/div><\/div><div id='after_section_1'  class='main_color av_default_container_wrap container_wrap fullsize'  ><div class='container av-section-cont-open' ><div class='template-page content  av-content-full alpha units'><div class='post-entry post-entry-type-page post-entry-29159'><div class='entry-content-wrapper clearfix'>\n\n<style type=\"text\/css\" data-created_by=\"avia_inline_auto\" id=\"style-css-av-7o3a85-eb7e7bac93d63bb0b066f01c13928ebc\">\n.flex_column.av-7o3a85-eb7e7bac93d63bb0b066f01c13928ebc{\nborder-radius:0px 0px 0px 0px;\npadding:0px 0px 0px 0px;\n}\n<\/style>\n<div  class='flex_column av-7o3a85-eb7e7bac93d63bb0b066f01c13928ebc av_one_third  avia-builder-el-3  el_after_av_section  el_before_av_two_third  avia-builder-el-first  first flex_column_div av-zero-column-padding  '     ><style type=\"text\/css\" data-created_by=\"avia_inline_auto\" id=\"style-css-av-jwon4zy3-0dbfe907221cf6dcbe208bd03eb60452\">\n.avia-image-container.av-jwon4zy3-0dbfe907221cf6dcbe208bd03eb60452 img.avia_image{\nbox-shadow:none;\n}\n.avia-image-container.av-jwon4zy3-0dbfe907221cf6dcbe208bd03eb60452 .av-image-caption-overlay-center{\ncolor:#ffffff;\n}\n<\/style>\n<div  class='avia-image-container av-jwon4zy3-0dbfe907221cf6dcbe208bd03eb60452 av-styling- avia-align-center  avia-builder-el-4  avia-builder-el-no-sibling '   itemprop=\"image\" itemscope=\"itemscope\" itemtype=\"https:\/\/schema.org\/ImageObject\" ><div class=\"avia-image-container-inner\"><div class=\"avia-image-overlay-wrap\"><img decoding=\"async\" fetchpriority=\"high\" class='wp-image-30211 avia-img-lazy-loading-not-30211 avia_image ' src=\"https:\/\/shiatsuverband.ch\/wp-content\/uploads\/2020\/01\/SGS-Vorstand_Andrea-Pfisterer_768x499.jpg\" alt='' title='SGS-Vorstand_Andrea Pfisterer_768x499'  height=\"499\" width=\"769\"  itemprop=\"thumbnailUrl\" srcset=\"https:\/\/shiatsuverband.ch\/wp-content\/uploads\/2020\/01\/SGS-Vorstand_Andrea-Pfisterer_768x499.jpg 769w, https:\/\/shiatsuverband.ch\/wp-content\/uploads\/2020\/01\/SGS-Vorstand_Andrea-Pfisterer_768x499-300x195.jpg 300w, https:\/\/shiatsuverband.ch\/wp-content\/uploads\/2020\/01\/SGS-Vorstand_Andrea-Pfisterer_768x499-705x457.jpg 705w\" sizes=\"(max-width: 769px) 100vw, 769px\" \/><\/div><\/div><\/div><\/div>\n\n<style type=\"text\/css\" data-created_by=\"avia_inline_auto\" id=\"style-css-av-555jad-34408ccba8aedb26f06f134946316905\">\n.flex_column.av-555jad-34408ccba8aedb26f06f134946316905{\nborder-radius:0px 0px 0px 0px;\npadding:0px 0px 0px 0px;\n}\n<\/style>\n<div  class='flex_column av-555jad-34408ccba8aedb26f06f134946316905 av_two_third  avia-builder-el-5  el_after_av_one_third  el_before_av_one_half  flex_column_div av-zero-column-padding  '     ><section  class='av_textblock_section av-7apqt-9370fe9b8c521aa5826bf4306e29ee65 '   itemscope=\"itemscope\" itemtype=\"https:\/\/schema.org\/CreativeWork\" ><div class='avia_textblock'  itemprop=\"text\" ><p>\u00ab\u00a0Le Shiatsu est une m\u00e9thode holistique, traditionnelle et porteuse d&rsquo;avenir dont je suis persuad\u00e9e qu\u2019elle gagnera encore en importance. Pour l\u2019ancrer davantage dans notre soci\u00e9t\u00e9, le travail de relations publiques de notre association, dont je m\u2019occupe avec plaisir, est important.\u00a0\u00bb<\/p>\n<\/div><\/section><\/div>\n\n<style type=\"text\/css\" data-created_by=\"avia_inline_auto\" id=\"style-css-av-4n9vzp-3636db3ab26801d6942879d63bbcb8f2\">\n.flex_column.av-4n9vzp-3636db3ab26801d6942879d63bbcb8f2{\nborder-radius:0px 0px 0px 0px;\npadding:0px 0px 0px 0px;\n}\n<\/style>\n<div  class='flex_column av-4n9vzp-3636db3ab26801d6942879d63bbcb8f2 av_one_half  avia-builder-el-7  el_after_av_two_third  el_before_av_one_half  first flex_column_div av-zero-column-padding  column-top-margin'     ><section  class='av_textblock_section av-7apqt-4-75df917c51225e0075fb8374e98e6647 '   itemscope=\"itemscope\" itemtype=\"https:\/\/schema.org\/CreativeWork\" ><div class='avia_textblock'  itemprop=\"text\" ><h2>Curriculum<\/h2>\n<h3>Formation de Shiatsu et exp\u00e9rience professionnelle th\u00e9rapeutique<\/h3>\n<p>Dipl\u00f4me de Shiatsu :<br \/>\n_ 2016 ESI Suisse<\/p>\n<p>Autres formations :<br \/>\n_ 2022 Th\u00e9rapeute compl\u00e9mentaire avec Certificat de branche OrTra TC<\/p>\n<p>Exp\u00e9rience professionnelle th\u00e9rapeutique :<br \/>\n_ Depuis 2015 cabinet de Shiatsu \u00e0 Zurich<br \/>\n_ Depuis 2003 pratique de Shiatsu \u00e0 titre accessoire, aussi au Japon<\/p>\n<h3>Parcours professionnel<\/h3>\n<p>_ \u00a0Entra\u00eeneur d\u2019A\u00efkido pour enfants et adultes<br \/>\n_ Activit\u00e9 au sein du comit\u00e9 de l\u2019association europ\u00e9enne d\u2019A\u00efkido, responsable pour les domaines Relations publiques et Strat\u00e9gie<br \/>\n_ Coordinatrice pour un programme doctoral \u00e0 l\u2019Universit\u00e9 de Zurich<br \/>\n_ Responsable du projet \u00e9ducation environnementale \u00e0 l&rsquo;\u00d6kozentrum Langenbruck<br \/>\n_ Doctorat en biologie<\/p>\n<h3>Informations personnelles<\/h3>\n<p>N\u00e9e en 1970, mari\u00e9e, deux enfants<br \/>\nPrend plaisir au mouvement, \u00e0 la musique, \u00e0 l\u2019engagement environnemental et social<\/p>\n<\/div><\/section><\/div>\n\n<style type=\"text\/css\" data-created_by=\"avia_inline_auto\" id=\"style-css-av-2h2ted-85ea301a3c41c8556581499537cad4d9\">\n.flex_column.av-2h2ted-85ea301a3c41c8556581499537cad4d9{\nborder-radius:0px 0px 0px 0px;\npadding:0px 0px 0px 0px;\n}\n<\/style>\n<div  class='flex_column av-2h2ted-85ea301a3c41c8556581499537cad4d9 av_one_half  avia-builder-el-9  el_after_av_one_half  el_before_av_one_half  flex_column_div av-zero-column-padding  column-top-margin'     ><section  class='av_textblock_section av-7apqt-3-c8322c4a34e683254218d0a6ad6c698d '   itemscope=\"itemscope\" itemtype=\"https:\/\/schema.org\/CreativeWork\" ><div class='avia_textblock'  itemprop=\"text\" ><h2>Fonctions<\/h2>\n<h3>Fonction actuelle au sein de l\u2018ASS<\/h3>\n<p>_ Direction du domaine d\u2019activit\u00e9 Relations publiques (depuis 2021)<\/p>\n<h3>Fonction actuelle au sein de l\u2019OrTra TC<\/h3>\n<p>_ D\u00e9l\u00e9gu\u00e9e de l\u2019ASS pour l\u2019OrTra TC (depuis 2019)<\/p>\n<h3>Ancienne fonction au sein de l\u2019ASS<\/h3>\n<p>_ Mandat Domaine d\u2019activit\u00e9 Relations publiques<\/p>\n<\/div><\/section><\/div>\n\n<style type=\"text\/css\" data-created_by=\"avia_inline_auto\" id=\"style-css-av-2fhsxh-25ce7efac53c73ee6ae0742b81a58f50\">\n.flex_column.av-2fhsxh-25ce7efac53c73ee6ae0742b81a58f50{\nborder-radius:0px 0px 0px 0px;\npadding:0px 0px 0px 0px;\n}\n<\/style>\n<div  class='flex_column av-2fhsxh-25ce7efac53c73ee6ae0742b81a58f50 av_one_half  avia-builder-el-11  el_after_av_one_half  el_before_av_one_half  first flex_column_div av-zero-column-padding  column-top-margin'     ><div  class='avia-button-wrap av-jwoppvk8-60d7b4959bdfc66dbf7af27bfb1ab47c-wrap avia-button-left  avia-builder-el-12  avia-builder-el-no-sibling '><a href='https:\/\/shiatsuverband.ch\/fr\/association\/team\/barbara-felber\/'  class='avia-button av-jwoppvk8-60d7b4959bdfc66dbf7af27bfb1ab47c av-link-btn avia-icon_select-no avia-size-medium avia-position-left avia-color-dark'  target=\"_blank\"  rel=\"noopener noreferrer\"  aria-label=\"Barbara Felber - M\u00e9thode Shiatsu\"><span class='avia_iconbox_title' >Barbara Felber - M\u00e9thode Shiatsu<\/span><\/a><\/div><\/div>\n\n<style type=\"text\/css\" data-created_by=\"avia_inline_auto\" id=\"style-css-av-2fhsxh-2-a43b6cbb867abdc0c9a21bff9a8320c9\">\n.flex_column.av-2fhsxh-2-a43b6cbb867abdc0c9a21bff9a8320c9{\nborder-radius:0px 0px 0px 0px;\npadding:0px 0px 0px 0px;\n}\n<\/style>\n<div  class='flex_column av-2fhsxh-2-a43b6cbb867abdc0c9a21bff9a8320c9 av_one_half  avia-builder-el-13  el_after_av_one_half  avia-builder-el-last  flex_column_div av-zero-column-padding  column-top-margin'     ><div  class='avia-button-wrap av-jwoppvk8-1-70192e6e9ebc62eb25dacfe2cc3d6b1c-wrap avia-button-right  avia-builder-el-14  avia-builder-el-no-sibling '><a href='https:\/\/shiatsuverband.ch\/fr\/association\/team\/elvira-merz\/'  class='avia-button av-jwoppvk8-1-70192e6e9ebc62eb25dacfe2cc3d6b1c av-link-btn avia-icon_select-no avia-size-medium avia-position-right avia-color-dark'  target=\"_blank\"  rel=\"noopener noreferrer\"  aria-label=\"Elvira Merz - Finances\"><span class='avia_iconbox_title' >Elvira Merz - Finances<\/span><\/a><\/div><\/div>\n","protected":false},"excerpt":{"rendered":"","protected":false},"author":5,"featured_media":0,"parent":4413,"menu_order":0,"comment_status":"closed","ping_status":"closed","template":"","meta":{"_acf_changed":false,"_monsterinsights_skip_tracking":false,"_monsterinsights_sitenote_active":false,"_monsterinsights_sitenote_note":"","_monsterinsights_sitenote_category":0,"footnotes":""},"class_list":["post-29159","page","type-page","status-publish","hentry"],"acf":[],"yoast_head":"<!-- This site is optimized with the Yoast SEO plugin v27.3 - https:\/\/yoast.com\/product\/yoast-seo-wordpress\/ -->\n<title>Andrea Pfisterer Relations publiques - Association Suisse de Shiatsu<\/title>\n<meta name=\"description\" content=\"CurriculumFormation de Shiatsu et exp\u00e9rience professionnelle th\u00e9rapeutiqueDipl\u00f4me de Shiatsu :_ 2016 ESI SuisseAutres formations :_ En route vers le\" \/>\n<meta name=\"robots\" content=\"index, follow, max-snippet:-1, max-image-preview:large, max-video-preview:-1\" \/>\n<link rel=\"canonical\" href=\"https:\/\/shiatsuverband.ch\/fr\/association\/team\/fr-association-team-andrea-pfisterer\/\" \/>\n<meta property=\"og:locale\" content=\"fr_FR\" \/>\n<meta property=\"og:type\" content=\"article\" \/>\n<meta property=\"og:title\" content=\"Andrea Pfisterer Relations publiques - Association Suisse de Shiatsu\" \/>\n<meta property=\"og:description\" content=\"CurriculumFormation de Shiatsu et exp\u00e9rience professionnelle th\u00e9rapeutiqueDipl\u00f4me de Shiatsu :_ 2016 ESI SuisseAutres formations :_ En route vers le\" \/>\n<meta property=\"og:url\" content=\"https:\/\/shiatsuverband.ch\/fr\/association\/team\/fr-association-team-andrea-pfisterer\/\" \/>\n<meta property=\"og:site_name\" content=\"Shiatsu Gesellschaft Schweiz\" \/>\n<meta property=\"article:publisher\" content=\"https:\/\/www.facebook.com\/shiatsugesellschaftschweiz\" \/>\n<meta property=\"article:modified_time\" content=\"2025-04-22T15:03:48+00:00\" \/>\n<meta name=\"twitter:card\" content=\"summary_large_image\" \/>\n<meta name=\"twitter:label1\" content=\"Dur\u00e9e de lecture estim\u00e9e\" \/>\n\t<meta name=\"twitter:data1\" content=\"2 minutes\" \/>\n<script type=\"application\/ld+json\" class=\"yoast-schema-graph\">{\"@context\":\"https:\\\/\\\/schema.org\",\"@graph\":[{\"@type\":\"WebPage\",\"@id\":\"https:\\\/\\\/shiatsuverband.ch\\\/fr\\\/association\\\/team\\\/fr-association-team-andrea-pfisterer\\\/\",\"url\":\"https:\\\/\\\/shiatsuverband.ch\\\/fr\\\/association\\\/team\\\/fr-association-team-andrea-pfisterer\\\/\",\"name\":\"Andrea Pfisterer Relations publiques - Association Suisse de Shiatsu\",\"isPartOf\":{\"@id\":\"https:\\\/\\\/shiatsuverband.ch\\\/fr\\\/#website\"},\"datePublished\":\"2020-01-08T19:59:54+00:00\",\"dateModified\":\"2025-04-22T15:03:48+00:00\",\"description\":\"CurriculumFormation de Shiatsu et exp\u00e9rience professionnelle th\u00e9rapeutiqueDipl\u00f4me de Shiatsu :_ 2016 ESI SuisseAutres formations :_ En route vers le\",\"breadcrumb\":{\"@id\":\"https:\\\/\\\/shiatsuverband.ch\\\/fr\\\/association\\\/team\\\/fr-association-team-andrea-pfisterer\\\/#breadcrumb\"},\"inLanguage\":\"fr-FR\",\"potentialAction\":[{\"@type\":\"ReadAction\",\"target\":[\"https:\\\/\\\/shiatsuverband.ch\\\/fr\\\/association\\\/team\\\/fr-association-team-andrea-pfisterer\\\/\"]}]},{\"@type\":\"BreadcrumbList\",\"@id\":\"https:\\\/\\\/shiatsuverband.ch\\\/fr\\\/association\\\/team\\\/fr-association-team-andrea-pfisterer\\\/#breadcrumb\",\"itemListElement\":[{\"@type\":\"ListItem\",\"position\":1,\"name\":\"Startseite\",\"item\":\"https:\\\/\\\/shiatsuverband.ch\\\/fr\\\/le-shiatsu-une-methode-de-la-therapie-complementaire\\\/\"},{\"@type\":\"ListItem\",\"position\":2,\"name\":\"Association\",\"item\":\"https:\\\/\\\/shiatsuverband.ch\\\/fr\\\/association\\\/\"},{\"@type\":\"ListItem\",\"position\":3,\"name\":\"L\u2019\u00e9quipe\",\"item\":\"https:\\\/\\\/shiatsuverband.ch\\\/fr\\\/association\\\/team\\\/\"},{\"@type\":\"ListItem\",\"position\":4,\"name\":\"Andrea Pfisterer\"}]},{\"@type\":\"WebSite\",\"@id\":\"https:\\\/\\\/shiatsuverband.ch\\\/fr\\\/#website\",\"url\":\"https:\\\/\\\/shiatsuverband.ch\\\/fr\\\/\",\"name\":\"Shiatsu Gesellschaft Schweiz\",\"description\":\"Shiatsu, eine Methode der Komplement\u00e4rTherapie\",\"publisher\":{\"@id\":\"https:\\\/\\\/shiatsuverband.ch\\\/fr\\\/#organization\"},\"potentialAction\":[{\"@type\":\"SearchAction\",\"target\":{\"@type\":\"EntryPoint\",\"urlTemplate\":\"https:\\\/\\\/shiatsuverband.ch\\\/fr\\\/?s={search_term_string}\"},\"query-input\":{\"@type\":\"PropertyValueSpecification\",\"valueRequired\":true,\"valueName\":\"search_term_string\"}}],\"inLanguage\":\"fr-FR\"},{\"@type\":\"Organization\",\"@id\":\"https:\\\/\\\/shiatsuverband.ch\\\/fr\\\/#organization\",\"name\":\"Shiatsu Gesellschaft Schweiz\",\"url\":\"https:\\\/\\\/shiatsuverband.ch\\\/fr\\\/\",\"logo\":{\"@type\":\"ImageObject\",\"inLanguage\":\"fr-FR\",\"@id\":\"https:\\\/\\\/shiatsuverband.ch\\\/fr\\\/#\\\/schema\\\/logo\\\/image\\\/\",\"url\":\"https:\\\/\\\/shiatsuverband.ch\\\/wp-content\\\/uploads\\\/2019\\\/04\\\/Shiatsuverband_Logo.png\",\"contentUrl\":\"https:\\\/\\\/shiatsuverband.ch\\\/wp-content\\\/uploads\\\/2019\\\/04\\\/Shiatsuverband_Logo.png\",\"width\":387,\"height\":130,\"caption\":\"Shiatsu Gesellschaft Schweiz\"},\"image\":{\"@id\":\"https:\\\/\\\/shiatsuverband.ch\\\/fr\\\/#\\\/schema\\\/logo\\\/image\\\/\"},\"sameAs\":[\"https:\\\/\\\/www.facebook.com\\\/shiatsugesellschaftschweiz\"]}]}<\/script>\n<!-- \/ Yoast SEO plugin. -->","yoast_head_json":{"title":"Andrea Pfisterer Relations publiques - Association Suisse de Shiatsu","description":"CurriculumFormation de Shiatsu et exp\u00e9rience professionnelle th\u00e9rapeutiqueDipl\u00f4me de Shiatsu :_ 2016 ESI SuisseAutres formations :_ En route vers le","robots":{"index":"index","follow":"follow","max-snippet":"max-snippet:-1","max-image-preview":"max-image-preview:large","max-video-preview":"max-video-preview:-1"},"canonical":"https:\/\/shiatsuverband.ch\/fr\/association\/team\/fr-association-team-andrea-pfisterer\/","og_locale":"fr_FR","og_type":"article","og_title":"Andrea Pfisterer Relations publiques - Association Suisse de Shiatsu","og_description":"CurriculumFormation de Shiatsu et exp\u00e9rience professionnelle th\u00e9rapeutiqueDipl\u00f4me de Shiatsu :_ 2016 ESI SuisseAutres formations :_ En route vers le","og_url":"https:\/\/shiatsuverband.ch\/fr\/association\/team\/fr-association-team-andrea-pfisterer\/","og_site_name":"Shiatsu Gesellschaft Schweiz","article_publisher":"https:\/\/www.facebook.com\/shiatsugesellschaftschweiz","article_modified_time":"2025-04-22T15:03:48+00:00","twitter_card":"summary_large_image","twitter_misc":{"Dur\u00e9e de lecture estim\u00e9e":"2 minutes"},"schema":{"@context":"https:\/\/schema.org","@graph":[{"@type":"WebPage","@id":"https:\/\/shiatsuverband.ch\/fr\/association\/team\/fr-association-team-andrea-pfisterer\/","url":"https:\/\/shiatsuverband.ch\/fr\/association\/team\/fr-association-team-andrea-pfisterer\/","name":"Andrea Pfisterer Relations publiques - Association Suisse de Shiatsu","isPartOf":{"@id":"https:\/\/shiatsuverband.ch\/fr\/#website"},"datePublished":"2020-01-08T19:59:54+00:00","dateModified":"2025-04-22T15:03:48+00:00","description":"CurriculumFormation de Shiatsu et exp\u00e9rience professionnelle th\u00e9rapeutiqueDipl\u00f4me de Shiatsu :_ 2016 ESI SuisseAutres formations :_ En route vers le","breadcrumb":{"@id":"https:\/\/shiatsuverband.ch\/fr\/association\/team\/fr-association-team-andrea-pfisterer\/#breadcrumb"},"inLanguage":"fr-FR","potentialAction":[{"@type":"ReadAction","target":["https:\/\/shiatsuverband.ch\/fr\/association\/team\/fr-association-team-andrea-pfisterer\/"]}]},{"@type":"BreadcrumbList","@id":"https:\/\/shiatsuverband.ch\/fr\/association\/team\/fr-association-team-andrea-pfisterer\/#breadcrumb","itemListElement":[{"@type":"ListItem","position":1,"name":"Startseite","item":"https:\/\/shiatsuverband.ch\/fr\/le-shiatsu-une-methode-de-la-therapie-complementaire\/"},{"@type":"ListItem","position":2,"name":"Association","item":"https:\/\/shiatsuverband.ch\/fr\/association\/"},{"@type":"ListItem","position":3,"name":"L\u2019\u00e9quipe","item":"https:\/\/shiatsuverband.ch\/fr\/association\/team\/"},{"@type":"ListItem","position":4,"name":"Andrea Pfisterer"}]},{"@type":"WebSite","@id":"https:\/\/shiatsuverband.ch\/fr\/#website","url":"https:\/\/shiatsuverband.ch\/fr\/","name":"Shiatsu Gesellschaft Schweiz","description":"Shiatsu, eine Methode der Komplement\u00e4rTherapie","publisher":{"@id":"https:\/\/shiatsuverband.ch\/fr\/#organization"},"potentialAction":[{"@type":"SearchAction","target":{"@type":"EntryPoint","urlTemplate":"https:\/\/shiatsuverband.ch\/fr\/?s={search_term_string}"},"query-input":{"@type":"PropertyValueSpecification","valueRequired":true,"valueName":"search_term_string"}}],"inLanguage":"fr-FR"},{"@type":"Organization","@id":"https:\/\/shiatsuverband.ch\/fr\/#organization","name":"Shiatsu Gesellschaft Schweiz","url":"https:\/\/shiatsuverband.ch\/fr\/","logo":{"@type":"ImageObject","inLanguage":"fr-FR","@id":"https:\/\/shiatsuverband.ch\/fr\/#\/schema\/logo\/image\/","url":"https:\/\/shiatsuverband.ch\/wp-content\/uploads\/2019\/04\/Shiatsuverband_Logo.png","contentUrl":"https:\/\/shiatsuverband.ch\/wp-content\/uploads\/2019\/04\/Shiatsuverband_Logo.png","width":387,"height":130,"caption":"Shiatsu Gesellschaft Schweiz"},"image":{"@id":"https:\/\/shiatsuverband.ch\/fr\/#\/schema\/logo\/image\/"},"sameAs":["https:\/\/www.facebook.com\/shiatsugesellschaftschweiz"]}]}},"_links":{"self":[{"href":"https:\/\/shiatsuverband.ch\/fr\/wp-json\/wp\/v2\/pages\/29159","targetHints":{"allow":["GET"]}}],"collection":[{"href":"https:\/\/shiatsuverband.ch\/fr\/wp-json\/wp\/v2\/pages"}],"about":[{"href":"https:\/\/shiatsuverband.ch\/fr\/wp-json\/wp\/v2\/types\/page"}],"author":[{"embeddable":true,"href":"https:\/\/shiatsuverband.ch\/fr\/wp-json\/wp\/v2\/users\/5"}],"replies":[{"embeddable":true,"href":"https:\/\/shiatsuverband.ch\/fr\/wp-json\/wp\/v2\/comments?post=29159"}],"version-history":[{"count":20,"href":"https:\/\/shiatsuverband.ch\/fr\/wp-json\/wp\/v2\/pages\/29159\/revisions"}],"predecessor-version":[{"id":110351,"href":"https:\/\/shiatsuverband.ch\/fr\/wp-json\/wp\/v2\/pages\/29159\/revisions\/110351"}],"up":[{"embeddable":true,"href":"https:\/\/shiatsuverband.ch\/fr\/wp-json\/wp\/v2\/pages\/4413"}],"wp:attachment":[{"href":"https:\/\/shiatsuverband.ch\/fr\/wp-json\/wp\/v2\/media?parent=29159"}],"curies":[{"name":"wp","href":"https:\/\/api.w.org\/{rel}","templated":true}]}}