{"id":31430,"date":"2020-02-19T11:12:48","date_gmt":"2020-02-19T10:12:48","guid":{"rendered":"https:\/\/shiatsuverband.ch\/?page_id=31430"},"modified":"2024-04-18T14:13:03","modified_gmt":"2024-04-18T12:13:03","slug":"barbara-ettler","status":"publish","type":"page","link":"https:\/\/shiatsuverband.ch\/fr\/association\/team\/barbara-ettler\/","title":{"rendered":"Barbara Ettler"},"content":{"rendered":"\n<style type=\"text\/css\" data-created_by=\"avia_inline_auto\" id=\"style-css-av-juldoq0r-c87511fb83b526ccdc26f866797fb10f\">\n.avia-section.av-juldoq0r-c87511fb83b526ccdc26f866797fb10f{\nbackground-color:#009ed0;\nbackground-image:unset;\n}\n<\/style>\n<div id='av_section_1'  class='avia-section av-juldoq0r-c87511fb83b526ccdc26f866797fb10f main_color avia-section-no-padding avia-no-border-styling  avia-builder-el-0  el_before_av_one_third  avia-builder-el-first  color-section-title avia-bg-style-scroll container_wrap fullsize'  ><div class='container av-section-cont-open' ><main  role=\"main\" itemprop=\"mainContentOfPage\"  class='template-page content  av-content-full alpha units'><div class='post-entry post-entry-type-page post-entry-31430'><div class='entry-content-wrapper clearfix'>\n\n<style type=\"text\/css\" data-created_by=\"avia_inline_auto\" id=\"style-css-av-juldp5op-eb15166013101c8b5ba3d36b4655d3c0\">\n#top .hr.hr-invisible.av-juldp5op-eb15166013101c8b5ba3d36b4655d3c0{\nheight:40px;\n}\n<\/style>\n<div  class='hr av-juldp5op-eb15166013101c8b5ba3d36b4655d3c0 hr-invisible  avia-builder-el-1  el_before_av_textblock  avia-builder-el-first '><span class='hr-inner '><span class=\"hr-inner-style\"><\/span><\/span><\/div>\n\n<style type=\"text\/css\" data-created_by=\"avia_inline_auto\" id=\"style-css-av-juldpd9d-2c4f819d9a7808121e848472025a2e33\">\n#top .av_textblock_section.av-juldpd9d-2c4f819d9a7808121e848472025a2e33 .avia_textblock{\ncolor:#ffffff;\n}\n<\/style>\n<section  class='av_textblock_section av-juldpd9d-2c4f819d9a7808121e848472025a2e33 '   itemscope=\"itemscope\" itemtype=\"https:\/\/schema.org\/CreativeWork\" ><div class='avia_textblock av_inherit_color'  itemprop=\"text\" ><h1>Barbara Ettler \u2013 Conseil d\u2019expert-e-s<\/h1>\n<\/div><\/section>\n<\/div><\/div><\/main><!-- close content main element --><\/div><\/div><div id='after_section_1'  class='main_color av_default_container_wrap container_wrap fullsize'  ><div class='container av-section-cont-open' ><div class='template-page content  av-content-full alpha units'><div class='post-entry post-entry-type-page post-entry-31430'><div class='entry-content-wrapper clearfix'>\n\n<style type=\"text\/css\" data-created_by=\"avia_inline_auto\" id=\"style-css-av-7o3a85-eb7e7bac93d63bb0b066f01c13928ebc\">\n.flex_column.av-7o3a85-eb7e7bac93d63bb0b066f01c13928ebc{\nborder-radius:0px 0px 0px 0px;\npadding:0px 0px 0px 0px;\n}\n<\/style>\n<div  class='flex_column av-7o3a85-eb7e7bac93d63bb0b066f01c13928ebc av_one_third  avia-builder-el-3  el_after_av_section  el_before_av_two_third  avia-builder-el-first  first flex_column_div av-zero-column-padding  '     ><style type=\"text\/css\" data-created_by=\"avia_inline_auto\" id=\"style-css-av-jwon4zy3-088eb64108f86d194d98e5cefec6bb9d\">\n.avia-image-container.av-jwon4zy3-088eb64108f86d194d98e5cefec6bb9d img.avia_image{\nbox-shadow:none;\n}\n.avia-image-container.av-jwon4zy3-088eb64108f86d194d98e5cefec6bb9d .av-image-caption-overlay-center{\ncolor:#ffffff;\n}\n<\/style>\n<div  class='avia-image-container av-jwon4zy3-088eb64108f86d194d98e5cefec6bb9d av-styling- avia-align-center  avia-builder-el-4  avia-builder-el-no-sibling '   itemprop=\"image\" itemscope=\"itemscope\" itemtype=\"https:\/\/schema.org\/ImageObject\" ><div class=\"avia-image-container-inner\"><div class=\"avia-image-overlay-wrap\"><img decoding=\"async\" fetchpriority=\"high\" class='wp-image-31422 avia-img-lazy-loading-not-31422 avia_image ' src=\"https:\/\/shiatsuverband.ch\/wp-content\/uploads\/2020\/02\/Fachberatung_Barbara-Ettler-4.jpg\" alt='Barbara Ettler' title='Fachberatung_Barbara Ettler'  height=\"498\" width=\"768\"  itemprop=\"thumbnailUrl\" srcset=\"https:\/\/shiatsuverband.ch\/wp-content\/uploads\/2020\/02\/Fachberatung_Barbara-Ettler-4.jpg 768w, https:\/\/shiatsuverband.ch\/wp-content\/uploads\/2020\/02\/Fachberatung_Barbara-Ettler-4-300x195.jpg 300w, https:\/\/shiatsuverband.ch\/wp-content\/uploads\/2020\/02\/Fachberatung_Barbara-Ettler-4-705x457.jpg 705w\" sizes=\"(max-width: 768px) 100vw, 768px\" \/><\/div><\/div><\/div><\/div>\n\n<style type=\"text\/css\" data-created_by=\"avia_inline_auto\" id=\"style-css-av-555jad-34408ccba8aedb26f06f134946316905\">\n.flex_column.av-555jad-34408ccba8aedb26f06f134946316905{\nborder-radius:0px 0px 0px 0px;\npadding:0px 0px 0px 0px;\n}\n<\/style>\n<div  class='flex_column av-555jad-34408ccba8aedb26f06f134946316905 av_two_third  avia-builder-el-5  el_after_av_one_third  el_before_av_one_half  flex_column_div av-zero-column-padding  '     ><\/div>\n\n<style type=\"text\/css\" data-created_by=\"avia_inline_auto\" id=\"style-css-av-4n9vzp-3636db3ab26801d6942879d63bbcb8f2\">\n.flex_column.av-4n9vzp-3636db3ab26801d6942879d63bbcb8f2{\nborder-radius:0px 0px 0px 0px;\npadding:0px 0px 0px 0px;\n}\n<\/style>\n<div  class='flex_column av-4n9vzp-3636db3ab26801d6942879d63bbcb8f2 av_one_half  avia-builder-el-6  el_after_av_two_third  el_before_av_one_half  first flex_column_div av-zero-column-padding  column-top-margin'     ><section  class='av_textblock_section av-7apqt-17f451d602e26ad83d3b3d2d8783303e '   itemscope=\"itemscope\" itemtype=\"https:\/\/schema.org\/CreativeWork\" ><div class='avia_textblock'  itemprop=\"text\" ><h2>Curriculum<\/h2>\n<h3>Formation de Shiatsu et exp\u00e9rience professionnelle th\u00e9rapeutique<\/h3>\n<p>Dipl\u00f4me de Shiatsu :<br \/>\n2007 TAO CHI Zurich<\/p>\n<p>Autres formations :<br \/>\n_ 2016 Th\u00e9rapeute compl\u00e9mentaire avec dipl\u00f4me f\u00e9d\u00e9ral m\u00e9thode Shiatsu<br \/>\n_ 2016 Superviseuse OrTra TC<br \/>\n_ 2009 Qi Gong<\/p>\n<p>Exp\u00e9rience professionnelle th\u00e9rapeutique :<br \/>\n_ Depuis 2007 cabinet de Shiatsu \u00e0 Zurich et \u00e0 Wetzikon<\/p>\n<h3>Parcours professionnel<\/h3>\n<p>_ Enseignante des Bases professionnelles sp\u00e9cifiques et de formations continues TC<br \/>\n_ Experte au sein de l\u2018\u00e9cole Phoenix &#8211; Schule f\u00fcr Komplement\u00e4rTherapie<br \/>\n_ Direction de l\u2019\u00e9cole Phoenix &#8211; Schule f\u00fcr Komplement\u00e4rTherapie<\/p>\n<h3>Informations personnelles<\/h3>\n<p>N\u00e9e en 1961 \u00e0 Zurich<\/p>\n<p>Les \u00e9l\u00e9ments importants dans ma vie sont et ont \u00e9t\u00e9 : les rencontres touchantes, la vie avec mon partenaire, nos cinq enfants aujourd\u2019hui adultes et notre petite-fille, mon travail avec des \u00eatres humains en tant que th\u00e9rapeute, superviseuse ou enseignante, mon engagement en tant que d\u00e9put\u00e9e au Grand Conseil et en tant que pr\u00e9sidente de diff\u00e9rentes associations ainsi qu\u2019en tant que responsable de projet et d\u2019une \u00e9cole, ma passion pour la nature dans le jardin, sur l\u2019eau ou dans les montagnes et le mouvement avec nos chiens.<\/p>\n<\/div><\/section><\/div>\n\n<style type=\"text\/css\" data-created_by=\"avia_inline_auto\" id=\"style-css-av-2h2ted-85ea301a3c41c8556581499537cad4d9\">\n.flex_column.av-2h2ted-85ea301a3c41c8556581499537cad4d9{\nborder-radius:0px 0px 0px 0px;\npadding:0px 0px 0px 0px;\n}\n<\/style>\n<div  class='flex_column av-2h2ted-85ea301a3c41c8556581499537cad4d9 av_one_half  avia-builder-el-8  el_after_av_one_half  el_before_av_one_half  flex_column_div av-zero-column-padding  column-top-margin'     ><section  class='av_textblock_section av-7apqt-3-3591ed8175e3caa48a70c4378b71adc6 '   itemscope=\"itemscope\" itemtype=\"https:\/\/schema.org\/CreativeWork\" ><div class='avia_textblock'  itemprop=\"text\" ><h2>Fonctions<\/h2>\n<h3>Fonction actuelle au sein de l\u2019ASS et de l\u2019OrTra TC<\/h3>\n<p>_ Membre du conseil d\u2019expert-e-s de l\u2018ASS (depuis 2019)<br \/>\n_ Vice-pr\u00e9sidence au sein de l\u2019OrTra TC<\/p>\n<h3>Anciennes fonctions au sein de l\u2019ASS et de l\u2019OrTra TC<\/h3>\n<p>_ Co-pr\u00e9sidence au sein de l\u2018ASS<br \/>\n_ Co-pr\u00e9sidence au sein de l\u2018OrTra TC<br \/>\n_ Co-direction du projet R\u00e8glement d&rsquo;examen professionnel sup\u00e9rieur Th\u00e9rapie compl\u00e9mentaire<\/p>\n<\/div><\/section><\/div>\n\n<style type=\"text\/css\" data-created_by=\"avia_inline_auto\" id=\"style-css-av-12rkq86-1ead5eecc51b9a643cde0f1109dc3f9f\">\n.flex_column.av-12rkq86-1ead5eecc51b9a643cde0f1109dc3f9f{\nborder-radius:0px 0px 0px 0px;\npadding:0px 0px 0px 0px;\n}\n<\/style>\n<div  class='flex_column av-12rkq86-1ead5eecc51b9a643cde0f1109dc3f9f av_one_half  avia-builder-el-10  el_after_av_one_half  el_before_av_one_half  first flex_column_div av-zero-column-padding  column-top-margin'     ><div  class='avia-button-wrap av-lgyrhzrh-4f0f7e4f3f49680a5069b56704643279-wrap avia-button-left  avia-builder-el-11  avia-builder-el-no-sibling '><a href='https:\/\/shiatsuverband.ch\/fr\/association\/team\/nina-sternthal\/'  class='avia-button av-lgyrhzrh-4f0f7e4f3f49680a5069b56704643279 av-link-btn avia-icon_select-no avia-size-medium avia-position-left avia-color-dark'   aria-label=\"Nina Sternthal \u2013 Relations externes et Ecoles\"><span class='avia_iconbox_title' >Nina Sternthal \u2013 Relations externes et Ecoles<\/span><\/a><\/div><\/div>\n<style type=\"text\/css\" data-created_by=\"avia_inline_auto\" id=\"style-css-av-u9dht2-cc4fff3e8010db7e91f22236f0553cbb\">\n.flex_column.av-u9dht2-cc4fff3e8010db7e91f22236f0553cbb{\nborder-radius:0px 0px 0px 0px;\npadding:0px 0px 0px 0px;\n}\n<\/style>\n<div  class='flex_column av-u9dht2-cc4fff3e8010db7e91f22236f0553cbb av_one_half  avia-builder-el-12  el_after_av_one_half  avia-builder-el-last  flex_column_div av-zero-column-padding  column-top-margin'     ><div  class='avia-button-wrap av-lgyrih9k-8883b31eca1071bc0ad4268a9af655ab-wrap avia-button-left  avia-builder-el-13  avia-builder-el-no-sibling '><a href='https:\/\/shiatsuverband.ch\/fr\/association\/team\/verband-sgs-team-madina-bokoum\/'  class='avia-button av-lgyrih9k-8883b31eca1071bc0ad4268a9af655ab av-link-btn avia-icon_select-no avia-size-medium avia-position-left avia-color-dark'   aria-label=\"Madina Bokoum \u2013 Membre du conseil d\u2019expert-e-s de l\u2018ASS\"><span class='avia_iconbox_title' >Madina Bokoum \u2013 Membre du conseil d\u2019expert-e-s de l\u2018ASS<\/span><\/a><\/div><\/div><\/p>\n","protected":false},"excerpt":{"rendered":"","protected":false},"author":5,"featured_media":0,"parent":4413,"menu_order":0,"comment_status":"closed","ping_status":"closed","template":"","meta":{"_acf_changed":false,"_monsterinsights_skip_tracking":false,"_monsterinsights_sitenote_active":false,"_monsterinsights_sitenote_note":"","_monsterinsights_sitenote_category":0,"footnotes":""},"class_list":["post-31430","page","type-page","status-publish","hentry"],"acf":[],"yoast_head":"<!-- This site is optimized with the Yoast SEO plugin v27.4 - https:\/\/yoast.com\/product\/yoast-seo-wordpress\/ -->\n<title>Barbara Ettler Fachberatung - Shiatsu Gesellschaft Schweiz<\/title>\n<meta name=\"description\" content=\"CurriculumShiatsu Ausbildungen und therapeutische BerufserfahrungShiatsu-Diplom:_ 2007 TAO CHI Z\u00fcrichWeitere Ausbildungen:_ 2016 Komplement\u00e4r\" \/>\n<meta name=\"robots\" content=\"index, follow, max-snippet:-1, max-image-preview:large, max-video-preview:-1\" \/>\n<link rel=\"canonical\" href=\"https:\/\/shiatsuverband.ch\/fr\/association\/team\/barbara-ettler\/\" \/>\n<meta property=\"og:locale\" content=\"fr_FR\" \/>\n<meta property=\"og:type\" content=\"article\" \/>\n<meta property=\"og:title\" content=\"Barbara Ettler Fachberatung - Shiatsu Gesellschaft Schweiz\" \/>\n<meta property=\"og:description\" content=\"CurriculumShiatsu Ausbildungen und therapeutische BerufserfahrungShiatsu-Diplom:_ 2007 TAO CHI Z\u00fcrichWeitere Ausbildungen:_ 2016 Komplement\u00e4r\" \/>\n<meta property=\"og:url\" content=\"https:\/\/shiatsuverband.ch\/fr\/association\/team\/barbara-ettler\/\" \/>\n<meta property=\"og:site_name\" content=\"Shiatsu Gesellschaft Schweiz\" \/>\n<meta property=\"article:publisher\" content=\"https:\/\/www.facebook.com\/shiatsugesellschaftschweiz\" \/>\n<meta property=\"article:modified_time\" content=\"2024-04-18T12:13:03+00:00\" \/>\n<meta name=\"twitter:card\" content=\"summary_large_image\" \/>\n<meta name=\"twitter:label1\" content=\"Dur\u00e9e de lecture estim\u00e9e\" \/>\n\t<meta name=\"twitter:data1\" content=\"2 minutes\" \/>\n<script type=\"application\/ld+json\" class=\"yoast-schema-graph\">{\"@context\":\"https:\\\/\\\/schema.org\",\"@graph\":[{\"@type\":\"WebPage\",\"@id\":\"https:\\\/\\\/shiatsuverband.ch\\\/fr\\\/association\\\/team\\\/barbara-ettler\\\/\",\"url\":\"https:\\\/\\\/shiatsuverband.ch\\\/fr\\\/association\\\/team\\\/barbara-ettler\\\/\",\"name\":\"Barbara Ettler Fachberatung - Shiatsu Gesellschaft Schweiz\",\"isPartOf\":{\"@id\":\"https:\\\/\\\/shiatsuverband.ch\\\/fr\\\/#website\"},\"datePublished\":\"2020-02-19T10:12:48+00:00\",\"dateModified\":\"2024-04-18T12:13:03+00:00\",\"description\":\"CurriculumShiatsu Ausbildungen und therapeutische BerufserfahrungShiatsu-Diplom:_ 2007 TAO CHI Z\u00fcrichWeitere Ausbildungen:_ 2016 Komplement\u00e4r\",\"breadcrumb\":{\"@id\":\"https:\\\/\\\/shiatsuverband.ch\\\/fr\\\/association\\\/team\\\/barbara-ettler\\\/#breadcrumb\"},\"inLanguage\":\"fr-FR\",\"potentialAction\":[{\"@type\":\"ReadAction\",\"target\":[\"https:\\\/\\\/shiatsuverband.ch\\\/fr\\\/association\\\/team\\\/barbara-ettler\\\/\"]}]},{\"@type\":\"BreadcrumbList\",\"@id\":\"https:\\\/\\\/shiatsuverband.ch\\\/fr\\\/association\\\/team\\\/barbara-ettler\\\/#breadcrumb\",\"itemListElement\":[{\"@type\":\"ListItem\",\"position\":1,\"name\":\"Startseite\",\"item\":\"https:\\\/\\\/shiatsuverband.ch\\\/fr\\\/le-shiatsu-une-methode-de-la-therapie-complementaire\\\/\"},{\"@type\":\"ListItem\",\"position\":2,\"name\":\"Association\",\"item\":\"https:\\\/\\\/shiatsuverband.ch\\\/fr\\\/association\\\/\"},{\"@type\":\"ListItem\",\"position\":3,\"name\":\"L\u2019\u00e9quipe\",\"item\":\"https:\\\/\\\/shiatsuverband.ch\\\/fr\\\/association\\\/team\\\/\"},{\"@type\":\"ListItem\",\"position\":4,\"name\":\"Barbara Ettler\"}]},{\"@type\":\"WebSite\",\"@id\":\"https:\\\/\\\/shiatsuverband.ch\\\/fr\\\/#website\",\"url\":\"https:\\\/\\\/shiatsuverband.ch\\\/fr\\\/\",\"name\":\"Shiatsu Gesellschaft Schweiz\",\"description\":\"Shiatsu, eine Methode der Komplement\u00e4rTherapie\",\"publisher\":{\"@id\":\"https:\\\/\\\/shiatsuverband.ch\\\/fr\\\/#organization\"},\"potentialAction\":[{\"@type\":\"SearchAction\",\"target\":{\"@type\":\"EntryPoint\",\"urlTemplate\":\"https:\\\/\\\/shiatsuverband.ch\\\/fr\\\/?s={search_term_string}\"},\"query-input\":{\"@type\":\"PropertyValueSpecification\",\"valueRequired\":true,\"valueName\":\"search_term_string\"}}],\"inLanguage\":\"fr-FR\"},{\"@type\":\"Organization\",\"@id\":\"https:\\\/\\\/shiatsuverband.ch\\\/fr\\\/#organization\",\"name\":\"Shiatsu Gesellschaft Schweiz\",\"url\":\"https:\\\/\\\/shiatsuverband.ch\\\/fr\\\/\",\"logo\":{\"@type\":\"ImageObject\",\"inLanguage\":\"fr-FR\",\"@id\":\"https:\\\/\\\/shiatsuverband.ch\\\/fr\\\/#\\\/schema\\\/logo\\\/image\\\/\",\"url\":\"https:\\\/\\\/shiatsuverband.ch\\\/wp-content\\\/uploads\\\/2019\\\/04\\\/Shiatsuverband_Logo.png\",\"contentUrl\":\"https:\\\/\\\/shiatsuverband.ch\\\/wp-content\\\/uploads\\\/2019\\\/04\\\/Shiatsuverband_Logo.png\",\"width\":387,\"height\":130,\"caption\":\"Shiatsu Gesellschaft Schweiz\"},\"image\":{\"@id\":\"https:\\\/\\\/shiatsuverband.ch\\\/fr\\\/#\\\/schema\\\/logo\\\/image\\\/\"},\"sameAs\":[\"https:\\\/\\\/www.facebook.com\\\/shiatsugesellschaftschweiz\"]}]}<\/script>\n<!-- \/ Yoast SEO plugin. -->","yoast_head_json":{"title":"Barbara Ettler Fachberatung - Shiatsu Gesellschaft Schweiz","description":"CurriculumShiatsu Ausbildungen und therapeutische BerufserfahrungShiatsu-Diplom:_ 2007 TAO CHI Z\u00fcrichWeitere Ausbildungen:_ 2016 Komplement\u00e4r","robots":{"index":"index","follow":"follow","max-snippet":"max-snippet:-1","max-image-preview":"max-image-preview:large","max-video-preview":"max-video-preview:-1"},"canonical":"https:\/\/shiatsuverband.ch\/fr\/association\/team\/barbara-ettler\/","og_locale":"fr_FR","og_type":"article","og_title":"Barbara Ettler Fachberatung - Shiatsu Gesellschaft Schweiz","og_description":"CurriculumShiatsu Ausbildungen und therapeutische BerufserfahrungShiatsu-Diplom:_ 2007 TAO CHI Z\u00fcrichWeitere Ausbildungen:_ 2016 Komplement\u00e4r","og_url":"https:\/\/shiatsuverband.ch\/fr\/association\/team\/barbara-ettler\/","og_site_name":"Shiatsu Gesellschaft Schweiz","article_publisher":"https:\/\/www.facebook.com\/shiatsugesellschaftschweiz","article_modified_time":"2024-04-18T12:13:03+00:00","twitter_card":"summary_large_image","twitter_misc":{"Dur\u00e9e de lecture estim\u00e9e":"2 minutes"},"schema":{"@context":"https:\/\/schema.org","@graph":[{"@type":"WebPage","@id":"https:\/\/shiatsuverband.ch\/fr\/association\/team\/barbara-ettler\/","url":"https:\/\/shiatsuverband.ch\/fr\/association\/team\/barbara-ettler\/","name":"Barbara Ettler Fachberatung - Shiatsu Gesellschaft Schweiz","isPartOf":{"@id":"https:\/\/shiatsuverband.ch\/fr\/#website"},"datePublished":"2020-02-19T10:12:48+00:00","dateModified":"2024-04-18T12:13:03+00:00","description":"CurriculumShiatsu Ausbildungen und therapeutische BerufserfahrungShiatsu-Diplom:_ 2007 TAO CHI Z\u00fcrichWeitere Ausbildungen:_ 2016 Komplement\u00e4r","breadcrumb":{"@id":"https:\/\/shiatsuverband.ch\/fr\/association\/team\/barbara-ettler\/#breadcrumb"},"inLanguage":"fr-FR","potentialAction":[{"@type":"ReadAction","target":["https:\/\/shiatsuverband.ch\/fr\/association\/team\/barbara-ettler\/"]}]},{"@type":"BreadcrumbList","@id":"https:\/\/shiatsuverband.ch\/fr\/association\/team\/barbara-ettler\/#breadcrumb","itemListElement":[{"@type":"ListItem","position":1,"name":"Startseite","item":"https:\/\/shiatsuverband.ch\/fr\/le-shiatsu-une-methode-de-la-therapie-complementaire\/"},{"@type":"ListItem","position":2,"name":"Association","item":"https:\/\/shiatsuverband.ch\/fr\/association\/"},{"@type":"ListItem","position":3,"name":"L\u2019\u00e9quipe","item":"https:\/\/shiatsuverband.ch\/fr\/association\/team\/"},{"@type":"ListItem","position":4,"name":"Barbara Ettler"}]},{"@type":"WebSite","@id":"https:\/\/shiatsuverband.ch\/fr\/#website","url":"https:\/\/shiatsuverband.ch\/fr\/","name":"Shiatsu Gesellschaft Schweiz","description":"Shiatsu, eine Methode der Komplement\u00e4rTherapie","publisher":{"@id":"https:\/\/shiatsuverband.ch\/fr\/#organization"},"potentialAction":[{"@type":"SearchAction","target":{"@type":"EntryPoint","urlTemplate":"https:\/\/shiatsuverband.ch\/fr\/?s={search_term_string}"},"query-input":{"@type":"PropertyValueSpecification","valueRequired":true,"valueName":"search_term_string"}}],"inLanguage":"fr-FR"},{"@type":"Organization","@id":"https:\/\/shiatsuverband.ch\/fr\/#organization","name":"Shiatsu Gesellschaft Schweiz","url":"https:\/\/shiatsuverband.ch\/fr\/","logo":{"@type":"ImageObject","inLanguage":"fr-FR","@id":"https:\/\/shiatsuverband.ch\/fr\/#\/schema\/logo\/image\/","url":"https:\/\/shiatsuverband.ch\/wp-content\/uploads\/2019\/04\/Shiatsuverband_Logo.png","contentUrl":"https:\/\/shiatsuverband.ch\/wp-content\/uploads\/2019\/04\/Shiatsuverband_Logo.png","width":387,"height":130,"caption":"Shiatsu Gesellschaft Schweiz"},"image":{"@id":"https:\/\/shiatsuverband.ch\/fr\/#\/schema\/logo\/image\/"},"sameAs":["https:\/\/www.facebook.com\/shiatsugesellschaftschweiz"]}]}},"_links":{"self":[{"href":"https:\/\/shiatsuverband.ch\/fr\/wp-json\/wp\/v2\/pages\/31430","targetHints":{"allow":["GET"]}}],"collection":[{"href":"https:\/\/shiatsuverband.ch\/fr\/wp-json\/wp\/v2\/pages"}],"about":[{"href":"https:\/\/shiatsuverband.ch\/fr\/wp-json\/wp\/v2\/types\/page"}],"author":[{"embeddable":true,"href":"https:\/\/shiatsuverband.ch\/fr\/wp-json\/wp\/v2\/users\/5"}],"replies":[{"embeddable":true,"href":"https:\/\/shiatsuverband.ch\/fr\/wp-json\/wp\/v2\/comments?post=31430"}],"version-history":[{"count":12,"href":"https:\/\/shiatsuverband.ch\/fr\/wp-json\/wp\/v2\/pages\/31430\/revisions"}],"predecessor-version":[{"id":94832,"href":"https:\/\/shiatsuverband.ch\/fr\/wp-json\/wp\/v2\/pages\/31430\/revisions\/94832"}],"up":[{"embeddable":true,"href":"https:\/\/shiatsuverband.ch\/fr\/wp-json\/wp\/v2\/pages\/4413"}],"wp:attachment":[{"href":"https:\/\/shiatsuverband.ch\/fr\/wp-json\/wp\/v2\/media?parent=31430"}],"curies":[{"name":"wp","href":"https:\/\/api.w.org\/{rel}","templated":true}]}}