{"id":38280,"date":"2020-07-14T14:54:26","date_gmt":"2020-07-14T12:54:26","guid":{"rendered":"https:\/\/shiatsuverband.ch\/?page_id=38280"},"modified":"2020-08-08T10:40:57","modified_gmt":"2020-08-08T08:40:57","slug":"espace-membre","status":"publish","type":"page","link":"https:\/\/shiatsuverband.ch\/fr\/association\/espace-membre\/","title":{"rendered":"Dans l\u2019espace membre"},"content":{"rendered":"\n<style type=\"text\/css\" data-created_by=\"avia_inline_auto\" id=\"style-css-av-ju2nndub-f00f8147df4c6a9c62d9704e9ec7c25a\">\n.avia-section.av-ju2nndub-f00f8147df4c6a9c62d9704e9ec7c25a{\nbackground-repeat:no-repeat;\nbackground-image:url(https:\/\/shiatsuverband.ch\/wp-content\/uploads\/2019\/05\/Banner-1.jpg);\nbackground-position:50% 50%;\nbackground-attachment:scroll;\n}\n<\/style>\n<div id='av_section_1'  class='avia-section av-ju2nndub-f00f8147df4c6a9c62d9704e9ec7c25a main_color avia-section-no-padding avia-no-border-styling  avia-builder-el-0  el_before_av_section  avia-builder-el-first  margin-top-color-section av-small-hide av-mini-hide avia-full-stretch avia-bg-style-scroll av-minimum-height av-minimum-height-custom av-height-custom  container_wrap fullsize'  data-section-bg-repeat='stretch' data-av_minimum_height_px='440'><div class='container av-section-cont-open' style='height:440px'><main  role=\"main\" itemprop=\"mainContentOfPage\"  class='template-page content  av-content-full alpha units'><div class='post-entry post-entry-type-page post-entry-38280'><div class='entry-content-wrapper clearfix'>\n<\/div><\/div><\/main><!-- close content main element --><\/div><\/div>\n<style type=\"text\/css\" data-created_by=\"avia_inline_auto\" id=\"style-css-av-julcwse0-654f975b9fe1ed4e8f460bcb80608937\">\n.avia-section.av-julcwse0-654f975b9fe1ed4e8f460bcb80608937{\nbackground-color:#009ed0;\nbackground-image:unset;\n}\n<\/style>\n<div id='av_section_2'  class='avia-section av-julcwse0-654f975b9fe1ed4e8f460bcb80608937 main_color avia-section-no-padding avia-no-border-styling  avia-builder-el-1  el_after_av_section  el_before_av_textblock  color-section-title avia-bg-style-scroll container_wrap fullsize'  ><div class='container av-section-cont-open' ><div class='template-page content  av-content-full alpha units'><div class='post-entry post-entry-type-page post-entry-38280'><div class='entry-content-wrapper clearfix'>\n\n<style type=\"text\/css\" data-created_by=\"avia_inline_auto\" id=\"style-css-av-julcw7xd-e3d59a622805fbe4ea83af60fc5e786c\">\n#top .hr.hr-invisible.av-julcw7xd-e3d59a622805fbe4ea83af60fc5e786c{\nheight:40px;\n}\n<\/style>\n<div  class='hr av-julcw7xd-e3d59a622805fbe4ea83af60fc5e786c hr-invisible  avia-builder-el-2  el_before_av_textblock  avia-builder-el-first '><span class='hr-inner '><span class=\"hr-inner-style\"><\/span><\/span><\/div>\n<section  class='av_textblock_section av-julcuj7o-86a952c1666797c5d7e390665a83b34d '   itemscope=\"itemscope\" itemtype=\"https:\/\/schema.org\/CreativeWork\" ><div class='avia_textblock'  itemprop=\"text\" ><h1 class=\"h1-white\">Dans l\u2019espace membre<\/h1>\n<\/div><\/section>\n<\/div><\/div><\/div><!-- close content main div --><\/div><\/div><div id='after_section_2'  class='main_color av_default_container_wrap container_wrap fullsize'  ><div class='container av-section-cont-open' ><div class='template-page content  av-content-full alpha units'><div class='post-entry post-entry-type-page post-entry-38280'><div class='entry-content-wrapper clearfix'><section  class='av_textblock_section av-11be7-fd6a3a53d407cc6dfb15820bfb848d9d '   itemscope=\"itemscope\" itemtype=\"https:\/\/schema.org\/CreativeWork\" ><div class='avia_textblock'  itemprop=\"text\" ><p>Tu trouveras les News avec des informations actuelles, des rabais et avantages, des aides pour la gestion de ton cabinet (p.ex. l\u2019administration concernant la client\u00e8le, la correspondance avec les caisses maladie, les finances, le marketing, l\u2019assurance qualit\u00e9) et plein d\u2019autres informations utiles dans la partie du site qui est r\u00e9serv\u00e9e aux membres.<br \/>\n<a href=\"https:\/\/mitglieder.shiatsuverband.ch\/fr\/\">Aller dans l\u2019espace membres<\/a>.<\/p>\n<p>Tu n\u2019es pas encore membre ?<br \/>\n<a href=\"https:\/\/shiatsuverband.ch\/fr\/association\/adhesion-comme-membre\/)\">Inscris-toi<\/a> encore aujourd\u2019hui afin de pouvoir profiter de tous les avantages.<\/p>\n<p>Le secr\u00e9tariat r\u00e9pond volontiers \u00e0 toutes tes questions : <a href=\"mailto:gs@shiatsuverband.ch\">gs@shiatsuverband.ch<\/a>.<\/p>\n<\/div><\/section><\/p>\n","protected":false},"excerpt":{"rendered":"","protected":false},"author":1,"featured_media":0,"parent":4383,"menu_order":0,"comment_status":"closed","ping_status":"closed","template":"","meta":{"_acf_changed":false,"_monsterinsights_skip_tracking":false,"_monsterinsights_sitenote_active":false,"_monsterinsights_sitenote_note":"","_monsterinsights_sitenote_category":0,"footnotes":""},"class_list":["post-38280","page","type-page","status-publish","hentry"],"acf":[],"yoast_head":"<!-- This site is optimized with the Yoast SEO plugin v27.4 - https:\/\/yoast.com\/product\/yoast-seo-wordpress\/ -->\n<title>Dans l\u2019espace membre - Shiatsu Gesellschaft Schweiz<\/title>\n<meta name=\"robots\" content=\"index, follow, max-snippet:-1, max-image-preview:large, max-video-preview:-1\" \/>\n<link rel=\"canonical\" href=\"https:\/\/shiatsuverband.ch\/fr\/association\/espace-membre\/\" \/>\n<meta property=\"og:locale\" content=\"fr_FR\" \/>\n<meta property=\"og:type\" content=\"article\" \/>\n<meta property=\"og:title\" content=\"Dans l\u2019espace membre - Shiatsu Gesellschaft Schweiz\" \/>\n<meta property=\"og:url\" content=\"https:\/\/shiatsuverband.ch\/fr\/association\/espace-membre\/\" \/>\n<meta property=\"og:site_name\" content=\"Shiatsu Gesellschaft Schweiz\" \/>\n<meta property=\"article:publisher\" content=\"https:\/\/www.facebook.com\/shiatsugesellschaftschweiz\" \/>\n<meta property=\"article:modified_time\" content=\"2020-08-08T08:40:57+00:00\" \/>\n<meta name=\"twitter:card\" content=\"summary_large_image\" \/>\n<meta name=\"twitter:label1\" content=\"Dur\u00e9e de lecture estim\u00e9e\" \/>\n\t<meta name=\"twitter:data1\" content=\"2 minutes\" \/>\n<script type=\"application\/ld+json\" class=\"yoast-schema-graph\">{\"@context\":\"https:\\\/\\\/schema.org\",\"@graph\":[{\"@type\":\"WebPage\",\"@id\":\"https:\\\/\\\/shiatsuverband.ch\\\/fr\\\/association\\\/espace-membre\\\/\",\"url\":\"https:\\\/\\\/shiatsuverband.ch\\\/fr\\\/association\\\/espace-membre\\\/\",\"name\":\"Dans l\u2019espace membre - Shiatsu Gesellschaft Schweiz\",\"isPartOf\":{\"@id\":\"https:\\\/\\\/shiatsuverband.ch\\\/fr\\\/#website\"},\"datePublished\":\"2020-07-14T12:54:26+00:00\",\"dateModified\":\"2020-08-08T08:40:57+00:00\",\"breadcrumb\":{\"@id\":\"https:\\\/\\\/shiatsuverband.ch\\\/fr\\\/association\\\/espace-membre\\\/#breadcrumb\"},\"inLanguage\":\"fr-FR\",\"potentialAction\":[{\"@type\":\"ReadAction\",\"target\":[\"https:\\\/\\\/shiatsuverband.ch\\\/fr\\\/association\\\/espace-membre\\\/\"]}]},{\"@type\":\"BreadcrumbList\",\"@id\":\"https:\\\/\\\/shiatsuverband.ch\\\/fr\\\/association\\\/espace-membre\\\/#breadcrumb\",\"itemListElement\":[{\"@type\":\"ListItem\",\"position\":1,\"name\":\"Startseite\",\"item\":\"https:\\\/\\\/shiatsuverband.ch\\\/fr\\\/le-shiatsu-une-methode-de-la-therapie-complementaire\\\/\"},{\"@type\":\"ListItem\",\"position\":2,\"name\":\"Association\",\"item\":\"https:\\\/\\\/shiatsuverband.ch\\\/fr\\\/association\\\/\"},{\"@type\":\"ListItem\",\"position\":3,\"name\":\"Dans l\u2019espace membre\"}]},{\"@type\":\"WebSite\",\"@id\":\"https:\\\/\\\/shiatsuverband.ch\\\/fr\\\/#website\",\"url\":\"https:\\\/\\\/shiatsuverband.ch\\\/fr\\\/\",\"name\":\"Shiatsu Gesellschaft Schweiz\",\"description\":\"Shiatsu, eine Methode der Komplement\u00e4rTherapie\",\"publisher\":{\"@id\":\"https:\\\/\\\/shiatsuverband.ch\\\/fr\\\/#organization\"},\"potentialAction\":[{\"@type\":\"SearchAction\",\"target\":{\"@type\":\"EntryPoint\",\"urlTemplate\":\"https:\\\/\\\/shiatsuverband.ch\\\/fr\\\/?s={search_term_string}\"},\"query-input\":{\"@type\":\"PropertyValueSpecification\",\"valueRequired\":true,\"valueName\":\"search_term_string\"}}],\"inLanguage\":\"fr-FR\"},{\"@type\":\"Organization\",\"@id\":\"https:\\\/\\\/shiatsuverband.ch\\\/fr\\\/#organization\",\"name\":\"Shiatsu Gesellschaft Schweiz\",\"url\":\"https:\\\/\\\/shiatsuverband.ch\\\/fr\\\/\",\"logo\":{\"@type\":\"ImageObject\",\"inLanguage\":\"fr-FR\",\"@id\":\"https:\\\/\\\/shiatsuverband.ch\\\/fr\\\/#\\\/schema\\\/logo\\\/image\\\/\",\"url\":\"https:\\\/\\\/shiatsuverband.ch\\\/wp-content\\\/uploads\\\/2019\\\/04\\\/Shiatsuverband_Logo.png\",\"contentUrl\":\"https:\\\/\\\/shiatsuverband.ch\\\/wp-content\\\/uploads\\\/2019\\\/04\\\/Shiatsuverband_Logo.png\",\"width\":387,\"height\":130,\"caption\":\"Shiatsu Gesellschaft Schweiz\"},\"image\":{\"@id\":\"https:\\\/\\\/shiatsuverband.ch\\\/fr\\\/#\\\/schema\\\/logo\\\/image\\\/\"},\"sameAs\":[\"https:\\\/\\\/www.facebook.com\\\/shiatsugesellschaftschweiz\"]}]}<\/script>\n<!-- \/ Yoast SEO plugin. -->","yoast_head_json":{"title":"Dans l\u2019espace membre - Shiatsu Gesellschaft Schweiz","robots":{"index":"index","follow":"follow","max-snippet":"max-snippet:-1","max-image-preview":"max-image-preview:large","max-video-preview":"max-video-preview:-1"},"canonical":"https:\/\/shiatsuverband.ch\/fr\/association\/espace-membre\/","og_locale":"fr_FR","og_type":"article","og_title":"Dans l\u2019espace membre - Shiatsu Gesellschaft Schweiz","og_url":"https:\/\/shiatsuverband.ch\/fr\/association\/espace-membre\/","og_site_name":"Shiatsu Gesellschaft Schweiz","article_publisher":"https:\/\/www.facebook.com\/shiatsugesellschaftschweiz","article_modified_time":"2020-08-08T08:40:57+00:00","twitter_card":"summary_large_image","twitter_misc":{"Dur\u00e9e de lecture estim\u00e9e":"2 minutes"},"schema":{"@context":"https:\/\/schema.org","@graph":[{"@type":"WebPage","@id":"https:\/\/shiatsuverband.ch\/fr\/association\/espace-membre\/","url":"https:\/\/shiatsuverband.ch\/fr\/association\/espace-membre\/","name":"Dans l\u2019espace membre - Shiatsu Gesellschaft Schweiz","isPartOf":{"@id":"https:\/\/shiatsuverband.ch\/fr\/#website"},"datePublished":"2020-07-14T12:54:26+00:00","dateModified":"2020-08-08T08:40:57+00:00","breadcrumb":{"@id":"https:\/\/shiatsuverband.ch\/fr\/association\/espace-membre\/#breadcrumb"},"inLanguage":"fr-FR","potentialAction":[{"@type":"ReadAction","target":["https:\/\/shiatsuverband.ch\/fr\/association\/espace-membre\/"]}]},{"@type":"BreadcrumbList","@id":"https:\/\/shiatsuverband.ch\/fr\/association\/espace-membre\/#breadcrumb","itemListElement":[{"@type":"ListItem","position":1,"name":"Startseite","item":"https:\/\/shiatsuverband.ch\/fr\/le-shiatsu-une-methode-de-la-therapie-complementaire\/"},{"@type":"ListItem","position":2,"name":"Association","item":"https:\/\/shiatsuverband.ch\/fr\/association\/"},{"@type":"ListItem","position":3,"name":"Dans l\u2019espace membre"}]},{"@type":"WebSite","@id":"https:\/\/shiatsuverband.ch\/fr\/#website","url":"https:\/\/shiatsuverband.ch\/fr\/","name":"Shiatsu Gesellschaft Schweiz","description":"Shiatsu, eine Methode der Komplement\u00e4rTherapie","publisher":{"@id":"https:\/\/shiatsuverband.ch\/fr\/#organization"},"potentialAction":[{"@type":"SearchAction","target":{"@type":"EntryPoint","urlTemplate":"https:\/\/shiatsuverband.ch\/fr\/?s={search_term_string}"},"query-input":{"@type":"PropertyValueSpecification","valueRequired":true,"valueName":"search_term_string"}}],"inLanguage":"fr-FR"},{"@type":"Organization","@id":"https:\/\/shiatsuverband.ch\/fr\/#organization","name":"Shiatsu Gesellschaft Schweiz","url":"https:\/\/shiatsuverband.ch\/fr\/","logo":{"@type":"ImageObject","inLanguage":"fr-FR","@id":"https:\/\/shiatsuverband.ch\/fr\/#\/schema\/logo\/image\/","url":"https:\/\/shiatsuverband.ch\/wp-content\/uploads\/2019\/04\/Shiatsuverband_Logo.png","contentUrl":"https:\/\/shiatsuverband.ch\/wp-content\/uploads\/2019\/04\/Shiatsuverband_Logo.png","width":387,"height":130,"caption":"Shiatsu Gesellschaft Schweiz"},"image":{"@id":"https:\/\/shiatsuverband.ch\/fr\/#\/schema\/logo\/image\/"},"sameAs":["https:\/\/www.facebook.com\/shiatsugesellschaftschweiz"]}]}},"_links":{"self":[{"href":"https:\/\/shiatsuverband.ch\/fr\/wp-json\/wp\/v2\/pages\/38280","targetHints":{"allow":["GET"]}}],"collection":[{"href":"https:\/\/shiatsuverband.ch\/fr\/wp-json\/wp\/v2\/pages"}],"about":[{"href":"https:\/\/shiatsuverband.ch\/fr\/wp-json\/wp\/v2\/types\/page"}],"author":[{"embeddable":true,"href":"https:\/\/shiatsuverband.ch\/fr\/wp-json\/wp\/v2\/users\/1"}],"replies":[{"embeddable":true,"href":"https:\/\/shiatsuverband.ch\/fr\/wp-json\/wp\/v2\/comments?post=38280"}],"version-history":[{"count":4,"href":"https:\/\/shiatsuverband.ch\/fr\/wp-json\/wp\/v2\/pages\/38280\/revisions"}],"predecessor-version":[{"id":39342,"href":"https:\/\/shiatsuverband.ch\/fr\/wp-json\/wp\/v2\/pages\/38280\/revisions\/39342"}],"up":[{"embeddable":true,"href":"https:\/\/shiatsuverband.ch\/fr\/wp-json\/wp\/v2\/pages\/4383"}],"wp:attachment":[{"href":"https:\/\/shiatsuverband.ch\/fr\/wp-json\/wp\/v2\/media?parent=38280"}],"curies":[{"name":"wp","href":"https:\/\/api.w.org\/{rel}","templated":true}]}}