{"id":4327,"date":"2019-04-04T17:05:11","date_gmt":"2019-04-04T15:05:11","guid":{"rendered":"https:\/\/shiatsuverband.ch\/?page_id=4327"},"modified":"2025-04-23T16:55:49","modified_gmt":"2025-04-23T14:55:49","slug":"liens","status":"publish","type":"page","link":"https:\/\/shiatsuverband.ch\/fr\/le-shiatsu-comme-profession\/liens\/","title":{"rendered":"Liens"},"content":{"rendered":"\n<style type=\"text\/css\" data-created_by=\"avia_inline_auto\" id=\"style-css-av-ju2nw657-c24fc13d29505e71ddc726068ed53653\">\n.avia-section.av-ju2nw657-c24fc13d29505e71ddc726068ed53653{\nbackground-repeat:no-repeat;\nbackground-image:url(https:\/\/shiatsuverband.ch\/wp-content\/uploads\/2019\/05\/Banner-3.jpg);\nbackground-position:50% 50%;\nbackground-attachment:scroll;\n}\n<\/style>\n<div id='av_section_1'  class='avia-section av-ju2nw657-c24fc13d29505e71ddc726068ed53653 main_color avia-section-no-padding avia-no-border-styling  avia-builder-el-0  el_before_av_section  avia-builder-el-first  margin-top-color-section av-small-hide av-mini-hide avia-full-stretch avia-bg-style-scroll av-minimum-height av-minimum-height-custom av-height-custom  container_wrap fullsize'  data-section-bg-repeat='stretch' data-av_minimum_height_px='440'><div class='container av-section-cont-open' style='height:440px'><main  role=\"main\" itemprop=\"mainContentOfPage\"  class='template-page content  av-content-full alpha units'><div class='post-entry post-entry-type-page post-entry-4327'><div class='entry-content-wrapper clearfix'>\n<\/div><\/div><\/main><!-- close content main element --><\/div><\/div>\n<style type=\"text\/css\" data-created_by=\"avia_inline_auto\" id=\"style-css-av-juldoq0r-316b58829bbb42d721a7df903d8f03eb\">\n.avia-section.av-juldoq0r-316b58829bbb42d721a7df903d8f03eb{\nbackground-color:#009ed0;\nbackground-image:unset;\n}\n<\/style>\n<div id='av_section_2'  class='avia-section av-juldoq0r-316b58829bbb42d721a7df903d8f03eb main_color avia-section-no-padding avia-no-border-styling  avia-builder-el-1  el_after_av_section  el_before_av_textblock  color-section-title avia-bg-style-scroll container_wrap fullsize'  ><div class='container av-section-cont-open' ><div class='template-page content  av-content-full alpha units'><div class='post-entry post-entry-type-page post-entry-4327'><div class='entry-content-wrapper clearfix'>\n\n<style type=\"text\/css\" data-created_by=\"avia_inline_auto\" id=\"style-css-av-juldp5op-eb15166013101c8b5ba3d36b4655d3c0\">\n#top .hr.hr-invisible.av-juldp5op-eb15166013101c8b5ba3d36b4655d3c0{\nheight:40px;\n}\n<\/style>\n<div  class='hr av-juldp5op-eb15166013101c8b5ba3d36b4655d3c0 hr-invisible  avia-builder-el-2  el_before_av_textblock  avia-builder-el-first '><span class='hr-inner '><span class=\"hr-inner-style\"><\/span><\/span><\/div>\n<section  class='av_textblock_section av-juldpd9d-719add2b8f72bc6d5defbc66028d63ff '   itemscope=\"itemscope\" itemtype=\"https:\/\/schema.org\/CreativeWork\" ><div class='avia_textblock'  itemprop=\"text\" ><h1 class=\"h1-white\">Liens<\/h1>\n<\/div><\/section>\n<\/div><\/div><\/div><!-- close content main div --><\/div><\/div><div id='after_section_2'  class='main_color av_default_container_wrap container_wrap fullsize'  ><div class='container av-section-cont-open' ><div class='template-page content  av-content-full alpha units'><div class='post-entry post-entry-type-page post-entry-4327'><div class='entry-content-wrapper clearfix'>\n<section  class='av_textblock_section av-xt8t-98598d2a2216f4fcb21b609e388a9bf3 '   itemscope=\"itemscope\" itemtype=\"https:\/\/schema.org\/CreativeWork\" ><div class='avia_textblock'  itemprop=\"text\" ><p>Liens vers des associations professionnelles europ\u00e9ennes et suisses:<\/p>\n<h2>Lien vers l&rsquo;association des branches de la th\u00e9rapie compl\u00e9mentaire<\/h2>\n<p>LOrTra TC : Organisation du Monde du Travail Th\u00e9rapie Compl\u00e9mentaire: <a href=\"https:\/\/www.oda-kt.ch\/fr\/\">www.oda-kt.ch<\/a><\/p>\n<h2>Liens vers les associations professionnelles europ\u00e9ennes et suisses<\/h2>\n<p>Namikoshi, L\u2019Associazione Svizzera Shiatsu metodo Namikoshi (ASSN): <a href=\"http:\/\/www.namikoshi.ch\/\">www.namikoshi.ch<\/a><br \/>\nGesellschaft f\u00fcr Shiatsu in Deutschland (GSD): <a href=\"http:\/\/www.shiatsu-gsd.de\/\">www.shiatsu-gsd.de<\/a><br \/>\n\u00d6sterreichischer Dachverband Shiatsu (\u00d6DS): <a href=\"http:\/\/www.shiatsu-verband.at\/\">www.shiatsu-verband.at<\/a><br \/>\nFederazione Italiana Shiatsu Insegnanti e Operatori \u2013 Shiatsu F\u00f6deration Italien (FISIEO): <a href=\"http:\/\/www.fisieo.it\/\">www.fisieo.it<\/a><br \/>\nF\u00e9d\u00e9ration Fran\u00e7aise de Shiatsu Traditionnel \u2013 Shiatsu F\u00f6deration Frankreich (FFST): <a href=\"http:\/\/www.ffst.fr\/\">www.ffst.fr<\/a><br \/>\nAsociaci\u00f3n de Profesionales de Shiatsu de Espa\u00f1a \u2013 Shiatsu Vereinigung Spanien (APSE): <a href=\"http:\/\/www.shiatsu-apse.es\/\">www.shiatsu-apse.es<\/a><\/p>\n<h2>Liens vers les r\u00e9seaux associatifs internationaux<\/h2>\n<p>International Shiatsu Network (ISN) \u2013 eine Vereinigung der Berufsverb\u00e4nde Deutschlands, Frankreichs, Italiens und der Schweiz, gegr\u00fcndet im September 2003: <a href=\"http:\/\/www.shiatsunetwork.com\/\">www.shiatsunetwork.com<\/a><br \/>\nAssociation for Natural Medicine Europe (ANME): <a href=\"http:\/\/www.anme-ngo.eu\/\">www.anme-ngo.eu<\/a><br \/>\nEuropean Shiatsu Federation (ESF): <a href=\"https:\/\/europeanshiatsufederation.eu\/\" target=\"_blank\" rel=\"noopener\">www.europeanshiatsufederation.eu<\/a><br \/>\nShiatsu Research Network (SRN): <a href=\"https:\/\/shiatsu-research-network.org\/\" target=\"_blank\" rel=\"noopener\">www.shiatsu-research-network.org<\/a><\/p>\n<h2>Liens vers les \u00e9coles proposant des cursus de formation<\/h2>\n<p>IKT \u2013 Institut f\u00fcr Komplement\u00e4rtherapie GmbH: <a href=\"http:\/\/www.shiatsu-institut.ch\/\" target=\"_blank\" rel=\"noopener\">www.ikt-institut.ch<\/a><br \/>\nHeilpraktikerschule HPS GmbH Luzern: <a href=\"http:\/\/www.heilpraktikerschule.ch\/\">www.heilpraktikerschule.ch<\/a><br \/>\nInternationale Shiatsu Schule (ISS Kiental): <a href=\"http:\/\/www.kientalerhof.ch\/\">www.kientalerhof.ch<\/a><br \/>\nI.S.S. Gen\u00e8ve, Ecole Internationale de Shiatsu: <a href=\"http:\/\/www.shiatsu-iss.ch\/\">www.shiatsu-iss.ch<\/a><br \/>\nIOKAI Shiatsu: <a href=\"http:\/\/www.iokai.ch\/\">www.iokai.ch<\/a><\/p>\n<h2>Liens vers les \u00e9coles proposant des formations continues<\/h2>\n<p>IKT \u2013 Institut f\u00fcr Komplement\u00e4rtherapie GmbH: <a href=\"http:\/\/www.shiatsu-institut.ch\/\" target=\"_blank\" rel=\"noopener\">www.ikt-institut.ch<\/a><br \/>\nHeilpraktikerschule HPS GmbH Luzern: <a href=\"http:\/\/www.heilpraktikerschule.ch\/\">www.heilpraktikerschule.ch<\/a><br \/>\nInternationale Shiatsu Schule (ISS Kiental): <a href=\"http:\/\/www.kientalerhof.ch\/\">www.kientalerhof.ch<\/a><br \/>\nKo Lebensschule: <a href=\"https:\/\/ko-lebensschule.ch\/\">www.ko-lebensschule.ch<\/a><br \/>\nI.S.S. Gen\u00e8ve, Ecole Internationale de Shiatsu: <a href=\"http:\/\/www.shiatsu-iss.ch\/\">www.shiatsu-iss.ch<\/a><br \/>\nIOKAI Shiatsu: <a href=\"http:\/\/www.iokai.ch\/\">www.iokai.ch<\/a><\/p>\n<\/div><\/section>\n","protected":false},"excerpt":{"rendered":"","protected":false},"author":1,"featured_media":0,"parent":4318,"menu_order":0,"comment_status":"closed","ping_status":"closed","template":"","meta":{"_acf_changed":false,"_monsterinsights_skip_tracking":false,"_monsterinsights_sitenote_active":false,"_monsterinsights_sitenote_note":"","_monsterinsights_sitenote_category":0,"footnotes":""},"class_list":["post-4327","page","type-page","status-publish","hentry"],"acf":[],"yoast_head":"<!-- This site is optimized with the Yoast SEO plugin v27.4 - https:\/\/yoast.com\/product\/yoast-seo-wordpress\/ -->\n<title>Liens - Association Suisse de Shiatsu<\/title>\n<meta name=\"description\" content=\"Liens vers des associations professionnelles europ\u00e9ennes et suisses:\" \/>\n<meta name=\"robots\" content=\"index, follow, max-snippet:-1, max-image-preview:large, max-video-preview:-1\" \/>\n<link rel=\"canonical\" href=\"https:\/\/shiatsuverband.ch\/fr\/le-shiatsu-comme-profession\/liens\/\" \/>\n<meta property=\"og:locale\" content=\"fr_FR\" \/>\n<meta property=\"og:type\" content=\"article\" \/>\n<meta property=\"og:title\" content=\"Liens - Association Suisse de Shiatsu\" \/>\n<meta property=\"og:description\" content=\"Liens vers des associations professionnelles europ\u00e9ennes et suisses:\" \/>\n<meta property=\"og:url\" content=\"https:\/\/shiatsuverband.ch\/fr\/le-shiatsu-comme-profession\/liens\/\" \/>\n<meta property=\"og:site_name\" content=\"Shiatsu Gesellschaft Schweiz\" \/>\n<meta property=\"article:publisher\" content=\"https:\/\/www.facebook.com\/shiatsugesellschaftschweiz\" \/>\n<meta property=\"article:modified_time\" content=\"2025-04-23T14:55:49+00:00\" \/>\n<meta name=\"twitter:card\" content=\"summary_large_image\" \/>\n<meta name=\"twitter:label1\" content=\"Dur\u00e9e de lecture estim\u00e9e\" \/>\n\t<meta name=\"twitter:data1\" content=\"2 minutes\" \/>\n<script type=\"application\/ld+json\" class=\"yoast-schema-graph\">{\"@context\":\"https:\\\/\\\/schema.org\",\"@graph\":[{\"@type\":\"WebPage\",\"@id\":\"https:\\\/\\\/shiatsuverband.ch\\\/fr\\\/le-shiatsu-comme-profession\\\/liens\\\/\",\"url\":\"https:\\\/\\\/shiatsuverband.ch\\\/fr\\\/le-shiatsu-comme-profession\\\/liens\\\/\",\"name\":\"Liens - Association Suisse de Shiatsu\",\"isPartOf\":{\"@id\":\"https:\\\/\\\/shiatsuverband.ch\\\/fr\\\/#website\"},\"datePublished\":\"2019-04-04T15:05:11+00:00\",\"dateModified\":\"2025-04-23T14:55:49+00:00\",\"description\":\"Liens vers des associations professionnelles europ\u00e9ennes et suisses:\",\"breadcrumb\":{\"@id\":\"https:\\\/\\\/shiatsuverband.ch\\\/fr\\\/le-shiatsu-comme-profession\\\/liens\\\/#breadcrumb\"},\"inLanguage\":\"fr-FR\",\"potentialAction\":[{\"@type\":\"ReadAction\",\"target\":[\"https:\\\/\\\/shiatsuverband.ch\\\/fr\\\/le-shiatsu-comme-profession\\\/liens\\\/\"]}]},{\"@type\":\"BreadcrumbList\",\"@id\":\"https:\\\/\\\/shiatsuverband.ch\\\/fr\\\/le-shiatsu-comme-profession\\\/liens\\\/#breadcrumb\",\"itemListElement\":[{\"@type\":\"ListItem\",\"position\":1,\"name\":\"Startseite\",\"item\":\"https:\\\/\\\/shiatsuverband.ch\\\/fr\\\/le-shiatsu-une-methode-de-la-therapie-complementaire\\\/\"},{\"@type\":\"ListItem\",\"position\":2,\"name\":\"Profession\",\"item\":\"https:\\\/\\\/shiatsuverband.ch\\\/fr\\\/le-shiatsu-comme-profession\\\/\"},{\"@type\":\"ListItem\",\"position\":3,\"name\":\"Liens\"}]},{\"@type\":\"WebSite\",\"@id\":\"https:\\\/\\\/shiatsuverband.ch\\\/fr\\\/#website\",\"url\":\"https:\\\/\\\/shiatsuverband.ch\\\/fr\\\/\",\"name\":\"Shiatsu Gesellschaft Schweiz\",\"description\":\"Shiatsu, eine Methode der Komplement\u00e4rTherapie\",\"publisher\":{\"@id\":\"https:\\\/\\\/shiatsuverband.ch\\\/fr\\\/#organization\"},\"potentialAction\":[{\"@type\":\"SearchAction\",\"target\":{\"@type\":\"EntryPoint\",\"urlTemplate\":\"https:\\\/\\\/shiatsuverband.ch\\\/fr\\\/?s={search_term_string}\"},\"query-input\":{\"@type\":\"PropertyValueSpecification\",\"valueRequired\":true,\"valueName\":\"search_term_string\"}}],\"inLanguage\":\"fr-FR\"},{\"@type\":\"Organization\",\"@id\":\"https:\\\/\\\/shiatsuverband.ch\\\/fr\\\/#organization\",\"name\":\"Shiatsu Gesellschaft Schweiz\",\"url\":\"https:\\\/\\\/shiatsuverband.ch\\\/fr\\\/\",\"logo\":{\"@type\":\"ImageObject\",\"inLanguage\":\"fr-FR\",\"@id\":\"https:\\\/\\\/shiatsuverband.ch\\\/fr\\\/#\\\/schema\\\/logo\\\/image\\\/\",\"url\":\"https:\\\/\\\/shiatsuverband.ch\\\/wp-content\\\/uploads\\\/2019\\\/04\\\/Shiatsuverband_Logo.png\",\"contentUrl\":\"https:\\\/\\\/shiatsuverband.ch\\\/wp-content\\\/uploads\\\/2019\\\/04\\\/Shiatsuverband_Logo.png\",\"width\":387,\"height\":130,\"caption\":\"Shiatsu Gesellschaft Schweiz\"},\"image\":{\"@id\":\"https:\\\/\\\/shiatsuverband.ch\\\/fr\\\/#\\\/schema\\\/logo\\\/image\\\/\"},\"sameAs\":[\"https:\\\/\\\/www.facebook.com\\\/shiatsugesellschaftschweiz\"]}]}<\/script>\n<!-- \/ Yoast SEO plugin. -->","yoast_head_json":{"title":"Liens - Association Suisse de Shiatsu","description":"Liens vers des associations professionnelles europ\u00e9ennes et suisses:","robots":{"index":"index","follow":"follow","max-snippet":"max-snippet:-1","max-image-preview":"max-image-preview:large","max-video-preview":"max-video-preview:-1"},"canonical":"https:\/\/shiatsuverband.ch\/fr\/le-shiatsu-comme-profession\/liens\/","og_locale":"fr_FR","og_type":"article","og_title":"Liens - Association Suisse de Shiatsu","og_description":"Liens vers des associations professionnelles europ\u00e9ennes et suisses:","og_url":"https:\/\/shiatsuverband.ch\/fr\/le-shiatsu-comme-profession\/liens\/","og_site_name":"Shiatsu Gesellschaft Schweiz","article_publisher":"https:\/\/www.facebook.com\/shiatsugesellschaftschweiz","article_modified_time":"2025-04-23T14:55:49+00:00","twitter_card":"summary_large_image","twitter_misc":{"Dur\u00e9e de lecture estim\u00e9e":"2 minutes"},"schema":{"@context":"https:\/\/schema.org","@graph":[{"@type":"WebPage","@id":"https:\/\/shiatsuverband.ch\/fr\/le-shiatsu-comme-profession\/liens\/","url":"https:\/\/shiatsuverband.ch\/fr\/le-shiatsu-comme-profession\/liens\/","name":"Liens - Association Suisse de Shiatsu","isPartOf":{"@id":"https:\/\/shiatsuverband.ch\/fr\/#website"},"datePublished":"2019-04-04T15:05:11+00:00","dateModified":"2025-04-23T14:55:49+00:00","description":"Liens vers des associations professionnelles europ\u00e9ennes et suisses:","breadcrumb":{"@id":"https:\/\/shiatsuverband.ch\/fr\/le-shiatsu-comme-profession\/liens\/#breadcrumb"},"inLanguage":"fr-FR","potentialAction":[{"@type":"ReadAction","target":["https:\/\/shiatsuverband.ch\/fr\/le-shiatsu-comme-profession\/liens\/"]}]},{"@type":"BreadcrumbList","@id":"https:\/\/shiatsuverband.ch\/fr\/le-shiatsu-comme-profession\/liens\/#breadcrumb","itemListElement":[{"@type":"ListItem","position":1,"name":"Startseite","item":"https:\/\/shiatsuverband.ch\/fr\/le-shiatsu-une-methode-de-la-therapie-complementaire\/"},{"@type":"ListItem","position":2,"name":"Profession","item":"https:\/\/shiatsuverband.ch\/fr\/le-shiatsu-comme-profession\/"},{"@type":"ListItem","position":3,"name":"Liens"}]},{"@type":"WebSite","@id":"https:\/\/shiatsuverband.ch\/fr\/#website","url":"https:\/\/shiatsuverband.ch\/fr\/","name":"Shiatsu Gesellschaft Schweiz","description":"Shiatsu, eine Methode der Komplement\u00e4rTherapie","publisher":{"@id":"https:\/\/shiatsuverband.ch\/fr\/#organization"},"potentialAction":[{"@type":"SearchAction","target":{"@type":"EntryPoint","urlTemplate":"https:\/\/shiatsuverband.ch\/fr\/?s={search_term_string}"},"query-input":{"@type":"PropertyValueSpecification","valueRequired":true,"valueName":"search_term_string"}}],"inLanguage":"fr-FR"},{"@type":"Organization","@id":"https:\/\/shiatsuverband.ch\/fr\/#organization","name":"Shiatsu Gesellschaft Schweiz","url":"https:\/\/shiatsuverband.ch\/fr\/","logo":{"@type":"ImageObject","inLanguage":"fr-FR","@id":"https:\/\/shiatsuverband.ch\/fr\/#\/schema\/logo\/image\/","url":"https:\/\/shiatsuverband.ch\/wp-content\/uploads\/2019\/04\/Shiatsuverband_Logo.png","contentUrl":"https:\/\/shiatsuverband.ch\/wp-content\/uploads\/2019\/04\/Shiatsuverband_Logo.png","width":387,"height":130,"caption":"Shiatsu Gesellschaft Schweiz"},"image":{"@id":"https:\/\/shiatsuverband.ch\/fr\/#\/schema\/logo\/image\/"},"sameAs":["https:\/\/www.facebook.com\/shiatsugesellschaftschweiz"]}]}},"_links":{"self":[{"href":"https:\/\/shiatsuverband.ch\/fr\/wp-json\/wp\/v2\/pages\/4327","targetHints":{"allow":["GET"]}}],"collection":[{"href":"https:\/\/shiatsuverband.ch\/fr\/wp-json\/wp\/v2\/pages"}],"about":[{"href":"https:\/\/shiatsuverband.ch\/fr\/wp-json\/wp\/v2\/types\/page"}],"author":[{"embeddable":true,"href":"https:\/\/shiatsuverband.ch\/fr\/wp-json\/wp\/v2\/users\/1"}],"replies":[{"embeddable":true,"href":"https:\/\/shiatsuverband.ch\/fr\/wp-json\/wp\/v2\/comments?post=4327"}],"version-history":[{"count":19,"href":"https:\/\/shiatsuverband.ch\/fr\/wp-json\/wp\/v2\/pages\/4327\/revisions"}],"predecessor-version":[{"id":110372,"href":"https:\/\/shiatsuverband.ch\/fr\/wp-json\/wp\/v2\/pages\/4327\/revisions\/110372"}],"up":[{"embeddable":true,"href":"https:\/\/shiatsuverband.ch\/fr\/wp-json\/wp\/v2\/pages\/4318"}],"wp:attachment":[{"href":"https:\/\/shiatsuverband.ch\/fr\/wp-json\/wp\/v2\/media?parent=4327"}],"curies":[{"name":"wp","href":"https:\/\/api.w.org\/{rel}","templated":true}]}}