{"id":4340,"date":"2019-04-04T17:19:21","date_gmt":"2019-04-04T15:19:21","guid":{"rendered":"https:\/\/shiatsuverband.ch\/?page_id=4340"},"modified":"2024-07-24T14:50:42","modified_gmt":"2024-07-24T12:50:42","slug":"protection-des-donnees","status":"publish","type":"page","link":"https:\/\/shiatsuverband.ch\/fr\/protection-des-donnees\/","title":{"rendered":"Protection des donn\u00e9es"},"content":{"rendered":"<section  class='av_textblock_section av-14qwd-5f3272df05bb3c725b632ce839e551d1 '   itemscope=\"itemscope\" itemtype=\"https:\/\/schema.org\/CreativeWork\" ><div class='avia_textblock'  itemprop=\"text\" ><h1>Protection des donn\u00e9es<\/h1>\n<p>La d\u00e9claration de protection des donn\u00e9es d\u00e9crit comment et pourquoi nous recueillons, traitons et utilisons des donn\u00e9es personnelles. L&rsquo;utilisation responsable des donn\u00e9es a toujours \u00e9t\u00e9 une priorit\u00e9 pour nous. Nous effectuons continuellement des ajustements afin de prot\u00e9ger encore mieux les donn\u00e9es personnelles des utilisatrices et utilisateurs de notre site web. Nous accordons une grande importance \u00e0 la protection de vos donn\u00e9es personnelles.<\/p>\n<h2>Contact<\/h2>\n<p>Association Suisse de Shiatsu<br \/>\nEtzelmatt 5<br \/>\n5430 Wettingen<\/p>\n<p>056 427 15 73<br \/>\n<a href=\"mailto:gs@shiatsuverband.ch\">gs@shiatsuverband.ch<\/a><\/p>\n<h2>1. Quelles donn\u00e9es collectons-nous ?<\/h2>\n<h3>1.1 Donn\u00e9es personnelles d\u2019ordre g\u00e9n\u00e9rale<\/h3>\n<p>Nous traitons vos donn\u00e9es personnelles g\u00e9n\u00e9rales. Les donn\u00e9es personnelles repr\u00e9sentent toutes les informations qui se rapportent \u00e0 une personne physique identifiable. Une personne physique est identifiable lorsque les informations disponibles permettent d&rsquo;en tirer des conclusions sur son identit\u00e9.<\/p>\n<p>Exemple : votre nom, votre adresse IP et votre adresse priv\u00e9e sont des donn\u00e9es personnelles.<\/p>\n<h3>1.2 Donn\u00e9es fournies<\/h3>\n<p>Vous mettez souvent vous-m\u00eame vos donn\u00e9es personnelles \u00e0 notre disposition. Chaque fois que vous saisissez et nous transmettez vos donn\u00e9es personnelles, celles-ci sont consid\u00e9r\u00e9es comme nous ayant \u00e9t\u00e9 fournies. Bien que la transmission de ces donn\u00e9es soit en principe un acte volontaire, elle est parfois obligatoire pour pouvoir utiliser nos offres.<\/p>\n<p>Exemple : Vous saisissez vos donn\u00e9es dans un formulaire de contact ou vous vous inscrivez \u00e0 une newsletter.<\/p>\n<h3>1.3 \u00a0Donn\u00e9es collect\u00e9es<\/h3>\n<p>Quand vous utilisez nos services, nous pouvons collecter certaines de vos donn\u00e9es sans que votre participation active soit n\u00e9cessaire. Il s&rsquo;agit en g\u00e9n\u00e9ral de donn\u00e9es relatives \u00e0 votre appareil et \u00e0 votre comportement d&rsquo;utilisateur.<\/p>\n<p>Exemple : Nous ou notre fournisseur d&rsquo;h\u00e9bergement internet collectons des donn\u00e9es sur le syst\u00e8me d&rsquo;exploitation de l&rsquo;appareil avec lequel vous avez consult\u00e9 notre site web.<\/p>\n<h3>1.4 Dans le monde entier<\/h3>\n<p>Nous travaillons avec des fournisseurs du monde entier pour le traitement de vos donn\u00e9es personnelles. Cela nous permet de profiter de l&rsquo;offre mondiale et de recourir aux meilleurs et aux plus fiables des services. Il est possible que le pays dans lequel les donn\u00e9es sont export\u00e9es ne respecte pas les m\u00eames normes de protection des donn\u00e9es que la Suisse.<\/p>\n<p>Exemple : Nous utilisons les services fournis par un prestataire comme Google, dont le si\u00e8ge se trouve aux \u00c9tats-Unis.<\/p>\n<h2>2. Quels services utilisons-nous ?<\/h2>\n<h3>2.1 Google Analytics (https:\/\/google.com\/analytics)<\/h3>\n<p><strong>Comment fonctionne Google Analytics ?<\/strong><br \/>\nNotre site web utilise Google Analytics, un service de Google Ireland Ltd, Google Building Gordon House, Barrow St, Dublin 4, Irlande et de Google LLC, 1600 Amphitheatre Parkway Mountain View, CA 94043, USA ; tous les deux regroup\u00e9s sous \u00ab Google \u00bb, Google Ireland Ltd \u00e9tant responsable du traitement des donn\u00e9es personnelles. Google utilise des cookies qui sont stock\u00e9s sur votre appareil et qui vous permettent d&rsquo;analyser le site web. Les informations g\u00e9n\u00e9r\u00e9es par le cookie concernant votre utilisation du site web sont transmises \u00e0 un serveur de Google aux \u00c9tats-Unis et y sont enregistr\u00e9es. Nous avons compl\u00e9t\u00e9 Google Analytics par le code \u00ab anonymizeIP \u00bb. Cela permet de garantir que toutes les donn\u00e9es sont collect\u00e9es de mani\u00e8re anonyme. Ce n&rsquo;est que dans des cas exceptionnels que l&rsquo;adresse IP compl\u00e8te est transmise \u00e0 un serveur de Google aux \u00c9tats-Unis o\u00f9 elle est abr\u00e9g\u00e9e.<\/p>\n<p><strong>Pourquoi pouvons-nous utiliser Google Analytics ?<\/strong><br \/>\nGoogle \u00e9value les donn\u00e9es collect\u00e9es pour nous, afin que nous puissions nous faire une id\u00e9e des visites et du comportement des utilisatrices et utilisateurs sur notre site web. Cela nous permet d&rsquo;am\u00e9liorer nos services ainsi que le contenu et la pr\u00e9sentation de notre site web.<\/p>\n<p><strong>Comment pouvez-vous emp\u00eacher la collecte de vos donn\u00e9es via Google Analytics ?<\/strong><br \/>\nVous pouvez emp\u00eacher l&rsquo;enregistrement des cookies en adaptant les param\u00e8tres de votre navigateur (voir nos explications sur les cookies). Vous pouvez d\u00e9sactiver Google Analytics en t\u00e9l\u00e9chargeant et en installant Google Browser-Add-On.<\/p>\n<h3>2.2 Google Tag Manager (https:\/\/tagmanager.google.com)<\/h3>\n<p>Nous utilisons sur notre site web le Google Tag Manager. Celui-ci saisit les donn\u00e9es relatives au comportement des utilisatrices et utilisateurs sur notre site web et les transmet \u00e0 nos outils d&rsquo;analyse. Ce faisant, Google Tag Manager n&rsquo;a pas acc\u00e8s aux donn\u00e9es, il les collecte uniquement.<\/p>\n<p>\u00c9tant donn\u00e9 que Google Tag Manager ne traite pas de donn\u00e9es \u00e0 caract\u00e8re personnel, il convient de faire r\u00e9f\u00e9rence aux explications relatives aux services de tra\u00e7age et aux directives d&rsquo;utilisation de Google Tag Manager. Directives d&rsquo;utilisation : https:\/\/www.google.com\/intl\/de\/tagmanager\/use-policy.html.<\/p>\n<h2>3. Cookies<\/h2>\n<p><strong>Comment fonctionnent les cookies ?<\/strong><br \/>\nNotre site web utilise des cookies. Les cookies sont des donn\u00e9es qui sont stock\u00e9es sur le syst\u00e8me d\u2019exploitation de votre appareil par le biais de votre navigateur lorsque vous consultez notre site web. Les cookies n\u2019endommagent pas votre appareil et sont exempts de virus.<\/p>\n<p><strong>Quelles informations recevons-nous et que faisons-nous de ces informations ?<\/strong><br \/>\nLa plupart des cookies que nous utilisons sont des \u00ab cookies de session \u00bb. Ils sont automatiquement supprim\u00e9s \u00e0 la fin de votre visite. D\u2019autres cookies restent enregistr\u00e9s sur votre appareil jusqu\u2019\u00e0 ce que vous les supprimiez. Ces cookies nous permettent de reconna\u00eetre votre navigateur lors de votre prochaine visite. Cela nous permet d\u2019enregistrer certains param\u00e8tres (comme les param\u00e8tres linguistiques ou de localisation) afin que vous ne soyez pas oblig\u00e9 de les saisir \u00e0 nouveau lors d\u2019une nouvelle visite du site.<\/p>\n<p><strong>Pourquoi utilisons-nous des cookies ?<\/strong><br \/>\nNous utilisons des cookies afin de rendre notre site web plus efficace, plus s\u00fbr et plus facile \u00e0 utiliser. L\u2019utilisation de cookies et le traitement de vos donn\u00e9es dans ce cadre se font sur la base de nos int\u00e9r\u00eats l\u00e9gitimes aux fins mentionn\u00e9es.<\/p>\n<p><strong>Comment pouvez-vous emp\u00eacher le recueil de donn\u00e9es par le biais de cookies ?<\/strong><br \/>\nLes cookies sont stock\u00e9s sur votre ordinateur. Vous avez donc le contr\u00f4le total en ce qui concerne les cookies. Vous pouvez les supprimer compl\u00e8tement ou d\u00e9sactiver ou limiter leur transmission en modifiant les param\u00e8tres dans votre navigateur. En cas de d\u00e9sactivation des cookies pour notre site web, il se peut que certaines fonctions du site web ne puissent plus \u00eatre utilis\u00e9es dans leur int\u00e9gralit\u00e9.<\/p>\n<h2>4. Traitement des donn\u00e9es recueillies et protection de celles-ci (s\u00e9curit\u00e9 des donn\u00e9es)<\/h2>\n<p>Des mesures techniques et organisationnelles appropri\u00e9es sont appliqu\u00e9es pour prot\u00e9ger les donn\u00e9es personnelles recueillies contre la perte, le vol et l&rsquo;acc\u00e8s non autoris\u00e9. Nous nous effor\u00e7ons de v\u00e9rifier r\u00e9guli\u00e8rement ces directives et proc\u00e9dures de s\u00e9curit\u00e9 afin de veiller \u00e0 ce que les syst\u00e8mes soient s\u00fbrs. Nous respectons \u00e0 cet \u00e9gard les prescriptions de la nouvelle loi suisse sur la protection des donn\u00e9es (nLPD).<\/p>\n<h2>5. Dur\u00e9e du stockage, r\u00e9vocation et suppression<\/h2>\n<p>Les donn\u00e9es sont stock\u00e9es jusqu&rsquo;\u00e0 ce que vous r\u00e9voquiez leur traitement. Vous avez \u00e0 tout moment la possibilit\u00e9 de r\u00e9voquer votre accord pour le traitement de vos donn\u00e9es.<\/p>\n<h2>6. Modifications<\/h2>\n<p>Nous pouvons modifier cette d\u00e9claration de protection des donn\u00e9es \u00e0 tout moment et sans pr\u00e9avis. La version actuelle publi\u00e9e sur ce site web fait foi. Si la d\u00e9claration de protection des donn\u00e9es fait partie d&rsquo;un accord avec vous, nous vous informerons de la modification par e-mail en cas de mise \u00e0 jour.<\/p>\n<\/div><\/section>\n","protected":false},"excerpt":{"rendered":"","protected":false},"author":1,"featured_media":0,"parent":0,"menu_order":0,"comment_status":"closed","ping_status":"closed","template":"","meta":{"_acf_changed":false,"_monsterinsights_skip_tracking":false,"_monsterinsights_sitenote_active":false,"_monsterinsights_sitenote_note":"","_monsterinsights_sitenote_category":0,"footnotes":""},"class_list":["post-4340","page","type-page","status-publish","hentry"],"acf":[],"yoast_head":"<!-- This site is optimized with the Yoast SEO plugin v27.3 - https:\/\/yoast.com\/product\/yoast-seo-wordpress\/ -->\n<title>Protection des donn\u00e9es - Association Suisse de Shiatsu<\/title>\n<meta name=\"description\" content=\"Les utilisateurs re\u00e7oivent ces informations de politique de confidentialit\u00e9 sur la nature, la port\u00e9e et le but de la collecte et de l&#039;utilisation de...\" \/>\n<meta name=\"robots\" content=\"index, follow, max-snippet:-1, max-image-preview:large, max-video-preview:-1\" \/>\n<link rel=\"canonical\" href=\"https:\/\/shiatsuverband.ch\/fr\/protection-des-donnees\/\" \/>\n<meta property=\"og:locale\" content=\"fr_FR\" \/>\n<meta property=\"og:type\" content=\"article\" \/>\n<meta property=\"og:title\" content=\"Protection des donn\u00e9es - Association Suisse de Shiatsu\" \/>\n<meta property=\"og:description\" content=\"Les utilisateurs re\u00e7oivent ces informations de politique de confidentialit\u00e9 sur la nature, la port\u00e9e et le but de la collecte et de l&#039;utilisation de...\" \/>\n<meta property=\"og:url\" content=\"https:\/\/shiatsuverband.ch\/fr\/protection-des-donnees\/\" \/>\n<meta property=\"og:site_name\" content=\"Shiatsu Gesellschaft Schweiz\" \/>\n<meta property=\"article:publisher\" content=\"https:\/\/www.facebook.com\/shiatsugesellschaftschweiz\" \/>\n<meta property=\"article:modified_time\" content=\"2024-07-24T12:50:42+00:00\" \/>\n<meta name=\"twitter:card\" content=\"summary_large_image\" \/>\n<meta name=\"twitter:label1\" content=\"Dur\u00e9e de lecture estim\u00e9e\" \/>\n\t<meta name=\"twitter:data1\" content=\"7 minutes\" \/>\n<script type=\"application\/ld+json\" class=\"yoast-schema-graph\">{\"@context\":\"https:\\\/\\\/schema.org\",\"@graph\":[{\"@type\":\"WebPage\",\"@id\":\"https:\\\/\\\/shiatsuverband.ch\\\/fr\\\/protection-des-donnees\\\/\",\"url\":\"https:\\\/\\\/shiatsuverband.ch\\\/fr\\\/protection-des-donnees\\\/\",\"name\":\"Protection des donn\u00e9es - Association Suisse de Shiatsu\",\"isPartOf\":{\"@id\":\"https:\\\/\\\/shiatsuverband.ch\\\/fr\\\/#website\"},\"datePublished\":\"2019-04-04T15:19:21+00:00\",\"dateModified\":\"2024-07-24T12:50:42+00:00\",\"description\":\"Les utilisateurs re\u00e7oivent ces informations de politique de confidentialit\u00e9 sur la nature, la port\u00e9e et le but de la collecte et de l'utilisation de...\",\"breadcrumb\":{\"@id\":\"https:\\\/\\\/shiatsuverband.ch\\\/fr\\\/protection-des-donnees\\\/#breadcrumb\"},\"inLanguage\":\"fr-FR\",\"potentialAction\":[{\"@type\":\"ReadAction\",\"target\":[\"https:\\\/\\\/shiatsuverband.ch\\\/fr\\\/protection-des-donnees\\\/\"]}]},{\"@type\":\"BreadcrumbList\",\"@id\":\"https:\\\/\\\/shiatsuverband.ch\\\/fr\\\/protection-des-donnees\\\/#breadcrumb\",\"itemListElement\":[{\"@type\":\"ListItem\",\"position\":1,\"name\":\"Startseite\",\"item\":\"https:\\\/\\\/shiatsuverband.ch\\\/fr\\\/le-shiatsu-une-methode-de-la-therapie-complementaire\\\/\"},{\"@type\":\"ListItem\",\"position\":2,\"name\":\"Protection des donn\u00e9es\"}]},{\"@type\":\"WebSite\",\"@id\":\"https:\\\/\\\/shiatsuverband.ch\\\/fr\\\/#website\",\"url\":\"https:\\\/\\\/shiatsuverband.ch\\\/fr\\\/\",\"name\":\"Shiatsu Gesellschaft Schweiz\",\"description\":\"Shiatsu, eine Methode der Komplement\u00e4rTherapie\",\"publisher\":{\"@id\":\"https:\\\/\\\/shiatsuverband.ch\\\/fr\\\/#organization\"},\"potentialAction\":[{\"@type\":\"SearchAction\",\"target\":{\"@type\":\"EntryPoint\",\"urlTemplate\":\"https:\\\/\\\/shiatsuverband.ch\\\/fr\\\/?s={search_term_string}\"},\"query-input\":{\"@type\":\"PropertyValueSpecification\",\"valueRequired\":true,\"valueName\":\"search_term_string\"}}],\"inLanguage\":\"fr-FR\"},{\"@type\":\"Organization\",\"@id\":\"https:\\\/\\\/shiatsuverband.ch\\\/fr\\\/#organization\",\"name\":\"Shiatsu Gesellschaft Schweiz\",\"url\":\"https:\\\/\\\/shiatsuverband.ch\\\/fr\\\/\",\"logo\":{\"@type\":\"ImageObject\",\"inLanguage\":\"fr-FR\",\"@id\":\"https:\\\/\\\/shiatsuverband.ch\\\/fr\\\/#\\\/schema\\\/logo\\\/image\\\/\",\"url\":\"https:\\\/\\\/shiatsuverband.ch\\\/wp-content\\\/uploads\\\/2019\\\/04\\\/Shiatsuverband_Logo.png\",\"contentUrl\":\"https:\\\/\\\/shiatsuverband.ch\\\/wp-content\\\/uploads\\\/2019\\\/04\\\/Shiatsuverband_Logo.png\",\"width\":387,\"height\":130,\"caption\":\"Shiatsu Gesellschaft Schweiz\"},\"image\":{\"@id\":\"https:\\\/\\\/shiatsuverband.ch\\\/fr\\\/#\\\/schema\\\/logo\\\/image\\\/\"},\"sameAs\":[\"https:\\\/\\\/www.facebook.com\\\/shiatsugesellschaftschweiz\"]}]}<\/script>\n<!-- \/ Yoast SEO plugin. -->","yoast_head_json":{"title":"Protection des donn\u00e9es - Association Suisse de Shiatsu","description":"Les utilisateurs re\u00e7oivent ces informations de politique de confidentialit\u00e9 sur la nature, la port\u00e9e et le but de la collecte et de l'utilisation de...","robots":{"index":"index","follow":"follow","max-snippet":"max-snippet:-1","max-image-preview":"max-image-preview:large","max-video-preview":"max-video-preview:-1"},"canonical":"https:\/\/shiatsuverband.ch\/fr\/protection-des-donnees\/","og_locale":"fr_FR","og_type":"article","og_title":"Protection des donn\u00e9es - Association Suisse de Shiatsu","og_description":"Les utilisateurs re\u00e7oivent ces informations de politique de confidentialit\u00e9 sur la nature, la port\u00e9e et le but de la collecte et de l'utilisation de...","og_url":"https:\/\/shiatsuverband.ch\/fr\/protection-des-donnees\/","og_site_name":"Shiatsu Gesellschaft Schweiz","article_publisher":"https:\/\/www.facebook.com\/shiatsugesellschaftschweiz","article_modified_time":"2024-07-24T12:50:42+00:00","twitter_card":"summary_large_image","twitter_misc":{"Dur\u00e9e de lecture estim\u00e9e":"7 minutes"},"schema":{"@context":"https:\/\/schema.org","@graph":[{"@type":"WebPage","@id":"https:\/\/shiatsuverband.ch\/fr\/protection-des-donnees\/","url":"https:\/\/shiatsuverband.ch\/fr\/protection-des-donnees\/","name":"Protection des donn\u00e9es - Association Suisse de Shiatsu","isPartOf":{"@id":"https:\/\/shiatsuverband.ch\/fr\/#website"},"datePublished":"2019-04-04T15:19:21+00:00","dateModified":"2024-07-24T12:50:42+00:00","description":"Les utilisateurs re\u00e7oivent ces informations de politique de confidentialit\u00e9 sur la nature, la port\u00e9e et le but de la collecte et de l'utilisation de...","breadcrumb":{"@id":"https:\/\/shiatsuverband.ch\/fr\/protection-des-donnees\/#breadcrumb"},"inLanguage":"fr-FR","potentialAction":[{"@type":"ReadAction","target":["https:\/\/shiatsuverband.ch\/fr\/protection-des-donnees\/"]}]},{"@type":"BreadcrumbList","@id":"https:\/\/shiatsuverband.ch\/fr\/protection-des-donnees\/#breadcrumb","itemListElement":[{"@type":"ListItem","position":1,"name":"Startseite","item":"https:\/\/shiatsuverband.ch\/fr\/le-shiatsu-une-methode-de-la-therapie-complementaire\/"},{"@type":"ListItem","position":2,"name":"Protection des donn\u00e9es"}]},{"@type":"WebSite","@id":"https:\/\/shiatsuverband.ch\/fr\/#website","url":"https:\/\/shiatsuverband.ch\/fr\/","name":"Shiatsu Gesellschaft Schweiz","description":"Shiatsu, eine Methode der Komplement\u00e4rTherapie","publisher":{"@id":"https:\/\/shiatsuverband.ch\/fr\/#organization"},"potentialAction":[{"@type":"SearchAction","target":{"@type":"EntryPoint","urlTemplate":"https:\/\/shiatsuverband.ch\/fr\/?s={search_term_string}"},"query-input":{"@type":"PropertyValueSpecification","valueRequired":true,"valueName":"search_term_string"}}],"inLanguage":"fr-FR"},{"@type":"Organization","@id":"https:\/\/shiatsuverband.ch\/fr\/#organization","name":"Shiatsu Gesellschaft Schweiz","url":"https:\/\/shiatsuverband.ch\/fr\/","logo":{"@type":"ImageObject","inLanguage":"fr-FR","@id":"https:\/\/shiatsuverband.ch\/fr\/#\/schema\/logo\/image\/","url":"https:\/\/shiatsuverband.ch\/wp-content\/uploads\/2019\/04\/Shiatsuverband_Logo.png","contentUrl":"https:\/\/shiatsuverband.ch\/wp-content\/uploads\/2019\/04\/Shiatsuverband_Logo.png","width":387,"height":130,"caption":"Shiatsu Gesellschaft Schweiz"},"image":{"@id":"https:\/\/shiatsuverband.ch\/fr\/#\/schema\/logo\/image\/"},"sameAs":["https:\/\/www.facebook.com\/shiatsugesellschaftschweiz"]}]}},"_links":{"self":[{"href":"https:\/\/shiatsuverband.ch\/fr\/wp-json\/wp\/v2\/pages\/4340","targetHints":{"allow":["GET"]}}],"collection":[{"href":"https:\/\/shiatsuverband.ch\/fr\/wp-json\/wp\/v2\/pages"}],"about":[{"href":"https:\/\/shiatsuverband.ch\/fr\/wp-json\/wp\/v2\/types\/page"}],"author":[{"embeddable":true,"href":"https:\/\/shiatsuverband.ch\/fr\/wp-json\/wp\/v2\/users\/1"}],"replies":[{"embeddable":true,"href":"https:\/\/shiatsuverband.ch\/fr\/wp-json\/wp\/v2\/comments?post=4340"}],"version-history":[{"count":7,"href":"https:\/\/shiatsuverband.ch\/fr\/wp-json\/wp\/v2\/pages\/4340\/revisions"}],"predecessor-version":[{"id":100681,"href":"https:\/\/shiatsuverband.ch\/fr\/wp-json\/wp\/v2\/pages\/4340\/revisions\/100681"}],"wp:attachment":[{"href":"https:\/\/shiatsuverband.ch\/fr\/wp-json\/wp\/v2\/media?parent=4340"}],"curies":[{"name":"wp","href":"https:\/\/api.w.org\/{rel}","templated":true}]}}