{"id":4344,"date":"2019-04-04T17:21:40","date_gmt":"2019-04-04T15:21:40","guid":{"rendered":"https:\/\/shiatsuverband.ch\/?page_id=4344"},"modified":"2024-07-08T14:17:11","modified_gmt":"2024-07-08T12:17:11","slug":"mentions-legales","status":"publish","type":"page","link":"https:\/\/shiatsuverband.ch\/fr\/mentions-legales\/","title":{"rendered":"Mentions l\u00e9gales"},"content":{"rendered":"<section  class='av_textblock_section av-10sm3-39a1751f11e16d9c7fd7ab2cdfb86809 '   itemscope=\"itemscope\" itemtype=\"https:\/\/schema.org\/CreativeWork\" ><div class='avia_textblock'  itemprop=\"text\" ><h1>Mentions l\u00e9gales<\/h1>\n<p>Op\u00e9rateur lat\u00e9rale: Association Suisse de Shiatsu<br \/>\nSi\u00e8ge: Etzelmatt 5, 5430 Wettingen<br \/>\n<a href=\"mailto:gs@shiatsuverband.ch\" target=\"_top\" rel=\"noopener noreferrer\">gs@shiatsuverband.ch<\/a><\/p>\n<h2>Copyright<\/h2>\n<p>Sauf mention contraire ci-dessous, le droit d&rsquo;auteur sur tout le contenu est d\u00e9tenu par l&rsquo;Association Suisse de Shiatsu.<\/p>\n<h2>D\u00e9veloppement web<\/h2>\n<p>Conception et mise en oeuvre: <a href=\"https:\/\/michaelh.ch\" target=\"_blank\" rel=\"noopener\">michaelH webdesign<\/a>, Michael Sutter<\/p>\n<h2>Disclaimer<\/h2>\n<p>Tous les contenus (textes, liens et images) ont \u00e9t\u00e9 soigneusement v\u00e9rifi\u00e9s et sont constamment mis \u00e0 jour. Bien que nous nous efforcions de fournir des informations exactes et compl\u00e8tes sur ce site, nous n&rsquo;assumons aucune responsabilit\u00e9, garantie ou responsabilit\u00e9 quant \u00e0 l&rsquo;exactitude, la compl\u00e9tude ou l&rsquo;actualit\u00e9 des informations fournies par le biais de ce site. Nous nous r\u00e9servons le droit de modifier les informations sur ce site \u00e0 tout moment et sans pr\u00e9avis, et nous ne contractons aucune obligation de mettre \u00e0 jour les informations qu&rsquo;il contient.<\/p>\n<p>L&rsquo;exactitude de tous les liens vers des fournisseurs externes a \u00e9t\u00e9 v\u00e9rifi\u00e9e au moment de leur inclusion, mais nous ne sommes pas responsables du contenu ni de la disponibilit\u00e9 des sites Web accessibles via des liens. Le fournisseur du site Web, auquel il est fait r\u00e9f\u00e9rence, est responsable des contenus ill\u00e9gaux, incorrects ou incomplets, et en particulier des dommages caus\u00e9s par le contenu de pages li\u00e9es. Peu importe que le dommage soit direct, indirect, financier ou autre, et qu&rsquo;il pourrait r\u00e9sulter d&rsquo;une perte de donn\u00e9es, d&rsquo;une perte d&rsquo;utilisation ou de quelque autre motif que ce soit.<\/p>\n<p>Si des r\u00e9glementations individuelles ou des formulations de cette exclusion de responsabilit\u00e9 sont ou deviennent inefficaces, les r\u00e9glementations restantes restent inchang\u00e9es dans leur contenu et leur validit\u00e9.<\/p>\n<\/div><\/section>\n","protected":false},"excerpt":{"rendered":"<p>Tous les contenus (textes, liens et images) ont \u00e9t\u00e9 soigneusement v\u00e9rifi\u00e9s et sont constamment mis \u00e0 jour. Bien que nous nous efforcions de fournir des informations exactes et compl\u00e8tes sur ce site, nous n&rsquo;assumons aucune responsabilit\u00e9, garantie ou responsabilit\u00e9 quant \u00e0 l&rsquo;exactitude, l<\/p>\n","protected":false},"author":1,"featured_media":0,"parent":0,"menu_order":0,"comment_status":"closed","ping_status":"closed","template":"","meta":{"_acf_changed":false,"_monsterinsights_skip_tracking":false,"_monsterinsights_sitenote_active":false,"_monsterinsights_sitenote_note":"","_monsterinsights_sitenote_category":0,"footnotes":""},"class_list":["post-4344","page","type-page","status-publish","hentry"],"acf":[],"yoast_head":"<!-- This site is optimized with the Yoast SEO plugin v27.3 - https:\/\/yoast.com\/product\/yoast-seo-wordpress\/ -->\n<title>Mentions l\u00e9gales - Association Suisse de Shiatsu<\/title>\n<meta name=\"description\" content=\"Tous les contenus (textes, liens et images) ont \u00e9t\u00e9 soigneusement v\u00e9rifi\u00e9s et sont constamment mis \u00e0 jour. Bien que nous nous efforcions de fournir des...\" \/>\n<meta name=\"robots\" content=\"index, follow, max-snippet:-1, max-image-preview:large, max-video-preview:-1\" \/>\n<link rel=\"canonical\" href=\"https:\/\/shiatsuverband.ch\/fr\/mentions-legales\/\" \/>\n<meta property=\"og:locale\" content=\"fr_FR\" \/>\n<meta property=\"og:type\" content=\"article\" \/>\n<meta property=\"og:title\" content=\"Mentions l\u00e9gales - Association Suisse de Shiatsu\" \/>\n<meta property=\"og:description\" content=\"Tous les contenus (textes, liens et images) ont \u00e9t\u00e9 soigneusement v\u00e9rifi\u00e9s et sont constamment mis \u00e0 jour. Bien que nous nous efforcions de fournir des...\" \/>\n<meta property=\"og:url\" content=\"https:\/\/shiatsuverband.ch\/fr\/mentions-legales\/\" \/>\n<meta property=\"og:site_name\" content=\"Shiatsu Gesellschaft Schweiz\" \/>\n<meta property=\"article:publisher\" content=\"https:\/\/www.facebook.com\/shiatsugesellschaftschweiz\" \/>\n<meta property=\"article:modified_time\" content=\"2024-07-08T12:17:11+00:00\" \/>\n<meta name=\"twitter:card\" content=\"summary_large_image\" \/>\n<meta name=\"twitter:label1\" content=\"Dur\u00e9e de lecture estim\u00e9e\" \/>\n\t<meta name=\"twitter:data1\" content=\"2 minutes\" \/>\n<script type=\"application\/ld+json\" class=\"yoast-schema-graph\">{\"@context\":\"https:\\\/\\\/schema.org\",\"@graph\":[{\"@type\":\"WebPage\",\"@id\":\"https:\\\/\\\/shiatsuverband.ch\\\/fr\\\/mentions-legales\\\/\",\"url\":\"https:\\\/\\\/shiatsuverband.ch\\\/fr\\\/mentions-legales\\\/\",\"name\":\"Mentions l\u00e9gales - Association Suisse de Shiatsu\",\"isPartOf\":{\"@id\":\"https:\\\/\\\/shiatsuverband.ch\\\/fr\\\/#website\"},\"datePublished\":\"2019-04-04T15:21:40+00:00\",\"dateModified\":\"2024-07-08T12:17:11+00:00\",\"description\":\"Tous les contenus (textes, liens et images) ont \u00e9t\u00e9 soigneusement v\u00e9rifi\u00e9s et sont constamment mis \u00e0 jour. Bien que nous nous efforcions de fournir des...\",\"breadcrumb\":{\"@id\":\"https:\\\/\\\/shiatsuverband.ch\\\/fr\\\/mentions-legales\\\/#breadcrumb\"},\"inLanguage\":\"fr-FR\",\"potentialAction\":[{\"@type\":\"ReadAction\",\"target\":[\"https:\\\/\\\/shiatsuverband.ch\\\/fr\\\/mentions-legales\\\/\"]}]},{\"@type\":\"BreadcrumbList\",\"@id\":\"https:\\\/\\\/shiatsuverband.ch\\\/fr\\\/mentions-legales\\\/#breadcrumb\",\"itemListElement\":[{\"@type\":\"ListItem\",\"position\":1,\"name\":\"Startseite\",\"item\":\"https:\\\/\\\/shiatsuverband.ch\\\/fr\\\/le-shiatsu-une-methode-de-la-therapie-complementaire\\\/\"},{\"@type\":\"ListItem\",\"position\":2,\"name\":\"Mentions l\u00e9gales\"}]},{\"@type\":\"WebSite\",\"@id\":\"https:\\\/\\\/shiatsuverband.ch\\\/fr\\\/#website\",\"url\":\"https:\\\/\\\/shiatsuverband.ch\\\/fr\\\/\",\"name\":\"Shiatsu Gesellschaft Schweiz\",\"description\":\"Shiatsu, eine Methode der Komplement\u00e4rTherapie\",\"publisher\":{\"@id\":\"https:\\\/\\\/shiatsuverband.ch\\\/fr\\\/#organization\"},\"potentialAction\":[{\"@type\":\"SearchAction\",\"target\":{\"@type\":\"EntryPoint\",\"urlTemplate\":\"https:\\\/\\\/shiatsuverband.ch\\\/fr\\\/?s={search_term_string}\"},\"query-input\":{\"@type\":\"PropertyValueSpecification\",\"valueRequired\":true,\"valueName\":\"search_term_string\"}}],\"inLanguage\":\"fr-FR\"},{\"@type\":\"Organization\",\"@id\":\"https:\\\/\\\/shiatsuverband.ch\\\/fr\\\/#organization\",\"name\":\"Shiatsu Gesellschaft Schweiz\",\"url\":\"https:\\\/\\\/shiatsuverband.ch\\\/fr\\\/\",\"logo\":{\"@type\":\"ImageObject\",\"inLanguage\":\"fr-FR\",\"@id\":\"https:\\\/\\\/shiatsuverband.ch\\\/fr\\\/#\\\/schema\\\/logo\\\/image\\\/\",\"url\":\"https:\\\/\\\/shiatsuverband.ch\\\/wp-content\\\/uploads\\\/2019\\\/04\\\/Shiatsuverband_Logo.png\",\"contentUrl\":\"https:\\\/\\\/shiatsuverband.ch\\\/wp-content\\\/uploads\\\/2019\\\/04\\\/Shiatsuverband_Logo.png\",\"width\":387,\"height\":130,\"caption\":\"Shiatsu Gesellschaft Schweiz\"},\"image\":{\"@id\":\"https:\\\/\\\/shiatsuverband.ch\\\/fr\\\/#\\\/schema\\\/logo\\\/image\\\/\"},\"sameAs\":[\"https:\\\/\\\/www.facebook.com\\\/shiatsugesellschaftschweiz\"]}]}<\/script>\n<!-- \/ Yoast SEO plugin. -->","yoast_head_json":{"title":"Mentions l\u00e9gales - Association Suisse de Shiatsu","description":"Tous les contenus (textes, liens et images) ont \u00e9t\u00e9 soigneusement v\u00e9rifi\u00e9s et sont constamment mis \u00e0 jour. Bien que nous nous efforcions de fournir des...","robots":{"index":"index","follow":"follow","max-snippet":"max-snippet:-1","max-image-preview":"max-image-preview:large","max-video-preview":"max-video-preview:-1"},"canonical":"https:\/\/shiatsuverband.ch\/fr\/mentions-legales\/","og_locale":"fr_FR","og_type":"article","og_title":"Mentions l\u00e9gales - Association Suisse de Shiatsu","og_description":"Tous les contenus (textes, liens et images) ont \u00e9t\u00e9 soigneusement v\u00e9rifi\u00e9s et sont constamment mis \u00e0 jour. Bien que nous nous efforcions de fournir des...","og_url":"https:\/\/shiatsuverband.ch\/fr\/mentions-legales\/","og_site_name":"Shiatsu Gesellschaft Schweiz","article_publisher":"https:\/\/www.facebook.com\/shiatsugesellschaftschweiz","article_modified_time":"2024-07-08T12:17:11+00:00","twitter_card":"summary_large_image","twitter_misc":{"Dur\u00e9e de lecture estim\u00e9e":"2 minutes"},"schema":{"@context":"https:\/\/schema.org","@graph":[{"@type":"WebPage","@id":"https:\/\/shiatsuverband.ch\/fr\/mentions-legales\/","url":"https:\/\/shiatsuverband.ch\/fr\/mentions-legales\/","name":"Mentions l\u00e9gales - Association Suisse de Shiatsu","isPartOf":{"@id":"https:\/\/shiatsuverband.ch\/fr\/#website"},"datePublished":"2019-04-04T15:21:40+00:00","dateModified":"2024-07-08T12:17:11+00:00","description":"Tous les contenus (textes, liens et images) ont \u00e9t\u00e9 soigneusement v\u00e9rifi\u00e9s et sont constamment mis \u00e0 jour. Bien que nous nous efforcions de fournir des...","breadcrumb":{"@id":"https:\/\/shiatsuverband.ch\/fr\/mentions-legales\/#breadcrumb"},"inLanguage":"fr-FR","potentialAction":[{"@type":"ReadAction","target":["https:\/\/shiatsuverband.ch\/fr\/mentions-legales\/"]}]},{"@type":"BreadcrumbList","@id":"https:\/\/shiatsuverband.ch\/fr\/mentions-legales\/#breadcrumb","itemListElement":[{"@type":"ListItem","position":1,"name":"Startseite","item":"https:\/\/shiatsuverband.ch\/fr\/le-shiatsu-une-methode-de-la-therapie-complementaire\/"},{"@type":"ListItem","position":2,"name":"Mentions l\u00e9gales"}]},{"@type":"WebSite","@id":"https:\/\/shiatsuverband.ch\/fr\/#website","url":"https:\/\/shiatsuverband.ch\/fr\/","name":"Shiatsu Gesellschaft Schweiz","description":"Shiatsu, eine Methode der Komplement\u00e4rTherapie","publisher":{"@id":"https:\/\/shiatsuverband.ch\/fr\/#organization"},"potentialAction":[{"@type":"SearchAction","target":{"@type":"EntryPoint","urlTemplate":"https:\/\/shiatsuverband.ch\/fr\/?s={search_term_string}"},"query-input":{"@type":"PropertyValueSpecification","valueRequired":true,"valueName":"search_term_string"}}],"inLanguage":"fr-FR"},{"@type":"Organization","@id":"https:\/\/shiatsuverband.ch\/fr\/#organization","name":"Shiatsu Gesellschaft Schweiz","url":"https:\/\/shiatsuverband.ch\/fr\/","logo":{"@type":"ImageObject","inLanguage":"fr-FR","@id":"https:\/\/shiatsuverband.ch\/fr\/#\/schema\/logo\/image\/","url":"https:\/\/shiatsuverband.ch\/wp-content\/uploads\/2019\/04\/Shiatsuverband_Logo.png","contentUrl":"https:\/\/shiatsuverband.ch\/wp-content\/uploads\/2019\/04\/Shiatsuverband_Logo.png","width":387,"height":130,"caption":"Shiatsu Gesellschaft Schweiz"},"image":{"@id":"https:\/\/shiatsuverband.ch\/fr\/#\/schema\/logo\/image\/"},"sameAs":["https:\/\/www.facebook.com\/shiatsugesellschaftschweiz"]}]}},"_links":{"self":[{"href":"https:\/\/shiatsuverband.ch\/fr\/wp-json\/wp\/v2\/pages\/4344","targetHints":{"allow":["GET"]}}],"collection":[{"href":"https:\/\/shiatsuverband.ch\/fr\/wp-json\/wp\/v2\/pages"}],"about":[{"href":"https:\/\/shiatsuverband.ch\/fr\/wp-json\/wp\/v2\/types\/page"}],"author":[{"embeddable":true,"href":"https:\/\/shiatsuverband.ch\/fr\/wp-json\/wp\/v2\/users\/1"}],"replies":[{"embeddable":true,"href":"https:\/\/shiatsuverband.ch\/fr\/wp-json\/wp\/v2\/comments?post=4344"}],"version-history":[{"count":9,"href":"https:\/\/shiatsuverband.ch\/fr\/wp-json\/wp\/v2\/pages\/4344\/revisions"}],"predecessor-version":[{"id":100563,"href":"https:\/\/shiatsuverband.ch\/fr\/wp-json\/wp\/v2\/pages\/4344\/revisions\/100563"}],"wp:attachment":[{"href":"https:\/\/shiatsuverband.ch\/fr\/wp-json\/wp\/v2\/media?parent=4344"}],"curies":[{"name":"wp","href":"https:\/\/api.w.org\/{rel}","templated":true}]}}