{"id":4356,"date":"2019-04-04T17:32:53","date_gmt":"2019-04-04T15:32:53","guid":{"rendered":"https:\/\/shiatsuverband.ch\/?page_id=4356"},"modified":"2023-04-04T12:37:09","modified_gmt":"2023-04-04T10:37:09","slug":"therapie-complementaire","status":"publish","type":"page","link":"https:\/\/shiatsuverband.ch\/fr\/le-shiatsu-therapeutique\/therapie-complementaire\/","title":{"rendered":"Th\u00e9rapie Compl\u00e9mentaire"},"content":{"rendered":"\n<style type=\"text\/css\" data-created_by=\"avia_inline_auto\" id=\"style-css-av-ju2mzmun-73d0c82e80a949a4b9776cdcf6064a01\">\n.avia-section.av-ju2mzmun-73d0c82e80a949a4b9776cdcf6064a01{\nbackground-repeat:no-repeat;\nbackground-image:url(https:\/\/shiatsuverband.ch\/wp-content\/uploads\/2019\/05\/Banner-4.jpg);\nbackground-position:50% 50%;\nbackground-attachment:scroll;\n}\n<\/style>\n<div id='av_section_1'  class='avia-section av-ju2mzmun-73d0c82e80a949a4b9776cdcf6064a01 main_color avia-section-no-padding avia-no-border-styling  avia-builder-el-0  el_before_av_section  avia-builder-el-first  margin-top-color-section av-small-hide av-mini-hide avia-full-stretch avia-bg-style-scroll av-minimum-height av-minimum-height-custom av-height-custom  container_wrap fullsize'  data-section-bg-repeat='stretch' data-av_minimum_height_px='440'><div class='container av-section-cont-open' style='height:440px'><main  role=\"main\" itemprop=\"mainContentOfPage\"  class='template-page content  av-content-full alpha units'><div class='post-entry post-entry-type-page post-entry-4356'><div class='entry-content-wrapper clearfix'>\n<\/div><\/div><\/main><!-- close content main element --><\/div><\/div>\n<style type=\"text\/css\" data-created_by=\"avia_inline_auto\" id=\"style-css-av-juldoq0r-316b58829bbb42d721a7df903d8f03eb\">\n.avia-section.av-juldoq0r-316b58829bbb42d721a7df903d8f03eb{\nbackground-color:#009ed0;\nbackground-image:unset;\n}\n<\/style>\n<div id='av_section_2'  class='avia-section av-juldoq0r-316b58829bbb42d721a7df903d8f03eb main_color avia-section-no-padding avia-no-border-styling  avia-builder-el-1  el_after_av_section  el_before_av_textblock  color-section-title avia-bg-style-scroll container_wrap fullsize'  ><div class='container av-section-cont-open' ><div class='template-page content  av-content-full alpha units'><div class='post-entry post-entry-type-page post-entry-4356'><div class='entry-content-wrapper clearfix'>\n\n<style type=\"text\/css\" data-created_by=\"avia_inline_auto\" id=\"style-css-av-juldp5op-eb15166013101c8b5ba3d36b4655d3c0\">\n#top .hr.hr-invisible.av-juldp5op-eb15166013101c8b5ba3d36b4655d3c0{\nheight:40px;\n}\n<\/style>\n<div  class='hr av-juldp5op-eb15166013101c8b5ba3d36b4655d3c0 hr-invisible  avia-builder-el-2  el_before_av_textblock  avia-builder-el-first '><span class='hr-inner '><span class=\"hr-inner-style\"><\/span><\/span><\/div>\n<section  class='av_textblock_section av-juldpd9d-719add2b8f72bc6d5defbc66028d63ff '   itemscope=\"itemscope\" itemtype=\"https:\/\/schema.org\/CreativeWork\" ><div class='avia_textblock'  itemprop=\"text\" ><h1 class=\"h1-white\">Th\u00e9rapie Compl\u00e9mentaire<\/h1>\n<\/div><\/section>\n<\/div><\/div><\/div><!-- close content main div --><\/div><\/div><div id='after_section_2'  class='main_color av_default_container_wrap container_wrap fullsize'  ><div class='container av-section-cont-open' ><div class='template-page content  av-content-full alpha units'><div class='post-entry post-entry-type-page post-entry-4356'><div class='entry-content-wrapper clearfix'>\n<section  class='av_textblock_section av-rpmq-3bc5dbb449385da61f3feb7bf865fdc6 '   itemscope=\"itemscope\" itemtype=\"https:\/\/schema.org\/CreativeWork\" ><div class='avia_textblock'  itemprop=\"text\" ><p>Le Shiatsu est une <a href=\"https:\/\/www.oda-kt.ch\/fr\/methodes-tc\/methodes\" target=\"_blank\" rel=\"noopener\">m\u00e9thode reconnue de la th\u00e9rapie compl\u00e9mentaire<\/a> depuis 2015. Les th\u00e9rapeutes de Shiatsu peuvent donc se pr\u00e9senter \u00e0 l\u2019examen professionnel sup\u00e9rieur en th\u00e9rapie compl\u00e9mentaire et obtenir un dipl\u00f4me f\u00e9d\u00e9ral reconnu.<\/p>\n<p>Le Shiatsu est une m\u00e9thode th\u00e9rapeutique compl\u00e9mentaire qui agit sur le corps, l\u2019\u00e2me et l\u2019esprit et place le r\u00e9tablissement global de l\u2019\u00eatre humain au c\u0153ur de la d\u00e9marche. Un traitement de Shiatsu engendre des processus salutaires et durables. Son objectif est d\u2019identifier les ressources de la personne, de les fortifier et d\u2019int\u00e9grer l\u2019exp\u00e9rience du traitement au quotidien.<\/p>\n<p>Le Shiatsu aide \u00e0 soulager des troubles, \u00e0 am\u00e9liorer le bien-\u00eatre de fa\u00e7on durable et \u00e0 augmenter la prise de conscience de soi.<\/p>\n<p>Vous pouvez en savoir plus sur la m\u00e9thode Shiatsu <a href=\"https:\/\/shiatsuverband.ch\/fr\/le-shiatsu-therapeutique\/methode-shiatsu\/\" target=\"_blank\" rel=\"noopener\">ici<\/a>.<\/p>\n<p><a href=\"https:\/\/www.xn--komplementr-therapie-kzb.ch\/fr\/tc-en-bref\/#!fancybox\/be6d1c7d\" target=\"_blank\" rel=\"noopener\">Voici<\/a> une brochure succincte qui r\u00e9sume les informations les plus importantes sur la th\u00e9rapie compl\u00e9mentaire.<\/p>\n<\/div><\/section>\n","protected":false},"excerpt":{"rendered":"<p>Le Shiatsu est une m\u00e9thode reconnue de la th\u00e9rapie compl\u00e9mentaire. Les th\u00e9rapeutes de Shiatsu peuvent donc se pr\u00e9senter \u00e0 l\u2019examen professionnel sup\u00e9rieur en th\u00e9rapie compl\u00e9mentaire et obtenir un dipl\u00f4me f\u00e9d\u00e9ral reconnu.<\/p>\n","protected":false},"author":1,"featured_media":0,"parent":4353,"menu_order":0,"comment_status":"closed","ping_status":"closed","template":"","meta":{"_acf_changed":false,"_monsterinsights_skip_tracking":false,"_monsterinsights_sitenote_active":false,"_monsterinsights_sitenote_note":"","_monsterinsights_sitenote_category":0,"footnotes":""},"class_list":["post-4356","page","type-page","status-publish","hentry"],"acf":[],"yoast_head":"<!-- This site is optimized with the Yoast SEO plugin v27.4 - https:\/\/yoast.com\/product\/yoast-seo-wordpress\/ -->\n<title>Th\u00e9rapie Compl\u00e9mentaire - Association Suisse de Shiatsu<\/title>\n<meta name=\"description\" content=\"Le Shiatsu est une m\u00e9thode reconnue de la th\u00e9rapie compl\u00e9mentaire. Les th\u00e9rapeutes de Shiatsu peuvent donc se pr\u00e9senter \u00e0 l\u2019examen...\" \/>\n<meta name=\"robots\" content=\"index, follow, max-snippet:-1, max-image-preview:large, max-video-preview:-1\" \/>\n<link rel=\"canonical\" href=\"https:\/\/shiatsuverband.ch\/fr\/le-shiatsu-therapeutique\/therapie-complementaire\/\" \/>\n<meta property=\"og:locale\" content=\"fr_FR\" \/>\n<meta property=\"og:type\" content=\"article\" \/>\n<meta property=\"og:title\" content=\"Th\u00e9rapie Compl\u00e9mentaire - Association Suisse de Shiatsu\" \/>\n<meta property=\"og:description\" content=\"Le Shiatsu est une m\u00e9thode reconnue de la th\u00e9rapie compl\u00e9mentaire. Les th\u00e9rapeutes de Shiatsu peuvent donc se pr\u00e9senter \u00e0 l\u2019examen...\" \/>\n<meta property=\"og:url\" content=\"https:\/\/shiatsuverband.ch\/fr\/le-shiatsu-therapeutique\/therapie-complementaire\/\" \/>\n<meta property=\"og:site_name\" content=\"Shiatsu Gesellschaft Schweiz\" \/>\n<meta property=\"article:publisher\" content=\"https:\/\/www.facebook.com\/shiatsugesellschaftschweiz\" \/>\n<meta property=\"article:modified_time\" content=\"2023-04-04T10:37:09+00:00\" \/>\n<meta name=\"twitter:card\" content=\"summary_large_image\" \/>\n<meta name=\"twitter:label1\" content=\"Dur\u00e9e de lecture estim\u00e9e\" \/>\n\t<meta name=\"twitter:data1\" content=\"2 minutes\" \/>\n<script type=\"application\/ld+json\" class=\"yoast-schema-graph\">{\"@context\":\"https:\\\/\\\/schema.org\",\"@graph\":[{\"@type\":\"WebPage\",\"@id\":\"https:\\\/\\\/shiatsuverband.ch\\\/fr\\\/le-shiatsu-therapeutique\\\/therapie-complementaire\\\/\",\"url\":\"https:\\\/\\\/shiatsuverband.ch\\\/fr\\\/le-shiatsu-therapeutique\\\/therapie-complementaire\\\/\",\"name\":\"Th\u00e9rapie Compl\u00e9mentaire - Association Suisse de Shiatsu\",\"isPartOf\":{\"@id\":\"https:\\\/\\\/shiatsuverband.ch\\\/fr\\\/#website\"},\"datePublished\":\"2019-04-04T15:32:53+00:00\",\"dateModified\":\"2023-04-04T10:37:09+00:00\",\"description\":\"Le Shiatsu est une m\u00e9thode reconnue de la th\u00e9rapie compl\u00e9mentaire. Les th\u00e9rapeutes de Shiatsu peuvent donc se pr\u00e9senter \u00e0 l\u2019examen...\",\"breadcrumb\":{\"@id\":\"https:\\\/\\\/shiatsuverband.ch\\\/fr\\\/le-shiatsu-therapeutique\\\/therapie-complementaire\\\/#breadcrumb\"},\"inLanguage\":\"fr-FR\",\"potentialAction\":[{\"@type\":\"ReadAction\",\"target\":[\"https:\\\/\\\/shiatsuverband.ch\\\/fr\\\/le-shiatsu-therapeutique\\\/therapie-complementaire\\\/\"]}]},{\"@type\":\"BreadcrumbList\",\"@id\":\"https:\\\/\\\/shiatsuverband.ch\\\/fr\\\/le-shiatsu-therapeutique\\\/therapie-complementaire\\\/#breadcrumb\",\"itemListElement\":[{\"@type\":\"ListItem\",\"position\":1,\"name\":\"Startseite\",\"item\":\"https:\\\/\\\/shiatsuverband.ch\\\/fr\\\/le-shiatsu-une-methode-de-la-therapie-complementaire\\\/\"},{\"@type\":\"ListItem\",\"position\":2,\"name\":\"Th\u00e9rapie\",\"item\":\"https:\\\/\\\/shiatsuverband.ch\\\/fr\\\/le-shiatsu-therapeutique\\\/\"},{\"@type\":\"ListItem\",\"position\":3,\"name\":\"Th\u00e9rapie Compl\u00e9mentaire\"}]},{\"@type\":\"WebSite\",\"@id\":\"https:\\\/\\\/shiatsuverband.ch\\\/fr\\\/#website\",\"url\":\"https:\\\/\\\/shiatsuverband.ch\\\/fr\\\/\",\"name\":\"Shiatsu Gesellschaft Schweiz\",\"description\":\"Shiatsu, eine Methode der Komplement\u00e4rTherapie\",\"publisher\":{\"@id\":\"https:\\\/\\\/shiatsuverband.ch\\\/fr\\\/#organization\"},\"potentialAction\":[{\"@type\":\"SearchAction\",\"target\":{\"@type\":\"EntryPoint\",\"urlTemplate\":\"https:\\\/\\\/shiatsuverband.ch\\\/fr\\\/?s={search_term_string}\"},\"query-input\":{\"@type\":\"PropertyValueSpecification\",\"valueRequired\":true,\"valueName\":\"search_term_string\"}}],\"inLanguage\":\"fr-FR\"},{\"@type\":\"Organization\",\"@id\":\"https:\\\/\\\/shiatsuverband.ch\\\/fr\\\/#organization\",\"name\":\"Shiatsu Gesellschaft Schweiz\",\"url\":\"https:\\\/\\\/shiatsuverband.ch\\\/fr\\\/\",\"logo\":{\"@type\":\"ImageObject\",\"inLanguage\":\"fr-FR\",\"@id\":\"https:\\\/\\\/shiatsuverband.ch\\\/fr\\\/#\\\/schema\\\/logo\\\/image\\\/\",\"url\":\"https:\\\/\\\/shiatsuverband.ch\\\/wp-content\\\/uploads\\\/2019\\\/04\\\/Shiatsuverband_Logo.png\",\"contentUrl\":\"https:\\\/\\\/shiatsuverband.ch\\\/wp-content\\\/uploads\\\/2019\\\/04\\\/Shiatsuverband_Logo.png\",\"width\":387,\"height\":130,\"caption\":\"Shiatsu Gesellschaft Schweiz\"},\"image\":{\"@id\":\"https:\\\/\\\/shiatsuverband.ch\\\/fr\\\/#\\\/schema\\\/logo\\\/image\\\/\"},\"sameAs\":[\"https:\\\/\\\/www.facebook.com\\\/shiatsugesellschaftschweiz\"]}]}<\/script>\n<!-- \/ Yoast SEO plugin. -->","yoast_head_json":{"title":"Th\u00e9rapie Compl\u00e9mentaire - Association Suisse de Shiatsu","description":"Le Shiatsu est une m\u00e9thode reconnue de la th\u00e9rapie compl\u00e9mentaire. Les th\u00e9rapeutes de Shiatsu peuvent donc se pr\u00e9senter \u00e0 l\u2019examen...","robots":{"index":"index","follow":"follow","max-snippet":"max-snippet:-1","max-image-preview":"max-image-preview:large","max-video-preview":"max-video-preview:-1"},"canonical":"https:\/\/shiatsuverband.ch\/fr\/le-shiatsu-therapeutique\/therapie-complementaire\/","og_locale":"fr_FR","og_type":"article","og_title":"Th\u00e9rapie Compl\u00e9mentaire - Association Suisse de Shiatsu","og_description":"Le Shiatsu est une m\u00e9thode reconnue de la th\u00e9rapie compl\u00e9mentaire. Les th\u00e9rapeutes de Shiatsu peuvent donc se pr\u00e9senter \u00e0 l\u2019examen...","og_url":"https:\/\/shiatsuverband.ch\/fr\/le-shiatsu-therapeutique\/therapie-complementaire\/","og_site_name":"Shiatsu Gesellschaft Schweiz","article_publisher":"https:\/\/www.facebook.com\/shiatsugesellschaftschweiz","article_modified_time":"2023-04-04T10:37:09+00:00","twitter_card":"summary_large_image","twitter_misc":{"Dur\u00e9e de lecture estim\u00e9e":"2 minutes"},"schema":{"@context":"https:\/\/schema.org","@graph":[{"@type":"WebPage","@id":"https:\/\/shiatsuverband.ch\/fr\/le-shiatsu-therapeutique\/therapie-complementaire\/","url":"https:\/\/shiatsuverband.ch\/fr\/le-shiatsu-therapeutique\/therapie-complementaire\/","name":"Th\u00e9rapie Compl\u00e9mentaire - Association Suisse de Shiatsu","isPartOf":{"@id":"https:\/\/shiatsuverband.ch\/fr\/#website"},"datePublished":"2019-04-04T15:32:53+00:00","dateModified":"2023-04-04T10:37:09+00:00","description":"Le Shiatsu est une m\u00e9thode reconnue de la th\u00e9rapie compl\u00e9mentaire. Les th\u00e9rapeutes de Shiatsu peuvent donc se pr\u00e9senter \u00e0 l\u2019examen...","breadcrumb":{"@id":"https:\/\/shiatsuverband.ch\/fr\/le-shiatsu-therapeutique\/therapie-complementaire\/#breadcrumb"},"inLanguage":"fr-FR","potentialAction":[{"@type":"ReadAction","target":["https:\/\/shiatsuverband.ch\/fr\/le-shiatsu-therapeutique\/therapie-complementaire\/"]}]},{"@type":"BreadcrumbList","@id":"https:\/\/shiatsuverband.ch\/fr\/le-shiatsu-therapeutique\/therapie-complementaire\/#breadcrumb","itemListElement":[{"@type":"ListItem","position":1,"name":"Startseite","item":"https:\/\/shiatsuverband.ch\/fr\/le-shiatsu-une-methode-de-la-therapie-complementaire\/"},{"@type":"ListItem","position":2,"name":"Th\u00e9rapie","item":"https:\/\/shiatsuverband.ch\/fr\/le-shiatsu-therapeutique\/"},{"@type":"ListItem","position":3,"name":"Th\u00e9rapie Compl\u00e9mentaire"}]},{"@type":"WebSite","@id":"https:\/\/shiatsuverband.ch\/fr\/#website","url":"https:\/\/shiatsuverband.ch\/fr\/","name":"Shiatsu Gesellschaft Schweiz","description":"Shiatsu, eine Methode der Komplement\u00e4rTherapie","publisher":{"@id":"https:\/\/shiatsuverband.ch\/fr\/#organization"},"potentialAction":[{"@type":"SearchAction","target":{"@type":"EntryPoint","urlTemplate":"https:\/\/shiatsuverband.ch\/fr\/?s={search_term_string}"},"query-input":{"@type":"PropertyValueSpecification","valueRequired":true,"valueName":"search_term_string"}}],"inLanguage":"fr-FR"},{"@type":"Organization","@id":"https:\/\/shiatsuverband.ch\/fr\/#organization","name":"Shiatsu Gesellschaft Schweiz","url":"https:\/\/shiatsuverband.ch\/fr\/","logo":{"@type":"ImageObject","inLanguage":"fr-FR","@id":"https:\/\/shiatsuverband.ch\/fr\/#\/schema\/logo\/image\/","url":"https:\/\/shiatsuverband.ch\/wp-content\/uploads\/2019\/04\/Shiatsuverband_Logo.png","contentUrl":"https:\/\/shiatsuverband.ch\/wp-content\/uploads\/2019\/04\/Shiatsuverband_Logo.png","width":387,"height":130,"caption":"Shiatsu Gesellschaft Schweiz"},"image":{"@id":"https:\/\/shiatsuverband.ch\/fr\/#\/schema\/logo\/image\/"},"sameAs":["https:\/\/www.facebook.com\/shiatsugesellschaftschweiz"]}]}},"_links":{"self":[{"href":"https:\/\/shiatsuverband.ch\/fr\/wp-json\/wp\/v2\/pages\/4356","targetHints":{"allow":["GET"]}}],"collection":[{"href":"https:\/\/shiatsuverband.ch\/fr\/wp-json\/wp\/v2\/pages"}],"about":[{"href":"https:\/\/shiatsuverband.ch\/fr\/wp-json\/wp\/v2\/types\/page"}],"author":[{"embeddable":true,"href":"https:\/\/shiatsuverband.ch\/fr\/wp-json\/wp\/v2\/users\/1"}],"replies":[{"embeddable":true,"href":"https:\/\/shiatsuverband.ch\/fr\/wp-json\/wp\/v2\/comments?post=4356"}],"version-history":[{"count":13,"href":"https:\/\/shiatsuverband.ch\/fr\/wp-json\/wp\/v2\/pages\/4356\/revisions"}],"predecessor-version":[{"id":79890,"href":"https:\/\/shiatsuverband.ch\/fr\/wp-json\/wp\/v2\/pages\/4356\/revisions\/79890"}],"up":[{"embeddable":true,"href":"https:\/\/shiatsuverband.ch\/fr\/wp-json\/wp\/v2\/pages\/4353"}],"wp:attachment":[{"href":"https:\/\/shiatsuverband.ch\/fr\/wp-json\/wp\/v2\/media?parent=4356"}],"curies":[{"name":"wp","href":"https:\/\/api.w.org\/{rel}","templated":true}]}}