{"id":4380,"date":"2019-04-04T18:02:49","date_gmt":"2019-04-04T16:02:49","guid":{"rendered":"https:\/\/shiatsuverband.ch\/?page_id=4380"},"modified":"2025-05-05T18:49:47","modified_gmt":"2025-05-05T16:49:47","slug":"assurance-qualite","status":"publish","type":"page","link":"https:\/\/shiatsuverband.ch\/fr\/le-shiatsu-therapeutique\/assurance-qualite\/","title":{"rendered":"Assurance qualit\u00e9"},"content":{"rendered":"\n<style type=\"text\/css\" data-created_by=\"avia_inline_auto\" id=\"style-css-av-ju2n9p7j-a894dffffedb2f581a8bdc32c65c91a7\">\n.avia-section.av-ju2n9p7j-a894dffffedb2f581a8bdc32c65c91a7{\nbackground-repeat:no-repeat;\nbackground-image:url(https:\/\/shiatsuverband.ch\/wp-content\/uploads\/2019\/05\/Banner-1.jpg);\nbackground-position:50% 50%;\nbackground-attachment:scroll;\n}\n<\/style>\n<div id='av_section_1'  class='avia-section av-ju2n9p7j-a894dffffedb2f581a8bdc32c65c91a7 main_color avia-section-no-padding avia-no-border-styling  avia-builder-el-0  el_before_av_section  avia-builder-el-first  margin-top-color-section av-small-hide av-mini-hide avia-full-stretch avia-bg-style-scroll av-minimum-height av-minimum-height-custom av-height-custom  container_wrap fullsize'  data-section-bg-repeat='stretch' data-av_minimum_height_px='440'><div class='container av-section-cont-open' style='height:440px'><main  role=\"main\" itemprop=\"mainContentOfPage\"  class='template-page content  av-content-full alpha units'><div class='post-entry post-entry-type-page post-entry-4380'><div class='entry-content-wrapper clearfix'>\n<\/div><\/div><\/main><!-- close content main element --><\/div><\/div>\n<style type=\"text\/css\" data-created_by=\"avia_inline_auto\" id=\"style-css-av-juldoq0r-316b58829bbb42d721a7df903d8f03eb\">\n.avia-section.av-juldoq0r-316b58829bbb42d721a7df903d8f03eb{\nbackground-color:#009ed0;\nbackground-image:unset;\n}\n<\/style>\n<div id='av_section_2'  class='avia-section av-juldoq0r-316b58829bbb42d721a7df903d8f03eb main_color avia-section-no-padding avia-no-border-styling  avia-builder-el-1  el_after_av_section  el_before_av_textblock  color-section-title avia-bg-style-scroll container_wrap fullsize'  ><div class='container av-section-cont-open' ><div class='template-page content  av-content-full alpha units'><div class='post-entry post-entry-type-page post-entry-4380'><div class='entry-content-wrapper clearfix'>\n\n<style type=\"text\/css\" data-created_by=\"avia_inline_auto\" id=\"style-css-av-juldp5op-eb15166013101c8b5ba3d36b4655d3c0\">\n#top .hr.hr-invisible.av-juldp5op-eb15166013101c8b5ba3d36b4655d3c0{\nheight:40px;\n}\n<\/style>\n<div  class='hr av-juldp5op-eb15166013101c8b5ba3d36b4655d3c0 hr-invisible  avia-builder-el-2  el_before_av_textblock  avia-builder-el-first '><span class='hr-inner '><span class=\"hr-inner-style\"><\/span><\/span><\/div>\n<section  class='av_textblock_section av-juldpd9d-4529c1969fcd9350d79dd2db67153bc0 '   itemscope=\"itemscope\" itemtype=\"https:\/\/schema.org\/CreativeWork\" ><div class='avia_textblock'  itemprop=\"text\" ><h1 class=\"h1-white\">Assurance qualit\u00e9<\/h1>\n<\/div><\/section>\n<\/div><\/div><\/div><!-- close content main div --><\/div><\/div><div id='after_section_2'  class='main_color av_default_container_wrap container_wrap fullsize'  ><div class='container av-section-cont-open' ><div class='template-page content  av-content-full alpha units'><div class='post-entry post-entry-type-page post-entry-4380'><div class='entry-content-wrapper clearfix'>\n<section  class='av_textblock_section av-41uw-cf00a92c4043ec586601ab0bb2f413e4 '   itemscope=\"itemscope\" itemtype=\"https:\/\/schema.org\/CreativeWork\" ><div class='avia_textblock'  itemprop=\"text\" ><p>Les membres de l&rsquo;Association Suisse de Shiatsu ont suivi une formation reconnue d&rsquo;au moins trois ans et s&rsquo;engagent \u00e0 suivre des formations continues. Dans les cantons qui le prescrivent, ils disposent d&rsquo;une autorisation de pratiquer valable.<\/p>\n<p>Dans leur activit\u00e9 professionnelle, les membres de l&rsquo;Association Suisse de Shiatsu s\u2019engagent \u00e0 respecter le <a href=\"https:\/\/shiatsuverband.ch\/wp-content\/uploads\/2025\/05\/3-1-Ethikcodex_FR_20250412.pdf\">Code d\u00e9ontologique<\/a>. La nature unique de chaque personne et celle de la vie sont au centre de leurs pr\u00e9occupations. Les th\u00e9rapeutes respectent la personnalit\u00e9 et les valeurs de leurs client-e-s. Ils prennent en compte leurs besoins et traitent les informations de mani\u00e8re confidentielle.<\/p>\n<p>Les th\u00e9rapeutes d\u00e9finissent ensemble avec leurs client-e-s les objectifs de la th\u00e9rapie. Ces objectifs font l&rsquo;objet d&rsquo;un examen r\u00e9gulier lors de l&rsquo;entretien et peuvent \u00eatre reformul\u00e9s si n\u00e9cessaire. De m\u00eame, le suivi th\u00e9rapeutique fait l&rsquo;objet d&rsquo;une documentation continuelle de la part des th\u00e9rapeutes. C&rsquo;est sur ces bases qu&rsquo;ils d\u00e9finissent ensemble avec leurs client-e-s les \u00e9tapes suivantes de la th\u00e9rapie.<\/p>\n<p>S&rsquo;il existe des doutes sur le fait qu&rsquo;un membre de l&rsquo;ASS ait manqu\u00e9 aux directives \u00e9thiques de l&rsquo;association professionnelle, la commission d&rsquo;\u00e9thique est charg\u00e9e de clarifier la situation en cas de plainte. Si un comportement inad\u00e9quat est constat\u00e9, des sanctions peuvent \u00eatre prononc\u00e9es.<\/p>\n<p>Si vous \u00eates vous-m\u00eame concern\u00e9-e par un \u00e9ventuel non-respect du Code d\u00e9ontologique de l&rsquo;ASS ou si vous avez des questions concernant la qualit\u00e9 de l&rsquo;accompagnement th\u00e9rapeutique et le respect des limites personnelles, veuillez vous adresser directement \u00e0 la <a href=\"https:\/\/shiatsuverband.ch\/fr\/commission-dethique\/\">commission d&rsquo;\u00e9thique de l&rsquo;Association Suisse de Shiatsu<\/a><\/p>\n<\/div><\/section>\n","protected":false},"excerpt":{"rendered":"","protected":false},"author":1,"featured_media":0,"parent":4353,"menu_order":0,"comment_status":"closed","ping_status":"closed","template":"","meta":{"_acf_changed":false,"_monsterinsights_skip_tracking":false,"_monsterinsights_sitenote_active":false,"_monsterinsights_sitenote_note":"","_monsterinsights_sitenote_category":0,"footnotes":""},"class_list":["post-4380","page","type-page","status-publish","hentry"],"acf":[],"yoast_head":"<!-- This site is optimized with the Yoast SEO plugin v27.4 - https:\/\/yoast.com\/product\/yoast-seo-wordpress\/ -->\n<title>Assurance qualit\u00e9 - Association Suisse de Shiatsu<\/title>\n<meta name=\"description\" content=\"Les membres de l\u2019Association Suisse de Shiatsu ont suivi une formation reconnue de trois ans au minimum et s\u2019engagent \u00e0 suivre une formation continue...\" \/>\n<meta name=\"robots\" content=\"index, follow, max-snippet:-1, max-image-preview:large, max-video-preview:-1\" \/>\n<link rel=\"canonical\" href=\"https:\/\/shiatsuverband.ch\/fr\/le-shiatsu-therapeutique\/assurance-qualite\/\" \/>\n<meta property=\"og:locale\" content=\"fr_FR\" \/>\n<meta property=\"og:type\" content=\"article\" \/>\n<meta property=\"og:title\" content=\"Assurance qualit\u00e9 - Association Suisse de Shiatsu\" \/>\n<meta property=\"og:description\" content=\"Les membres de l\u2019Association Suisse de Shiatsu ont suivi une formation reconnue de trois ans au minimum et s\u2019engagent \u00e0 suivre une formation continue...\" \/>\n<meta property=\"og:url\" content=\"https:\/\/shiatsuverband.ch\/fr\/le-shiatsu-therapeutique\/assurance-qualite\/\" \/>\n<meta property=\"og:site_name\" content=\"Shiatsu Gesellschaft Schweiz\" \/>\n<meta property=\"article:publisher\" content=\"https:\/\/www.facebook.com\/shiatsugesellschaftschweiz\" \/>\n<meta property=\"article:modified_time\" content=\"2025-05-05T16:49:47+00:00\" \/>\n<meta name=\"twitter:card\" content=\"summary_large_image\" \/>\n<meta name=\"twitter:label1\" content=\"Dur\u00e9e de lecture estim\u00e9e\" \/>\n\t<meta name=\"twitter:data1\" content=\"2 minutes\" \/>\n<script type=\"application\/ld+json\" class=\"yoast-schema-graph\">{\"@context\":\"https:\\\/\\\/schema.org\",\"@graph\":[{\"@type\":\"WebPage\",\"@id\":\"https:\\\/\\\/shiatsuverband.ch\\\/fr\\\/le-shiatsu-therapeutique\\\/assurance-qualite\\\/\",\"url\":\"https:\\\/\\\/shiatsuverband.ch\\\/fr\\\/le-shiatsu-therapeutique\\\/assurance-qualite\\\/\",\"name\":\"Assurance qualit\u00e9 - Association Suisse de Shiatsu\",\"isPartOf\":{\"@id\":\"https:\\\/\\\/shiatsuverband.ch\\\/fr\\\/#website\"},\"datePublished\":\"2019-04-04T16:02:49+00:00\",\"dateModified\":\"2025-05-05T16:49:47+00:00\",\"description\":\"Les membres de l\u2019Association Suisse de Shiatsu ont suivi une formation reconnue de trois ans au minimum et s\u2019engagent \u00e0 suivre une formation continue...\",\"breadcrumb\":{\"@id\":\"https:\\\/\\\/shiatsuverband.ch\\\/fr\\\/le-shiatsu-therapeutique\\\/assurance-qualite\\\/#breadcrumb\"},\"inLanguage\":\"fr-FR\",\"potentialAction\":[{\"@type\":\"ReadAction\",\"target\":[\"https:\\\/\\\/shiatsuverband.ch\\\/fr\\\/le-shiatsu-therapeutique\\\/assurance-qualite\\\/\"]}]},{\"@type\":\"BreadcrumbList\",\"@id\":\"https:\\\/\\\/shiatsuverband.ch\\\/fr\\\/le-shiatsu-therapeutique\\\/assurance-qualite\\\/#breadcrumb\",\"itemListElement\":[{\"@type\":\"ListItem\",\"position\":1,\"name\":\"Startseite\",\"item\":\"https:\\\/\\\/shiatsuverband.ch\\\/fr\\\/le-shiatsu-une-methode-de-la-therapie-complementaire\\\/\"},{\"@type\":\"ListItem\",\"position\":2,\"name\":\"Th\u00e9rapie\",\"item\":\"https:\\\/\\\/shiatsuverband.ch\\\/fr\\\/le-shiatsu-therapeutique\\\/\"},{\"@type\":\"ListItem\",\"position\":3,\"name\":\"Assurance qualit\u00e9\"}]},{\"@type\":\"WebSite\",\"@id\":\"https:\\\/\\\/shiatsuverband.ch\\\/fr\\\/#website\",\"url\":\"https:\\\/\\\/shiatsuverband.ch\\\/fr\\\/\",\"name\":\"Shiatsu Gesellschaft Schweiz\",\"description\":\"Shiatsu, eine Methode der Komplement\u00e4rTherapie\",\"publisher\":{\"@id\":\"https:\\\/\\\/shiatsuverband.ch\\\/fr\\\/#organization\"},\"potentialAction\":[{\"@type\":\"SearchAction\",\"target\":{\"@type\":\"EntryPoint\",\"urlTemplate\":\"https:\\\/\\\/shiatsuverband.ch\\\/fr\\\/?s={search_term_string}\"},\"query-input\":{\"@type\":\"PropertyValueSpecification\",\"valueRequired\":true,\"valueName\":\"search_term_string\"}}],\"inLanguage\":\"fr-FR\"},{\"@type\":\"Organization\",\"@id\":\"https:\\\/\\\/shiatsuverband.ch\\\/fr\\\/#organization\",\"name\":\"Shiatsu Gesellschaft Schweiz\",\"url\":\"https:\\\/\\\/shiatsuverband.ch\\\/fr\\\/\",\"logo\":{\"@type\":\"ImageObject\",\"inLanguage\":\"fr-FR\",\"@id\":\"https:\\\/\\\/shiatsuverband.ch\\\/fr\\\/#\\\/schema\\\/logo\\\/image\\\/\",\"url\":\"https:\\\/\\\/shiatsuverband.ch\\\/wp-content\\\/uploads\\\/2019\\\/04\\\/Shiatsuverband_Logo.png\",\"contentUrl\":\"https:\\\/\\\/shiatsuverband.ch\\\/wp-content\\\/uploads\\\/2019\\\/04\\\/Shiatsuverband_Logo.png\",\"width\":387,\"height\":130,\"caption\":\"Shiatsu Gesellschaft Schweiz\"},\"image\":{\"@id\":\"https:\\\/\\\/shiatsuverband.ch\\\/fr\\\/#\\\/schema\\\/logo\\\/image\\\/\"},\"sameAs\":[\"https:\\\/\\\/www.facebook.com\\\/shiatsugesellschaftschweiz\"]}]}<\/script>\n<!-- \/ Yoast SEO plugin. -->","yoast_head_json":{"title":"Assurance qualit\u00e9 - Association Suisse de Shiatsu","description":"Les membres de l\u2019Association Suisse de Shiatsu ont suivi une formation reconnue de trois ans au minimum et s\u2019engagent \u00e0 suivre une formation continue...","robots":{"index":"index","follow":"follow","max-snippet":"max-snippet:-1","max-image-preview":"max-image-preview:large","max-video-preview":"max-video-preview:-1"},"canonical":"https:\/\/shiatsuverband.ch\/fr\/le-shiatsu-therapeutique\/assurance-qualite\/","og_locale":"fr_FR","og_type":"article","og_title":"Assurance qualit\u00e9 - Association Suisse de Shiatsu","og_description":"Les membres de l\u2019Association Suisse de Shiatsu ont suivi une formation reconnue de trois ans au minimum et s\u2019engagent \u00e0 suivre une formation continue...","og_url":"https:\/\/shiatsuverband.ch\/fr\/le-shiatsu-therapeutique\/assurance-qualite\/","og_site_name":"Shiatsu Gesellschaft Schweiz","article_publisher":"https:\/\/www.facebook.com\/shiatsugesellschaftschweiz","article_modified_time":"2025-05-05T16:49:47+00:00","twitter_card":"summary_large_image","twitter_misc":{"Dur\u00e9e de lecture estim\u00e9e":"2 minutes"},"schema":{"@context":"https:\/\/schema.org","@graph":[{"@type":"WebPage","@id":"https:\/\/shiatsuverband.ch\/fr\/le-shiatsu-therapeutique\/assurance-qualite\/","url":"https:\/\/shiatsuverband.ch\/fr\/le-shiatsu-therapeutique\/assurance-qualite\/","name":"Assurance qualit\u00e9 - Association Suisse de Shiatsu","isPartOf":{"@id":"https:\/\/shiatsuverband.ch\/fr\/#website"},"datePublished":"2019-04-04T16:02:49+00:00","dateModified":"2025-05-05T16:49:47+00:00","description":"Les membres de l\u2019Association Suisse de Shiatsu ont suivi une formation reconnue de trois ans au minimum et s\u2019engagent \u00e0 suivre une formation continue...","breadcrumb":{"@id":"https:\/\/shiatsuverband.ch\/fr\/le-shiatsu-therapeutique\/assurance-qualite\/#breadcrumb"},"inLanguage":"fr-FR","potentialAction":[{"@type":"ReadAction","target":["https:\/\/shiatsuverband.ch\/fr\/le-shiatsu-therapeutique\/assurance-qualite\/"]}]},{"@type":"BreadcrumbList","@id":"https:\/\/shiatsuverband.ch\/fr\/le-shiatsu-therapeutique\/assurance-qualite\/#breadcrumb","itemListElement":[{"@type":"ListItem","position":1,"name":"Startseite","item":"https:\/\/shiatsuverband.ch\/fr\/le-shiatsu-une-methode-de-la-therapie-complementaire\/"},{"@type":"ListItem","position":2,"name":"Th\u00e9rapie","item":"https:\/\/shiatsuverband.ch\/fr\/le-shiatsu-therapeutique\/"},{"@type":"ListItem","position":3,"name":"Assurance qualit\u00e9"}]},{"@type":"WebSite","@id":"https:\/\/shiatsuverband.ch\/fr\/#website","url":"https:\/\/shiatsuverband.ch\/fr\/","name":"Shiatsu Gesellschaft Schweiz","description":"Shiatsu, eine Methode der Komplement\u00e4rTherapie","publisher":{"@id":"https:\/\/shiatsuverband.ch\/fr\/#organization"},"potentialAction":[{"@type":"SearchAction","target":{"@type":"EntryPoint","urlTemplate":"https:\/\/shiatsuverband.ch\/fr\/?s={search_term_string}"},"query-input":{"@type":"PropertyValueSpecification","valueRequired":true,"valueName":"search_term_string"}}],"inLanguage":"fr-FR"},{"@type":"Organization","@id":"https:\/\/shiatsuverband.ch\/fr\/#organization","name":"Shiatsu Gesellschaft Schweiz","url":"https:\/\/shiatsuverband.ch\/fr\/","logo":{"@type":"ImageObject","inLanguage":"fr-FR","@id":"https:\/\/shiatsuverband.ch\/fr\/#\/schema\/logo\/image\/","url":"https:\/\/shiatsuverband.ch\/wp-content\/uploads\/2019\/04\/Shiatsuverband_Logo.png","contentUrl":"https:\/\/shiatsuverband.ch\/wp-content\/uploads\/2019\/04\/Shiatsuverband_Logo.png","width":387,"height":130,"caption":"Shiatsu Gesellschaft Schweiz"},"image":{"@id":"https:\/\/shiatsuverband.ch\/fr\/#\/schema\/logo\/image\/"},"sameAs":["https:\/\/www.facebook.com\/shiatsugesellschaftschweiz"]}]}},"_links":{"self":[{"href":"https:\/\/shiatsuverband.ch\/fr\/wp-json\/wp\/v2\/pages\/4380","targetHints":{"allow":["GET"]}}],"collection":[{"href":"https:\/\/shiatsuverband.ch\/fr\/wp-json\/wp\/v2\/pages"}],"about":[{"href":"https:\/\/shiatsuverband.ch\/fr\/wp-json\/wp\/v2\/types\/page"}],"author":[{"embeddable":true,"href":"https:\/\/shiatsuverband.ch\/fr\/wp-json\/wp\/v2\/users\/1"}],"replies":[{"embeddable":true,"href":"https:\/\/shiatsuverband.ch\/fr\/wp-json\/wp\/v2\/comments?post=4380"}],"version-history":[{"count":21,"href":"https:\/\/shiatsuverband.ch\/fr\/wp-json\/wp\/v2\/pages\/4380\/revisions"}],"predecessor-version":[{"id":110519,"href":"https:\/\/shiatsuverband.ch\/fr\/wp-json\/wp\/v2\/pages\/4380\/revisions\/110519"}],"up":[{"embeddable":true,"href":"https:\/\/shiatsuverband.ch\/fr\/wp-json\/wp\/v2\/pages\/4353"}],"wp:attachment":[{"href":"https:\/\/shiatsuverband.ch\/fr\/wp-json\/wp\/v2\/media?parent=4380"}],"curies":[{"name":"wp","href":"https:\/\/api.w.org\/{rel}","templated":true}]}}