{"id":4860,"date":"2019-04-05T14:47:39","date_gmt":"2019-04-05T12:47:39","guid":{"rendered":"https:\/\/shiatsuverband.ch\/?page_id=4860"},"modified":"2023-01-12T10:52:59","modified_gmt":"2023-01-12T09:52:59","slug":"films","status":"publish","type":"page","link":"https:\/\/shiatsuverband.ch\/fr\/actualite\/films\/","title":{"rendered":"Films"},"content":{"rendered":"\n<style type=\"text\/css\" data-created_by=\"avia_inline_auto\" id=\"style-css-av-ju4275ns-86255898d7e2037876d22230ba159b29\">\n.avia-section.av-ju4275ns-86255898d7e2037876d22230ba159b29{\nbackground-repeat:no-repeat;\nbackground-image:url(https:\/\/shiatsuverband.ch\/wp-content\/uploads\/2019\/05\/Banner-1.jpg);\nbackground-position:50% 50%;\nbackground-attachment:scroll;\n}\n<\/style>\n<div id='av_section_1'  class='avia-section av-ju4275ns-86255898d7e2037876d22230ba159b29 main_color avia-section-no-padding avia-no-border-styling  avia-builder-el-0  el_before_av_section  avia-builder-el-first  margin-top-color-section av-small-hide av-mini-hide avia-full-stretch avia-bg-style-scroll av-minimum-height av-minimum-height-custom av-height-custom  container_wrap fullsize'  data-section-bg-repeat='stretch' data-av_minimum_height_px='440'><div class='container av-section-cont-open' style='height:440px'><main  role=\"main\" itemprop=\"mainContentOfPage\"  class='template-page content  av-content-full alpha units'><div class='post-entry post-entry-type-page post-entry-4860'><div class='entry-content-wrapper clearfix'>\n<\/div><\/div><\/main><!-- close content main element --><\/div><\/div>\n<style type=\"text\/css\" data-created_by=\"avia_inline_auto\" id=\"style-css-av-juldoq0r-316b58829bbb42d721a7df903d8f03eb\">\n.avia-section.av-juldoq0r-316b58829bbb42d721a7df903d8f03eb{\nbackground-color:#009ed0;\nbackground-image:unset;\n}\n<\/style>\n<div id='av_section_2'  class='avia-section av-juldoq0r-316b58829bbb42d721a7df903d8f03eb main_color avia-section-no-padding avia-no-border-styling  avia-builder-el-1  el_after_av_section  el_before_av_textblock  color-section-title avia-bg-style-scroll container_wrap fullsize'  ><div class='container av-section-cont-open' ><div class='template-page content  av-content-full alpha units'><div class='post-entry post-entry-type-page post-entry-4860'><div class='entry-content-wrapper clearfix'>\n\n<style type=\"text\/css\" data-created_by=\"avia_inline_auto\" id=\"style-css-av-juldp5op-eb15166013101c8b5ba3d36b4655d3c0\">\n#top .hr.hr-invisible.av-juldp5op-eb15166013101c8b5ba3d36b4655d3c0{\nheight:40px;\n}\n<\/style>\n<div  class='hr av-juldp5op-eb15166013101c8b5ba3d36b4655d3c0 hr-invisible  avia-builder-el-2  el_before_av_textblock  avia-builder-el-first '><span class='hr-inner '><span class=\"hr-inner-style\"><\/span><\/span><\/div>\n<section  class='av_textblock_section av-juldpd9d-719add2b8f72bc6d5defbc66028d63ff '   itemscope=\"itemscope\" itemtype=\"https:\/\/schema.org\/CreativeWork\" ><div class='avia_textblock'  itemprop=\"text\" ><h1 class=\"h1-white\">Films<\/h1>\n<\/div><\/section>\n<\/div><\/div><\/div><!-- close content main div --><\/div><\/div><div id='after_section_2'  class='main_color av_default_container_wrap container_wrap fullsize'  ><div class='container av-section-cont-open' ><div class='template-page content  av-content-full alpha units'><div class='post-entry post-entry-type-page post-entry-4860'><div class='entry-content-wrapper clearfix'>\n<section  class='av_textblock_section av-ju423uqg-46fa6ce4840dc46f9ed0bfd173f8c78b '   itemscope=\"itemscope\" itemtype=\"https:\/\/schema.org\/CreativeWork\" ><div class='avia_textblock'  itemprop=\"text\" ><p>Un petit film sur le Shiatsu en tant que m\u00e9thode de la th\u00e9rapie compl\u00e9mentaire:<br \/>\n<iframe loading=\"lazy\" src=\"https:\/\/player.vimeo.com\/video\/365035566\" width=\"640\" height=\"360\" frameborder=\"0\" allowfullscreen=\"allowfullscreen\"><\/iframe><\/p>\n<p>Un film sur le Shiatsu r\u00e9alis\u00e9 dans le cadre d&rsquo;un travail de maturit\u00e9 artistique en 2022.<br \/>\nAvec l&rsquo;aimable autorisation de Malu Adler, bacheli\u00e8re, et de Sandra Spiess, th\u00e9rapeute Polarity, cabinet Beaumont.<br \/>\n<iframe loading=\"lazy\" title=\"YouTube video player\" src=\"https:\/\/www.youtube.com\/embed\/n2vdd8T1XMw\" width=\"560\" height=\"315\" frameborder=\"0\" allowfullscreen=\"allowfullscreen\"><\/iframe><\/p>\n<p>Entretien avec Stephan Scherrer, psychologue lic. phil., sur le syndrome du burnout:<br \/>\n<iframe loading=\"lazy\" src=\"https:\/\/player.vimeo.com\/video\/357570246\" width=\"640\" height=\"360\" frameborder=\"0\" allowfullscreen=\"allowfullscreen\"><\/iframe><\/p>\n<p>Entretien avec Stephan Scherrer, psychologue lic. phil., sur le syndrome du burnout et la collaboration avec des th\u00e9rapeutes compl\u00e9mentaires de la m\u00e9thode Shiatsu:<br \/>\n<iframe loading=\"lazy\" src=\"https:\/\/player.vimeo.com\/video\/357570094\" width=\"640\" height=\"360\" frameborder=\"0\" allowfullscreen=\"allowfullscreen\"><\/iframe><\/p>\n<\/div><\/section>\n","protected":false},"excerpt":{"rendered":"","protected":false},"author":1,"featured_media":0,"parent":4293,"menu_order":0,"comment_status":"closed","ping_status":"closed","template":"","meta":{"_acf_changed":false,"_monsterinsights_skip_tracking":false,"_monsterinsights_sitenote_active":false,"_monsterinsights_sitenote_note":"","_monsterinsights_sitenote_category":0,"footnotes":""},"class_list":["post-4860","page","type-page","status-publish","hentry"],"acf":[],"yoast_head":"<!-- This site is optimized with the Yoast SEO plugin v27.4 - https:\/\/yoast.com\/product\/yoast-seo-wordpress\/ -->\n<title>Entretien avec Stephan Scherrer - Association Suisse de Shiatsu<\/title>\n<meta name=\"description\" content=\"Entretien avec Stephan Scherrer, psychologue lic. phil., sur le syndrome du burnout et la collaboration avec des th\u00e9rapeutes compl\u00e9mentaires de la...\" \/>\n<meta name=\"robots\" content=\"index, follow, max-snippet:-1, max-image-preview:large, max-video-preview:-1\" \/>\n<link rel=\"canonical\" href=\"https:\/\/shiatsuverband.ch\/fr\/actualite\/films\/\" \/>\n<meta property=\"og:locale\" content=\"fr_FR\" \/>\n<meta property=\"og:type\" content=\"article\" \/>\n<meta property=\"og:title\" content=\"Entretien avec Stephan Scherrer - Association Suisse de Shiatsu\" \/>\n<meta property=\"og:description\" content=\"Entretien avec Stephan Scherrer, psychologue lic. phil., sur le syndrome du burnout et la collaboration avec des th\u00e9rapeutes compl\u00e9mentaires de la...\" \/>\n<meta property=\"og:url\" content=\"https:\/\/shiatsuverband.ch\/fr\/actualite\/films\/\" \/>\n<meta property=\"og:site_name\" content=\"Shiatsu Gesellschaft Schweiz\" \/>\n<meta property=\"article:publisher\" content=\"https:\/\/www.facebook.com\/shiatsugesellschaftschweiz\" \/>\n<meta property=\"article:modified_time\" content=\"2023-01-12T09:52:59+00:00\" \/>\n<meta name=\"twitter:card\" content=\"summary_large_image\" \/>\n<meta name=\"twitter:label1\" content=\"Dur\u00e9e de lecture estim\u00e9e\" \/>\n\t<meta name=\"twitter:data1\" content=\"2 minutes\" \/>\n<script type=\"application\/ld+json\" class=\"yoast-schema-graph\">{\"@context\":\"https:\\\/\\\/schema.org\",\"@graph\":[{\"@type\":\"WebPage\",\"@id\":\"https:\\\/\\\/shiatsuverband.ch\\\/fr\\\/actualite\\\/films\\\/\",\"url\":\"https:\\\/\\\/shiatsuverband.ch\\\/fr\\\/actualite\\\/films\\\/\",\"name\":\"Entretien avec Stephan Scherrer - Association Suisse de Shiatsu\",\"isPartOf\":{\"@id\":\"https:\\\/\\\/shiatsuverband.ch\\\/fr\\\/#website\"},\"datePublished\":\"2019-04-05T12:47:39+00:00\",\"dateModified\":\"2023-01-12T09:52:59+00:00\",\"description\":\"Entretien avec Stephan Scherrer, psychologue lic. phil., sur le syndrome du burnout et la collaboration avec des th\u00e9rapeutes compl\u00e9mentaires de la...\",\"breadcrumb\":{\"@id\":\"https:\\\/\\\/shiatsuverband.ch\\\/fr\\\/actualite\\\/films\\\/#breadcrumb\"},\"inLanguage\":\"fr-FR\",\"potentialAction\":[{\"@type\":\"ReadAction\",\"target\":[\"https:\\\/\\\/shiatsuverband.ch\\\/fr\\\/actualite\\\/films\\\/\"]}]},{\"@type\":\"BreadcrumbList\",\"@id\":\"https:\\\/\\\/shiatsuverband.ch\\\/fr\\\/actualite\\\/films\\\/#breadcrumb\",\"itemListElement\":[{\"@type\":\"ListItem\",\"position\":1,\"name\":\"Startseite\",\"item\":\"https:\\\/\\\/shiatsuverband.ch\\\/fr\\\/le-shiatsu-une-methode-de-la-therapie-complementaire\\\/\"},{\"@type\":\"ListItem\",\"position\":2,\"name\":\"Actualit\u00e9\",\"item\":\"https:\\\/\\\/shiatsuverband.ch\\\/fr\\\/actualite\\\/\"},{\"@type\":\"ListItem\",\"position\":3,\"name\":\"Films\"}]},{\"@type\":\"WebSite\",\"@id\":\"https:\\\/\\\/shiatsuverband.ch\\\/fr\\\/#website\",\"url\":\"https:\\\/\\\/shiatsuverband.ch\\\/fr\\\/\",\"name\":\"Shiatsu Gesellschaft Schweiz\",\"description\":\"Shiatsu, eine Methode der Komplement\u00e4rTherapie\",\"publisher\":{\"@id\":\"https:\\\/\\\/shiatsuverband.ch\\\/fr\\\/#organization\"},\"potentialAction\":[{\"@type\":\"SearchAction\",\"target\":{\"@type\":\"EntryPoint\",\"urlTemplate\":\"https:\\\/\\\/shiatsuverband.ch\\\/fr\\\/?s={search_term_string}\"},\"query-input\":{\"@type\":\"PropertyValueSpecification\",\"valueRequired\":true,\"valueName\":\"search_term_string\"}}],\"inLanguage\":\"fr-FR\"},{\"@type\":\"Organization\",\"@id\":\"https:\\\/\\\/shiatsuverband.ch\\\/fr\\\/#organization\",\"name\":\"Shiatsu Gesellschaft Schweiz\",\"url\":\"https:\\\/\\\/shiatsuverband.ch\\\/fr\\\/\",\"logo\":{\"@type\":\"ImageObject\",\"inLanguage\":\"fr-FR\",\"@id\":\"https:\\\/\\\/shiatsuverband.ch\\\/fr\\\/#\\\/schema\\\/logo\\\/image\\\/\",\"url\":\"https:\\\/\\\/shiatsuverband.ch\\\/wp-content\\\/uploads\\\/2019\\\/04\\\/Shiatsuverband_Logo.png\",\"contentUrl\":\"https:\\\/\\\/shiatsuverband.ch\\\/wp-content\\\/uploads\\\/2019\\\/04\\\/Shiatsuverband_Logo.png\",\"width\":387,\"height\":130,\"caption\":\"Shiatsu Gesellschaft Schweiz\"},\"image\":{\"@id\":\"https:\\\/\\\/shiatsuverband.ch\\\/fr\\\/#\\\/schema\\\/logo\\\/image\\\/\"},\"sameAs\":[\"https:\\\/\\\/www.facebook.com\\\/shiatsugesellschaftschweiz\"]}]}<\/script>\n<!-- \/ Yoast SEO plugin. -->","yoast_head_json":{"title":"Entretien avec Stephan Scherrer - Association Suisse de Shiatsu","description":"Entretien avec Stephan Scherrer, psychologue lic. phil., sur le syndrome du burnout et la collaboration avec des th\u00e9rapeutes compl\u00e9mentaires de la...","robots":{"index":"index","follow":"follow","max-snippet":"max-snippet:-1","max-image-preview":"max-image-preview:large","max-video-preview":"max-video-preview:-1"},"canonical":"https:\/\/shiatsuverband.ch\/fr\/actualite\/films\/","og_locale":"fr_FR","og_type":"article","og_title":"Entretien avec Stephan Scherrer - Association Suisse de Shiatsu","og_description":"Entretien avec Stephan Scherrer, psychologue lic. phil., sur le syndrome du burnout et la collaboration avec des th\u00e9rapeutes compl\u00e9mentaires de la...","og_url":"https:\/\/shiatsuverband.ch\/fr\/actualite\/films\/","og_site_name":"Shiatsu Gesellschaft Schweiz","article_publisher":"https:\/\/www.facebook.com\/shiatsugesellschaftschweiz","article_modified_time":"2023-01-12T09:52:59+00:00","twitter_card":"summary_large_image","twitter_misc":{"Dur\u00e9e de lecture estim\u00e9e":"2 minutes"},"schema":{"@context":"https:\/\/schema.org","@graph":[{"@type":"WebPage","@id":"https:\/\/shiatsuverband.ch\/fr\/actualite\/films\/","url":"https:\/\/shiatsuverband.ch\/fr\/actualite\/films\/","name":"Entretien avec Stephan Scherrer - Association Suisse de Shiatsu","isPartOf":{"@id":"https:\/\/shiatsuverband.ch\/fr\/#website"},"datePublished":"2019-04-05T12:47:39+00:00","dateModified":"2023-01-12T09:52:59+00:00","description":"Entretien avec Stephan Scherrer, psychologue lic. phil., sur le syndrome du burnout et la collaboration avec des th\u00e9rapeutes compl\u00e9mentaires de la...","breadcrumb":{"@id":"https:\/\/shiatsuverband.ch\/fr\/actualite\/films\/#breadcrumb"},"inLanguage":"fr-FR","potentialAction":[{"@type":"ReadAction","target":["https:\/\/shiatsuverband.ch\/fr\/actualite\/films\/"]}]},{"@type":"BreadcrumbList","@id":"https:\/\/shiatsuverband.ch\/fr\/actualite\/films\/#breadcrumb","itemListElement":[{"@type":"ListItem","position":1,"name":"Startseite","item":"https:\/\/shiatsuverband.ch\/fr\/le-shiatsu-une-methode-de-la-therapie-complementaire\/"},{"@type":"ListItem","position":2,"name":"Actualit\u00e9","item":"https:\/\/shiatsuverband.ch\/fr\/actualite\/"},{"@type":"ListItem","position":3,"name":"Films"}]},{"@type":"WebSite","@id":"https:\/\/shiatsuverband.ch\/fr\/#website","url":"https:\/\/shiatsuverband.ch\/fr\/","name":"Shiatsu Gesellschaft Schweiz","description":"Shiatsu, eine Methode der Komplement\u00e4rTherapie","publisher":{"@id":"https:\/\/shiatsuverband.ch\/fr\/#organization"},"potentialAction":[{"@type":"SearchAction","target":{"@type":"EntryPoint","urlTemplate":"https:\/\/shiatsuverband.ch\/fr\/?s={search_term_string}"},"query-input":{"@type":"PropertyValueSpecification","valueRequired":true,"valueName":"search_term_string"}}],"inLanguage":"fr-FR"},{"@type":"Organization","@id":"https:\/\/shiatsuverband.ch\/fr\/#organization","name":"Shiatsu Gesellschaft Schweiz","url":"https:\/\/shiatsuverband.ch\/fr\/","logo":{"@type":"ImageObject","inLanguage":"fr-FR","@id":"https:\/\/shiatsuverband.ch\/fr\/#\/schema\/logo\/image\/","url":"https:\/\/shiatsuverband.ch\/wp-content\/uploads\/2019\/04\/Shiatsuverband_Logo.png","contentUrl":"https:\/\/shiatsuverband.ch\/wp-content\/uploads\/2019\/04\/Shiatsuverband_Logo.png","width":387,"height":130,"caption":"Shiatsu Gesellschaft Schweiz"},"image":{"@id":"https:\/\/shiatsuverband.ch\/fr\/#\/schema\/logo\/image\/"},"sameAs":["https:\/\/www.facebook.com\/shiatsugesellschaftschweiz"]}]}},"_links":{"self":[{"href":"https:\/\/shiatsuverband.ch\/fr\/wp-json\/wp\/v2\/pages\/4860","targetHints":{"allow":["GET"]}}],"collection":[{"href":"https:\/\/shiatsuverband.ch\/fr\/wp-json\/wp\/v2\/pages"}],"about":[{"href":"https:\/\/shiatsuverband.ch\/fr\/wp-json\/wp\/v2\/types\/page"}],"author":[{"embeddable":true,"href":"https:\/\/shiatsuverband.ch\/fr\/wp-json\/wp\/v2\/users\/1"}],"replies":[{"embeddable":true,"href":"https:\/\/shiatsuverband.ch\/fr\/wp-json\/wp\/v2\/comments?post=4860"}],"version-history":[{"count":13,"href":"https:\/\/shiatsuverband.ch\/fr\/wp-json\/wp\/v2\/pages\/4860\/revisions"}],"predecessor-version":[{"id":103142,"href":"https:\/\/shiatsuverband.ch\/fr\/wp-json\/wp\/v2\/pages\/4860\/revisions\/103142"}],"up":[{"embeddable":true,"href":"https:\/\/shiatsuverband.ch\/fr\/wp-json\/wp\/v2\/pages\/4293"}],"wp:attachment":[{"href":"https:\/\/shiatsuverband.ch\/fr\/wp-json\/wp\/v2\/media?parent=4860"}],"curies":[{"name":"wp","href":"https:\/\/api.w.org\/{rel}","templated":true}]}}