{"id":63455,"date":"2022-02-28T09:20:29","date_gmt":"2022-02-28T08:20:29","guid":{"rendered":"https:\/\/shiatsuverband.ch\/?page_id=63455"},"modified":"2024-06-11T11:41:33","modified_gmt":"2024-06-11T09:41:33","slug":"tamara-odermatt","status":"publish","type":"page","link":"https:\/\/shiatsuverband.ch\/fr\/association\/team\/tamara-odermatt\/","title":{"rendered":"Tamara Odermatt"},"content":{"rendered":"\n<style type=\"text\/css\" data-created_by=\"avia_inline_auto\" id=\"style-css-av-6ofvvcc-7342fef556a56e350513d467e2628800\">\n.avia-section.av-6ofvvcc-7342fef556a56e350513d467e2628800{\nbackground-color:#009ed0;\nbackground-image:unset;\n}\n<\/style>\n<div id='av_section_1'  class='avia-section av-6ofvvcc-7342fef556a56e350513d467e2628800 main_color avia-section-no-padding avia-no-border-styling  avia-builder-el-0  el_before_av_one_third  avia-builder-el-first  color-section-title avia-bg-style-scroll container_wrap fullsize'  ><div class='container av-section-cont-open' ><main  role=\"main\" itemprop=\"mainContentOfPage\"  class='template-page content  av-content-full alpha units'><div class='post-entry post-entry-type-page post-entry-63455'><div class='entry-content-wrapper clearfix'>\n\n<style type=\"text\/css\" data-created_by=\"avia_inline_auto\" id=\"style-css-av-67me14c-ead6600cc7fd04b6a65f28273f143210\">\n#top .hr.hr-invisible.av-67me14c-ead6600cc7fd04b6a65f28273f143210{\nheight:40px;\n}\n<\/style>\n<div  class='hr av-67me14c-ead6600cc7fd04b6a65f28273f143210 hr-invisible  avia-builder-el-1  el_before_av_textblock  avia-builder-el-first '><span class='hr-inner '><span class=\"hr-inner-style\"><\/span><\/span><\/div>\n<section  class='av_textblock_section av-5pujhak-fd014041b0843f4c02ece01973e5c1a0 '   itemscope=\"itemscope\" itemtype=\"https:\/\/schema.org\/CreativeWork\" ><div class='avia_textblock'  itemprop=\"text\" ><h1 class=\"h1-white\">Tamara Odermatt &#8211; Commission d\u2019\u00e9thique<\/h1>\n<\/div><\/section>\n<\/div><\/div><\/main><!-- close content main element --><\/div><\/div><div id='after_section_1'  class='main_color av_default_container_wrap container_wrap fullsize'  ><div class='container av-section-cont-open' ><div class='template-page content  av-content-full alpha units'><div class='post-entry post-entry-type-page post-entry-63455'><div class='entry-content-wrapper clearfix'>\n\n<style type=\"text\/css\" data-created_by=\"avia_inline_auto\" id=\"style-css-av-5d8qw0c-bf6151f9e6abdf6f5b2fec90f9d62b13\">\n.flex_column.av-5d8qw0c-bf6151f9e6abdf6f5b2fec90f9d62b13{\nborder-radius:0px 0px 0px 0px;\npadding:0px 0px 0px 0px;\n}\n<\/style>\n<div  class='flex_column av-5d8qw0c-bf6151f9e6abdf6f5b2fec90f9d62b13 av_one_third  avia-builder-el-3  el_after_av_section  el_before_av_two_third  avia-builder-el-first  first flex_column_div av-zero-column-padding  '     ><style type=\"text\/css\" data-created_by=\"avia_inline_auto\" id=\"style-css-av-4vfcm0c-44f8d5ed8c293acc72de04486a140516\">\n.avia-image-container.av-4vfcm0c-44f8d5ed8c293acc72de04486a140516 img.avia_image{\nbox-shadow:none;\n}\n.avia-image-container.av-4vfcm0c-44f8d5ed8c293acc72de04486a140516 .av-image-caption-overlay-center{\ncolor:#ffffff;\n}\n<\/style>\n<div  class='avia-image-container av-4vfcm0c-44f8d5ed8c293acc72de04486a140516 av-styling- avia-align-center  avia-builder-el-4  avia-builder-el-no-sibling '   itemprop=\"image\" itemscope=\"itemscope\" itemtype=\"https:\/\/schema.org\/ImageObject\" ><div class=\"avia-image-container-inner\"><div class=\"avia-image-overlay-wrap\"><img decoding=\"async\" fetchpriority=\"high\" class='wp-image-63496 avia-img-lazy-loading-not-63496 avia_image ' src=\"https:\/\/shiatsuverband.ch\/wp-content\/uploads\/2022\/03\/Tamara_Odermatt_v2.jpg\" alt='' title='Tamara_Odermatt_v2'  height=\"500\" width=\"768\"  itemprop=\"thumbnailUrl\" srcset=\"https:\/\/shiatsuverband.ch\/wp-content\/uploads\/2022\/03\/Tamara_Odermatt_v2.jpg 768w, https:\/\/shiatsuverband.ch\/wp-content\/uploads\/2022\/03\/Tamara_Odermatt_v2-300x195.jpg 300w, https:\/\/shiatsuverband.ch\/wp-content\/uploads\/2022\/03\/Tamara_Odermatt_v2-705x459.jpg 705w\" sizes=\"(max-width: 768px) 100vw, 768px\" \/><\/div><\/div><\/div><\/div>\n\n<style type=\"text\/css\" data-created_by=\"avia_inline_auto\" id=\"style-css-av-4j0rd58-64d46a397f095a88cb7e802e92e84858\">\n.flex_column.av-4j0rd58-64d46a397f095a88cb7e802e92e84858{\nborder-radius:0px 0px 0px 0px;\npadding:0px 0px 0px 0px;\n}\n<\/style>\n<div  class='flex_column av-4j0rd58-64d46a397f095a88cb7e802e92e84858 av_two_third  avia-builder-el-5  el_after_av_one_third  el_before_av_one_half  flex_column_div av-zero-column-padding  '     ><\/div>\n\n<style type=\"text\/css\" data-created_by=\"avia_inline_auto\" id=\"style-css-av-edyc30-a0e756acb56deb6e2c8f79aaedebfe92\">\n.flex_column.av-edyc30-a0e756acb56deb6e2c8f79aaedebfe92{\nborder-radius:0px 0px 0px 0px;\npadding:0px 0px 0px 0px;\n}\n<\/style>\n<div  class='flex_column av-edyc30-a0e756acb56deb6e2c8f79aaedebfe92 av_one_half  avia-builder-el-6  el_after_av_two_third  el_before_av_one_half  first flex_column_div av-zero-column-padding  column-top-margin'     ><section  class='av_textblock_section av-3l2tb64-68e19684d65179c761c91798a8a2a37f '   itemscope=\"itemscope\" itemtype=\"https:\/\/schema.org\/CreativeWork\" ><div class='avia_textblock'  itemprop=\"text\" ><h2>Curriculum<\/h2>\n<h3>Formation de Shiatsu et exp\u00e9rience professionnelle th\u00e9rapeutique<\/h3>\n<p>Dipl\u00f4me de Shiatsu : 2002 ISS Kiental<\/p>\n<p>Autres formations :<br \/>\n_ 2023\u00ad\u22122024 Constellation syst\u00e9mique<br \/>\n_ 2021 supervision syst\u00e9mique dans le contexte th\u00e9rapeutique, Berne<br \/>\n_ Depuis 2017 Th\u00e9rapie des traumatismes et Shiatsu<br \/>\n_ 2016 Th\u00e9rapeute compl\u00e9mentaire avec dipl\u00f4me f\u00e9d\u00e9ral<br \/>\n_ 2015 Th\u00e9rapeute compl\u00e9mentaire avec certificat de branche OrTra TC<br \/>\n_ 2000 Licence en psychologie clinique, Universit\u00e9 de Berne<\/p>\n<p>Exp\u00e9rience professionnelle th\u00e9rapeutique :<br \/>\n_ Depuis 2002 cabinet \u00e0 Berne<\/p>\n<h3>Parcours professionnel<\/h3>\n<p>_ Formatrice en Bases socio-\u00e9conomiques et Bases professionnelles sp\u00e9cifiques TC<br \/>\n_ Experte d&rsquo;examen externe OrTra TC M\u00e9thode Shiatsu<br \/>\n_ Coach pour l&rsquo;EPS TC jusqu&rsquo;en 2021<\/p>\n<h3>Informations personnelles<\/h3>\n<p>N\u00e9e en 1972, m\u00e8re de trois filles<br \/>\nCurieuse de la vie et de ses multiples facettes, passionn\u00e9e de nature et de voyages<\/p>\n<\/div><\/section><\/div>\n\n<style type=\"text\/css\" data-created_by=\"avia_inline_auto\" id=\"style-css-av-30zsi4s-c44b06b6f8fbf00ccce42ccc683e40e1\">\n.flex_column.av-30zsi4s-c44b06b6f8fbf00ccce42ccc683e40e1{\nborder-radius:0px 0px 0px 0px;\npadding:0px 0px 0px 0px;\n}\n<\/style>\n<div  class='flex_column av-30zsi4s-c44b06b6f8fbf00ccce42ccc683e40e1 av_one_half  avia-builder-el-8  el_after_av_one_half  el_before_av_one_half  flex_column_div av-zero-column-padding  column-top-margin'     ><section  class='av_textblock_section av-2p4b9sc-bcbc860622e3148690e59790211c48dd '   itemscope=\"itemscope\" itemtype=\"https:\/\/schema.org\/CreativeWork\" ><div class='avia_textblock'  itemprop=\"text\" ><h2>Fonctions<\/h2>\n<h3>Fonction actuelle au sein de l\u2019ASS<\/h3>\n<p>_ Membre de la commission d\u2019\u00e9thique (depuis 2022)<\/p>\n<h3>Fonctions actuelles au sein de l\u2019OrTra TC<\/h3>\n<p>_ Superviseuse OrTra TC<br \/>\n_ Membre de la commission d\u2019examen (depuis 2022)<\/p>\n<h3>Ancienne fonction au sein de l\u2019OrTra TC<\/h3>\n<p>_ Experte pour les Examens Professionnels Sup\u00e9rieurs de l&rsquo;OrTra TC jusqu&rsquo;en 2019<\/p>\n<\/div><\/section><\/div>\n<style type=\"text\/css\" data-created_by=\"avia_inline_auto\" id=\"style-css-av-2492ioc-c6c18f627945587b983f11ed1cd434e4\">\n.flex_column.av-2492ioc-c6c18f627945587b983f11ed1cd434e4{\nborder-radius:0px 0px 0px 0px;\npadding:0px 0px 0px 0px;\n}\n<\/style>\n<div  class='flex_column av-2492ioc-c6c18f627945587b983f11ed1cd434e4 av_one_half  avia-builder-el-10  el_after_av_one_half  el_before_av_one_half  first flex_column_div av-zero-column-padding  column-top-margin'     ><div  class='avia-button-wrap av-1r6b2ng-66c35448eb83693dbadb1431b32d63df-wrap avia-button-left  avia-builder-el-11  avia-builder-el-no-sibling '><a href='https:\/\/shiatsuverband.ch\/fr\/association\/team\/daniel-schneitter\/'  class='avia-button av-1r6b2ng-66c35448eb83693dbadb1431b32d63df av-link-btn avia-icon_select-no avia-size-medium avia-position-left avia-color-dark'   aria-label=\"Daniel Schneitter - Membre du conseil d\u2019expert-e-s de l\u2018ASS\"><span class='avia_iconbox_title' >Daniel Schneitter - Membre du conseil d\u2019expert-e-s de l\u2018ASS<\/span><\/a><\/div><\/div><\/p>\n\n<style type=\"text\/css\" data-created_by=\"avia_inline_auto\" id=\"style-css-av-4dznqk-598a6cf79dad9c73d66dd2354c869c8e\">\n.flex_column.av-4dznqk-598a6cf79dad9c73d66dd2354c869c8e{\nborder-radius:0px 0px 0px 0px;\npadding:0px 0px 0px 0px;\n}\n<\/style>\n<div  class='flex_column av-4dznqk-598a6cf79dad9c73d66dd2354c869c8e av_one_half  avia-builder-el-12  el_after_av_one_half  avia-builder-el-last  flex_column_div av-zero-column-padding  column-top-margin'     ><div  class='avia-button-wrap av-tjo964-ec49f47f650a8b0f0ea3c8dfe18208a6-wrap avia-button-right  avia-builder-el-13  avia-builder-el-no-sibling '><a href=''  class='avia-button av-tjo964-ec49f47f650a8b0f0ea3c8dfe18208a6 av-link-btn avia-icon_select-no avia-size-medium avia-position-right avia-color-dark'   aria-label=\"H\u00e9l\u00e8ne Darwish - Commission d\u2019\u00e9thique\"><span class='avia_iconbox_title' >H\u00e9l\u00e8ne Darwish - Commission d\u2019\u00e9thique<\/span><\/a><\/div><\/div>\n","protected":false},"excerpt":{"rendered":"","protected":false},"author":1,"featured_media":0,"parent":4413,"menu_order":0,"comment_status":"closed","ping_status":"closed","template":"","meta":{"_acf_changed":false,"_monsterinsights_skip_tracking":false,"_monsterinsights_sitenote_active":false,"_monsterinsights_sitenote_note":"","_monsterinsights_sitenote_category":0,"footnotes":""},"class_list":["post-63455","page","type-page","status-publish","hentry"],"acf":[],"yoast_head":"<!-- This site is optimized with the Yoast SEO plugin v27.3 - https:\/\/yoast.com\/product\/yoast-seo-wordpress\/ -->\n<title>Tamara Odermatt - Shiatsu Gesellschaft Schweiz<\/title>\n<meta name=\"robots\" content=\"index, follow, max-snippet:-1, max-image-preview:large, max-video-preview:-1\" \/>\n<link rel=\"canonical\" href=\"https:\/\/shiatsuverband.ch\/fr\/association\/team\/tamara-odermatt\/\" \/>\n<meta property=\"og:locale\" content=\"fr_FR\" \/>\n<meta property=\"og:type\" content=\"article\" \/>\n<meta property=\"og:title\" content=\"Tamara Odermatt - Shiatsu Gesellschaft Schweiz\" \/>\n<meta property=\"og:url\" content=\"https:\/\/shiatsuverband.ch\/fr\/association\/team\/tamara-odermatt\/\" \/>\n<meta property=\"og:site_name\" content=\"Shiatsu Gesellschaft Schweiz\" \/>\n<meta property=\"article:publisher\" content=\"https:\/\/www.facebook.com\/shiatsugesellschaftschweiz\" \/>\n<meta property=\"article:modified_time\" content=\"2024-06-11T09:41:33+00:00\" \/>\n<meta name=\"twitter:card\" content=\"summary_large_image\" \/>\n<meta name=\"twitter:label1\" content=\"Dur\u00e9e de lecture estim\u00e9e\" \/>\n\t<meta name=\"twitter:data1\" content=\"2 minutes\" \/>\n<script type=\"application\/ld+json\" class=\"yoast-schema-graph\">{\"@context\":\"https:\\\/\\\/schema.org\",\"@graph\":[{\"@type\":\"WebPage\",\"@id\":\"https:\\\/\\\/shiatsuverband.ch\\\/fr\\\/association\\\/team\\\/tamara-odermatt\\\/\",\"url\":\"https:\\\/\\\/shiatsuverband.ch\\\/fr\\\/association\\\/team\\\/tamara-odermatt\\\/\",\"name\":\"Tamara Odermatt - Shiatsu Gesellschaft Schweiz\",\"isPartOf\":{\"@id\":\"https:\\\/\\\/shiatsuverband.ch\\\/fr\\\/#website\"},\"datePublished\":\"2022-02-28T08:20:29+00:00\",\"dateModified\":\"2024-06-11T09:41:33+00:00\",\"breadcrumb\":{\"@id\":\"https:\\\/\\\/shiatsuverband.ch\\\/fr\\\/association\\\/team\\\/tamara-odermatt\\\/#breadcrumb\"},\"inLanguage\":\"fr-FR\",\"potentialAction\":[{\"@type\":\"ReadAction\",\"target\":[\"https:\\\/\\\/shiatsuverband.ch\\\/fr\\\/association\\\/team\\\/tamara-odermatt\\\/\"]}]},{\"@type\":\"BreadcrumbList\",\"@id\":\"https:\\\/\\\/shiatsuverband.ch\\\/fr\\\/association\\\/team\\\/tamara-odermatt\\\/#breadcrumb\",\"itemListElement\":[{\"@type\":\"ListItem\",\"position\":1,\"name\":\"Startseite\",\"item\":\"https:\\\/\\\/shiatsuverband.ch\\\/fr\\\/le-shiatsu-une-methode-de-la-therapie-complementaire\\\/\"},{\"@type\":\"ListItem\",\"position\":2,\"name\":\"Association\",\"item\":\"https:\\\/\\\/shiatsuverband.ch\\\/fr\\\/association\\\/\"},{\"@type\":\"ListItem\",\"position\":3,\"name\":\"L\u2019\u00e9quipe\",\"item\":\"https:\\\/\\\/shiatsuverband.ch\\\/fr\\\/association\\\/team\\\/\"},{\"@type\":\"ListItem\",\"position\":4,\"name\":\"Tamara Odermatt\"}]},{\"@type\":\"WebSite\",\"@id\":\"https:\\\/\\\/shiatsuverband.ch\\\/fr\\\/#website\",\"url\":\"https:\\\/\\\/shiatsuverband.ch\\\/fr\\\/\",\"name\":\"Shiatsu Gesellschaft Schweiz\",\"description\":\"Shiatsu, eine Methode der Komplement\u00e4rTherapie\",\"publisher\":{\"@id\":\"https:\\\/\\\/shiatsuverband.ch\\\/fr\\\/#organization\"},\"potentialAction\":[{\"@type\":\"SearchAction\",\"target\":{\"@type\":\"EntryPoint\",\"urlTemplate\":\"https:\\\/\\\/shiatsuverband.ch\\\/fr\\\/?s={search_term_string}\"},\"query-input\":{\"@type\":\"PropertyValueSpecification\",\"valueRequired\":true,\"valueName\":\"search_term_string\"}}],\"inLanguage\":\"fr-FR\"},{\"@type\":\"Organization\",\"@id\":\"https:\\\/\\\/shiatsuverband.ch\\\/fr\\\/#organization\",\"name\":\"Shiatsu Gesellschaft Schweiz\",\"url\":\"https:\\\/\\\/shiatsuverband.ch\\\/fr\\\/\",\"logo\":{\"@type\":\"ImageObject\",\"inLanguage\":\"fr-FR\",\"@id\":\"https:\\\/\\\/shiatsuverband.ch\\\/fr\\\/#\\\/schema\\\/logo\\\/image\\\/\",\"url\":\"https:\\\/\\\/shiatsuverband.ch\\\/wp-content\\\/uploads\\\/2019\\\/04\\\/Shiatsuverband_Logo.png\",\"contentUrl\":\"https:\\\/\\\/shiatsuverband.ch\\\/wp-content\\\/uploads\\\/2019\\\/04\\\/Shiatsuverband_Logo.png\",\"width\":387,\"height\":130,\"caption\":\"Shiatsu Gesellschaft Schweiz\"},\"image\":{\"@id\":\"https:\\\/\\\/shiatsuverband.ch\\\/fr\\\/#\\\/schema\\\/logo\\\/image\\\/\"},\"sameAs\":[\"https:\\\/\\\/www.facebook.com\\\/shiatsugesellschaftschweiz\"]}]}<\/script>\n<!-- \/ Yoast SEO plugin. -->","yoast_head_json":{"title":"Tamara Odermatt - Shiatsu Gesellschaft Schweiz","robots":{"index":"index","follow":"follow","max-snippet":"max-snippet:-1","max-image-preview":"max-image-preview:large","max-video-preview":"max-video-preview:-1"},"canonical":"https:\/\/shiatsuverband.ch\/fr\/association\/team\/tamara-odermatt\/","og_locale":"fr_FR","og_type":"article","og_title":"Tamara Odermatt - Shiatsu Gesellschaft Schweiz","og_url":"https:\/\/shiatsuverband.ch\/fr\/association\/team\/tamara-odermatt\/","og_site_name":"Shiatsu Gesellschaft Schweiz","article_publisher":"https:\/\/www.facebook.com\/shiatsugesellschaftschweiz","article_modified_time":"2024-06-11T09:41:33+00:00","twitter_card":"summary_large_image","twitter_misc":{"Dur\u00e9e de lecture estim\u00e9e":"2 minutes"},"schema":{"@context":"https:\/\/schema.org","@graph":[{"@type":"WebPage","@id":"https:\/\/shiatsuverband.ch\/fr\/association\/team\/tamara-odermatt\/","url":"https:\/\/shiatsuverband.ch\/fr\/association\/team\/tamara-odermatt\/","name":"Tamara Odermatt - Shiatsu Gesellschaft Schweiz","isPartOf":{"@id":"https:\/\/shiatsuverband.ch\/fr\/#website"},"datePublished":"2022-02-28T08:20:29+00:00","dateModified":"2024-06-11T09:41:33+00:00","breadcrumb":{"@id":"https:\/\/shiatsuverband.ch\/fr\/association\/team\/tamara-odermatt\/#breadcrumb"},"inLanguage":"fr-FR","potentialAction":[{"@type":"ReadAction","target":["https:\/\/shiatsuverband.ch\/fr\/association\/team\/tamara-odermatt\/"]}]},{"@type":"BreadcrumbList","@id":"https:\/\/shiatsuverband.ch\/fr\/association\/team\/tamara-odermatt\/#breadcrumb","itemListElement":[{"@type":"ListItem","position":1,"name":"Startseite","item":"https:\/\/shiatsuverband.ch\/fr\/le-shiatsu-une-methode-de-la-therapie-complementaire\/"},{"@type":"ListItem","position":2,"name":"Association","item":"https:\/\/shiatsuverband.ch\/fr\/association\/"},{"@type":"ListItem","position":3,"name":"L\u2019\u00e9quipe","item":"https:\/\/shiatsuverband.ch\/fr\/association\/team\/"},{"@type":"ListItem","position":4,"name":"Tamara Odermatt"}]},{"@type":"WebSite","@id":"https:\/\/shiatsuverband.ch\/fr\/#website","url":"https:\/\/shiatsuverband.ch\/fr\/","name":"Shiatsu Gesellschaft Schweiz","description":"Shiatsu, eine Methode der Komplement\u00e4rTherapie","publisher":{"@id":"https:\/\/shiatsuverband.ch\/fr\/#organization"},"potentialAction":[{"@type":"SearchAction","target":{"@type":"EntryPoint","urlTemplate":"https:\/\/shiatsuverband.ch\/fr\/?s={search_term_string}"},"query-input":{"@type":"PropertyValueSpecification","valueRequired":true,"valueName":"search_term_string"}}],"inLanguage":"fr-FR"},{"@type":"Organization","@id":"https:\/\/shiatsuverband.ch\/fr\/#organization","name":"Shiatsu Gesellschaft Schweiz","url":"https:\/\/shiatsuverband.ch\/fr\/","logo":{"@type":"ImageObject","inLanguage":"fr-FR","@id":"https:\/\/shiatsuverband.ch\/fr\/#\/schema\/logo\/image\/","url":"https:\/\/shiatsuverband.ch\/wp-content\/uploads\/2019\/04\/Shiatsuverband_Logo.png","contentUrl":"https:\/\/shiatsuverband.ch\/wp-content\/uploads\/2019\/04\/Shiatsuverband_Logo.png","width":387,"height":130,"caption":"Shiatsu Gesellschaft Schweiz"},"image":{"@id":"https:\/\/shiatsuverband.ch\/fr\/#\/schema\/logo\/image\/"},"sameAs":["https:\/\/www.facebook.com\/shiatsugesellschaftschweiz"]}]}},"_links":{"self":[{"href":"https:\/\/shiatsuverband.ch\/fr\/wp-json\/wp\/v2\/pages\/63455","targetHints":{"allow":["GET"]}}],"collection":[{"href":"https:\/\/shiatsuverband.ch\/fr\/wp-json\/wp\/v2\/pages"}],"about":[{"href":"https:\/\/shiatsuverband.ch\/fr\/wp-json\/wp\/v2\/types\/page"}],"author":[{"embeddable":true,"href":"https:\/\/shiatsuverband.ch\/fr\/wp-json\/wp\/v2\/users\/1"}],"replies":[{"embeddable":true,"href":"https:\/\/shiatsuverband.ch\/fr\/wp-json\/wp\/v2\/comments?post=63455"}],"version-history":[{"count":9,"href":"https:\/\/shiatsuverband.ch\/fr\/wp-json\/wp\/v2\/pages\/63455\/revisions"}],"predecessor-version":[{"id":99181,"href":"https:\/\/shiatsuverband.ch\/fr\/wp-json\/wp\/v2\/pages\/63455\/revisions\/99181"}],"up":[{"embeddable":true,"href":"https:\/\/shiatsuverband.ch\/fr\/wp-json\/wp\/v2\/pages\/4413"}],"wp:attachment":[{"href":"https:\/\/shiatsuverband.ch\/fr\/wp-json\/wp\/v2\/media?parent=63455"}],"curies":[{"name":"wp","href":"https:\/\/api.w.org\/{rel}","templated":true}]}}