{"id":70683,"date":"2022-09-18T12:45:59","date_gmt":"2022-09-18T10:45:59","guid":{"rendered":"https:\/\/shiatsuverband.ch\/?page_id=70683"},"modified":"2023-04-25T10:09:34","modified_gmt":"2023-04-25T08:09:34","slug":"martin-schmid","status":"publish","type":"page","link":"https:\/\/shiatsuverband.ch\/fr\/association\/team\/martin-schmid\/","title":{"rendered":"Martin Schmid"},"content":{"rendered":"\n<style type=\"text\/css\" data-created_by=\"avia_inline_auto\" id=\"style-css-av-649twp0-8153f42c1bee7c6bb0af32283e9b43eb\">\n.avia-section.av-649twp0-8153f42c1bee7c6bb0af32283e9b43eb{\nbackground-color:#009ed0;\nbackground-image:unset;\n}\n<\/style>\n<div id='av_section_1'  class='avia-section av-649twp0-8153f42c1bee7c6bb0af32283e9b43eb main_color avia-section-no-padding avia-no-border-styling  avia-builder-el-0  el_before_av_one_third  avia-builder-el-first  color-section-title avia-bg-style-scroll container_wrap fullsize'  ><div class='container av-section-cont-open' ><main  role=\"main\" itemprop=\"mainContentOfPage\"  class='template-page content  av-content-full alpha units'><div class='post-entry post-entry-type-page post-entry-70683'><div class='entry-content-wrapper clearfix'>\n\n<style type=\"text\/css\" data-created_by=\"avia_inline_auto\" id=\"style-css-av-5reot7o-29a63a84c9f09dea41e89b519a57ce0d\">\n#top .hr.hr-invisible.av-5reot7o-29a63a84c9f09dea41e89b519a57ce0d{\nheight:40px;\n}\n<\/style>\n<div  class='hr av-5reot7o-29a63a84c9f09dea41e89b519a57ce0d hr-invisible  avia-builder-el-1  el_before_av_textblock  avia-builder-el-first '><span class='hr-inner '><span class=\"hr-inner-style\"><\/span><\/span><\/div>\n<section  class='av_textblock_section av-l876x9ju-3be9097a624d1a63b6f9b98453492baf '   itemscope=\"itemscope\" itemtype=\"https:\/\/schema.org\/CreativeWork\" ><div class='avia_textblock'  itemprop=\"text\" ><h1 class=\"h1-white\">Martin Schmid &#8211; Commission d\u2019\u00e9thique<\/h1>\n<\/div><\/section>\n<\/div><\/div><\/main><!-- close content main element --><\/div><\/div><div id='after_section_1'  class='main_color av_default_container_wrap container_wrap fullsize'  ><div class='container av-section-cont-open' ><div class='template-page content  av-content-full alpha units'><div class='post-entry post-entry-type-page post-entry-70683'><div class='entry-content-wrapper clearfix'>\n\n<style type=\"text\/css\" data-created_by=\"avia_inline_auto\" id=\"style-css-av-53ws4x0-93ac68ef4ff3c8d1b3ef7a436f5eb956\">\n.flex_column.av-53ws4x0-93ac68ef4ff3c8d1b3ef7a436f5eb956{\nborder-radius:0px 0px 0px 0px;\npadding:0px 0px 0px 0px;\n}\n<\/style>\n<div  class='flex_column av-53ws4x0-93ac68ef4ff3c8d1b3ef7a436f5eb956 av_one_third  avia-builder-el-3  el_after_av_section  el_before_av_two_third  avia-builder-el-first  first flex_column_div av-zero-column-padding  '     ><style type=\"text\/css\" data-created_by=\"avia_inline_auto\" id=\"style-css-av-4uft6ro-f3db2f43505c05a4e991053fb875e7da\">\n.avia-image-container.av-4uft6ro-f3db2f43505c05a4e991053fb875e7da img.avia_image{\nbox-shadow:none;\n}\n.avia-image-container.av-4uft6ro-f3db2f43505c05a4e991053fb875e7da .av-image-caption-overlay-center{\ncolor:#ffffff;\n}\n<\/style>\n<div  class='avia-image-container av-4uft6ro-f3db2f43505c05a4e991053fb875e7da av-styling- avia-align-center  avia-builder-el-4  avia-builder-el-no-sibling '   itemprop=\"image\" itemscope=\"itemscope\" itemtype=\"https:\/\/schema.org\/ImageObject\" ><div class=\"avia-image-container-inner\"><div class=\"avia-image-overlay-wrap\"><img decoding=\"async\" fetchpriority=\"high\" class='wp-image-70667 avia-img-lazy-loading-not-70667 avia_image ' src=\"https:\/\/shiatsuverband.ch\/wp-content\/uploads\/2022\/09\/Martin_Schmid_korr.jpg\" alt='' title='Martin_Schmid_korr'  height=\"499\" width=\"768\"  itemprop=\"thumbnailUrl\" srcset=\"https:\/\/shiatsuverband.ch\/wp-content\/uploads\/2022\/09\/Martin_Schmid_korr.jpg 768w, https:\/\/shiatsuverband.ch\/wp-content\/uploads\/2022\/09\/Martin_Schmid_korr-300x195.jpg 300w, https:\/\/shiatsuverband.ch\/wp-content\/uploads\/2022\/09\/Martin_Schmid_korr-705x458.jpg 705w\" sizes=\"(max-width: 768px) 100vw, 768px\" \/><\/div><\/div><\/div><\/div>\n\n<style type=\"text\/css\" data-created_by=\"avia_inline_auto\" id=\"style-css-av-4bw5ozo-69789aecd3f83c568d9a801cf78bffe1\">\n.flex_column.av-4bw5ozo-69789aecd3f83c568d9a801cf78bffe1{\nborder-radius:0px 0px 0px 0px;\npadding:0px 0px 0px 0px;\n}\n<\/style>\n<div  class='flex_column av-4bw5ozo-69789aecd3f83c568d9a801cf78bffe1 av_two_third  avia-builder-el-5  el_after_av_one_third  el_before_av_one_half  flex_column_div av-zero-column-padding  '     ><\/div>\n\n<style type=\"text\/css\" data-created_by=\"avia_inline_auto\" id=\"style-css-av-3whszms-a66ed47aff323dfe1edbd71c1b868a52\">\n.flex_column.av-3whszms-a66ed47aff323dfe1edbd71c1b868a52{\nborder-radius:0px 0px 0px 0px;\npadding:0px 0px 0px 0px;\n}\n<\/style>\n<div  class='flex_column av-3whszms-a66ed47aff323dfe1edbd71c1b868a52 av_one_half  avia-builder-el-6  el_after_av_two_third  el_before_av_one_half  first flex_column_div av-zero-column-padding  column-top-margin'     ><section  class='av_textblock_section av-ci7d0k-37e9006598a6a9207c82dfe56efebe6c '   itemscope=\"itemscope\" itemtype=\"https:\/\/schema.org\/CreativeWork\" ><div class='avia_textblock'  itemprop=\"text\" ><h2>Curriculum<\/h2>\n<h3>Formation de Shiatsu et exp\u00e9rience professionnelle th\u00e9rapeutique<\/h3>\n<p>Dipl\u00f4me de Shiatsu : 2022 K\u00f3 Lebensschule Z\u00fcrich<\/p>\n<p>Autres formations :<br \/>\n_ 2022 Th\u00e9rapeute compl\u00e9mentaire avec certificat de branche OrTra TC<br \/>\n_ 2015 Collaborateur de l\u2019aide aux victimes<br \/>\n_ 2012 \u00c9ducateur social ES<\/p>\n<p>Exp\u00e9rience professionnelle th\u00e9rapeutique :<br \/>\n_ Depuis 2019 cabinet \u00e0 Zurich<\/p>\n<h3>Parcours professionnel<\/h3>\n<p>_ Depuis 2021 collaborateur socioculturel, services sociaux, ville de Zurich<br \/>\n_ 2015 \u2013 2021 collaborateur de l\u2019aide aux victimes, Zurich<br \/>\n_ 2009 \u2013 2015 \u00e9ducateur social ES, intervention de crise, Florhof Zurich<br \/>\n_ 2008 \u2013 2009 \u00e9ducateur social ES, Fondation Schulheim Dielsdorf<\/p>\n<h3>Informations personnelles<\/h3>\n<p>N\u00e9 en 1979<br \/>\nPromenades avec le chien, randonn\u00e9es, faire du v\u00e9lo, lecture, voyages, concerts<\/p>\n<\/div><\/section><\/div>\n\n<style type=\"text\/css\" data-created_by=\"avia_inline_auto\" id=\"style-css-av-372rw04-28fd19428ac5ac391c6ea31c4c6e6e93\">\n.flex_column.av-372rw04-28fd19428ac5ac391c6ea31c4c6e6e93{\nborder-radius:0px 0px 0px 0px;\npadding:0px 0px 0px 0px;\n}\n<\/style>\n<div  class='flex_column av-372rw04-28fd19428ac5ac391c6ea31c4c6e6e93 av_one_half  avia-builder-el-8  el_after_av_one_half  el_before_av_one_half  flex_column_div av-zero-column-padding  column-top-margin'     ><section  class='av_textblock_section av-2k0rhk4-f6c747eb08e61074b81b619a01a9534c '   itemscope=\"itemscope\" itemtype=\"https:\/\/schema.org\/CreativeWork\" ><div class='avia_textblock'  itemprop=\"text\" ><h2>Fonctions<\/h2>\n<h3>Fonction actuelle au sein de l\u2019ASS<\/h3>\n<p>_ Membre de la commission d\u2019\u00e9thique (depuis 2023)<\/p>\n<\/div><\/section><\/div>\n<style type=\"text\/css\" data-created_by=\"avia_inline_auto\" id=\"style-css-av-83jcas-5af5b529f4c1788a0227affb2fab022b\">\n.flex_column.av-83jcas-5af5b529f4c1788a0227affb2fab022b{\nborder-radius:0px 0px 0px 0px;\npadding:0px 0px 0px 0px;\n}\n<\/style>\n<div  class='flex_column av-83jcas-5af5b529f4c1788a0227affb2fab022b av_one_half  avia-builder-el-10  el_after_av_one_half  el_before_av_one_half  first flex_column_div av-zero-column-padding  column-top-margin'     ><div  class='avia-button-wrap av-1rk6mmc-a2492d0531834fc8c8793e455ca070ed-wrap avia-button-left  avia-builder-el-11  avia-builder-el-no-sibling '><a href=''  class='avia-button av-1rk6mmc-a2492d0531834fc8c8793e455ca070ed av-link-btn avia-icon_select-no avia-size-medium avia-position-left avia-color-dark'   aria-label=\"H\u00e9l\u00e8ne Darwish - Commission d\u2019\u00e9thique\"><span class='avia_iconbox_title' >H\u00e9l\u00e8ne Darwish - Commission d\u2019\u00e9thique<\/span><\/a><\/div><\/div><\/p>\n\n<style type=\"text\/css\" data-created_by=\"avia_inline_auto\" id=\"style-css-av-1912fac-dc65a3b80be12b94ee5975f560bbe89a\">\n.flex_column.av-1912fac-dc65a3b80be12b94ee5975f560bbe89a{\nborder-radius:0px 0px 0px 0px;\npadding:0px 0px 0px 0px;\n}\n<\/style>\n<div  class='flex_column av-1912fac-dc65a3b80be12b94ee5975f560bbe89a av_one_half  avia-builder-el-12  el_after_av_one_half  avia-builder-el-last  flex_column_div av-zero-column-padding  column-top-margin'     ><div  class='avia-button-wrap av-jgfukk-ab6deaae3fb41b9b14ac99ac53f05b67-wrap avia-button-right  avia-builder-el-13  avia-builder-el-no-sibling '><a href='https:\/\/shiatsuverband.ch\/fr\/association\/team\/bastian-schreiber\/'  class='avia-button av-jgfukk-ab6deaae3fb41b9b14ac99ac53f05b67 av-link-btn avia-icon_select-no avia-size-medium avia-position-right avia-color-dark'   aria-label=\"Bastian Schreiber - Commission d\u2019\u00e9thique\"><span class='avia_iconbox_title' >Bastian Schreiber - Commission d\u2019\u00e9thique<\/span><\/a><\/div><\/div>\n","protected":false},"excerpt":{"rendered":"","protected":false},"author":1,"featured_media":0,"parent":4413,"menu_order":0,"comment_status":"closed","ping_status":"closed","template":"","meta":{"_acf_changed":false,"_monsterinsights_skip_tracking":false,"_monsterinsights_sitenote_active":false,"_monsterinsights_sitenote_note":"","_monsterinsights_sitenote_category":0,"footnotes":""},"class_list":["post-70683","page","type-page","status-publish","hentry"],"acf":[],"yoast_head":"<!-- This site is optimized with the Yoast SEO plugin v27.3 - https:\/\/yoast.com\/product\/yoast-seo-wordpress\/ -->\n<title>Martin Schmid - Shiatsu Gesellschaft Schweiz<\/title>\n<meta name=\"robots\" content=\"index, follow, max-snippet:-1, max-image-preview:large, max-video-preview:-1\" \/>\n<link rel=\"canonical\" href=\"https:\/\/shiatsuverband.ch\/fr\/association\/team\/martin-schmid\/\" \/>\n<meta property=\"og:locale\" content=\"fr_FR\" \/>\n<meta property=\"og:type\" content=\"article\" \/>\n<meta property=\"og:title\" content=\"Martin Schmid - Shiatsu Gesellschaft Schweiz\" \/>\n<meta property=\"og:url\" content=\"https:\/\/shiatsuverband.ch\/fr\/association\/team\/martin-schmid\/\" \/>\n<meta property=\"og:site_name\" content=\"Shiatsu Gesellschaft Schweiz\" \/>\n<meta property=\"article:publisher\" content=\"https:\/\/www.facebook.com\/shiatsugesellschaftschweiz\" \/>\n<meta property=\"article:modified_time\" content=\"2023-04-25T08:09:34+00:00\" \/>\n<meta name=\"twitter:card\" content=\"summary_large_image\" \/>\n<meta name=\"twitter:label1\" content=\"Dur\u00e9e de lecture estim\u00e9e\" \/>\n\t<meta name=\"twitter:data1\" content=\"5 minutes\" \/>\n<script type=\"application\/ld+json\" class=\"yoast-schema-graph\">{\"@context\":\"https:\\\/\\\/schema.org\",\"@graph\":[{\"@type\":\"WebPage\",\"@id\":\"https:\\\/\\\/shiatsuverband.ch\\\/fr\\\/association\\\/team\\\/martin-schmid\\\/\",\"url\":\"https:\\\/\\\/shiatsuverband.ch\\\/fr\\\/association\\\/team\\\/martin-schmid\\\/\",\"name\":\"Martin Schmid - Shiatsu Gesellschaft Schweiz\",\"isPartOf\":{\"@id\":\"https:\\\/\\\/shiatsuverband.ch\\\/fr\\\/#website\"},\"datePublished\":\"2022-09-18T10:45:59+00:00\",\"dateModified\":\"2023-04-25T08:09:34+00:00\",\"breadcrumb\":{\"@id\":\"https:\\\/\\\/shiatsuverband.ch\\\/fr\\\/association\\\/team\\\/martin-schmid\\\/#breadcrumb\"},\"inLanguage\":\"fr-FR\",\"potentialAction\":[{\"@type\":\"ReadAction\",\"target\":[\"https:\\\/\\\/shiatsuverband.ch\\\/fr\\\/association\\\/team\\\/martin-schmid\\\/\"]}]},{\"@type\":\"BreadcrumbList\",\"@id\":\"https:\\\/\\\/shiatsuverband.ch\\\/fr\\\/association\\\/team\\\/martin-schmid\\\/#breadcrumb\",\"itemListElement\":[{\"@type\":\"ListItem\",\"position\":1,\"name\":\"Startseite\",\"item\":\"https:\\\/\\\/shiatsuverband.ch\\\/fr\\\/le-shiatsu-une-methode-de-la-therapie-complementaire\\\/\"},{\"@type\":\"ListItem\",\"position\":2,\"name\":\"Association\",\"item\":\"https:\\\/\\\/shiatsuverband.ch\\\/fr\\\/association\\\/\"},{\"@type\":\"ListItem\",\"position\":3,\"name\":\"L\u2019\u00e9quipe\",\"item\":\"https:\\\/\\\/shiatsuverband.ch\\\/fr\\\/association\\\/team\\\/\"},{\"@type\":\"ListItem\",\"position\":4,\"name\":\"Martin Schmid\"}]},{\"@type\":\"WebSite\",\"@id\":\"https:\\\/\\\/shiatsuverband.ch\\\/fr\\\/#website\",\"url\":\"https:\\\/\\\/shiatsuverband.ch\\\/fr\\\/\",\"name\":\"Shiatsu Gesellschaft Schweiz\",\"description\":\"Shiatsu, eine Methode der Komplement\u00e4rTherapie\",\"publisher\":{\"@id\":\"https:\\\/\\\/shiatsuverband.ch\\\/fr\\\/#organization\"},\"potentialAction\":[{\"@type\":\"SearchAction\",\"target\":{\"@type\":\"EntryPoint\",\"urlTemplate\":\"https:\\\/\\\/shiatsuverband.ch\\\/fr\\\/?s={search_term_string}\"},\"query-input\":{\"@type\":\"PropertyValueSpecification\",\"valueRequired\":true,\"valueName\":\"search_term_string\"}}],\"inLanguage\":\"fr-FR\"},{\"@type\":\"Organization\",\"@id\":\"https:\\\/\\\/shiatsuverband.ch\\\/fr\\\/#organization\",\"name\":\"Shiatsu Gesellschaft Schweiz\",\"url\":\"https:\\\/\\\/shiatsuverband.ch\\\/fr\\\/\",\"logo\":{\"@type\":\"ImageObject\",\"inLanguage\":\"fr-FR\",\"@id\":\"https:\\\/\\\/shiatsuverband.ch\\\/fr\\\/#\\\/schema\\\/logo\\\/image\\\/\",\"url\":\"https:\\\/\\\/shiatsuverband.ch\\\/wp-content\\\/uploads\\\/2019\\\/04\\\/Shiatsuverband_Logo.png\",\"contentUrl\":\"https:\\\/\\\/shiatsuverband.ch\\\/wp-content\\\/uploads\\\/2019\\\/04\\\/Shiatsuverband_Logo.png\",\"width\":387,\"height\":130,\"caption\":\"Shiatsu Gesellschaft Schweiz\"},\"image\":{\"@id\":\"https:\\\/\\\/shiatsuverband.ch\\\/fr\\\/#\\\/schema\\\/logo\\\/image\\\/\"},\"sameAs\":[\"https:\\\/\\\/www.facebook.com\\\/shiatsugesellschaftschweiz\"]}]}<\/script>\n<!-- \/ Yoast SEO plugin. -->","yoast_head_json":{"title":"Martin Schmid - Shiatsu Gesellschaft Schweiz","robots":{"index":"index","follow":"follow","max-snippet":"max-snippet:-1","max-image-preview":"max-image-preview:large","max-video-preview":"max-video-preview:-1"},"canonical":"https:\/\/shiatsuverband.ch\/fr\/association\/team\/martin-schmid\/","og_locale":"fr_FR","og_type":"article","og_title":"Martin Schmid - Shiatsu Gesellschaft Schweiz","og_url":"https:\/\/shiatsuverband.ch\/fr\/association\/team\/martin-schmid\/","og_site_name":"Shiatsu Gesellschaft Schweiz","article_publisher":"https:\/\/www.facebook.com\/shiatsugesellschaftschweiz","article_modified_time":"2023-04-25T08:09:34+00:00","twitter_card":"summary_large_image","twitter_misc":{"Dur\u00e9e de lecture estim\u00e9e":"5 minutes"},"schema":{"@context":"https:\/\/schema.org","@graph":[{"@type":"WebPage","@id":"https:\/\/shiatsuverband.ch\/fr\/association\/team\/martin-schmid\/","url":"https:\/\/shiatsuverband.ch\/fr\/association\/team\/martin-schmid\/","name":"Martin Schmid - Shiatsu Gesellschaft Schweiz","isPartOf":{"@id":"https:\/\/shiatsuverband.ch\/fr\/#website"},"datePublished":"2022-09-18T10:45:59+00:00","dateModified":"2023-04-25T08:09:34+00:00","breadcrumb":{"@id":"https:\/\/shiatsuverband.ch\/fr\/association\/team\/martin-schmid\/#breadcrumb"},"inLanguage":"fr-FR","potentialAction":[{"@type":"ReadAction","target":["https:\/\/shiatsuverband.ch\/fr\/association\/team\/martin-schmid\/"]}]},{"@type":"BreadcrumbList","@id":"https:\/\/shiatsuverband.ch\/fr\/association\/team\/martin-schmid\/#breadcrumb","itemListElement":[{"@type":"ListItem","position":1,"name":"Startseite","item":"https:\/\/shiatsuverband.ch\/fr\/le-shiatsu-une-methode-de-la-therapie-complementaire\/"},{"@type":"ListItem","position":2,"name":"Association","item":"https:\/\/shiatsuverband.ch\/fr\/association\/"},{"@type":"ListItem","position":3,"name":"L\u2019\u00e9quipe","item":"https:\/\/shiatsuverband.ch\/fr\/association\/team\/"},{"@type":"ListItem","position":4,"name":"Martin Schmid"}]},{"@type":"WebSite","@id":"https:\/\/shiatsuverband.ch\/fr\/#website","url":"https:\/\/shiatsuverband.ch\/fr\/","name":"Shiatsu Gesellschaft Schweiz","description":"Shiatsu, eine Methode der Komplement\u00e4rTherapie","publisher":{"@id":"https:\/\/shiatsuverband.ch\/fr\/#organization"},"potentialAction":[{"@type":"SearchAction","target":{"@type":"EntryPoint","urlTemplate":"https:\/\/shiatsuverband.ch\/fr\/?s={search_term_string}"},"query-input":{"@type":"PropertyValueSpecification","valueRequired":true,"valueName":"search_term_string"}}],"inLanguage":"fr-FR"},{"@type":"Organization","@id":"https:\/\/shiatsuverband.ch\/fr\/#organization","name":"Shiatsu Gesellschaft Schweiz","url":"https:\/\/shiatsuverband.ch\/fr\/","logo":{"@type":"ImageObject","inLanguage":"fr-FR","@id":"https:\/\/shiatsuverband.ch\/fr\/#\/schema\/logo\/image\/","url":"https:\/\/shiatsuverband.ch\/wp-content\/uploads\/2019\/04\/Shiatsuverband_Logo.png","contentUrl":"https:\/\/shiatsuverband.ch\/wp-content\/uploads\/2019\/04\/Shiatsuverband_Logo.png","width":387,"height":130,"caption":"Shiatsu Gesellschaft Schweiz"},"image":{"@id":"https:\/\/shiatsuverband.ch\/fr\/#\/schema\/logo\/image\/"},"sameAs":["https:\/\/www.facebook.com\/shiatsugesellschaftschweiz"]}]}},"_links":{"self":[{"href":"https:\/\/shiatsuverband.ch\/fr\/wp-json\/wp\/v2\/pages\/70683","targetHints":{"allow":["GET"]}}],"collection":[{"href":"https:\/\/shiatsuverband.ch\/fr\/wp-json\/wp\/v2\/pages"}],"about":[{"href":"https:\/\/shiatsuverband.ch\/fr\/wp-json\/wp\/v2\/types\/page"}],"author":[{"embeddable":true,"href":"https:\/\/shiatsuverband.ch\/fr\/wp-json\/wp\/v2\/users\/1"}],"replies":[{"embeddable":true,"href":"https:\/\/shiatsuverband.ch\/fr\/wp-json\/wp\/v2\/comments?post=70683"}],"version-history":[{"count":4,"href":"https:\/\/shiatsuverband.ch\/fr\/wp-json\/wp\/v2\/pages\/70683\/revisions"}],"predecessor-version":[{"id":79950,"href":"https:\/\/shiatsuverband.ch\/fr\/wp-json\/wp\/v2\/pages\/70683\/revisions\/79950"}],"up":[{"embeddable":true,"href":"https:\/\/shiatsuverband.ch\/fr\/wp-json\/wp\/v2\/pages\/4413"}],"wp:attachment":[{"href":"https:\/\/shiatsuverband.ch\/fr\/wp-json\/wp\/v2\/media?parent=70683"}],"curies":[{"name":"wp","href":"https:\/\/api.w.org\/{rel}","templated":true}]}}