{"id":7405,"date":"2019-06-09T11:28:26","date_gmt":"2019-06-09T09:28:26","guid":{"rendered":"https:\/\/shiatsuverband.ch\/?page_id=7405"},"modified":"2025-04-22T16:57:32","modified_gmt":"2025-04-22T14:57:32","slug":"sabine-bannwart","status":"publish","type":"page","link":"https:\/\/shiatsuverband.ch\/fr\/association\/team\/sabine-bannwart\/","title":{"rendered":"Sabine Bannwart"},"content":{"rendered":"\n<style type=\"text\/css\" data-created_by=\"avia_inline_auto\" id=\"style-css-av-juldoq0r-c87511fb83b526ccdc26f866797fb10f\">\n.avia-section.av-juldoq0r-c87511fb83b526ccdc26f866797fb10f{\nbackground-color:#009ed0;\nbackground-image:unset;\n}\n<\/style>\n<div id='av_section_1'  class='avia-section av-juldoq0r-c87511fb83b526ccdc26f866797fb10f main_color avia-section-no-padding avia-no-border-styling  avia-builder-el-0  el_before_av_one_third  avia-builder-el-first  color-section-title avia-bg-style-scroll container_wrap fullsize'  ><div class='container av-section-cont-open' ><main  role=\"main\" itemprop=\"mainContentOfPage\"  class='template-page content  av-content-full alpha units'><div class='post-entry post-entry-type-page post-entry-7405'><div class='entry-content-wrapper clearfix'>\n\n<style type=\"text\/css\" data-created_by=\"avia_inline_auto\" id=\"style-css-av-juldp5op-eb15166013101c8b5ba3d36b4655d3c0\">\n#top .hr.hr-invisible.av-juldp5op-eb15166013101c8b5ba3d36b4655d3c0{\nheight:40px;\n}\n<\/style>\n<div  class='hr av-juldp5op-eb15166013101c8b5ba3d36b4655d3c0 hr-invisible  avia-builder-el-1  el_before_av_textblock  avia-builder-el-first '><span class='hr-inner '><span class=\"hr-inner-style\"><\/span><\/span><\/div>\n<section  class='av_textblock_section av-juldpd9d-719add2b8f72bc6d5defbc66028d63ff '   itemscope=\"itemscope\" itemtype=\"https:\/\/schema.org\/CreativeWork\" ><div class='avia_textblock'  itemprop=\"text\" ><h1 class=\"h1-white\">Sabine Bannwart \u2013 Pr\u00e9sidence<\/h1>\n<\/div><\/section>\n<\/div><\/div><\/main><!-- close content main element --><\/div><\/div><div id='after_section_1'  class='main_color av_default_container_wrap container_wrap fullsize'  ><div class='container av-section-cont-open' ><div class='template-page content  av-content-full alpha units'><div class='post-entry post-entry-type-page post-entry-7405'><div class='entry-content-wrapper clearfix'>\n\n<style type=\"text\/css\" data-created_by=\"avia_inline_auto\" id=\"style-css-av-7o3a85-eb7e7bac93d63bb0b066f01c13928ebc\">\n.flex_column.av-7o3a85-eb7e7bac93d63bb0b066f01c13928ebc{\nborder-radius:0px 0px 0px 0px;\npadding:0px 0px 0px 0px;\n}\n<\/style>\n<div  class='flex_column av-7o3a85-eb7e7bac93d63bb0b066f01c13928ebc av_one_third  avia-builder-el-3  el_after_av_section  el_before_av_two_third  avia-builder-el-first  first flex_column_div av-zero-column-padding  '     ><style type=\"text\/css\" data-created_by=\"avia_inline_auto\" id=\"style-css-av-jwon4zy3-b13ae4c7976ad0670a9b65000b160080\">\n.avia-image-container.av-jwon4zy3-b13ae4c7976ad0670a9b65000b160080 img.avia_image{\nbox-shadow:none;\n}\n.avia-image-container.av-jwon4zy3-b13ae4c7976ad0670a9b65000b160080 .av-image-caption-overlay-center{\ncolor:#ffffff;\n}\n<\/style>\n<div  class='avia-image-container av-jwon4zy3-b13ae4c7976ad0670a9b65000b160080 av-styling- avia-align-center  avia-builder-el-4  avia-builder-el-no-sibling '   itemprop=\"image\" itemscope=\"itemscope\" itemtype=\"https:\/\/schema.org\/ImageObject\" ><div class=\"avia-image-container-inner\"><div class=\"avia-image-overlay-wrap\"><img decoding=\"async\" fetchpriority=\"high\" class='wp-image-153 avia-img-lazy-loading-not-153 avia_image ' src=\"https:\/\/shiatsuverband.ch\/wp-content\/uploads\/2019\/02\/Sabine_Bannwart.jpg\" alt='Sabine Bannwart' title='Sabine Bannwart'  height=\"499\" width=\"768\"  itemprop=\"thumbnailUrl\" srcset=\"https:\/\/shiatsuverband.ch\/wp-content\/uploads\/2019\/02\/Sabine_Bannwart.jpg 768w, https:\/\/shiatsuverband.ch\/wp-content\/uploads\/2019\/02\/Sabine_Bannwart-300x195.jpg 300w, https:\/\/shiatsuverband.ch\/wp-content\/uploads\/2019\/02\/Sabine_Bannwart-705x458.jpg 705w, https:\/\/shiatsuverband.ch\/wp-content\/uploads\/2019\/02\/Sabine_Bannwart-450x292.jpg 450w\" sizes=\"(max-width: 768px) 100vw, 768px\" \/><\/div><\/div><\/div><\/div>\n\n<style type=\"text\/css\" data-created_by=\"avia_inline_auto\" id=\"style-css-av-555jad-34408ccba8aedb26f06f134946316905\">\n.flex_column.av-555jad-34408ccba8aedb26f06f134946316905{\nborder-radius:0px 0px 0px 0px;\npadding:0px 0px 0px 0px;\n}\n<\/style>\n<div  class='flex_column av-555jad-34408ccba8aedb26f06f134946316905 av_two_third  avia-builder-el-5  el_after_av_one_third  el_before_av_one_half  flex_column_div av-zero-column-padding  '     ><section  class='av_textblock_section av-7apqt-29fac06357365b434d53a716c2e6b070 '   itemscope=\"itemscope\" itemtype=\"https:\/\/schema.org\/CreativeWork\" ><div class='avia_textblock'  itemprop=\"text\" ><p>\u00ab Faire conna\u00eetre le Shiatsu dans le monde en tant que profession m&rsquo;apporte de la joie et me touche. \u00bb<\/p>\n<\/div><\/section><\/div>\n\n<style type=\"text\/css\" data-created_by=\"avia_inline_auto\" id=\"style-css-av-4n9vzp-3636db3ab26801d6942879d63bbcb8f2\">\n.flex_column.av-4n9vzp-3636db3ab26801d6942879d63bbcb8f2{\nborder-radius:0px 0px 0px 0px;\npadding:0px 0px 0px 0px;\n}\n<\/style>\n<div  class='flex_column av-4n9vzp-3636db3ab26801d6942879d63bbcb8f2 av_one_half  avia-builder-el-7  el_after_av_two_third  el_before_av_one_half  first flex_column_div av-zero-column-padding  column-top-margin'     ><section  class='av_textblock_section av-7apqt-4-75df917c51225e0075fb8374e98e6647 '   itemscope=\"itemscope\" itemtype=\"https:\/\/schema.org\/CreativeWork\" ><div class='avia_textblock'  itemprop=\"text\" ><h2>Curriculum<\/h2>\n<h3>Formation de Shiatsu et exp\u00e9rience professionnelle th\u00e9rapeutique<\/h3>\n<p>Dipl\u00f4me de Shiatsu :<br \/>\n2011 TAO CHI, Zurich<\/p>\n<p>Autres formations :<\/p>\n<p>_ 2025 supervision dans le contexte th\u00e9rapeutique<br \/>\n_ 2023-2024 Constellations syst\u00e9miques combin\u00e9es avec un travail corporel sur les traumatismes avec Barbara-Elisa Brantschen<br \/>\n_ 2021 Th\u00e9rapeute compl\u00e9mentaire avec dipl\u00f4me f\u00e9d\u00e9ral<br \/>\n_ Depuis 2018 formations continues en Seiki et avec Helga Sieber<br \/>\n_ 2017 Th\u00e9rapeute compl\u00e9mentaire avec certificat de branche OrTra TC<br \/>\n_ 2012-2013 Movement Shiatsu formation postgrade<br \/>\n_ 2010 Shonishin et Baby-Shiatsu \u00e0 Zurich et Vienne<\/p>\n<p>Exp\u00e9rience professionnelle :<br \/>\n_ Depuis 2010 cabinet \u00e0 Meilen, aujourd\u2019hui \u00e0 Pf\u00e4ffikon ZH<\/p>\n<h3>Parcours professionnel<\/h3>\n<p>_ Directrice du marketing chez Amadeus (Marketing) Schweiz AG<br \/>\n_ Conseill\u00e8re en marketing pour Microsoft et Swisscom entre autres<br \/>\n_ Account Manager Distribution chez Logitech (Suisse) SA<br \/>\n_ Directrice du marketing dans diff\u00e9rentes divisions chez Hewlett-Packard (Suisse) GmbH<br \/>\n_ Coordinatrice de vente avec certificat f\u00e9d\u00e9ral<br \/>\n_ Formation commerciale \u00e0 Zurich<\/p>\n<h3>Informations personnelles<\/h3>\n<p>N\u00e9e en 1974<br \/>\nPrend plaisir \u00e0 la vie familiale, la nature et les montagnes, \u00e0 voyager et rencontrer la culture d\u2019autres pays.<\/p>\n<p>Pour en savoir plus sur Sabine Bannwart consultez cet <a href=\"https:\/\/shiatsuverband.ch\/fr\/nous-presentons-sabine-bannwart-presidente-de-lassociation-suisse-de-shiatsu\/\">article du blog<\/a> .<\/p>\n<\/div><\/section><\/div>\n<style type=\"text\/css\" data-created_by=\"avia_inline_auto\" id=\"style-css-av-2h2ted-85ea301a3c41c8556581499537cad4d9\">\n.flex_column.av-2h2ted-85ea301a3c41c8556581499537cad4d9{\nborder-radius:0px 0px 0px 0px;\npadding:0px 0px 0px 0px;\n}\n<\/style>\n<div  class='flex_column av-2h2ted-85ea301a3c41c8556581499537cad4d9 av_one_half  avia-builder-el-9  el_after_av_one_half  el_before_av_one_half  flex_column_div av-zero-column-padding  column-top-margin'     ><section  class='av_textblock_section av-7apqt-3-c8322c4a34e683254218d0a6ad6c698d '   itemscope=\"itemscope\" itemtype=\"https:\/\/schema.org\/CreativeWork\" ><div class='avia_textblock'  itemprop=\"text\" ><h2>Fonctions<\/h2>\n<h3>Fonctions actuelles au sein de l\u2019ASS<\/h3>\n<p>_ Pr\u00e9sidente de l\u2019Association Suisse de Shiatsu (depuis 2018)<br \/>\n_ Domaine d\u2019activit\u00e9 Strat\u00e9gie \u2013 d\u00e9veloppement de l\u2019organisation (depuis 2017)<br \/>\n_ Domaine d\u2019activit\u00e9 Secr\u00e9tariat\/personnel (depuis 2017)<\/p>\n<h3>Fonctions actuelles au sein de l\u2019OrTra TC<\/h3>\n<p>_ Membre de la commission de recours (depuis 2024)<br \/>\n_ D\u00e9l\u00e9gu\u00e9e de l\u2019ASS pour l\u2019OrTra TC (depuis 2015)<\/p>\n<h3>Anciennes fonctions au sein de l\u2019ASS<\/h3>\n<p>_ Co-pr\u00e9sidente de l\u2019Association Suisse de Shiatsu (2017-2018) ensemble avec Barbara Ettler<br \/>\n_ Domaine d\u2019activit\u00e9 Ecoles (2015-2018 et 2020\/2021)<br \/>\n_ Direction du domaine d\u2019activit\u00e9 Relations publiques (2015-2021)<br \/>\n_ Mandat Relations publiques (2014)<\/p>\n<\/div><\/section><\/div><\/p>\n\n<style type=\"text\/css\" data-created_by=\"avia_inline_auto\" id=\"style-css-av-2fhsxh-25ce7efac53c73ee6ae0742b81a58f50\">\n.flex_column.av-2fhsxh-25ce7efac53c73ee6ae0742b81a58f50{\nborder-radius:0px 0px 0px 0px;\npadding:0px 0px 0px 0px;\n}\n<\/style>\n<div  class='flex_column av-2fhsxh-25ce7efac53c73ee6ae0742b81a58f50 av_one_half  avia-builder-el-11  el_after_av_one_half  el_before_av_one_half  first flex_column_div av-zero-column-padding  column-top-margin'     ><div  class='avia-button-wrap av-jwoppvk8-8c6486a8922e127c5a8a351d72936229-wrap avia-button-left  avia-builder-el-12  avia-builder-el-no-sibling '><a href='https:\/\/shiatsuverband.ch\/fr\/association\/team\/shenoa-tara\/'  class='avia-button av-jwoppvk8-8c6486a8922e127c5a8a351d72936229 av-link-btn avia-icon_select-no avia-size-medium avia-position-left avia-color-dark'   aria-label=\"Shenoa Tara - Services aux Membres\"><span class='avia_iconbox_title' >Shenoa Tara - Services aux Membres<\/span><\/a><\/div><\/div>\n\n<style type=\"text\/css\" data-created_by=\"avia_inline_auto\" id=\"style-css-av-44gdot-f59b971c2758dabdbbc8060986ea4676\">\n.flex_column.av-44gdot-f59b971c2758dabdbbc8060986ea4676{\nborder-radius:0px 0px 0px 0px;\npadding:0px 0px 0px 0px;\n}\n<\/style>\n<div  class='flex_column av-44gdot-f59b971c2758dabdbbc8060986ea4676 av_one_half  avia-builder-el-13  el_after_av_one_half  avia-builder-el-last  flex_column_div av-zero-column-padding  column-top-margin'     ><div  class='avia-button-wrap av-2gn699-ecdbb84f5851a6250aa31bf9c064e4a9-wrap avia-button-left  avia-builder-el-14  avia-builder-el-no-sibling '><a href='https:\/\/shiatsuverband.ch\/fr\/association\/team\/nina-sternthal\/'  class='avia-button av-2gn699-ecdbb84f5851a6250aa31bf9c064e4a9 av-link-btn avia-icon_select-no avia-size-medium avia-position-left avia-color-dark'   aria-label=\"Nina Sternthal - Vice-Pr\u00e9sidence\"><span class='avia_iconbox_title' >Nina Sternthal - Vice-Pr\u00e9sidence<\/span><\/a><\/div><\/div>\n","protected":false},"excerpt":{"rendered":"","protected":false},"author":1,"featured_media":0,"parent":4413,"menu_order":0,"comment_status":"closed","ping_status":"closed","template":"","meta":{"_acf_changed":false,"_monsterinsights_skip_tracking":false,"_monsterinsights_sitenote_active":false,"_monsterinsights_sitenote_note":"","_monsterinsights_sitenote_category":0,"footnotes":""},"class_list":["post-7405","page","type-page","status-publish","hentry"],"acf":[],"yoast_head":"<!-- This site is optimized with the Yoast SEO plugin v27.3 - https:\/\/yoast.com\/product\/yoast-seo-wordpress\/ -->\n<title>Sabine Bannwart - Association Suisse de Shiatsu<\/title>\n<meta name=\"robots\" content=\"index, follow, max-snippet:-1, max-image-preview:large, max-video-preview:-1\" \/>\n<link rel=\"canonical\" href=\"https:\/\/shiatsuverband.ch\/fr\/association\/team\/sabine-bannwart\/\" \/>\n<meta property=\"og:locale\" content=\"fr_FR\" \/>\n<meta property=\"og:type\" content=\"article\" \/>\n<meta property=\"og:title\" content=\"Sabine Bannwart - Association Suisse de Shiatsu\" \/>\n<meta property=\"og:url\" content=\"https:\/\/shiatsuverband.ch\/fr\/association\/team\/sabine-bannwart\/\" \/>\n<meta property=\"og:site_name\" content=\"Shiatsu Gesellschaft Schweiz\" \/>\n<meta property=\"article:publisher\" content=\"https:\/\/www.facebook.com\/shiatsugesellschaftschweiz\" \/>\n<meta property=\"article:modified_time\" content=\"2025-04-22T14:57:32+00:00\" \/>\n<meta name=\"twitter:card\" content=\"summary_large_image\" \/>\n<meta name=\"twitter:label1\" content=\"Dur\u00e9e de lecture estim\u00e9e\" \/>\n\t<meta name=\"twitter:data1\" content=\"2 minutes\" \/>\n<script type=\"application\/ld+json\" class=\"yoast-schema-graph\">{\"@context\":\"https:\\\/\\\/schema.org\",\"@graph\":[{\"@type\":\"WebPage\",\"@id\":\"https:\\\/\\\/shiatsuverband.ch\\\/fr\\\/association\\\/team\\\/sabine-bannwart\\\/\",\"url\":\"https:\\\/\\\/shiatsuverband.ch\\\/fr\\\/association\\\/team\\\/sabine-bannwart\\\/\",\"name\":\"Sabine Bannwart - Association Suisse de Shiatsu\",\"isPartOf\":{\"@id\":\"https:\\\/\\\/shiatsuverband.ch\\\/fr\\\/#website\"},\"datePublished\":\"2019-06-09T09:28:26+00:00\",\"dateModified\":\"2025-04-22T14:57:32+00:00\",\"breadcrumb\":{\"@id\":\"https:\\\/\\\/shiatsuverband.ch\\\/fr\\\/association\\\/team\\\/sabine-bannwart\\\/#breadcrumb\"},\"inLanguage\":\"fr-FR\",\"potentialAction\":[{\"@type\":\"ReadAction\",\"target\":[\"https:\\\/\\\/shiatsuverband.ch\\\/fr\\\/association\\\/team\\\/sabine-bannwart\\\/\"]}]},{\"@type\":\"BreadcrumbList\",\"@id\":\"https:\\\/\\\/shiatsuverband.ch\\\/fr\\\/association\\\/team\\\/sabine-bannwart\\\/#breadcrumb\",\"itemListElement\":[{\"@type\":\"ListItem\",\"position\":1,\"name\":\"Startseite\",\"item\":\"https:\\\/\\\/shiatsuverband.ch\\\/fr\\\/le-shiatsu-une-methode-de-la-therapie-complementaire\\\/\"},{\"@type\":\"ListItem\",\"position\":2,\"name\":\"Association\",\"item\":\"https:\\\/\\\/shiatsuverband.ch\\\/fr\\\/association\\\/\"},{\"@type\":\"ListItem\",\"position\":3,\"name\":\"L\u2019\u00e9quipe\",\"item\":\"https:\\\/\\\/shiatsuverband.ch\\\/fr\\\/association\\\/team\\\/\"},{\"@type\":\"ListItem\",\"position\":4,\"name\":\"Sabine Bannwart\"}]},{\"@type\":\"WebSite\",\"@id\":\"https:\\\/\\\/shiatsuverband.ch\\\/fr\\\/#website\",\"url\":\"https:\\\/\\\/shiatsuverband.ch\\\/fr\\\/\",\"name\":\"Shiatsu Gesellschaft Schweiz\",\"description\":\"Shiatsu, eine Methode der Komplement\u00e4rTherapie\",\"publisher\":{\"@id\":\"https:\\\/\\\/shiatsuverband.ch\\\/fr\\\/#organization\"},\"potentialAction\":[{\"@type\":\"SearchAction\",\"target\":{\"@type\":\"EntryPoint\",\"urlTemplate\":\"https:\\\/\\\/shiatsuverband.ch\\\/fr\\\/?s={search_term_string}\"},\"query-input\":{\"@type\":\"PropertyValueSpecification\",\"valueRequired\":true,\"valueName\":\"search_term_string\"}}],\"inLanguage\":\"fr-FR\"},{\"@type\":\"Organization\",\"@id\":\"https:\\\/\\\/shiatsuverband.ch\\\/fr\\\/#organization\",\"name\":\"Shiatsu Gesellschaft Schweiz\",\"url\":\"https:\\\/\\\/shiatsuverband.ch\\\/fr\\\/\",\"logo\":{\"@type\":\"ImageObject\",\"inLanguage\":\"fr-FR\",\"@id\":\"https:\\\/\\\/shiatsuverband.ch\\\/fr\\\/#\\\/schema\\\/logo\\\/image\\\/\",\"url\":\"https:\\\/\\\/shiatsuverband.ch\\\/wp-content\\\/uploads\\\/2019\\\/04\\\/Shiatsuverband_Logo.png\",\"contentUrl\":\"https:\\\/\\\/shiatsuverband.ch\\\/wp-content\\\/uploads\\\/2019\\\/04\\\/Shiatsuverband_Logo.png\",\"width\":387,\"height\":130,\"caption\":\"Shiatsu Gesellschaft Schweiz\"},\"image\":{\"@id\":\"https:\\\/\\\/shiatsuverband.ch\\\/fr\\\/#\\\/schema\\\/logo\\\/image\\\/\"},\"sameAs\":[\"https:\\\/\\\/www.facebook.com\\\/shiatsugesellschaftschweiz\"]}]}<\/script>\n<!-- \/ Yoast SEO plugin. -->","yoast_head_json":{"title":"Sabine Bannwart - Association Suisse de Shiatsu","robots":{"index":"index","follow":"follow","max-snippet":"max-snippet:-1","max-image-preview":"max-image-preview:large","max-video-preview":"max-video-preview:-1"},"canonical":"https:\/\/shiatsuverband.ch\/fr\/association\/team\/sabine-bannwart\/","og_locale":"fr_FR","og_type":"article","og_title":"Sabine Bannwart - Association Suisse de Shiatsu","og_url":"https:\/\/shiatsuverband.ch\/fr\/association\/team\/sabine-bannwart\/","og_site_name":"Shiatsu Gesellschaft Schweiz","article_publisher":"https:\/\/www.facebook.com\/shiatsugesellschaftschweiz","article_modified_time":"2025-04-22T14:57:32+00:00","twitter_card":"summary_large_image","twitter_misc":{"Dur\u00e9e de lecture estim\u00e9e":"2 minutes"},"schema":{"@context":"https:\/\/schema.org","@graph":[{"@type":"WebPage","@id":"https:\/\/shiatsuverband.ch\/fr\/association\/team\/sabine-bannwart\/","url":"https:\/\/shiatsuverband.ch\/fr\/association\/team\/sabine-bannwart\/","name":"Sabine Bannwart - Association Suisse de Shiatsu","isPartOf":{"@id":"https:\/\/shiatsuverband.ch\/fr\/#website"},"datePublished":"2019-06-09T09:28:26+00:00","dateModified":"2025-04-22T14:57:32+00:00","breadcrumb":{"@id":"https:\/\/shiatsuverband.ch\/fr\/association\/team\/sabine-bannwart\/#breadcrumb"},"inLanguage":"fr-FR","potentialAction":[{"@type":"ReadAction","target":["https:\/\/shiatsuverband.ch\/fr\/association\/team\/sabine-bannwart\/"]}]},{"@type":"BreadcrumbList","@id":"https:\/\/shiatsuverband.ch\/fr\/association\/team\/sabine-bannwart\/#breadcrumb","itemListElement":[{"@type":"ListItem","position":1,"name":"Startseite","item":"https:\/\/shiatsuverband.ch\/fr\/le-shiatsu-une-methode-de-la-therapie-complementaire\/"},{"@type":"ListItem","position":2,"name":"Association","item":"https:\/\/shiatsuverband.ch\/fr\/association\/"},{"@type":"ListItem","position":3,"name":"L\u2019\u00e9quipe","item":"https:\/\/shiatsuverband.ch\/fr\/association\/team\/"},{"@type":"ListItem","position":4,"name":"Sabine Bannwart"}]},{"@type":"WebSite","@id":"https:\/\/shiatsuverband.ch\/fr\/#website","url":"https:\/\/shiatsuverband.ch\/fr\/","name":"Shiatsu Gesellschaft Schweiz","description":"Shiatsu, eine Methode der Komplement\u00e4rTherapie","publisher":{"@id":"https:\/\/shiatsuverband.ch\/fr\/#organization"},"potentialAction":[{"@type":"SearchAction","target":{"@type":"EntryPoint","urlTemplate":"https:\/\/shiatsuverband.ch\/fr\/?s={search_term_string}"},"query-input":{"@type":"PropertyValueSpecification","valueRequired":true,"valueName":"search_term_string"}}],"inLanguage":"fr-FR"},{"@type":"Organization","@id":"https:\/\/shiatsuverband.ch\/fr\/#organization","name":"Shiatsu Gesellschaft Schweiz","url":"https:\/\/shiatsuverband.ch\/fr\/","logo":{"@type":"ImageObject","inLanguage":"fr-FR","@id":"https:\/\/shiatsuverband.ch\/fr\/#\/schema\/logo\/image\/","url":"https:\/\/shiatsuverband.ch\/wp-content\/uploads\/2019\/04\/Shiatsuverband_Logo.png","contentUrl":"https:\/\/shiatsuverband.ch\/wp-content\/uploads\/2019\/04\/Shiatsuverband_Logo.png","width":387,"height":130,"caption":"Shiatsu Gesellschaft Schweiz"},"image":{"@id":"https:\/\/shiatsuverband.ch\/fr\/#\/schema\/logo\/image\/"},"sameAs":["https:\/\/www.facebook.com\/shiatsugesellschaftschweiz"]}]}},"_links":{"self":[{"href":"https:\/\/shiatsuverband.ch\/fr\/wp-json\/wp\/v2\/pages\/7405","targetHints":{"allow":["GET"]}}],"collection":[{"href":"https:\/\/shiatsuverband.ch\/fr\/wp-json\/wp\/v2\/pages"}],"about":[{"href":"https:\/\/shiatsuverband.ch\/fr\/wp-json\/wp\/v2\/types\/page"}],"author":[{"embeddable":true,"href":"https:\/\/shiatsuverband.ch\/fr\/wp-json\/wp\/v2\/users\/1"}],"replies":[{"embeddable":true,"href":"https:\/\/shiatsuverband.ch\/fr\/wp-json\/wp\/v2\/comments?post=7405"}],"version-history":[{"count":15,"href":"https:\/\/shiatsuverband.ch\/fr\/wp-json\/wp\/v2\/pages\/7405\/revisions"}],"predecessor-version":[{"id":110341,"href":"https:\/\/shiatsuverband.ch\/fr\/wp-json\/wp\/v2\/pages\/7405\/revisions\/110341"}],"up":[{"embeddable":true,"href":"https:\/\/shiatsuverband.ch\/fr\/wp-json\/wp\/v2\/pages\/4413"}],"wp:attachment":[{"href":"https:\/\/shiatsuverband.ch\/fr\/wp-json\/wp\/v2\/media?parent=7405"}],"curies":[{"name":"wp","href":"https:\/\/api.w.org\/{rel}","templated":true}]}}