{"id":7413,"date":"2019-06-09T11:48:54","date_gmt":"2019-06-09T09:48:54","guid":{"rendered":"https:\/\/shiatsuverband.ch\/?page_id=7413"},"modified":"2025-04-14T08:20:39","modified_gmt":"2025-04-14T06:20:39","slug":"sabine-bollinger","status":"publish","type":"page","link":"https:\/\/shiatsuverband.ch\/fr\/association\/team\/sabine-bollinger\/","title":{"rendered":"Sabine Bollinger"},"content":{"rendered":"\n<style type=\"text\/css\" data-created_by=\"avia_inline_auto\" id=\"style-css-av-juldoq0r-c87511fb83b526ccdc26f866797fb10f\">\n.avia-section.av-juldoq0r-c87511fb83b526ccdc26f866797fb10f{\nbackground-color:#009ed0;\nbackground-image:unset;\n}\n<\/style>\n<div id='av_section_1'  class='avia-section av-juldoq0r-c87511fb83b526ccdc26f866797fb10f main_color avia-section-no-padding avia-no-border-styling  avia-builder-el-0  el_before_av_one_third  avia-builder-el-first  color-section-title avia-bg-style-scroll container_wrap fullsize'  ><div class='container av-section-cont-open' ><main  role=\"main\" itemprop=\"mainContentOfPage\"  class='template-page content  av-content-full alpha units'><div class='post-entry post-entry-type-page post-entry-7413'><div class='entry-content-wrapper clearfix'>\n\n<style type=\"text\/css\" data-created_by=\"avia_inline_auto\" id=\"style-css-av-juldp5op-eb15166013101c8b5ba3d36b4655d3c0\">\n#top .hr.hr-invisible.av-juldp5op-eb15166013101c8b5ba3d36b4655d3c0{\nheight:40px;\n}\n<\/style>\n<div  class='hr av-juldp5op-eb15166013101c8b5ba3d36b4655d3c0 hr-invisible  avia-builder-el-1  el_before_av_textblock  avia-builder-el-first '><span class='hr-inner '><span class=\"hr-inner-style\"><\/span><\/span><\/div>\n<section  class='av_textblock_section av-juldpd9d-719add2b8f72bc6d5defbc66028d63ff '   itemscope=\"itemscope\" itemtype=\"https:\/\/schema.org\/CreativeWork\" ><div class='avia_textblock'  itemprop=\"text\" ><h1 class=\"h1-white\">Sabine Bollinger &#8211; Vize-Pr\u00e4sidium<\/h1>\n<\/div><\/section>\n<\/div><\/div><\/main><!-- close content main element --><\/div><\/div><div id='after_section_1'  class='main_color av_default_container_wrap container_wrap fullsize'  ><div class='container av-section-cont-open' ><div class='template-page content  av-content-full alpha units'><div class='post-entry post-entry-type-page post-entry-7413'><div class='entry-content-wrapper clearfix'>\n\n<style type=\"text\/css\" data-created_by=\"avia_inline_auto\" id=\"style-css-av-7o3a85-eb7e7bac93d63bb0b066f01c13928ebc\">\n.flex_column.av-7o3a85-eb7e7bac93d63bb0b066f01c13928ebc{\nborder-radius:0px 0px 0px 0px;\npadding:0px 0px 0px 0px;\n}\n<\/style>\n<div  class='flex_column av-7o3a85-eb7e7bac93d63bb0b066f01c13928ebc av_one_third  avia-builder-el-3  el_after_av_section  el_before_av_one_third  avia-builder-el-first  first flex_column_div av-zero-column-padding  '     ><style type=\"text\/css\" data-created_by=\"avia_inline_auto\" id=\"style-css-av-jwon4zy3-d2e54923e1b52f2241ec78cef2a87b5d\">\n.avia-image-container.av-jwon4zy3-d2e54923e1b52f2241ec78cef2a87b5d img.avia_image{\nbox-shadow:none;\n}\n.avia-image-container.av-jwon4zy3-d2e54923e1b52f2241ec78cef2a87b5d .av-image-caption-overlay-center{\ncolor:#ffffff;\n}\n<\/style>\n<div  class='avia-image-container av-jwon4zy3-d2e54923e1b52f2241ec78cef2a87b5d av-styling- avia-align-center  avia-builder-el-4  avia-builder-el-no-sibling '   itemprop=\"image\" itemscope=\"itemscope\" itemtype=\"https:\/\/schema.org\/ImageObject\" ><div class=\"avia-image-container-inner\"><div class=\"avia-image-overlay-wrap\"><img decoding=\"async\" fetchpriority=\"high\" class='wp-image-7331 avia-img-lazy-loading-not-7331 avia_image ' src=\"https:\/\/shiatsuverband.ch\/wp-content\/uploads\/2019\/02\/Sabine_Bollinger.jpg\" alt='Sabine Bollinger' title='Sabine Bollinger'  height=\"650\" width=\"1000\"  itemprop=\"thumbnailUrl\" srcset=\"https:\/\/shiatsuverband.ch\/wp-content\/uploads\/2019\/02\/Sabine_Bollinger.jpg 1000w, https:\/\/shiatsuverband.ch\/wp-content\/uploads\/2019\/02\/Sabine_Bollinger-300x195.jpg 300w, https:\/\/shiatsuverband.ch\/wp-content\/uploads\/2019\/02\/Sabine_Bollinger-768x499.jpg 768w, https:\/\/shiatsuverband.ch\/wp-content\/uploads\/2019\/02\/Sabine_Bollinger-705x458.jpg 705w, https:\/\/shiatsuverband.ch\/wp-content\/uploads\/2019\/02\/Sabine_Bollinger-450x293.jpg 450w\" sizes=\"(max-width: 1000px) 100vw, 1000px\" \/><\/div><\/div><\/div><\/div>\n\n<style type=\"text\/css\" data-created_by=\"avia_inline_auto\" id=\"style-css-av-555jad-34408ccba8aedb26f06f134946316905\">\n.flex_column.av-555jad-34408ccba8aedb26f06f134946316905{\nborder-radius:0px 0px 0px 0px;\npadding:0px 0px 0px 0px;\n}\n<\/style>\n<div  class='flex_column av-555jad-34408ccba8aedb26f06f134946316905 av_two_third flex_column_div av-zero-column-padding  '     ><section  class='av_textblock_section av-7apqt-b7322d4bb994bbcd437244b5006bd5aa '   itemscope=\"itemscope\" itemtype=\"https:\/\/schema.org\/CreativeWork\" ><div class='avia_textblock'  itemprop=\"text\" ><p>\u00abShiatsu ist f\u00fcr mich essenziell und liegt mir sehr am Herzen. Darum engagiere ich mich auch aktiv im Vorstand unseres Berufsverbandes f\u00fcr diese wunderbare Methode der Komplement\u00e4rTherapie.\u00bb<\/p>\n<\/div><\/section><\/div>\n\n<style type=\"text\/css\" data-created_by=\"avia_inline_auto\" id=\"style-css-av-4n9vzp-3636db3ab26801d6942879d63bbcb8f2\">\n.flex_column.av-4n9vzp-3636db3ab26801d6942879d63bbcb8f2{\nborder-radius:0px 0px 0px 0px;\npadding:0px 0px 0px 0px;\n}\n<\/style>\n<div  class='flex_column av-4n9vzp-3636db3ab26801d6942879d63bbcb8f2 av_one_half first flex_column_div av-zero-column-padding  '     ><section  class='av_textblock_section av-7apqt-17f451d602e26ad83d3b3d2d8783303e '   itemscope=\"itemscope\" itemtype=\"https:\/\/schema.org\/CreativeWork\" ><div class='avia_textblock'  itemprop=\"text\" ><h2>Curriculum<\/h2>\n<h3>Shiatsu Ausbildungen und therapeutische Berufserfahrung<\/h3>\n<p>Shiatsu-Diplom:<br \/>\n2000 TAO CHI Z\u00fcrich<\/p>\n<p>Weitere Ausbildungen:<br \/>\n_ 2018 Komplement\u00e4rTherapeutin mit Branchenzertifikat OdA KT<br \/>\n_ 2016-2018 Pr\u00e4-und perinatale K\u00f6rperpsychotherapie und Traumatherapie<br \/>\n_ 2001-2004 WasserShiatsu und WasserTanzen, IAKA Bern<\/p>\n<p>Therapeutische Berufserfahrung:<br \/>\n_ Seit 2000 Praxis in Z\u00fcrich<\/p>\n<h3>Berufliche Hintergr\u00fcnde<\/h3>\n<p>_ Leitung Sekretariat, Finanzen und Personaladministration in einem Architekturb\u00fcro<br \/>\n_ Vorstandsarbeit in einem privaten Kinderhort, verantwortlich f\u00fcr Finanzen und Administration<br \/>\n_ Sachbearbeiterin Rechnungswesen<br \/>\n_ Hochbauzeichnerin<\/p>\n<h3>Pers\u00f6nliches<\/h3>\n<p>Geboren 1963, Mutter einer erwachsenen Tochter<br \/>\nFreude an Bergwandern, Velotouren, Natur, Lesen, Begegnungen mit Menschen<\/p>\n<p>Mehr zu Sabine Bollinger in diesem <a href=\"https:\/\/shiatsuverband.ch\/sabine-bollinger-sgs-vize-praesidentin\/\" target=\"_blank\" rel=\"noopener\">Blog-Beitrag<\/a>.<\/p>\n<\/div><\/section><\/div>\n\n<style type=\"text\/css\" data-created_by=\"avia_inline_auto\" id=\"style-css-av-2h2ted-85ea301a3c41c8556581499537cad4d9\">\n.flex_column.av-2h2ted-85ea301a3c41c8556581499537cad4d9{\nborder-radius:0px 0px 0px 0px;\npadding:0px 0px 0px 0px;\n}\n<\/style>\n<div  class='flex_column av-2h2ted-85ea301a3c41c8556581499537cad4d9 av_one_half flex_column_div av-zero-column-padding  '     ><section  class='av_textblock_section av-7apqt-29fac06357365b434d53a716c2e6b070 '   itemscope=\"itemscope\" itemtype=\"https:\/\/schema.org\/CreativeWork\" ><div class='avia_textblock'  itemprop=\"text\" ><h2>Funktionen<\/h2>\n<h3>Aktuelle Funktionen in der SGS<\/h3>\n<p>_ Vize-Pr\u00e4sidium (seit 2018)<br \/>\n_ Leitung Ressort Finanzen (seit 2013)<\/p>\n<\/div><\/section><\/div>\n<style type=\"text\/css\" data-created_by=\"avia_inline_auto\" id=\"style-css-av-4x9jle-8ff1d68a768a47ddad7442299d288005\">\n.flex_column.av-4x9jle-8ff1d68a768a47ddad7442299d288005{\nborder-radius:0px 0px 0px 0px;\npadding:0px 0px 0px 0px;\n}\n<\/style>\n<div  class='flex_column av-4x9jle-8ff1d68a768a47ddad7442299d288005 av_one_half first flex_column_div av-zero-column-padding  '     ><div  class='avia-button-wrap av-jwopt4w4-3db5a1457a88a8df4cc80296e51ed88a-wrap avia-button-left '><a href='https:\/\/shiatsuverband.ch\/fr\/association\/team\/sabine-bannwart\/'  class='avia-button av-jwopt4w4-3db5a1457a88a8df4cc80296e51ed88a av-link-btn avia-icon_select-no avia-size-medium avia-position-left avia-color-dark'   aria-label=\"Sabine Bannwart - Pr\u00e4sidium\"><span class='avia_iconbox_title' >Sabine Bannwart - Pr\u00e4sidium<\/span><\/a><\/div><\/div><\/p>\n\n<style type=\"text\/css\" data-created_by=\"avia_inline_auto\" id=\"style-css-av-27sgfm-6db78d219bf2edb7d240463d1a9ad291\">\n.flex_column.av-27sgfm-6db78d219bf2edb7d240463d1a9ad291{\nborder-radius:0px 0px 0px 0px;\npadding:0px 0px 0px 0px;\n}\n<\/style>\n<div  class='flex_column av-27sgfm-6db78d219bf2edb7d240463d1a9ad291 av_one_half flex_column_div av-zero-column-padding  '     ><div  class='avia-button-wrap av-jwopt4w4-41ee4859e268d11c2bc205bbb887e4fd-wrap avia-button-right '><a href='https:\/\/shiatsuverband.ch\/fr\/association\/team\/barbara-felber\/'  class='avia-button av-jwopt4w4-41ee4859e268d11c2bc205bbb887e4fd av-link-btn avia-icon_select-no avia-size-medium avia-position-right avia-color-dark'   aria-label=\"Barbara Felber \u2013 Ressort Methode Shiatsu\"><span class='avia_iconbox_title' >Barbara Felber \u2013 Ressort Methode Shiatsu<\/span><\/a><\/div><\/div>\n","protected":false},"excerpt":{"rendered":"<p>\u00ab Le Shiatsu est essentiel pour moi et me tient \u00e9norm\u00e9ment \u00e0 c\u0153ur. C\u2019est pourquoi je m\u2019engage activement dans le comit\u00e9 de notre association pour cette m\u00e9thode merveilleuse de la Th\u00e9rapie Compl\u00e9mentaire. \u00bb<\/p>\n","protected":false},"author":1,"featured_media":0,"parent":4413,"menu_order":0,"comment_status":"closed","ping_status":"closed","template":"","meta":{"_acf_changed":false,"_monsterinsights_skip_tracking":false,"_monsterinsights_sitenote_active":false,"_monsterinsights_sitenote_note":"","_monsterinsights_sitenote_category":0,"footnotes":""},"class_list":["post-7413","page","type-page","status-publish","hentry"],"acf":[],"yoast_head":"<!-- This site is optimized with the Yoast SEO plugin v27.3 - https:\/\/yoast.com\/product\/yoast-seo-wordpress\/ -->\n<title>Sabine Bollinger Vice-Pr\u00e9sidence - Association Suisse de Shiatsu<\/title>\n<meta name=\"description\" content=\"\u00ab Le Shiatsu est essentiel pour moi et me tient \u00e9norm\u00e9ment \u00e0 c\u0153ur. C\u2019est pourquoi je m\u2019engage activement dans le comit\u00e9 de notre association...\" \/>\n<meta name=\"robots\" content=\"index, follow, max-snippet:-1, max-image-preview:large, max-video-preview:-1\" \/>\n<link rel=\"canonical\" href=\"https:\/\/shiatsuverband.ch\/fr\/association\/team\/sabine-bollinger\/\" \/>\n<meta property=\"og:locale\" content=\"fr_FR\" \/>\n<meta property=\"og:type\" content=\"article\" \/>\n<meta property=\"og:title\" content=\"Sabine Bollinger Vice-Pr\u00e9sidence - Association Suisse de Shiatsu\" \/>\n<meta property=\"og:description\" content=\"\u00ab Le Shiatsu est essentiel pour moi et me tient \u00e9norm\u00e9ment \u00e0 c\u0153ur. C\u2019est pourquoi je m\u2019engage activement dans le comit\u00e9 de notre association...\" \/>\n<meta property=\"og:url\" content=\"https:\/\/shiatsuverband.ch\/fr\/association\/team\/sabine-bollinger\/\" \/>\n<meta property=\"og:site_name\" content=\"Shiatsu Gesellschaft Schweiz\" \/>\n<meta property=\"article:publisher\" content=\"https:\/\/www.facebook.com\/shiatsugesellschaftschweiz\" \/>\n<meta property=\"article:modified_time\" content=\"2025-04-14T06:20:39+00:00\" \/>\n<meta name=\"twitter:card\" content=\"summary_large_image\" \/>\n<meta name=\"twitter:label1\" content=\"Dur\u00e9e de lecture estim\u00e9e\" \/>\n\t<meta name=\"twitter:data1\" content=\"2 minutes\" \/>\n<script type=\"application\/ld+json\" class=\"yoast-schema-graph\">{\"@context\":\"https:\\\/\\\/schema.org\",\"@graph\":[{\"@type\":\"WebPage\",\"@id\":\"https:\\\/\\\/shiatsuverband.ch\\\/fr\\\/association\\\/team\\\/sabine-bollinger\\\/\",\"url\":\"https:\\\/\\\/shiatsuverband.ch\\\/fr\\\/association\\\/team\\\/sabine-bollinger\\\/\",\"name\":\"Sabine Bollinger Vice-Pr\u00e9sidence - Association Suisse de Shiatsu\",\"isPartOf\":{\"@id\":\"https:\\\/\\\/shiatsuverband.ch\\\/fr\\\/#website\"},\"datePublished\":\"2019-06-09T09:48:54+00:00\",\"dateModified\":\"2025-04-14T06:20:39+00:00\",\"description\":\"\u00ab Le Shiatsu est essentiel pour moi et me tient \u00e9norm\u00e9ment \u00e0 c\u0153ur. C\u2019est pourquoi je m\u2019engage activement dans le comit\u00e9 de notre association...\",\"breadcrumb\":{\"@id\":\"https:\\\/\\\/shiatsuverband.ch\\\/fr\\\/association\\\/team\\\/sabine-bollinger\\\/#breadcrumb\"},\"inLanguage\":\"fr-FR\",\"potentialAction\":[{\"@type\":\"ReadAction\",\"target\":[\"https:\\\/\\\/shiatsuverband.ch\\\/fr\\\/association\\\/team\\\/sabine-bollinger\\\/\"]}]},{\"@type\":\"BreadcrumbList\",\"@id\":\"https:\\\/\\\/shiatsuverband.ch\\\/fr\\\/association\\\/team\\\/sabine-bollinger\\\/#breadcrumb\",\"itemListElement\":[{\"@type\":\"ListItem\",\"position\":1,\"name\":\"Startseite\",\"item\":\"https:\\\/\\\/shiatsuverband.ch\\\/fr\\\/le-shiatsu-une-methode-de-la-therapie-complementaire\\\/\"},{\"@type\":\"ListItem\",\"position\":2,\"name\":\"Association\",\"item\":\"https:\\\/\\\/shiatsuverband.ch\\\/fr\\\/association\\\/\"},{\"@type\":\"ListItem\",\"position\":3,\"name\":\"L\u2019\u00e9quipe\",\"item\":\"https:\\\/\\\/shiatsuverband.ch\\\/fr\\\/association\\\/team\\\/\"},{\"@type\":\"ListItem\",\"position\":4,\"name\":\"Sabine Bollinger\"}]},{\"@type\":\"WebSite\",\"@id\":\"https:\\\/\\\/shiatsuverband.ch\\\/fr\\\/#website\",\"url\":\"https:\\\/\\\/shiatsuverband.ch\\\/fr\\\/\",\"name\":\"Shiatsu Gesellschaft Schweiz\",\"description\":\"Shiatsu, eine Methode der Komplement\u00e4rTherapie\",\"publisher\":{\"@id\":\"https:\\\/\\\/shiatsuverband.ch\\\/fr\\\/#organization\"},\"potentialAction\":[{\"@type\":\"SearchAction\",\"target\":{\"@type\":\"EntryPoint\",\"urlTemplate\":\"https:\\\/\\\/shiatsuverband.ch\\\/fr\\\/?s={search_term_string}\"},\"query-input\":{\"@type\":\"PropertyValueSpecification\",\"valueRequired\":true,\"valueName\":\"search_term_string\"}}],\"inLanguage\":\"fr-FR\"},{\"@type\":\"Organization\",\"@id\":\"https:\\\/\\\/shiatsuverband.ch\\\/fr\\\/#organization\",\"name\":\"Shiatsu Gesellschaft Schweiz\",\"url\":\"https:\\\/\\\/shiatsuverband.ch\\\/fr\\\/\",\"logo\":{\"@type\":\"ImageObject\",\"inLanguage\":\"fr-FR\",\"@id\":\"https:\\\/\\\/shiatsuverband.ch\\\/fr\\\/#\\\/schema\\\/logo\\\/image\\\/\",\"url\":\"https:\\\/\\\/shiatsuverband.ch\\\/wp-content\\\/uploads\\\/2019\\\/04\\\/Shiatsuverband_Logo.png\",\"contentUrl\":\"https:\\\/\\\/shiatsuverband.ch\\\/wp-content\\\/uploads\\\/2019\\\/04\\\/Shiatsuverband_Logo.png\",\"width\":387,\"height\":130,\"caption\":\"Shiatsu Gesellschaft Schweiz\"},\"image\":{\"@id\":\"https:\\\/\\\/shiatsuverband.ch\\\/fr\\\/#\\\/schema\\\/logo\\\/image\\\/\"},\"sameAs\":[\"https:\\\/\\\/www.facebook.com\\\/shiatsugesellschaftschweiz\"]}]}<\/script>\n<!-- \/ Yoast SEO plugin. -->","yoast_head_json":{"title":"Sabine Bollinger Vice-Pr\u00e9sidence - Association Suisse de Shiatsu","description":"\u00ab Le Shiatsu est essentiel pour moi et me tient \u00e9norm\u00e9ment \u00e0 c\u0153ur. C\u2019est pourquoi je m\u2019engage activement dans le comit\u00e9 de notre association...","robots":{"index":"index","follow":"follow","max-snippet":"max-snippet:-1","max-image-preview":"max-image-preview:large","max-video-preview":"max-video-preview:-1"},"canonical":"https:\/\/shiatsuverband.ch\/fr\/association\/team\/sabine-bollinger\/","og_locale":"fr_FR","og_type":"article","og_title":"Sabine Bollinger Vice-Pr\u00e9sidence - Association Suisse de Shiatsu","og_description":"\u00ab Le Shiatsu est essentiel pour moi et me tient \u00e9norm\u00e9ment \u00e0 c\u0153ur. C\u2019est pourquoi je m\u2019engage activement dans le comit\u00e9 de notre association...","og_url":"https:\/\/shiatsuverband.ch\/fr\/association\/team\/sabine-bollinger\/","og_site_name":"Shiatsu Gesellschaft Schweiz","article_publisher":"https:\/\/www.facebook.com\/shiatsugesellschaftschweiz","article_modified_time":"2025-04-14T06:20:39+00:00","twitter_card":"summary_large_image","twitter_misc":{"Dur\u00e9e de lecture estim\u00e9e":"2 minutes"},"schema":{"@context":"https:\/\/schema.org","@graph":[{"@type":"WebPage","@id":"https:\/\/shiatsuverband.ch\/fr\/association\/team\/sabine-bollinger\/","url":"https:\/\/shiatsuverband.ch\/fr\/association\/team\/sabine-bollinger\/","name":"Sabine Bollinger Vice-Pr\u00e9sidence - Association Suisse de Shiatsu","isPartOf":{"@id":"https:\/\/shiatsuverband.ch\/fr\/#website"},"datePublished":"2019-06-09T09:48:54+00:00","dateModified":"2025-04-14T06:20:39+00:00","description":"\u00ab Le Shiatsu est essentiel pour moi et me tient \u00e9norm\u00e9ment \u00e0 c\u0153ur. C\u2019est pourquoi je m\u2019engage activement dans le comit\u00e9 de notre association...","breadcrumb":{"@id":"https:\/\/shiatsuverband.ch\/fr\/association\/team\/sabine-bollinger\/#breadcrumb"},"inLanguage":"fr-FR","potentialAction":[{"@type":"ReadAction","target":["https:\/\/shiatsuverband.ch\/fr\/association\/team\/sabine-bollinger\/"]}]},{"@type":"BreadcrumbList","@id":"https:\/\/shiatsuverband.ch\/fr\/association\/team\/sabine-bollinger\/#breadcrumb","itemListElement":[{"@type":"ListItem","position":1,"name":"Startseite","item":"https:\/\/shiatsuverband.ch\/fr\/le-shiatsu-une-methode-de-la-therapie-complementaire\/"},{"@type":"ListItem","position":2,"name":"Association","item":"https:\/\/shiatsuverband.ch\/fr\/association\/"},{"@type":"ListItem","position":3,"name":"L\u2019\u00e9quipe","item":"https:\/\/shiatsuverband.ch\/fr\/association\/team\/"},{"@type":"ListItem","position":4,"name":"Sabine Bollinger"}]},{"@type":"WebSite","@id":"https:\/\/shiatsuverband.ch\/fr\/#website","url":"https:\/\/shiatsuverband.ch\/fr\/","name":"Shiatsu Gesellschaft Schweiz","description":"Shiatsu, eine Methode der Komplement\u00e4rTherapie","publisher":{"@id":"https:\/\/shiatsuverband.ch\/fr\/#organization"},"potentialAction":[{"@type":"SearchAction","target":{"@type":"EntryPoint","urlTemplate":"https:\/\/shiatsuverband.ch\/fr\/?s={search_term_string}"},"query-input":{"@type":"PropertyValueSpecification","valueRequired":true,"valueName":"search_term_string"}}],"inLanguage":"fr-FR"},{"@type":"Organization","@id":"https:\/\/shiatsuverband.ch\/fr\/#organization","name":"Shiatsu Gesellschaft Schweiz","url":"https:\/\/shiatsuverband.ch\/fr\/","logo":{"@type":"ImageObject","inLanguage":"fr-FR","@id":"https:\/\/shiatsuverband.ch\/fr\/#\/schema\/logo\/image\/","url":"https:\/\/shiatsuverband.ch\/wp-content\/uploads\/2019\/04\/Shiatsuverband_Logo.png","contentUrl":"https:\/\/shiatsuverband.ch\/wp-content\/uploads\/2019\/04\/Shiatsuverband_Logo.png","width":387,"height":130,"caption":"Shiatsu Gesellschaft Schweiz"},"image":{"@id":"https:\/\/shiatsuverband.ch\/fr\/#\/schema\/logo\/image\/"},"sameAs":["https:\/\/www.facebook.com\/shiatsugesellschaftschweiz"]}]}},"_links":{"self":[{"href":"https:\/\/shiatsuverband.ch\/fr\/wp-json\/wp\/v2\/pages\/7413","targetHints":{"allow":["GET"]}}],"collection":[{"href":"https:\/\/shiatsuverband.ch\/fr\/wp-json\/wp\/v2\/pages"}],"about":[{"href":"https:\/\/shiatsuverband.ch\/fr\/wp-json\/wp\/v2\/types\/page"}],"author":[{"embeddable":true,"href":"https:\/\/shiatsuverband.ch\/fr\/wp-json\/wp\/v2\/users\/1"}],"replies":[{"embeddable":true,"href":"https:\/\/shiatsuverband.ch\/fr\/wp-json\/wp\/v2\/comments?post=7413"}],"version-history":[{"count":12,"href":"https:\/\/shiatsuverband.ch\/fr\/wp-json\/wp\/v2\/pages\/7413\/revisions"}],"predecessor-version":[{"id":110254,"href":"https:\/\/shiatsuverband.ch\/fr\/wp-json\/wp\/v2\/pages\/7413\/revisions\/110254"}],"up":[{"embeddable":true,"href":"https:\/\/shiatsuverband.ch\/fr\/wp-json\/wp\/v2\/pages\/4413"}],"wp:attachment":[{"href":"https:\/\/shiatsuverband.ch\/fr\/wp-json\/wp\/v2\/media?parent=7413"}],"curies":[{"name":"wp","href":"https:\/\/api.w.org\/{rel}","templated":true}]}}