{"id":7421,"date":"2019-06-09T11:56:01","date_gmt":"2019-06-09T09:56:01","guid":{"rendered":"https:\/\/shiatsuverband.ch\/?page_id=7421"},"modified":"2025-04-22T17:04:56","modified_gmt":"2025-04-22T15:04:56","slug":"barbara-felber","status":"publish","type":"page","link":"https:\/\/shiatsuverband.ch\/fr\/association\/team\/barbara-felber\/","title":{"rendered":"Barbara Felber"},"content":{"rendered":"\n<style type=\"text\/css\" data-created_by=\"avia_inline_auto\" id=\"style-css-av-juldoq0r-c87511fb83b526ccdc26f866797fb10f\">\n.avia-section.av-juldoq0r-c87511fb83b526ccdc26f866797fb10f{\nbackground-color:#009ed0;\nbackground-image:unset;\n}\n<\/style>\n<div id='av_section_1'  class='avia-section av-juldoq0r-c87511fb83b526ccdc26f866797fb10f main_color avia-section-no-padding avia-no-border-styling  avia-builder-el-0  el_before_av_one_third  avia-builder-el-first  color-section-title avia-bg-style-scroll container_wrap fullsize'  ><div class='container av-section-cont-open' ><main  role=\"main\" itemprop=\"mainContentOfPage\"  class='template-page content  av-content-full alpha units'><div class='post-entry post-entry-type-page post-entry-7421'><div class='entry-content-wrapper clearfix'>\n\n<style type=\"text\/css\" data-created_by=\"avia_inline_auto\" id=\"style-css-av-juldp5op-eb15166013101c8b5ba3d36b4655d3c0\">\n#top .hr.hr-invisible.av-juldp5op-eb15166013101c8b5ba3d36b4655d3c0{\nheight:40px;\n}\n<\/style>\n<div  class='hr av-juldp5op-eb15166013101c8b5ba3d36b4655d3c0 hr-invisible  avia-builder-el-1  el_before_av_textblock  avia-builder-el-first '><span class='hr-inner '><span class=\"hr-inner-style\"><\/span><\/span><\/div>\n<section  class='av_textblock_section av-juldpd9d-719add2b8f72bc6d5defbc66028d63ff '   itemscope=\"itemscope\" itemtype=\"https:\/\/schema.org\/CreativeWork\" ><div class='avia_textblock'  itemprop=\"text\" ><h1 class=\"h1-white\">Barbara Felber \u2013 Ressort Methode Shiatsu<\/h1>\n<\/div><\/section>\n<\/div><\/div><\/main><!-- close content main element --><\/div><\/div><div id='after_section_1'  class='main_color av_default_container_wrap container_wrap fullsize'  ><div class='container av-section-cont-open' ><div class='template-page content  av-content-full alpha units'><div class='post-entry post-entry-type-page post-entry-7421'><div class='entry-content-wrapper clearfix'>\n\n<style type=\"text\/css\" data-created_by=\"avia_inline_auto\" id=\"style-css-av-7o3a85-eb7e7bac93d63bb0b066f01c13928ebc\">\n.flex_column.av-7o3a85-eb7e7bac93d63bb0b066f01c13928ebc{\nborder-radius:0px 0px 0px 0px;\npadding:0px 0px 0px 0px;\n}\n<\/style>\n<div  class='flex_column av-7o3a85-eb7e7bac93d63bb0b066f01c13928ebc av_one_third  avia-builder-el-3  el_after_av_section  el_before_av_two_third  avia-builder-el-first  first flex_column_div av-zero-column-padding  '     ><style type=\"text\/css\" data-created_by=\"avia_inline_auto\" id=\"style-css-av-jwon4zy3-38f9d02e334fbd55810b908e0fe7582d\">\n.avia-image-container.av-jwon4zy3-38f9d02e334fbd55810b908e0fe7582d img.avia_image{\nbox-shadow:none;\n}\n.avia-image-container.av-jwon4zy3-38f9d02e334fbd55810b908e0fe7582d .av-image-caption-overlay-center{\ncolor:#ffffff;\n}\n<\/style>\n<div  class='avia-image-container av-jwon4zy3-38f9d02e334fbd55810b908e0fe7582d av-styling- avia-align-center  avia-builder-el-4  avia-builder-el-no-sibling '   itemprop=\"image\" itemscope=\"itemscope\" itemtype=\"https:\/\/schema.org\/ImageObject\" ><div class=\"avia-image-container-inner\"><div class=\"avia-image-overlay-wrap\"><img decoding=\"async\" fetchpriority=\"high\" class='wp-image-7340 avia-img-lazy-loading-not-7340 avia_image ' src=\"https:\/\/shiatsuverband.ch\/wp-content\/uploads\/2019\/02\/Barbara_Felber.jpg\" alt='Barbara Felber' title='Barbara Felber'  height=\"650\" width=\"1000\"  itemprop=\"thumbnailUrl\" srcset=\"https:\/\/shiatsuverband.ch\/wp-content\/uploads\/2019\/02\/Barbara_Felber.jpg 1000w, https:\/\/shiatsuverband.ch\/wp-content\/uploads\/2019\/02\/Barbara_Felber-300x195.jpg 300w, https:\/\/shiatsuverband.ch\/wp-content\/uploads\/2019\/02\/Barbara_Felber-768x499.jpg 768w, https:\/\/shiatsuverband.ch\/wp-content\/uploads\/2019\/02\/Barbara_Felber-705x458.jpg 705w, https:\/\/shiatsuverband.ch\/wp-content\/uploads\/2019\/02\/Barbara_Felber-450x293.jpg 450w\" sizes=\"(max-width: 1000px) 100vw, 1000px\" \/><\/div><\/div><\/div><\/div>\n\n<style type=\"text\/css\" data-created_by=\"avia_inline_auto\" id=\"style-css-av-555jad-34408ccba8aedb26f06f134946316905\">\n.flex_column.av-555jad-34408ccba8aedb26f06f134946316905{\nborder-radius:0px 0px 0px 0px;\npadding:0px 0px 0px 0px;\n}\n<\/style>\n<div  class='flex_column av-555jad-34408ccba8aedb26f06f134946316905 av_two_third  avia-builder-el-5  el_after_av_one_third  el_before_av_one_half  flex_column_div av-zero-column-padding  '     ><section  class='av_textblock_section av-7apqt-b6c0781e4251894efbe8cf016438974e '   itemscope=\"itemscope\" itemtype=\"https:\/\/schema.org\/CreativeWork\" ><div class='avia_textblock'  itemprop=\"text\" ><p>\u00abShiatsu begleitet mich seit vielen Jahren und hat mich zutiefst gepr\u00e4gt. Ich bin dankbar, dass ich diesen Weg zu meinem Beruf machen konnte. F\u00fcr unseren Verband und unsere Mitglieder m\u00f6chte ich die Br\u00fccke zwischen der Romandie und der Deutschschweiz schlagen.\u00bb<\/p>\n<\/div><\/section><\/div>\n\n<style type=\"text\/css\" data-created_by=\"avia_inline_auto\" id=\"style-css-av-4n9vzp-3636db3ab26801d6942879d63bbcb8f2\">\n.flex_column.av-4n9vzp-3636db3ab26801d6942879d63bbcb8f2{\nborder-radius:0px 0px 0px 0px;\npadding:0px 0px 0px 0px;\n}\n<\/style>\n<div  class='flex_column av-4n9vzp-3636db3ab26801d6942879d63bbcb8f2 av_one_half  avia-builder-el-7  el_after_av_two_third  el_before_av_one_half  first flex_column_div av-zero-column-padding  column-top-margin'     ><section  class='av_textblock_section av-7apqt-3-c8322c4a34e683254218d0a6ad6c698d '   itemscope=\"itemscope\" itemtype=\"https:\/\/schema.org\/CreativeWork\" ><div class='avia_textblock'  itemprop=\"text\" ><h2>Curriculum<\/h2>\n<h3>Shiatsu Ausbildungen und therapeutische Berufserfahrung<\/h3>\n<p>Shiatsu-Diplom:<br \/>\n1998 ISS Gen\u00e8ve+Kiental<\/p>\n<p>Weitere Ausbildungen:<br \/>\n_ 2018-2020 Ausbildungslehrgang Supervision Komplement\u00e4r, LIKA<br \/>\n_ 2016 Komplement\u00e4rTherapeutin mit eidgen\u00f6ssischem Diplom<br \/>\n_ 2012 Branchendiplom Komplement\u00e4rTherapeutin OdA KTTC<br \/>\n_ 2002 Craniosacral-Ausbildung bis Stufe 6<\/p>\n<p>Therapeutische Berufserfahrung:<br \/>\n_ Seit 1998 Praxis in Genf<br \/>\n_ 2007\u20132010 Praxis in Basel<\/p>\n<h3>Berufliche Hintergr\u00fcnde<\/h3>\n<p>_ Leitung von kreativen Ateliers und Betreuung von Menschen mit k\u00f6rperlichen und geistigen Beeintr\u00e4chtigungen<br \/>\n_ \u00dcbersetzung von Texten, B\u00fcchern, Kursen (mdl.)<br \/>\n_ Leitung Intendanz, Assistenz Organisation von Kulturereignissen Pro Helvetia<br \/>\n_ B\u00fchnenbild-Assistenz f\u00fcr Theaterst\u00fccke<br \/>\n_ Halblizenz Sinologie und Germanistik in Genf<br \/>\n_ Diplom HF Visuelle Gestaltung und Vermittlerin von Kunst und Design in Genf<\/p>\n<h3>Pers\u00f6nliches<\/h3>\n<p>Geboren 1965<br \/>\nFreude an Familie, Natur, Chorsingen und Trommeln, Querfl\u00f6te, Tanzen<\/p>\n<\/div><\/section><\/div>\n\n<style type=\"text\/css\" data-created_by=\"avia_inline_auto\" id=\"style-css-av-2h2ted-85ea301a3c41c8556581499537cad4d9\">\n.flex_column.av-2h2ted-85ea301a3c41c8556581499537cad4d9{\nborder-radius:0px 0px 0px 0px;\npadding:0px 0px 0px 0px;\n}\n<\/style>\n<div  class='flex_column av-2h2ted-85ea301a3c41c8556581499537cad4d9 av_one_half  avia-builder-el-9  el_after_av_one_half  el_before_av_one_half  flex_column_div av-zero-column-padding  column-top-margin'     ><section  class='av_textblock_section av-7apqt-2-e975ea312c3dd6c048be0ebda5a60b98 '   itemscope=\"itemscope\" itemtype=\"https:\/\/schema.org\/CreativeWork\" ><div class='avia_textblock'  itemprop=\"text\" ><h2>Funktionen<\/h2>\n<h3>Aktuelle Funktionen in der SGS<\/h3>\n<p>_ Verantwortung Fortbildungskommission (seit 2018)<br \/>\n_ Ressort Methode Shiatsu (seit 2015)<br \/>\n_ Delegierte OdA KT (seit 2013)<br \/>\n_ Mitglied der Redaktionskommission (seit 2011)<\/p>\n<h3>Aktuelle Funktion in der OdA KT<\/h3>\n<p>_ Supervisorin OdA KT<\/p>\n<h3>Fr\u00fchere Funktion in der SGS<\/h3>\n<p>_ Mitglied der Bildungskommission (2012-2015)<\/p>\n<h3>Fr\u00fchere Funktion in der OdA KT<\/h3>\n<p>_ Expertin f\u00fcr die Akkreditierung von KT-Ausbildungen (2015-2020)<br \/>\n_ Mitglied der Kommission Akkreditierung von KT-Ausbildungen (2014)<\/p>\n<\/div><\/section><\/div>\n\n<style type=\"text\/css\" data-created_by=\"avia_inline_auto\" id=\"style-css-av-1eb7v-856b49551c366a286caacc51b9083fe9\">\n.flex_column.av-1eb7v-856b49551c366a286caacc51b9083fe9{\nborder-radius:0px 0px 0px 0px;\npadding:0px 0px 0px 0px;\n}\n<\/style>\n<div  class='flex_column av-1eb7v-856b49551c366a286caacc51b9083fe9 av_one_half  avia-builder-el-11  el_after_av_one_half  el_before_av_one_half  first flex_column_div av-zero-column-padding  column-top-margin'     ><div  class='avia-button-wrap av-jwopx3fe-7e9c9ce400e990f506ab4af1a536821e-wrap avia-button-left  avia-builder-el-12  avia-builder-el-no-sibling '><a href='https:\/\/shiatsuverband.ch\/fr\/association\/team\/sabine-bollinger\/'  class='avia-button av-jwopx3fe-7e9c9ce400e990f506ab4af1a536821e av-link-btn avia-icon_select-no avia-size-medium avia-position-left avia-color-dark'   aria-label=\"Sabine Bollinger \u2013 Vize-Pr\u00e4sidium\"><span class='avia_iconbox_title' >Sabine Bollinger \u2013 Vize-Pr\u00e4sidium<\/span><\/a><\/div><\/div>\n\n<style type=\"text\/css\" data-created_by=\"avia_inline_auto\" id=\"style-css-av-2dekob-798a6b29ddd2a43104c8cefcbb0b456f\">\n.flex_column.av-2dekob-798a6b29ddd2a43104c8cefcbb0b456f{\nborder-radius:0px 0px 0px 0px;\npadding:0px 0px 0px 0px;\n}\n<\/style>\n<div  class='flex_column av-2dekob-798a6b29ddd2a43104c8cefcbb0b456f av_one_half  avia-builder-el-13  el_after_av_one_half  avia-builder-el-last  flex_column_div av-zero-column-padding  column-top-margin'     ><div  class='avia-button-wrap av-jwopx3fe-1-683c48a035bcdb8690af554aa23ea2e3-wrap avia-button-right  avia-builder-el-14  avia-builder-el-no-sibling '><a href='https:\/\/shiatsuverband.ch\/fr\/association\/team\/fr-association-team-andrea-pfisterer\/'  class='avia-button av-jwopx3fe-1-683c48a035bcdb8690af554aa23ea2e3 av-link-btn avia-icon_select-no avia-size-medium avia-position-right avia-color-dark'   aria-label=\"Andrea Pfisterer - \u00d6ffentlichkeitsarbeit\"><span class='avia_iconbox_title' >Andrea Pfisterer - \u00d6ffentlichkeitsarbeit<\/span><\/a><\/div><\/div>\n","protected":false},"excerpt":{"rendered":"<p>\u00ab Le Shiatsu m\u2019accompagne depuis bien vingt ans et m\u2019a profond\u00e9ment influenc\u00e9e. Je suis reconnaissante d\u2019avoir eu l\u2019occasion d\u2019en faire ma profession. Pour nos membres et l\u2019association, j\u2019aimerais jeter un pont entre la Romandie et la Suisse allemande. \u00bb<\/p>\n","protected":false},"author":1,"featured_media":0,"parent":4413,"menu_order":0,"comment_status":"closed","ping_status":"closed","template":"","meta":{"_acf_changed":false,"_monsterinsights_skip_tracking":false,"_monsterinsights_sitenote_active":false,"_monsterinsights_sitenote_note":"","_monsterinsights_sitenote_category":0,"footnotes":""},"class_list":["post-7421","page","type-page","status-publish","hentry"],"acf":[],"yoast_head":"<!-- This site is optimized with the Yoast SEO plugin v27.5 - https:\/\/yoast.com\/product\/yoast-seo-wordpress\/ -->\n<title>Barbara Felber M\u00e9thode Shiatsu - Association Suisse de Shiatsu<\/title>\n<meta name=\"description\" content=\"\u00ab Le Shiatsu m\u2019accompagne depuis bien vingt ans et m\u2019a profond\u00e9ment influenc\u00e9e. Je suis reconnaissante d\u2019avoir eu l\u2019occasion d\u2019en faire ma profession.\" \/>\n<meta name=\"robots\" content=\"index, follow, max-snippet:-1, max-image-preview:large, max-video-preview:-1\" \/>\n<link rel=\"canonical\" href=\"https:\/\/shiatsuverband.ch\/fr\/association\/team\/barbara-felber\/\" \/>\n<meta property=\"og:locale\" content=\"fr_FR\" \/>\n<meta property=\"og:type\" content=\"article\" \/>\n<meta property=\"og:title\" content=\"Barbara Felber M\u00e9thode Shiatsu - Association Suisse de Shiatsu\" \/>\n<meta property=\"og:description\" content=\"\u00ab Le Shiatsu m\u2019accompagne depuis bien vingt ans et m\u2019a profond\u00e9ment influenc\u00e9e. Je suis reconnaissante d\u2019avoir eu l\u2019occasion d\u2019en faire ma profession.\" \/>\n<meta property=\"og:url\" content=\"https:\/\/shiatsuverband.ch\/fr\/association\/team\/barbara-felber\/\" \/>\n<meta property=\"og:site_name\" content=\"Shiatsu Gesellschaft Schweiz\" \/>\n<meta property=\"article:publisher\" content=\"https:\/\/www.facebook.com\/shiatsugesellschaftschweiz\" \/>\n<meta property=\"article:modified_time\" content=\"2025-04-22T15:04:56+00:00\" \/>\n<meta name=\"twitter:card\" content=\"summary_large_image\" \/>\n<meta name=\"twitter:label1\" content=\"Dur\u00e9e de lecture estim\u00e9e\" \/>\n\t<meta name=\"twitter:data1\" content=\"2 minutes\" \/>\n<script type=\"application\/ld+json\" class=\"yoast-schema-graph\">{\"@context\":\"https:\\\/\\\/schema.org\",\"@graph\":[{\"@type\":\"WebPage\",\"@id\":\"https:\\\/\\\/shiatsuverband.ch\\\/fr\\\/association\\\/team\\\/barbara-felber\\\/\",\"url\":\"https:\\\/\\\/shiatsuverband.ch\\\/fr\\\/association\\\/team\\\/barbara-felber\\\/\",\"name\":\"Barbara Felber M\u00e9thode Shiatsu - Association Suisse de Shiatsu\",\"isPartOf\":{\"@id\":\"https:\\\/\\\/shiatsuverband.ch\\\/fr\\\/#website\"},\"datePublished\":\"2019-06-09T09:56:01+00:00\",\"dateModified\":\"2025-04-22T15:04:56+00:00\",\"description\":\"\u00ab Le Shiatsu m\u2019accompagne depuis bien vingt ans et m\u2019a profond\u00e9ment influenc\u00e9e. Je suis reconnaissante d\u2019avoir eu l\u2019occasion d\u2019en faire ma profession.\",\"breadcrumb\":{\"@id\":\"https:\\\/\\\/shiatsuverband.ch\\\/fr\\\/association\\\/team\\\/barbara-felber\\\/#breadcrumb\"},\"inLanguage\":\"fr-FR\",\"potentialAction\":[{\"@type\":\"ReadAction\",\"target\":[\"https:\\\/\\\/shiatsuverband.ch\\\/fr\\\/association\\\/team\\\/barbara-felber\\\/\"]}]},{\"@type\":\"BreadcrumbList\",\"@id\":\"https:\\\/\\\/shiatsuverband.ch\\\/fr\\\/association\\\/team\\\/barbara-felber\\\/#breadcrumb\",\"itemListElement\":[{\"@type\":\"ListItem\",\"position\":1,\"name\":\"Startseite\",\"item\":\"https:\\\/\\\/shiatsuverband.ch\\\/fr\\\/le-shiatsu-une-methode-de-la-therapie-complementaire\\\/\"},{\"@type\":\"ListItem\",\"position\":2,\"name\":\"Association\",\"item\":\"https:\\\/\\\/shiatsuverband.ch\\\/fr\\\/association\\\/\"},{\"@type\":\"ListItem\",\"position\":3,\"name\":\"L\u2019\u00e9quipe\",\"item\":\"https:\\\/\\\/shiatsuverband.ch\\\/fr\\\/association\\\/team\\\/\"},{\"@type\":\"ListItem\",\"position\":4,\"name\":\"Barbara Felber\"}]},{\"@type\":\"WebSite\",\"@id\":\"https:\\\/\\\/shiatsuverband.ch\\\/fr\\\/#website\",\"url\":\"https:\\\/\\\/shiatsuverband.ch\\\/fr\\\/\",\"name\":\"Shiatsu Gesellschaft Schweiz\",\"description\":\"Shiatsu, eine Methode der Komplement\u00e4rTherapie\",\"publisher\":{\"@id\":\"https:\\\/\\\/shiatsuverband.ch\\\/fr\\\/#organization\"},\"potentialAction\":[{\"@type\":\"SearchAction\",\"target\":{\"@type\":\"EntryPoint\",\"urlTemplate\":\"https:\\\/\\\/shiatsuverband.ch\\\/fr\\\/?s={search_term_string}\"},\"query-input\":{\"@type\":\"PropertyValueSpecification\",\"valueRequired\":true,\"valueName\":\"search_term_string\"}}],\"inLanguage\":\"fr-FR\"},{\"@type\":\"Organization\",\"@id\":\"https:\\\/\\\/shiatsuverband.ch\\\/fr\\\/#organization\",\"name\":\"Shiatsu Gesellschaft Schweiz\",\"url\":\"https:\\\/\\\/shiatsuverband.ch\\\/fr\\\/\",\"logo\":{\"@type\":\"ImageObject\",\"inLanguage\":\"fr-FR\",\"@id\":\"https:\\\/\\\/shiatsuverband.ch\\\/fr\\\/#\\\/schema\\\/logo\\\/image\\\/\",\"url\":\"https:\\\/\\\/shiatsuverband.ch\\\/wp-content\\\/uploads\\\/2019\\\/04\\\/Shiatsuverband_Logo.png\",\"contentUrl\":\"https:\\\/\\\/shiatsuverband.ch\\\/wp-content\\\/uploads\\\/2019\\\/04\\\/Shiatsuverband_Logo.png\",\"width\":387,\"height\":130,\"caption\":\"Shiatsu Gesellschaft Schweiz\"},\"image\":{\"@id\":\"https:\\\/\\\/shiatsuverband.ch\\\/fr\\\/#\\\/schema\\\/logo\\\/image\\\/\"},\"sameAs\":[\"https:\\\/\\\/www.facebook.com\\\/shiatsugesellschaftschweiz\"]}]}<\/script>\n<!-- \/ Yoast SEO plugin. -->","yoast_head_json":{"title":"Barbara Felber M\u00e9thode Shiatsu - Association Suisse de Shiatsu","description":"\u00ab Le Shiatsu m\u2019accompagne depuis bien vingt ans et m\u2019a profond\u00e9ment influenc\u00e9e. Je suis reconnaissante d\u2019avoir eu l\u2019occasion d\u2019en faire ma profession.","robots":{"index":"index","follow":"follow","max-snippet":"max-snippet:-1","max-image-preview":"max-image-preview:large","max-video-preview":"max-video-preview:-1"},"canonical":"https:\/\/shiatsuverband.ch\/fr\/association\/team\/barbara-felber\/","og_locale":"fr_FR","og_type":"article","og_title":"Barbara Felber M\u00e9thode Shiatsu - Association Suisse de Shiatsu","og_description":"\u00ab Le Shiatsu m\u2019accompagne depuis bien vingt ans et m\u2019a profond\u00e9ment influenc\u00e9e. Je suis reconnaissante d\u2019avoir eu l\u2019occasion d\u2019en faire ma profession.","og_url":"https:\/\/shiatsuverband.ch\/fr\/association\/team\/barbara-felber\/","og_site_name":"Shiatsu Gesellschaft Schweiz","article_publisher":"https:\/\/www.facebook.com\/shiatsugesellschaftschweiz","article_modified_time":"2025-04-22T15:04:56+00:00","twitter_card":"summary_large_image","twitter_misc":{"Dur\u00e9e de lecture estim\u00e9e":"2 minutes"},"schema":{"@context":"https:\/\/schema.org","@graph":[{"@type":"WebPage","@id":"https:\/\/shiatsuverband.ch\/fr\/association\/team\/barbara-felber\/","url":"https:\/\/shiatsuverband.ch\/fr\/association\/team\/barbara-felber\/","name":"Barbara Felber M\u00e9thode Shiatsu - Association Suisse de Shiatsu","isPartOf":{"@id":"https:\/\/shiatsuverband.ch\/fr\/#website"},"datePublished":"2019-06-09T09:56:01+00:00","dateModified":"2025-04-22T15:04:56+00:00","description":"\u00ab Le Shiatsu m\u2019accompagne depuis bien vingt ans et m\u2019a profond\u00e9ment influenc\u00e9e. Je suis reconnaissante d\u2019avoir eu l\u2019occasion d\u2019en faire ma profession.","breadcrumb":{"@id":"https:\/\/shiatsuverband.ch\/fr\/association\/team\/barbara-felber\/#breadcrumb"},"inLanguage":"fr-FR","potentialAction":[{"@type":"ReadAction","target":["https:\/\/shiatsuverband.ch\/fr\/association\/team\/barbara-felber\/"]}]},{"@type":"BreadcrumbList","@id":"https:\/\/shiatsuverband.ch\/fr\/association\/team\/barbara-felber\/#breadcrumb","itemListElement":[{"@type":"ListItem","position":1,"name":"Startseite","item":"https:\/\/shiatsuverband.ch\/fr\/le-shiatsu-une-methode-de-la-therapie-complementaire\/"},{"@type":"ListItem","position":2,"name":"Association","item":"https:\/\/shiatsuverband.ch\/fr\/association\/"},{"@type":"ListItem","position":3,"name":"L\u2019\u00e9quipe","item":"https:\/\/shiatsuverband.ch\/fr\/association\/team\/"},{"@type":"ListItem","position":4,"name":"Barbara Felber"}]},{"@type":"WebSite","@id":"https:\/\/shiatsuverband.ch\/fr\/#website","url":"https:\/\/shiatsuverband.ch\/fr\/","name":"Shiatsu Gesellschaft Schweiz","description":"Shiatsu, eine Methode der Komplement\u00e4rTherapie","publisher":{"@id":"https:\/\/shiatsuverband.ch\/fr\/#organization"},"potentialAction":[{"@type":"SearchAction","target":{"@type":"EntryPoint","urlTemplate":"https:\/\/shiatsuverband.ch\/fr\/?s={search_term_string}"},"query-input":{"@type":"PropertyValueSpecification","valueRequired":true,"valueName":"search_term_string"}}],"inLanguage":"fr-FR"},{"@type":"Organization","@id":"https:\/\/shiatsuverband.ch\/fr\/#organization","name":"Shiatsu Gesellschaft Schweiz","url":"https:\/\/shiatsuverband.ch\/fr\/","logo":{"@type":"ImageObject","inLanguage":"fr-FR","@id":"https:\/\/shiatsuverband.ch\/fr\/#\/schema\/logo\/image\/","url":"https:\/\/shiatsuverband.ch\/wp-content\/uploads\/2019\/04\/Shiatsuverband_Logo.png","contentUrl":"https:\/\/shiatsuverband.ch\/wp-content\/uploads\/2019\/04\/Shiatsuverband_Logo.png","width":387,"height":130,"caption":"Shiatsu Gesellschaft Schweiz"},"image":{"@id":"https:\/\/shiatsuverband.ch\/fr\/#\/schema\/logo\/image\/"},"sameAs":["https:\/\/www.facebook.com\/shiatsugesellschaftschweiz"]}]}},"_links":{"self":[{"href":"https:\/\/shiatsuverband.ch\/fr\/wp-json\/wp\/v2\/pages\/7421","targetHints":{"allow":["GET"]}}],"collection":[{"href":"https:\/\/shiatsuverband.ch\/fr\/wp-json\/wp\/v2\/pages"}],"about":[{"href":"https:\/\/shiatsuverband.ch\/fr\/wp-json\/wp\/v2\/types\/page"}],"author":[{"embeddable":true,"href":"https:\/\/shiatsuverband.ch\/fr\/wp-json\/wp\/v2\/users\/1"}],"replies":[{"embeddable":true,"href":"https:\/\/shiatsuverband.ch\/fr\/wp-json\/wp\/v2\/comments?post=7421"}],"version-history":[{"count":12,"href":"https:\/\/shiatsuverband.ch\/fr\/wp-json\/wp\/v2\/pages\/7421\/revisions"}],"predecessor-version":[{"id":110353,"href":"https:\/\/shiatsuverband.ch\/fr\/wp-json\/wp\/v2\/pages\/7421\/revisions\/110353"}],"up":[{"embeddable":true,"href":"https:\/\/shiatsuverband.ch\/fr\/wp-json\/wp\/v2\/pages\/4413"}],"wp:attachment":[{"href":"https:\/\/shiatsuverband.ch\/fr\/wp-json\/wp\/v2\/media?parent=7421"}],"curies":[{"name":"wp","href":"https:\/\/api.w.org\/{rel}","templated":true}]}}