{"id":7429,"date":"2019-06-09T12:08:13","date_gmt":"2019-06-09T10:08:13","guid":{"rendered":"https:\/\/shiatsuverband.ch\/?page_id=7429"},"modified":"2024-06-11T11:46:04","modified_gmt":"2024-06-11T09:46:04","slug":"catherine-ott","status":"publish","type":"page","link":"https:\/\/shiatsuverband.ch\/fr\/association\/team\/catherine-ott\/","title":{"rendered":"Catherine Ott"},"content":{"rendered":"\n<style type=\"text\/css\" data-created_by=\"avia_inline_auto\" id=\"style-css-av-juldoq0r-c87511fb83b526ccdc26f866797fb10f\">\n.avia-section.av-juldoq0r-c87511fb83b526ccdc26f866797fb10f{\nbackground-color:#009ed0;\nbackground-image:unset;\n}\n<\/style>\n<div id='av_section_1'  class='avia-section av-juldoq0r-c87511fb83b526ccdc26f866797fb10f main_color avia-section-no-padding avia-no-border-styling  avia-builder-el-0  el_before_av_one_third  avia-builder-el-first  color-section-title avia-bg-style-scroll container_wrap fullsize'  ><div class='container av-section-cont-open' ><main  role=\"main\" itemprop=\"mainContentOfPage\"  class='template-page content  av-content-full alpha units'><div class='post-entry post-entry-type-page post-entry-7429'><div class='entry-content-wrapper clearfix'>\n\n<style type=\"text\/css\" data-created_by=\"avia_inline_auto\" id=\"style-css-av-juldp5op-eb15166013101c8b5ba3d36b4655d3c0\">\n#top .hr.hr-invisible.av-juldp5op-eb15166013101c8b5ba3d36b4655d3c0{\nheight:40px;\n}\n<\/style>\n<div  class='hr av-juldp5op-eb15166013101c8b5ba3d36b4655d3c0 hr-invisible  avia-builder-el-1  el_before_av_textblock  avia-builder-el-first '><span class='hr-inner '><span class=\"hr-inner-style\"><\/span><\/span><\/div>\n<section  class='av_textblock_section av-juldpd9d-4529c1969fcd9350d79dd2db67153bc0 '   itemscope=\"itemscope\" itemtype=\"https:\/\/schema.org\/CreativeWork\" ><div class='avia_textblock'  itemprop=\"text\" ><h1 class=\"h1-white\">Catherine Ott \u2013 Membre du conseil d\u2019expert-e-s<\/h1>\n<\/div><\/section>\n<\/div><\/div><\/main><!-- close content main element --><\/div><\/div><div id='after_section_1'  class='main_color av_default_container_wrap container_wrap fullsize'  ><div class='container av-section-cont-open' ><div class='template-page content  av-content-full alpha units'><div class='post-entry post-entry-type-page post-entry-7429'><div class='entry-content-wrapper clearfix'>\n\n<style type=\"text\/css\" data-created_by=\"avia_inline_auto\" id=\"style-css-av-7o3a85-eb7e7bac93d63bb0b066f01c13928ebc\">\n.flex_column.av-7o3a85-eb7e7bac93d63bb0b066f01c13928ebc{\nborder-radius:0px 0px 0px 0px;\npadding:0px 0px 0px 0px;\n}\n<\/style>\n<div  class='flex_column av-7o3a85-eb7e7bac93d63bb0b066f01c13928ebc av_one_third  avia-builder-el-3  el_after_av_section  el_before_av_two_third  avia-builder-el-first  first flex_column_div av-zero-column-padding  '     ><style type=\"text\/css\" data-created_by=\"avia_inline_auto\" id=\"style-css-av-jwon4zy3-efcdeab55668cee9f3fcaff68cd31eec\">\n.avia-image-container.av-jwon4zy3-efcdeab55668cee9f3fcaff68cd31eec img.avia_image{\nbox-shadow:none;\n}\n.avia-image-container.av-jwon4zy3-efcdeab55668cee9f3fcaff68cd31eec .av-image-caption-overlay-center{\ncolor:#ffffff;\n}\n<\/style>\n<div  class='avia-image-container av-jwon4zy3-efcdeab55668cee9f3fcaff68cd31eec av-styling- avia-align-center  avia-builder-el-4  avia-builder-el-no-sibling '   itemprop=\"image\" itemscope=\"itemscope\" itemtype=\"https:\/\/schema.org\/ImageObject\" ><div class=\"avia-image-container-inner\"><div class=\"avia-image-overlay-wrap\"><img decoding=\"async\" fetchpriority=\"high\" class='wp-image-6434 avia-img-lazy-loading-not-6434 avia_image ' src=\"https:\/\/shiatsuverband.ch\/wp-content\/uploads\/2019\/04\/Catherine_Ott.jpg\" alt='Catherine Ott' title='Catherine_Ott'  height=\"499\" width=\"768\"  itemprop=\"thumbnailUrl\" srcset=\"https:\/\/shiatsuverband.ch\/wp-content\/uploads\/2019\/04\/Catherine_Ott.jpg 768w, https:\/\/shiatsuverband.ch\/wp-content\/uploads\/2019\/04\/Catherine_Ott-300x195.jpg 300w, https:\/\/shiatsuverband.ch\/wp-content\/uploads\/2019\/04\/Catherine_Ott-705x458.jpg 705w, https:\/\/shiatsuverband.ch\/wp-content\/uploads\/2019\/04\/Catherine_Ott-450x292.jpg 450w\" sizes=\"(max-width: 768px) 100vw, 768px\" \/><\/div><\/div><\/div><\/div>\n\n<style type=\"text\/css\" data-created_by=\"avia_inline_auto\" id=\"style-css-av-555jad-34408ccba8aedb26f06f134946316905\">\n.flex_column.av-555jad-34408ccba8aedb26f06f134946316905{\nborder-radius:0px 0px 0px 0px;\npadding:0px 0px 0px 0px;\n}\n<\/style>\n<div  class='flex_column av-555jad-34408ccba8aedb26f06f134946316905 av_two_third  avia-builder-el-5  el_after_av_one_third  el_before_av_one_half  flex_column_div av-zero-column-padding  '     ><section  class='av_textblock_section av-7apqt-b6c0781e4251894efbe8cf016438974e '   itemscope=\"itemscope\" itemtype=\"https:\/\/schema.org\/CreativeWork\" ><div class='avia_textblock'  itemprop=\"text\" ><\/div><\/section><\/div>\n\n<style type=\"text\/css\" data-created_by=\"avia_inline_auto\" id=\"style-css-av-4n9vzp-3636db3ab26801d6942879d63bbcb8f2\">\n.flex_column.av-4n9vzp-3636db3ab26801d6942879d63bbcb8f2{\nborder-radius:0px 0px 0px 0px;\npadding:0px 0px 0px 0px;\n}\n<\/style>\n<div  class='flex_column av-4n9vzp-3636db3ab26801d6942879d63bbcb8f2 av_one_half  avia-builder-el-7  el_after_av_two_third  el_before_av_one_half  first flex_column_div av-zero-column-padding  column-top-margin'     ><section  class='av_textblock_section av-7apqt-3-c8322c4a34e683254218d0a6ad6c698d '   itemscope=\"itemscope\" itemtype=\"https:\/\/schema.org\/CreativeWork\" ><div class='avia_textblock'  itemprop=\"text\" ><h2>Curriculum<\/h2>\n<h3>Formation de Shiatsu et exp\u00e9rience professionnelle th\u00e9rapeutique<\/h3>\n<p>Dipl\u00f4me de Shiatsu :<br \/>\n1995 TAO CHI Zurich<\/p>\n<p>Autres formations :<br \/>\n_ 2017 Th\u00e9rapeute compl\u00e9mentaire avec dipl\u00f4me f\u00e9d\u00e9ral OrTra TC pour les m\u00e9thodes Shiatsu et Th\u00e9rapie craniosacrale<br \/>\n_ 2000 Craniosacral Alive, Berne, Dipl\u00f4me de th\u00e9rapeute craniosacral<\/p>\n<p>Exp\u00e9rience professionnelle th\u00e9rapeutique :<br \/>\n_ Depuis 2019 Superviseuse OrTra TC<br \/>\n_ Depuis 2011 en cabinet personnel \u00e0 Berne<br \/>\n_ 1997-2019 en cabinet collectif \u00e0 Berne<\/p>\n<h3>Parcours professionnel<\/h3>\n<p>_ M\u00e9diatrice dipl\u00f4m\u00e9e (ICCP, Berne,2011)<br \/>\n_ Master of Peace Studies (MAS Recherche sur la paix Fernuni Hagen, 2010)<br \/>\n_ Traductrice dipl\u00f4m\u00e9e (ETI, Gen\u00e8ve)<br \/>\n_ Enseignement de l&rsquo;allemand dans des foyers de transit pour requ\u00e9rant-e-s d&rsquo;asile<br \/>\n_ Mise en place et gestion d&rsquo;un bureau de conseil en mati\u00e8re de conflits<\/p>\n<h3>Publications<\/h3>\n<p>_ 1990 \u201eKlar und Deutschlich\u201c Mat\u00e9riel p\u00e9dagogique pour les requ\u00e9rant-e-s d&rsquo;asile (\u00e9ditions Arm\u00e9e du Salut Aide aux r\u00e9fugi\u00e9-e-s)<br \/>\n_ 2010 Shiatsu-The-Poster : affiche des m\u00e9ridiens, affiche des 5 phases de transformation, livre des m\u00e9ridiens et des phases de transformation<\/p>\n<h3>Informations personnelles<\/h3>\n<p>N\u00e9e en 1965<br \/>\nPrend plaisir \u00e0 la vie familiale, \u00e0 la lecture, au chant, \u00e0 la couture, \u00e0 la danse et aux voyages<\/p>\n<\/div><\/section><\/div>\n<style type=\"text\/css\" data-created_by=\"avia_inline_auto\" id=\"style-css-av-2h2ted-85ea301a3c41c8556581499537cad4d9\">\n.flex_column.av-2h2ted-85ea301a3c41c8556581499537cad4d9{\nborder-radius:0px 0px 0px 0px;\npadding:0px 0px 0px 0px;\n}\n<\/style>\n<div  class='flex_column av-2h2ted-85ea301a3c41c8556581499537cad4d9 av_one_half  avia-builder-el-9  el_after_av_one_half  el_before_av_one_half  flex_column_div av-zero-column-padding  column-top-margin'     ><section  class='av_textblock_section av-7apqt-2-12ca8c5cb0066d1189e64cba6aef360e '   itemscope=\"itemscope\" itemtype=\"https:\/\/schema.org\/CreativeWork\" ><div class='avia_textblock'  itemprop=\"text\" ><h2>Fonctions<\/h2>\n<h3>Fonctions actuelles au sein de l\u2019ASS<\/h3>\n<p>_ Membre du conseil d\u2019expert-e-s de l\u2018ASS (depuis 2024)<\/p>\n<h3>Anciennes fonctions au sein de l\u2019ASS<\/h3>\n<p>_ Domaine d\u2019activit\u00e9 Ecoles (2021-2024)<br \/>\n_ Domaine d\u2019activit\u00e9 Relations externes (2018-2024)<br \/>\n_ Membre de la commission de r\u00e9daction (2017-2024)<br \/>\n_ D\u00e9l\u00e9gu\u00e9e OrTra TC (2017-2024)<\/p>\n<h3>Anciennes fonction au sein de l\u2019OrTra TC<\/h3>\n<p>_ Membre de la commission Accr\u00e9ditation de fili\u00e8res de formation TC (2017-2021)<br \/>\n_ Experte pour l\u2019accr\u00e9ditation de fili\u00e8res de formations TC OrTra TC (2018-2024)<\/p>\n<\/div><\/section><\/div><\/p>\n\n<style type=\"text\/css\" data-created_by=\"avia_inline_auto\" id=\"style-css-av-4y1u4m-b8cde9d1efbf8e2f9b48b8740a4a6b88\">\n.flex_column.av-4y1u4m-b8cde9d1efbf8e2f9b48b8740a4a6b88{\nborder-radius:0px 0px 0px 0px;\npadding:0px 0px 0px 0px;\n}\n<\/style>\n<div  class='flex_column av-4y1u4m-b8cde9d1efbf8e2f9b48b8740a4a6b88 av_one_half  avia-builder-el-11  el_after_av_one_half  el_before_av_one_half  first flex_column_div av-zero-column-padding  column-top-margin'     ><div  class='avia-button-wrap av-jwoq6bo4-d7a1123e253b302ab957e18358a1fe86-wrap avia-button-left  avia-builder-el-12  avia-builder-el-no-sibling '><a href='https:\/\/shiatsuverband.ch\/fr\/association\/team\/barbara-felber\/'  class='avia-button av-jwoq6bo4-d7a1123e253b302ab957e18358a1fe86 av-link-btn avia-icon_select-no avia-size-medium avia-position-left avia-color-dark'   aria-label=\"Barbara Felber \u2013 M\u00e9thode Shiatsu\"><span class='avia_iconbox_title' >Barbara Felber \u2013 M\u00e9thode Shiatsu<\/span><\/a><\/div><\/div>\n\n<style type=\"text\/css\" data-created_by=\"avia_inline_auto\" id=\"style-css-av-2wty5i-a86726c6854b77cf71108049e2d5de04\">\n.flex_column.av-2wty5i-a86726c6854b77cf71108049e2d5de04{\nborder-radius:0px 0px 0px 0px;\npadding:0px 0px 0px 0px;\n}\n<\/style>\n<div  class='flex_column av-2wty5i-a86726c6854b77cf71108049e2d5de04 av_one_half  avia-builder-el-13  el_after_av_one_half  avia-builder-el-last  flex_column_div av-zero-column-padding  column-top-margin'     ><div  class='avia-button-wrap av-jwoq6bo4-1-31c899f2bf7d71cc34112b4e63cf3797-wrap avia-button-right  avia-builder-el-14  avia-builder-el-no-sibling '><a href='https:\/\/shiatsuverband.ch\/fr\/association\/team\/fr-association-team-andrea-pfisterer\/'  class='avia-button av-jwoq6bo4-1-31c899f2bf7d71cc34112b4e63cf3797 av-link-btn avia-icon_select-no avia-size-medium avia-position-right avia-color-dark'   aria-label=\"Andrea Pfisterer - Relations publiques\"><span class='avia_iconbox_title' >Andrea Pfisterer - Relations publiques<\/span><\/a><\/div><\/div>\n","protected":false},"excerpt":{"rendered":"","protected":false},"author":1,"featured_media":0,"parent":4413,"menu_order":0,"comment_status":"closed","ping_status":"closed","template":"","meta":{"_acf_changed":false,"_monsterinsights_skip_tracking":false,"_monsterinsights_sitenote_active":false,"_monsterinsights_sitenote_note":"","_monsterinsights_sitenote_category":0,"footnotes":""},"class_list":["post-7429","page","type-page","status-publish","hentry"],"acf":[],"yoast_head":"<!-- This site is optimized with the Yoast SEO plugin v27.3 - https:\/\/yoast.com\/product\/yoast-seo-wordpress\/ -->\n<title>Catherine Ott Relations externes - Association Suisse de Shiatsu<\/title>\n<meta name=\"description\" content=\"\u00ab Depuis de nombreuses ann\u00e9es, le Shiatsu est au centre de ma vie priv\u00e9e et professionnelle. En tant que membre du comit\u00e9 de l\u2019ASS, je me r\u00e9jouis de...\" \/>\n<meta name=\"robots\" content=\"index, follow, max-snippet:-1, max-image-preview:large, max-video-preview:-1\" \/>\n<link rel=\"canonical\" href=\"https:\/\/shiatsuverband.ch\/fr\/association\/team\/catherine-ott\/\" \/>\n<meta property=\"og:locale\" content=\"fr_FR\" \/>\n<meta property=\"og:type\" content=\"article\" \/>\n<meta property=\"og:title\" content=\"Catherine Ott Relations externes - Association Suisse de Shiatsu\" \/>\n<meta property=\"og:description\" content=\"\u00ab Depuis de nombreuses ann\u00e9es, le Shiatsu est au centre de ma vie priv\u00e9e et professionnelle. En tant que membre du comit\u00e9 de l\u2019ASS, je me r\u00e9jouis de...\" \/>\n<meta property=\"og:url\" content=\"https:\/\/shiatsuverband.ch\/fr\/association\/team\/catherine-ott\/\" \/>\n<meta property=\"og:site_name\" content=\"Shiatsu Gesellschaft Schweiz\" \/>\n<meta property=\"article:publisher\" content=\"https:\/\/www.facebook.com\/shiatsugesellschaftschweiz\" \/>\n<meta property=\"article:modified_time\" content=\"2024-06-11T09:46:04+00:00\" \/>\n<meta name=\"twitter:card\" content=\"summary_large_image\" \/>\n<meta name=\"twitter:label1\" content=\"Dur\u00e9e de lecture estim\u00e9e\" \/>\n\t<meta name=\"twitter:data1\" content=\"2 minutes\" \/>\n<script type=\"application\/ld+json\" class=\"yoast-schema-graph\">{\"@context\":\"https:\\\/\\\/schema.org\",\"@graph\":[{\"@type\":\"WebPage\",\"@id\":\"https:\\\/\\\/shiatsuverband.ch\\\/fr\\\/association\\\/team\\\/catherine-ott\\\/\",\"url\":\"https:\\\/\\\/shiatsuverband.ch\\\/fr\\\/association\\\/team\\\/catherine-ott\\\/\",\"name\":\"Catherine Ott Relations externes - Association Suisse de Shiatsu\",\"isPartOf\":{\"@id\":\"https:\\\/\\\/shiatsuverband.ch\\\/fr\\\/#website\"},\"datePublished\":\"2019-06-09T10:08:13+00:00\",\"dateModified\":\"2024-06-11T09:46:04+00:00\",\"description\":\"\u00ab Depuis de nombreuses ann\u00e9es, le Shiatsu est au centre de ma vie priv\u00e9e et professionnelle. En tant que membre du comit\u00e9 de l\u2019ASS, je me r\u00e9jouis de...\",\"breadcrumb\":{\"@id\":\"https:\\\/\\\/shiatsuverband.ch\\\/fr\\\/association\\\/team\\\/catherine-ott\\\/#breadcrumb\"},\"inLanguage\":\"fr-FR\",\"potentialAction\":[{\"@type\":\"ReadAction\",\"target\":[\"https:\\\/\\\/shiatsuverband.ch\\\/fr\\\/association\\\/team\\\/catherine-ott\\\/\"]}]},{\"@type\":\"BreadcrumbList\",\"@id\":\"https:\\\/\\\/shiatsuverband.ch\\\/fr\\\/association\\\/team\\\/catherine-ott\\\/#breadcrumb\",\"itemListElement\":[{\"@type\":\"ListItem\",\"position\":1,\"name\":\"Startseite\",\"item\":\"https:\\\/\\\/shiatsuverband.ch\\\/fr\\\/le-shiatsu-une-methode-de-la-therapie-complementaire\\\/\"},{\"@type\":\"ListItem\",\"position\":2,\"name\":\"Association\",\"item\":\"https:\\\/\\\/shiatsuverband.ch\\\/fr\\\/association\\\/\"},{\"@type\":\"ListItem\",\"position\":3,\"name\":\"L\u2019\u00e9quipe\",\"item\":\"https:\\\/\\\/shiatsuverband.ch\\\/fr\\\/association\\\/team\\\/\"},{\"@type\":\"ListItem\",\"position\":4,\"name\":\"Catherine Ott\"}]},{\"@type\":\"WebSite\",\"@id\":\"https:\\\/\\\/shiatsuverband.ch\\\/fr\\\/#website\",\"url\":\"https:\\\/\\\/shiatsuverband.ch\\\/fr\\\/\",\"name\":\"Shiatsu Gesellschaft Schweiz\",\"description\":\"Shiatsu, eine Methode der Komplement\u00e4rTherapie\",\"publisher\":{\"@id\":\"https:\\\/\\\/shiatsuverband.ch\\\/fr\\\/#organization\"},\"potentialAction\":[{\"@type\":\"SearchAction\",\"target\":{\"@type\":\"EntryPoint\",\"urlTemplate\":\"https:\\\/\\\/shiatsuverband.ch\\\/fr\\\/?s={search_term_string}\"},\"query-input\":{\"@type\":\"PropertyValueSpecification\",\"valueRequired\":true,\"valueName\":\"search_term_string\"}}],\"inLanguage\":\"fr-FR\"},{\"@type\":\"Organization\",\"@id\":\"https:\\\/\\\/shiatsuverband.ch\\\/fr\\\/#organization\",\"name\":\"Shiatsu Gesellschaft Schweiz\",\"url\":\"https:\\\/\\\/shiatsuverband.ch\\\/fr\\\/\",\"logo\":{\"@type\":\"ImageObject\",\"inLanguage\":\"fr-FR\",\"@id\":\"https:\\\/\\\/shiatsuverband.ch\\\/fr\\\/#\\\/schema\\\/logo\\\/image\\\/\",\"url\":\"https:\\\/\\\/shiatsuverband.ch\\\/wp-content\\\/uploads\\\/2019\\\/04\\\/Shiatsuverband_Logo.png\",\"contentUrl\":\"https:\\\/\\\/shiatsuverband.ch\\\/wp-content\\\/uploads\\\/2019\\\/04\\\/Shiatsuverband_Logo.png\",\"width\":387,\"height\":130,\"caption\":\"Shiatsu Gesellschaft Schweiz\"},\"image\":{\"@id\":\"https:\\\/\\\/shiatsuverband.ch\\\/fr\\\/#\\\/schema\\\/logo\\\/image\\\/\"},\"sameAs\":[\"https:\\\/\\\/www.facebook.com\\\/shiatsugesellschaftschweiz\"]}]}<\/script>\n<!-- \/ Yoast SEO plugin. -->","yoast_head_json":{"title":"Catherine Ott Relations externes - Association Suisse de Shiatsu","description":"\u00ab Depuis de nombreuses ann\u00e9es, le Shiatsu est au centre de ma vie priv\u00e9e et professionnelle. En tant que membre du comit\u00e9 de l\u2019ASS, je me r\u00e9jouis de...","robots":{"index":"index","follow":"follow","max-snippet":"max-snippet:-1","max-image-preview":"max-image-preview:large","max-video-preview":"max-video-preview:-1"},"canonical":"https:\/\/shiatsuverband.ch\/fr\/association\/team\/catherine-ott\/","og_locale":"fr_FR","og_type":"article","og_title":"Catherine Ott Relations externes - Association Suisse de Shiatsu","og_description":"\u00ab Depuis de nombreuses ann\u00e9es, le Shiatsu est au centre de ma vie priv\u00e9e et professionnelle. En tant que membre du comit\u00e9 de l\u2019ASS, je me r\u00e9jouis de...","og_url":"https:\/\/shiatsuverband.ch\/fr\/association\/team\/catherine-ott\/","og_site_name":"Shiatsu Gesellschaft Schweiz","article_publisher":"https:\/\/www.facebook.com\/shiatsugesellschaftschweiz","article_modified_time":"2024-06-11T09:46:04+00:00","twitter_card":"summary_large_image","twitter_misc":{"Dur\u00e9e de lecture estim\u00e9e":"2 minutes"},"schema":{"@context":"https:\/\/schema.org","@graph":[{"@type":"WebPage","@id":"https:\/\/shiatsuverband.ch\/fr\/association\/team\/catherine-ott\/","url":"https:\/\/shiatsuverband.ch\/fr\/association\/team\/catherine-ott\/","name":"Catherine Ott Relations externes - Association Suisse de Shiatsu","isPartOf":{"@id":"https:\/\/shiatsuverband.ch\/fr\/#website"},"datePublished":"2019-06-09T10:08:13+00:00","dateModified":"2024-06-11T09:46:04+00:00","description":"\u00ab Depuis de nombreuses ann\u00e9es, le Shiatsu est au centre de ma vie priv\u00e9e et professionnelle. En tant que membre du comit\u00e9 de l\u2019ASS, je me r\u00e9jouis de...","breadcrumb":{"@id":"https:\/\/shiatsuverband.ch\/fr\/association\/team\/catherine-ott\/#breadcrumb"},"inLanguage":"fr-FR","potentialAction":[{"@type":"ReadAction","target":["https:\/\/shiatsuverband.ch\/fr\/association\/team\/catherine-ott\/"]}]},{"@type":"BreadcrumbList","@id":"https:\/\/shiatsuverband.ch\/fr\/association\/team\/catherine-ott\/#breadcrumb","itemListElement":[{"@type":"ListItem","position":1,"name":"Startseite","item":"https:\/\/shiatsuverband.ch\/fr\/le-shiatsu-une-methode-de-la-therapie-complementaire\/"},{"@type":"ListItem","position":2,"name":"Association","item":"https:\/\/shiatsuverband.ch\/fr\/association\/"},{"@type":"ListItem","position":3,"name":"L\u2019\u00e9quipe","item":"https:\/\/shiatsuverband.ch\/fr\/association\/team\/"},{"@type":"ListItem","position":4,"name":"Catherine Ott"}]},{"@type":"WebSite","@id":"https:\/\/shiatsuverband.ch\/fr\/#website","url":"https:\/\/shiatsuverband.ch\/fr\/","name":"Shiatsu Gesellschaft Schweiz","description":"Shiatsu, eine Methode der Komplement\u00e4rTherapie","publisher":{"@id":"https:\/\/shiatsuverband.ch\/fr\/#organization"},"potentialAction":[{"@type":"SearchAction","target":{"@type":"EntryPoint","urlTemplate":"https:\/\/shiatsuverband.ch\/fr\/?s={search_term_string}"},"query-input":{"@type":"PropertyValueSpecification","valueRequired":true,"valueName":"search_term_string"}}],"inLanguage":"fr-FR"},{"@type":"Organization","@id":"https:\/\/shiatsuverband.ch\/fr\/#organization","name":"Shiatsu Gesellschaft Schweiz","url":"https:\/\/shiatsuverband.ch\/fr\/","logo":{"@type":"ImageObject","inLanguage":"fr-FR","@id":"https:\/\/shiatsuverband.ch\/fr\/#\/schema\/logo\/image\/","url":"https:\/\/shiatsuverband.ch\/wp-content\/uploads\/2019\/04\/Shiatsuverband_Logo.png","contentUrl":"https:\/\/shiatsuverband.ch\/wp-content\/uploads\/2019\/04\/Shiatsuverband_Logo.png","width":387,"height":130,"caption":"Shiatsu Gesellschaft Schweiz"},"image":{"@id":"https:\/\/shiatsuverband.ch\/fr\/#\/schema\/logo\/image\/"},"sameAs":["https:\/\/www.facebook.com\/shiatsugesellschaftschweiz"]}]}},"_links":{"self":[{"href":"https:\/\/shiatsuverband.ch\/fr\/wp-json\/wp\/v2\/pages\/7429","targetHints":{"allow":["GET"]}}],"collection":[{"href":"https:\/\/shiatsuverband.ch\/fr\/wp-json\/wp\/v2\/pages"}],"about":[{"href":"https:\/\/shiatsuverband.ch\/fr\/wp-json\/wp\/v2\/types\/page"}],"author":[{"embeddable":true,"href":"https:\/\/shiatsuverband.ch\/fr\/wp-json\/wp\/v2\/users\/1"}],"replies":[{"embeddable":true,"href":"https:\/\/shiatsuverband.ch\/fr\/wp-json\/wp\/v2\/comments?post=7429"}],"version-history":[{"count":14,"href":"https:\/\/shiatsuverband.ch\/fr\/wp-json\/wp\/v2\/pages\/7429\/revisions"}],"predecessor-version":[{"id":99157,"href":"https:\/\/shiatsuverband.ch\/fr\/wp-json\/wp\/v2\/pages\/7429\/revisions\/99157"}],"up":[{"embeddable":true,"href":"https:\/\/shiatsuverband.ch\/fr\/wp-json\/wp\/v2\/pages\/4413"}],"wp:attachment":[{"href":"https:\/\/shiatsuverband.ch\/fr\/wp-json\/wp\/v2\/media?parent=7429"}],"curies":[{"name":"wp","href":"https:\/\/api.w.org\/{rel}","templated":true}]}}