{"id":90746,"date":"2024-02-14T08:12:59","date_gmt":"2024-02-14T07:12:59","guid":{"rendered":"https:\/\/shiatsuverband.ch\/?page_id=90746"},"modified":"2025-04-22T17:09:08","modified_gmt":"2025-04-22T15:09:08","slug":"nina-sternthal","status":"publish","type":"page","link":"https:\/\/shiatsuverband.ch\/fr\/association\/team\/nina-sternthal\/","title":{"rendered":"Nina Sternthal"},"content":{"rendered":"\n<style type=\"text\/css\" data-created_by=\"avia_inline_auto\" id=\"style-css-av-juldoq0r-c87511fb83b526ccdc26f866797fb10f\">\n.avia-section.av-juldoq0r-c87511fb83b526ccdc26f866797fb10f{\nbackground-color:#009ed0;\nbackground-image:unset;\n}\n<\/style>\n<div id='av_section_1'  class='avia-section av-juldoq0r-c87511fb83b526ccdc26f866797fb10f main_color avia-section-no-padding avia-no-border-styling  avia-builder-el-0  el_before_av_one_third  avia-builder-el-first  color-section-title avia-bg-style-scroll container_wrap fullsize'  ><div class='container av-section-cont-open' ><main  role=\"main\" itemprop=\"mainContentOfPage\"  class='template-page content  av-content-full alpha units'><div class='post-entry post-entry-type-page post-entry-90746'><div class='entry-content-wrapper clearfix'>\n\n<style type=\"text\/css\" data-created_by=\"avia_inline_auto\" id=\"style-css-av-juldp5op-eb15166013101c8b5ba3d36b4655d3c0\">\n#top .hr.hr-invisible.av-juldp5op-eb15166013101c8b5ba3d36b4655d3c0{\nheight:40px;\n}\n<\/style>\n<div  class='hr av-juldp5op-eb15166013101c8b5ba3d36b4655d3c0 hr-invisible  avia-builder-el-1  el_before_av_textblock  avia-builder-el-first '><span class='hr-inner '><span class=\"hr-inner-style\"><\/span><\/span><\/div>\n<section  class='av_textblock_section av-juldpd9d-4529c1969fcd9350d79dd2db67153bc0 '   itemscope=\"itemscope\" itemtype=\"https:\/\/schema.org\/CreativeWork\" ><div class='avia_textblock'  itemprop=\"text\" ><h1 class=\"h1-white\">Nina Sternthal &#8211; Vice-Pr\u00e9sidente<\/h1>\n<\/div><\/section>\n<\/div><\/div><\/main><!-- close content main element --><\/div><\/div><div id='after_section_1'  class='main_color av_default_container_wrap container_wrap fullsize'  ><div class='container av-section-cont-open' ><div class='template-page content  av-content-full alpha units'><div class='post-entry post-entry-type-page post-entry-90746'><div class='entry-content-wrapper clearfix'>\n\n<style type=\"text\/css\" data-created_by=\"avia_inline_auto\" id=\"style-css-av-7o3a85-eb7e7bac93d63bb0b066f01c13928ebc\">\n.flex_column.av-7o3a85-eb7e7bac93d63bb0b066f01c13928ebc{\nborder-radius:0px 0px 0px 0px;\npadding:0px 0px 0px 0px;\n}\n<\/style>\n<div  class='flex_column av-7o3a85-eb7e7bac93d63bb0b066f01c13928ebc av_one_third  avia-builder-el-3  el_after_av_section  el_before_av_two_third  avia-builder-el-first  first flex_column_div av-zero-column-padding  '     ><style type=\"text\/css\" data-created_by=\"avia_inline_auto\" id=\"style-css-av-jwon4zy3-5a624e0b6af235a5063114f78c748dd7\">\n.avia-image-container.av-jwon4zy3-5a624e0b6af235a5063114f78c748dd7 img.avia_image{\nbox-shadow:none;\n}\n.avia-image-container.av-jwon4zy3-5a624e0b6af235a5063114f78c748dd7 .av-image-caption-overlay-center{\ncolor:#ffffff;\n}\n<\/style>\n<div  class='avia-image-container av-jwon4zy3-5a624e0b6af235a5063114f78c748dd7 av-styling- avia-align-center  avia-builder-el-4  avia-builder-el-no-sibling '   itemprop=\"image\" itemscope=\"itemscope\" itemtype=\"https:\/\/schema.org\/ImageObject\" ><div class=\"avia-image-container-inner\"><div class=\"avia-image-overlay-wrap\"><img decoding=\"async\" fetchpriority=\"high\" class='wp-image-90741 avia-img-lazy-loading-not-90741 avia_image ' src=\"https:\/\/shiatsuverband.ch\/wp-content\/uploads\/2024\/02\/Nina_Sternthal_SGS.jpg\" alt='Nina Sternthal' title='Nina_Sternthal_SGS'  height=\"499\" width=\"768\"  itemprop=\"thumbnailUrl\" srcset=\"https:\/\/shiatsuverband.ch\/wp-content\/uploads\/2024\/02\/Nina_Sternthal_SGS.jpg 768w, https:\/\/shiatsuverband.ch\/wp-content\/uploads\/2024\/02\/Nina_Sternthal_SGS-300x195.jpg 300w, https:\/\/shiatsuverband.ch\/wp-content\/uploads\/2024\/02\/Nina_Sternthal_SGS-705x458.jpg 705w\" sizes=\"(max-width: 768px) 100vw, 768px\" \/><\/div><\/div><\/div><\/div>\n\n<style type=\"text\/css\" data-created_by=\"avia_inline_auto\" id=\"style-css-av-555jad-34408ccba8aedb26f06f134946316905\">\n.flex_column.av-555jad-34408ccba8aedb26f06f134946316905{\nborder-radius:0px 0px 0px 0px;\npadding:0px 0px 0px 0px;\n}\n<\/style>\n<div  class='flex_column av-555jad-34408ccba8aedb26f06f134946316905 av_two_third  avia-builder-el-5  el_after_av_one_third  el_before_av_one_half  flex_column_div av-zero-column-padding  '     ><section  class='av_textblock_section av-lxf017mn-3511885ad2d25e7aa6e7984d9c5a5565 '   itemscope=\"itemscope\" itemtype=\"https:\/\/schema.org\/CreativeWork\" ><div class='avia_textblock'  itemprop=\"text\" ><p>\u00abLe Shiatsu est ma voie de c\u0153ur, et le fait de la partager avec des personnes int\u00e9ress\u00e9es me remplit de joie et de gratitude. Je me r\u00e9jouis de collaborer au sein de l\u2019ASS pour consolider le Shiatsu en tant que m\u00e9thode de la th\u00e9rapie compl\u00e9mentaire et pour l\u2019ancrer encore davantage dans la soci\u00e9t\u00e9\u00bb.<\/p>\n<\/div><\/section><\/div>\n\n<style type=\"text\/css\" data-created_by=\"avia_inline_auto\" id=\"style-css-av-4n9vzp-3636db3ab26801d6942879d63bbcb8f2\">\n.flex_column.av-4n9vzp-3636db3ab26801d6942879d63bbcb8f2{\nborder-radius:0px 0px 0px 0px;\npadding:0px 0px 0px 0px;\n}\n<\/style>\n<div  class='flex_column av-4n9vzp-3636db3ab26801d6942879d63bbcb8f2 av_one_half  avia-builder-el-7  el_after_av_two_third  el_before_av_one_half  first flex_column_div av-zero-column-padding  column-top-margin'     ><section  class='av_textblock_section av-7apqt-b6c0781e4251894efbe8cf016438974e '   itemscope=\"itemscope\" itemtype=\"https:\/\/schema.org\/CreativeWork\" ><div class='avia_textblock'  itemprop=\"text\" ><h2>Curriculum<\/h2>\n<p>\u00abLe Shiatsu est ma voie de c\u0153ur, et le fait de la partager avec des personnes int\u00e9ress\u00e9es me remplit de joie et de gratitude. Je me r\u00e9jouis de collaborer au sein de l&rsquo;ASS pour consolider le Shiatsu en tant que m\u00e9thode de la th\u00e9rapie compl\u00e9mentaire et pour l&rsquo;ancrer encore davantage dans la soci\u00e9t\u00e9\u00bb.<\/p>\n<h3>Formation de Shiatsu et exp\u00e9rience professionnelle th\u00e9rapeutique<\/h3>\n<p>Dipl\u00f4me de Shiatsu :<br \/>\n2015 Europ\u00e4isches Shiatsu-Institut (ESI), aujourd\u2019hui\u00a0: IKT<\/p>\n<p>Autres formations :<br \/>\n2023 Th\u00e9rapeute compl\u00e9mentaire avec certificat de branche OrTra TC<br \/>\n2021 Master en Mindfulness Based Core Process Psychotherapy, Karuna Institute (Royaume-Uni)<br \/>\n2017 Do-In, ISS\u00d6 Graz<br \/>\n2017 Fascias et Shiatsu, Gabriella Poli<br \/>\n2016 Baby-Shiatsu, ESI B\u00e2le<br \/>\n2010 Spiraldynamik Basic<br \/>\n2008 Professeur de yoga (Zurich\/B\u00e2le)<br \/>\n1997 Formation intensive de 2 ans en Qi gong silencieux, Tai ji et m\u00e9ditation, Living Tao International<br \/>\n1996 &#8211; 1999 Formation en danse classique, danse moderne, danse japonaise Butoh<\/p>\n<p>Exp\u00e9rience professionnelle :<br \/>\nDepuis 2015 cabinet de Shiatsu \u00e0 B\u00e2le<\/p>\n<h3>Parcours professionnel<\/h3>\n<p>_ Charg\u00e9e de cours et enseignante pour la formation en th\u00e9rapie de Shiatsu \u00e0 l&rsquo;IKT<br \/>\n_ Membre de l&rsquo;\u00e9quipe responsable de l&rsquo;offre sociale REKA \u00abMama-Plus\u00bb (semaines de vacances pour les m\u00e8res \u00e9levant seules leurs enfants, ax\u00e9es sur le renforcement des ressources, le retour au calme et la d\u00e9couverte de soi-m\u00eame malgr\u00e9 le contexte difficile)<br \/>\n_ Cursus de base en psychologie, Universit\u00e9 de B\u00e2le<br \/>\n_ Formation commerciale<\/p>\n<h3>Informations personnelles<\/h3>\n<p>N\u00e9e en 1977<br \/>\nJ&rsquo;aime passer mon temps libre dans la nature, en famille, \u00e0 faire du yoga, \u00e0 voyager, \u00e0 danser.<\/p>\n<\/div><\/section><\/div>\n\n<style type=\"text\/css\" data-created_by=\"avia_inline_auto\" id=\"style-css-av-2h2ted-85ea301a3c41c8556581499537cad4d9\">\n.flex_column.av-2h2ted-85ea301a3c41c8556581499537cad4d9{\nborder-radius:0px 0px 0px 0px;\npadding:0px 0px 0px 0px;\n}\n<\/style>\n<div  class='flex_column av-2h2ted-85ea301a3c41c8556581499537cad4d9 av_one_half  avia-builder-el-9  el_after_av_one_half  el_before_av_one_half  flex_column_div av-zero-column-padding  column-top-margin'     ><section  class='av_textblock_section av-7apqt-2-12ca8c5cb0066d1189e64cba6aef360e '   itemscope=\"itemscope\" itemtype=\"https:\/\/schema.org\/CreativeWork\" ><div class='avia_textblock'  itemprop=\"text\" ><h2>Fonctions<\/h2>\n<h3>Fonction actuelle au sein de l\u2019ASS<\/h3>\n<p>_ Vice-pr\u00e9sidente (depuis 2025)<br \/>\n_ Domaine d\u2019activit\u00e9 Ecoles (depuis 2024)<br \/>\n_ Domaine d\u2019activit\u00e9 Relations externes (depuis 2024)<br \/>\n_ D\u00e9l\u00e9gu\u00e9e OrTra TC (depuis 2024)<\/p>\n<\/div><\/section><\/div>\n\n<style type=\"text\/css\" data-created_by=\"avia_inline_auto\" id=\"style-css-av-2ey35e-d0afbce8f169eb87d46eb79e7f3c9736\">\n.flex_column.av-2ey35e-d0afbce8f169eb87d46eb79e7f3c9736{\nborder-radius:0px 0px 0px 0px;\npadding:0px 0px 0px 0px;\n}\n<\/style>\n<div  class='flex_column av-2ey35e-d0afbce8f169eb87d46eb79e7f3c9736 av_one_half  avia-builder-el-11  el_after_av_one_half  el_before_av_one_half  first flex_column_div av-zero-column-padding  column-top-margin'     ><div  class='avia-button-wrap av-lv56ahtu-e67f7c3f0e8c550dbb99eb7e6f354d59-wrap avia-button-left  avia-builder-el-12  avia-builder-el-no-sibling '><a href='https:\/\/shiatsuverband.ch\/fr\/association\/team\/sabine-bannwart\/'  class='avia-button av-lv56ahtu-e67f7c3f0e8c550dbb99eb7e6f354d59 av-link-btn avia-icon_select-no avia-size-medium avia-position-left avia-color-dark'   aria-label=\"Sabine Bannwart - Pr\u00e9sidence\"><span class='avia_iconbox_title' >Sabine Bannwart - Pr\u00e9sidence<\/span><\/a><\/div><\/div>\n<style type=\"text\/css\" data-created_by=\"avia_inline_auto\" id=\"style-css-av-av_one_half-da852e3ef3e55b029d2629c41a20524d\">\n.flex_column.av-av_one_half-da852e3ef3e55b029d2629c41a20524d{\nborder-radius:0px 0px 0px 0px;\npadding:0px 0px 0px 0px;\n}\n<\/style>\n<div  class='flex_column av-av_one_half-da852e3ef3e55b029d2629c41a20524d av_one_half  avia-builder-el-13  el_after_av_one_half  avia-builder-el-last  flex_column_div av-zero-column-padding  column-top-margin'     ><div  class='avia-button-wrap av-m9sn4i31-b47c2d347ad3acbd876f68fc86602ac1-wrap avia-button-right  avia-builder-el-14  avia-builder-el-no-sibling '><a href='https:\/\/shiatsuverband.ch\/fr\/association\/team\/barbara-felber\/'  class='avia-button av-m9sn4i31-b47c2d347ad3acbd876f68fc86602ac1 av-link-btn avia-icon_select-no avia-size-medium avia-position-right avia-color-dark'   aria-label=\"Barbara Felber - M\u00e9thode Shiatsu\"><span class='avia_iconbox_title' >Barbara Felber - M\u00e9thode Shiatsu<\/span><\/a><\/div><\/div><\/p>\n","protected":false},"excerpt":{"rendered":"","protected":false},"author":1,"featured_media":0,"parent":4413,"menu_order":0,"comment_status":"closed","ping_status":"closed","template":"","meta":{"_acf_changed":false,"_monsterinsights_skip_tracking":false,"_monsterinsights_sitenote_active":false,"_monsterinsights_sitenote_note":"","_monsterinsights_sitenote_category":0,"footnotes":""},"class_list":["post-90746","page","type-page","status-publish","hentry"],"acf":[],"yoast_head":"<!-- This site is optimized with the Yoast SEO plugin v27.4 - https:\/\/yoast.com\/product\/yoast-seo-wordpress\/ -->\n<title>Nina Sternthal - Shiatsu Gesellschaft Schweiz<\/title>\n<meta name=\"robots\" content=\"index, follow, max-snippet:-1, max-image-preview:large, max-video-preview:-1\" \/>\n<link rel=\"canonical\" href=\"https:\/\/shiatsuverband.ch\/fr\/association\/team\/nina-sternthal\/\" \/>\n<meta property=\"og:locale\" content=\"fr_FR\" \/>\n<meta property=\"og:type\" content=\"article\" \/>\n<meta property=\"og:title\" content=\"Nina Sternthal - Shiatsu Gesellschaft Schweiz\" \/>\n<meta property=\"og:url\" content=\"https:\/\/shiatsuverband.ch\/fr\/association\/team\/nina-sternthal\/\" \/>\n<meta property=\"og:site_name\" content=\"Shiatsu Gesellschaft Schweiz\" \/>\n<meta property=\"article:publisher\" content=\"https:\/\/www.facebook.com\/shiatsugesellschaftschweiz\" \/>\n<meta property=\"article:modified_time\" content=\"2025-04-22T15:09:08+00:00\" \/>\n<meta name=\"twitter:card\" content=\"summary_large_image\" \/>\n<meta name=\"twitter:label1\" content=\"Dur\u00e9e de lecture estim\u00e9e\" \/>\n\t<meta name=\"twitter:data1\" content=\"3 minutes\" \/>\n<script type=\"application\/ld+json\" class=\"yoast-schema-graph\">{\"@context\":\"https:\\\/\\\/schema.org\",\"@graph\":[{\"@type\":\"WebPage\",\"@id\":\"https:\\\/\\\/shiatsuverband.ch\\\/fr\\\/association\\\/team\\\/nina-sternthal\\\/\",\"url\":\"https:\\\/\\\/shiatsuverband.ch\\\/fr\\\/association\\\/team\\\/nina-sternthal\\\/\",\"name\":\"Nina Sternthal - Shiatsu Gesellschaft Schweiz\",\"isPartOf\":{\"@id\":\"https:\\\/\\\/shiatsuverband.ch\\\/fr\\\/#website\"},\"datePublished\":\"2024-02-14T07:12:59+00:00\",\"dateModified\":\"2025-04-22T15:09:08+00:00\",\"breadcrumb\":{\"@id\":\"https:\\\/\\\/shiatsuverband.ch\\\/fr\\\/association\\\/team\\\/nina-sternthal\\\/#breadcrumb\"},\"inLanguage\":\"fr-FR\",\"potentialAction\":[{\"@type\":\"ReadAction\",\"target\":[\"https:\\\/\\\/shiatsuverband.ch\\\/fr\\\/association\\\/team\\\/nina-sternthal\\\/\"]}]},{\"@type\":\"BreadcrumbList\",\"@id\":\"https:\\\/\\\/shiatsuverband.ch\\\/fr\\\/association\\\/team\\\/nina-sternthal\\\/#breadcrumb\",\"itemListElement\":[{\"@type\":\"ListItem\",\"position\":1,\"name\":\"Startseite\",\"item\":\"https:\\\/\\\/shiatsuverband.ch\\\/fr\\\/le-shiatsu-une-methode-de-la-therapie-complementaire\\\/\"},{\"@type\":\"ListItem\",\"position\":2,\"name\":\"Association\",\"item\":\"https:\\\/\\\/shiatsuverband.ch\\\/fr\\\/association\\\/\"},{\"@type\":\"ListItem\",\"position\":3,\"name\":\"L\u2019\u00e9quipe\",\"item\":\"https:\\\/\\\/shiatsuverband.ch\\\/fr\\\/association\\\/team\\\/\"},{\"@type\":\"ListItem\",\"position\":4,\"name\":\"Nina Sternthal\"}]},{\"@type\":\"WebSite\",\"@id\":\"https:\\\/\\\/shiatsuverband.ch\\\/fr\\\/#website\",\"url\":\"https:\\\/\\\/shiatsuverband.ch\\\/fr\\\/\",\"name\":\"Shiatsu Gesellschaft Schweiz\",\"description\":\"Shiatsu, eine Methode der Komplement\u00e4rTherapie\",\"publisher\":{\"@id\":\"https:\\\/\\\/shiatsuverband.ch\\\/fr\\\/#organization\"},\"potentialAction\":[{\"@type\":\"SearchAction\",\"target\":{\"@type\":\"EntryPoint\",\"urlTemplate\":\"https:\\\/\\\/shiatsuverband.ch\\\/fr\\\/?s={search_term_string}\"},\"query-input\":{\"@type\":\"PropertyValueSpecification\",\"valueRequired\":true,\"valueName\":\"search_term_string\"}}],\"inLanguage\":\"fr-FR\"},{\"@type\":\"Organization\",\"@id\":\"https:\\\/\\\/shiatsuverband.ch\\\/fr\\\/#organization\",\"name\":\"Shiatsu Gesellschaft Schweiz\",\"url\":\"https:\\\/\\\/shiatsuverband.ch\\\/fr\\\/\",\"logo\":{\"@type\":\"ImageObject\",\"inLanguage\":\"fr-FR\",\"@id\":\"https:\\\/\\\/shiatsuverband.ch\\\/fr\\\/#\\\/schema\\\/logo\\\/image\\\/\",\"url\":\"https:\\\/\\\/shiatsuverband.ch\\\/wp-content\\\/uploads\\\/2019\\\/04\\\/Shiatsuverband_Logo.png\",\"contentUrl\":\"https:\\\/\\\/shiatsuverband.ch\\\/wp-content\\\/uploads\\\/2019\\\/04\\\/Shiatsuverband_Logo.png\",\"width\":387,\"height\":130,\"caption\":\"Shiatsu Gesellschaft Schweiz\"},\"image\":{\"@id\":\"https:\\\/\\\/shiatsuverband.ch\\\/fr\\\/#\\\/schema\\\/logo\\\/image\\\/\"},\"sameAs\":[\"https:\\\/\\\/www.facebook.com\\\/shiatsugesellschaftschweiz\"]}]}<\/script>\n<!-- \/ Yoast SEO plugin. -->","yoast_head_json":{"title":"Nina Sternthal - Shiatsu Gesellschaft Schweiz","robots":{"index":"index","follow":"follow","max-snippet":"max-snippet:-1","max-image-preview":"max-image-preview:large","max-video-preview":"max-video-preview:-1"},"canonical":"https:\/\/shiatsuverband.ch\/fr\/association\/team\/nina-sternthal\/","og_locale":"fr_FR","og_type":"article","og_title":"Nina Sternthal - Shiatsu Gesellschaft Schweiz","og_url":"https:\/\/shiatsuverband.ch\/fr\/association\/team\/nina-sternthal\/","og_site_name":"Shiatsu Gesellschaft Schweiz","article_publisher":"https:\/\/www.facebook.com\/shiatsugesellschaftschweiz","article_modified_time":"2025-04-22T15:09:08+00:00","twitter_card":"summary_large_image","twitter_misc":{"Dur\u00e9e de lecture estim\u00e9e":"3 minutes"},"schema":{"@context":"https:\/\/schema.org","@graph":[{"@type":"WebPage","@id":"https:\/\/shiatsuverband.ch\/fr\/association\/team\/nina-sternthal\/","url":"https:\/\/shiatsuverband.ch\/fr\/association\/team\/nina-sternthal\/","name":"Nina Sternthal - Shiatsu Gesellschaft Schweiz","isPartOf":{"@id":"https:\/\/shiatsuverband.ch\/fr\/#website"},"datePublished":"2024-02-14T07:12:59+00:00","dateModified":"2025-04-22T15:09:08+00:00","breadcrumb":{"@id":"https:\/\/shiatsuverband.ch\/fr\/association\/team\/nina-sternthal\/#breadcrumb"},"inLanguage":"fr-FR","potentialAction":[{"@type":"ReadAction","target":["https:\/\/shiatsuverband.ch\/fr\/association\/team\/nina-sternthal\/"]}]},{"@type":"BreadcrumbList","@id":"https:\/\/shiatsuverband.ch\/fr\/association\/team\/nina-sternthal\/#breadcrumb","itemListElement":[{"@type":"ListItem","position":1,"name":"Startseite","item":"https:\/\/shiatsuverband.ch\/fr\/le-shiatsu-une-methode-de-la-therapie-complementaire\/"},{"@type":"ListItem","position":2,"name":"Association","item":"https:\/\/shiatsuverband.ch\/fr\/association\/"},{"@type":"ListItem","position":3,"name":"L\u2019\u00e9quipe","item":"https:\/\/shiatsuverband.ch\/fr\/association\/team\/"},{"@type":"ListItem","position":4,"name":"Nina Sternthal"}]},{"@type":"WebSite","@id":"https:\/\/shiatsuverband.ch\/fr\/#website","url":"https:\/\/shiatsuverband.ch\/fr\/","name":"Shiatsu Gesellschaft Schweiz","description":"Shiatsu, eine Methode der Komplement\u00e4rTherapie","publisher":{"@id":"https:\/\/shiatsuverband.ch\/fr\/#organization"},"potentialAction":[{"@type":"SearchAction","target":{"@type":"EntryPoint","urlTemplate":"https:\/\/shiatsuverband.ch\/fr\/?s={search_term_string}"},"query-input":{"@type":"PropertyValueSpecification","valueRequired":true,"valueName":"search_term_string"}}],"inLanguage":"fr-FR"},{"@type":"Organization","@id":"https:\/\/shiatsuverband.ch\/fr\/#organization","name":"Shiatsu Gesellschaft Schweiz","url":"https:\/\/shiatsuverband.ch\/fr\/","logo":{"@type":"ImageObject","inLanguage":"fr-FR","@id":"https:\/\/shiatsuverband.ch\/fr\/#\/schema\/logo\/image\/","url":"https:\/\/shiatsuverband.ch\/wp-content\/uploads\/2019\/04\/Shiatsuverband_Logo.png","contentUrl":"https:\/\/shiatsuverband.ch\/wp-content\/uploads\/2019\/04\/Shiatsuverband_Logo.png","width":387,"height":130,"caption":"Shiatsu Gesellschaft Schweiz"},"image":{"@id":"https:\/\/shiatsuverband.ch\/fr\/#\/schema\/logo\/image\/"},"sameAs":["https:\/\/www.facebook.com\/shiatsugesellschaftschweiz"]}]}},"_links":{"self":[{"href":"https:\/\/shiatsuverband.ch\/fr\/wp-json\/wp\/v2\/pages\/90746","targetHints":{"allow":["GET"]}}],"collection":[{"href":"https:\/\/shiatsuverband.ch\/fr\/wp-json\/wp\/v2\/pages"}],"about":[{"href":"https:\/\/shiatsuverband.ch\/fr\/wp-json\/wp\/v2\/types\/page"}],"author":[{"embeddable":true,"href":"https:\/\/shiatsuverband.ch\/fr\/wp-json\/wp\/v2\/users\/1"}],"replies":[{"embeddable":true,"href":"https:\/\/shiatsuverband.ch\/fr\/wp-json\/wp\/v2\/comments?post=90746"}],"version-history":[{"count":11,"href":"https:\/\/shiatsuverband.ch\/fr\/wp-json\/wp\/v2\/pages\/90746\/revisions"}],"predecessor-version":[{"id":110361,"href":"https:\/\/shiatsuverband.ch\/fr\/wp-json\/wp\/v2\/pages\/90746\/revisions\/110361"}],"up":[{"embeddable":true,"href":"https:\/\/shiatsuverband.ch\/fr\/wp-json\/wp\/v2\/pages\/4413"}],"wp:attachment":[{"href":"https:\/\/shiatsuverband.ch\/fr\/wp-json\/wp\/v2\/media?parent=90746"}],"curies":[{"name":"wp","href":"https:\/\/api.w.org\/{rel}","templated":true}]}}