{"id":99397,"date":"2024-06-24T09:54:25","date_gmt":"2024-06-24T07:54:25","guid":{"rendered":"https:\/\/shiatsuverband.ch\/?page_id=99397"},"modified":"2025-08-22T09:28:16","modified_gmt":"2025-08-22T07:28:16","slug":"success-stories","status":"publish","type":"page","link":"https:\/\/shiatsuverband.ch\/fr\/le-shiatsu-comme-profession\/success-stories\/","title":{"rendered":"D\u00e9couvrir de nouvelles voies : le Shiatsu en situation de handicap"},"content":{"rendered":"\n<style type=\"text\/css\" data-created_by=\"avia_inline_auto\" id=\"style-css-av-ju2nndub-9ef907da63e08d5c30f706c41b4c0ccd\">\n.avia-section.av-ju2nndub-9ef907da63e08d5c30f706c41b4c0ccd{\nbackground-repeat:no-repeat;\nbackground-image:url(https:\/\/shiatsuverband.ch\/wp-content\/uploads\/2024\/03\/9_banner_2024-scaled.jpg);\nbackground-position:50% 50%;\nbackground-attachment:scroll;\n}\n<\/style>\n<div id='av_section_1'  class='avia-section av-ju2nndub-9ef907da63e08d5c30f706c41b4c0ccd main_color avia-section-no-padding avia-no-border-styling  avia-builder-el-0  el_before_av_section  avia-builder-el-first  margin-top-color-section av-small-hide av-mini-hide avia-full-stretch avia-bg-style-scroll av-minimum-height av-minimum-height-custom av-height-custom  container_wrap fullsize'  data-section-bg-repeat='stretch' data-av_minimum_height_px='440'><div class='container av-section-cont-open' style='height:440px'><main  role=\"main\" itemprop=\"mainContentOfPage\"  class='template-page content  av-content-full alpha units'><div class='post-entry post-entry-type-page post-entry-99397'><div class='entry-content-wrapper clearfix'>\n<\/div><\/div><\/main><!-- close content main element --><\/div><\/div>\n<style type=\"text\/css\" data-created_by=\"avia_inline_auto\" id=\"style-css-av-julcwse0-654f975b9fe1ed4e8f460bcb80608937\">\n.avia-section.av-julcwse0-654f975b9fe1ed4e8f460bcb80608937{\nbackground-color:#009ed0;\nbackground-image:unset;\n}\n<\/style>\n<div id='av_section_2'  class='avia-section av-julcwse0-654f975b9fe1ed4e8f460bcb80608937 main_color avia-section-no-padding avia-no-border-styling  avia-builder-el-1  el_after_av_section  el_before_av_tab_container  color-section-title avia-bg-style-scroll container_wrap fullsize'  ><div class='container av-section-cont-open' ><div class='template-page content  av-content-full alpha units'><div class='post-entry post-entry-type-page post-entry-99397'><div class='entry-content-wrapper clearfix'>\n\n<style type=\"text\/css\" data-created_by=\"avia_inline_auto\" id=\"style-css-av-julcw7xd-e3d59a622805fbe4ea83af60fc5e786c\">\n#top .hr.hr-invisible.av-julcw7xd-e3d59a622805fbe4ea83af60fc5e786c{\nheight:40px;\n}\n<\/style>\n<div  class='hr av-julcw7xd-e3d59a622805fbe4ea83af60fc5e786c hr-invisible  avia-builder-el-2  el_before_av_textblock  avia-builder-el-first '><span class='hr-inner '><span class=\"hr-inner-style\"><\/span><\/span><\/div>\n<section  class='av_textblock_section av-julcuj7o-e6999aa14f179631f65e65b47f133404 '   itemscope=\"itemscope\" itemtype=\"https:\/\/schema.org\/CreativeWork\" ><div class='avia_textblock'  itemprop=\"text\" ><h1 class=\"h1-white\">Shiatsu Success Stories<\/h1>\n<\/div><\/section>\n<\/div><\/div><\/div><!-- close content main div --><\/div><\/div><div id='after_section_2'  class='main_color av_default_container_wrap container_wrap fullsize'  ><div class='container av-section-cont-open' ><div class='template-page content  av-content-full alpha units'><div class='post-entry post-entry-type-page post-entry-99397'><div class='entry-content-wrapper clearfix'>\n<div  class='tabcontainer av-mdr6i7f9-3579df4aa4c94c7564ecf255d04892be top_tab  avia-builder-el-4  el_after_av_section  avia-builder-el-no-sibling  sgs-team-bereich'>\n<section class='av_tab_section av_tab_section av-37bnet-fd586234be0ccc35e53f8fb899e647cc'  itemscope=\"itemscope\" itemtype=\"https:\/\/schema.org\/CreativeWork\" ><div id='tab-id-1-tab' class='tab active_tab' role='tab' aria-selected=\"true\" tabindex=\"0\" data-fake-id='#tab-id-1' aria-controls='tab-id-1-content'  itemprop=\"headline\" >Shiatsu en cas de burnout <\/div><div id='tab-id-1-content' class='tab_content active_tab_content' role='tabpanel' aria-labelledby='tab-id-1-tab' aria-hidden=\"false\"><div class='tab_inner_content invers-color'  itemprop=\"text\" ><h2>Le Shiatsu en cas de burnout, de d\u00e9pression ou de troubles anxieux<\/h2>\n<p><em>La clinique priv\u00e9e Hohenegg propose \u00e0 ses patient-e-s b\u00e9n\u00e9ficiant d&rsquo;une assurance priv\u00e9e ou semi-priv\u00e9e d&rsquo;avoir recours au Shiatsu dans le cadre de son programme th\u00e9rapeutique alliant m\u00e9decine conventionnelle et th\u00e9rapies compl\u00e9mentaires. Cette approche est visionnaire\u00a0: elle \u00e9largit l&rsquo;\u00e9ventail des possibles prestations susceptibles de favoriser le r\u00e9tablissement des patient-e-s. \u00c0 leur sortie, il leur est souvent recommand\u00e9 de poursuivre un suivi ambulatoire en psychoth\u00e9rapie et en th\u00e9rapies compl\u00e9mentaires.<\/em><\/p>\n<p>La perception corporelle est souvent fortement perturb\u00e9e chez les patient-e-s souffrant de burnout, de d\u00e9pression ou de troubles anxieux. Le syst\u00e8me nerveux sympathique est hyperactif et ils manquent de calme et d&rsquo;un sentiment de s\u00e9curit\u00e9. Il en r\u00e9sulte des palpitations, de la nervosit\u00e9, des troubles digestifs ou des pens\u00e9es qui tournent en boucle. Le Shiatsu active le syst\u00e8me nerveux parasympathique, favorise la d\u00e9tente et aide \u00e0 reprendre contact avec soi-m\u00eame dans le moment pr\u00e9sent. Il permet un changement au niveau de la perception du corps, qui redevient une ressource et un lieu s\u00fbr pour la personne.<br \/>\nLa Dre Elisabeth Koppensteiner, m\u00e9decin-cheffe \u00e0 la clinique priv\u00e9e Hohenegg et l&rsquo;une de ses patientes, Sabrina N. (nom modifi\u00e9), d\u00e9crivent dans le texte qui suit leur exp\u00e9rience personnelle avec le Shiatsu ainsi que le cas particulier de la th\u00e9rapie de Shiatsu dans le traitement des crises de panique, des troubles anxieux et du burnout.<\/p>\n<p><strong>T\u00e9moignage\u00a0: Sabrina N. et son exp\u00e9rience avec le Shiatsu<\/strong><\/p>\n<p>La patiente Sabrina N. est arriv\u00e9e \u00e0 la clinique avec des crises de panique et des sympt\u00f4mes de burnout. Elle raconte que c&rsquo;\u00e9tait son premier s\u00e9jour dans une clinique pour personnes souffrant de troubles psychiques. Au cours de son s\u00e9jour de 10 semaines, elle a \u00e9t\u00e9 impressionn\u00e9e par les qualit\u00e9s humaines et les comp\u00e9tences professionnelles du personnel soignant ainsi que par la diversit\u00e9 des th\u00e9rapies propos\u00e9es \u00e0 la clinique. Quatre s\u00e9ances de Shiatsu sont propos\u00e9es aux patient-e-s b\u00e9n\u00e9ficiant d&rsquo;une assurance priv\u00e9e ou semi-priv\u00e9e, lorsque cela est indiqu\u00e9. Les patient-e-s b\u00e9n\u00e9ficiant d&rsquo;une assurance de base peuvent avoir recours \u00e0 des s\u00e9ances de Shiatsu en ambulatoire avant ou apr\u00e8s leur s\u00e9jour \u00e0 la clinique\u00a0; celles-ci sont prises en charge par la plupart des assurances compl\u00e9mentaires.<\/p>\n<p>D\u00e8s le d\u00e9but de son entr\u00e9e en fonction il y a 13 ans, la m\u00e9decin-cheffe Dre Koppensteiner a elle-m\u00eame essay\u00e9 un traitement de Shiatsu. Elle d\u00e9crit le Shiatsu comme suit\u00a0:\u00a0\u00ab\u00a0Cette m\u00e9thode est formidable, elle offre un \u00e9quilibre parfait entre le contact physique et le contact psycho-\u00e9motionnel. Parfois, cela peut \u00eatre d\u00e9licat, c&rsquo;est pourquoi les th\u00e9rapeutes de Shiatsu doivent \u00eatre tr\u00e8s sensibles pour sentir ce que les patient-e-s peuvent supporter. Le Shiatsu est l&rsquo;une de nos th\u00e9rapies les plus populaires.\u00a0\u00bb<\/p>\n<p>Pendant son s\u00e9jour \u00e0 la clinique, la patiente Sabrina N. a elle aussi d\u00e9couvert la m\u00e9thode Shiatsu. \u00c0 l&rsquo;\u00e9poque, elle souffrait de crises de panique s\u00e9v\u00e8res et \u00e9tait tr\u00e8s stress\u00e9e, pourtant elle \u00e9tait ouverte \u00e0 cette th\u00e9rapie. Elle se souvient\u00a0:\u00a0\u00ab\u00a0J&rsquo;ai tr\u00e8s bien r\u00e9agi \u00e0 ces traitements, je me sentais ensuite bien \u00e9quilibr\u00e9e et recentr\u00e9e. J&rsquo;\u00e9tais vraiment contente que le Shiatsu fasse partie du programme standard.\u00a0\u00bb Elle a remarqu\u00e9 que le Shiatsu avait permis de lib\u00e9rer durablement et efficacement ses blocages int\u00e9rieurs et ses tensions. Ce qui ne veut pas dire que le Shiatsu aurait r\u00e9solu tous ses probl\u00e8mes. Mais elle a pu retrouver son \u00e9quilibre et s&rsquo;est sentie ensuite plus ouverte et plus dispos\u00e9e \u00e0 suivre les autres th\u00e9rapies.<\/p>\n<p><strong>Le Shiatsu d&rsquo;un point de vue m\u00e9dical<\/strong><\/p>\n<p>Selon la m\u00e9decin-cheffe, la majorit\u00e9 des patient-e-s qui viennent \u00e0 la clinique souffrent d&rsquo;anxi\u00e9t\u00e9 et de troubles li\u00e9s au stress. Avant leur s\u00e9jour \u00e0 la clinique, ils \u00e9taient tellement stress\u00e9-e-s qu&rsquo;ils n&rsquo;avaient ni le temps ni l&rsquo;\u00e9nergie de rechercher une th\u00e9rapie qui leur aurait fait du bien. Mme Koppensteiner d\u00e9clare \u00e0 ce sujet\u00a0:\u00a0\u00ab\u00a0Il est tr\u00e8s important que les personnes qui luttent contre le stress trouvent ce qui leur fait du bien.\u00a0\u00bb Comme les patient-e-s b\u00e9n\u00e9ficient de diff\u00e9rentes th\u00e9rapies durant leur s\u00e9jour \u00e0 la clinique, chacun-e peut poursuivre la th\u00e9rapie qui lui convient apr\u00e8s sa sortie afin de consolider son r\u00e9tablissement.<\/p>\n<p>La clinique priv\u00e9e Hohenegg est sp\u00e9cialis\u00e9e dans le traitement de la d\u00e9pression, du burnout, des troubles anxieux et des troubles psychosomatiques. Au fil des ans, la m\u00e9decin-cheffe a fait le constat suivant\u00a0:\u00a0\u00ab\u00a0En cas de d\u00e9pression, le Shiatsu peut \u00eatre tr\u00e8s utile pour r\u00e9tablir le contact avec autrui. Le Shiatsu est une th\u00e9rapie individuelle qui permet une rencontre particuli\u00e8re avec une autre personne.\u00a0\u00bb<\/p>\n<p><strong>Le travail corporel, une porte d&rsquo;entr\u00e9e vers le psychisme<\/strong><\/p>\n<p>Le corps et l&rsquo;esprit \u00e9tant \u00e9troitement li\u00e9s, le travail corporel peut permettre d&rsquo;aborder \u00e9galement les probl\u00e8mes psychiques. Mme Koppensteiner explique\u00a0:\u00a0\u00ab\u00a0Certaines personnes ont perdu tout lien avec leur corps et leurs \u00e9motions. Il existe diff\u00e9rents moyens permettant d&rsquo;ouvrir une porte. Nous avons souvent besoin de quelqu&rsquo;un pour nous accompagner. Les relations personnelles et priv\u00e9es sont bien s\u00fbr essentielles, mais nous avons parfois besoin d&rsquo;une aide suppl\u00e9mentaire. Pour certaines personnes, le contact physique est plus important, pour d&rsquo;autres, c&rsquo;est la parole.\u00a0\u00bb<\/p>\n<p><strong>Effet \u00e0 long terme et int\u00e9gration dans la vie quotidienne<\/strong><\/p>\n<p>Sabrina N. en est \u00e9galement convaincue\u00a0:\u00a0\u00ab\u00a0La combinaison de tout ce que j&rsquo;ai v\u00e9cu ici m&rsquo;a aussi aid\u00e9e \u00e0 mieux ressentir mon corps. \u00c7a m&rsquo;aide \u00e0 me r\u00e9guler plus vite maintenant. Ma qualit\u00e9 de vie s&rsquo;est vraiment am\u00e9lior\u00e9e gr\u00e2ce \u00e0 tout ce que j&rsquo;ai appris. Je continue les exercices de pleine conscience \u00e0 la maison, car ils me font du bien.\u00a0\u00bb<\/p>\n<p>Deux ans se sont \u00e9coul\u00e9s depuis son s\u00e9jour \u00e0 la clinique. Elle continue d&rsquo;avoir recours \u00e0 la th\u00e9rapie de Shiatsu tous les deux mois\u00a0:\u00a0\u00ab\u00a0Je sais o\u00f9 trouver de l&rsquo;aide pour me sentir rapidement mieux.\u00a0\u00bb<\/p>\n<p>Un d\u00e9pliant de notre histoire \u00e0 succ\u00e8s est disponible <a href=\"https:\/\/shiatsuverband.ch\/wp-content\/uploads\/2025\/08\/FlyerHoheneggBurnoutFR_Web.pdf\">ici<\/a>.<\/p>\n<p>Voici d&rsquo;autres informations sur ce th\u00e8me\u00a0:<\/p>\n<p>Deux exemples pratiques de collaboration interdisciplinaire en cas de burnout\u00a0:<\/p>\n<p>_ <a href=\"https:\/\/shiatsuverband.ch\/fr\/exemple-pratique-i-collaboration-interdisciplinaire-en-cas-de-burnout\/\">Exemple pratique I : collaboration interdisciplinaire en cas de burnout<\/a><br \/>\n_ <a href=\"https:\/\/shiatsuverband.ch\/fr\/exemple-pratique-ii-collaboration-interdisciplinaire-en-cas-de-burnout\/\">Exemple pratique II : collaboration interdisciplinaire en cas de burnout<\/a><\/p>\n<p>Un vid\u00e9o :<\/p>\n<div style=\"padding: 56.25% 0 0 0; position: relative;\"><iframe style=\"position: absolute; top: 0; left: 0; width: 100%; height: 100%;\" title=\"Association Suisse de Shiatsu - Un entretien sur le burnout avec Stepahn Scherrer 1-2\" src=\"https:\/\/player.vimeo.com\/video\/357570094?badge=0&amp;autopause=0&amp;player_id=0&amp;app_id=58479\" frameborder=\"0\"><\/iframe><\/div>\n<p><script src=\"https:\/\/player.vimeo.com\/api\/player.js\"><\/script><\/p>\n<\/div><\/div><\/section>\n<section class='av_tab_section av_tab_section av-mdr6i3i1-9f36fbb073d1e10ae863eba5e0e99275'  itemscope=\"itemscope\" itemtype=\"https:\/\/schema.org\/CreativeWork\" ><div id='tab-id-2-tab' class='tab' role='tab' aria-selected=\"false\" tabindex=\"0\" data-fake-id='#tab-id-2' aria-controls='tab-id-2-content'  itemprop=\"headline\" >Shiatsu en situation de handicap<\/div><div id='tab-id-2-content' class='tab_content' role='tabpanel' aria-labelledby='tab-id-2-tab' aria-hidden=\"true\"><div class='tab_inner_content invers-color'  itemprop=\"text\" ><p><strong>D\u00e9couvrir de nouvelles voies : le Shiatsu en situation de handicap<\/strong><\/p>\n<p>Le centre de travail et de r\u00e9sidence pour personnes en situation de handicap mental ou physique \u00e0 Kleind\u00f6ttingen (AWZ) offre un foyer \u00e0 une quarantaine de personnes et des emplois vari\u00e9s \u00e0 une centaine d&rsquo;autres. L&rsquo;un des objectifs de l&rsquo;institution est d&rsquo;accompagner les r\u00e9sident-e-s dans leur d\u00e9veloppement individuel et de renforcer tout particuli\u00e8rement leur autonomie. L&rsquo;AWZ entend cr\u00e9er un environnement propice \u00e0 une vie ind\u00e9pendante en adaptation aux besoins de ses r\u00e9sident-e-s. Pour y parvenir, l&rsquo;AWZ n&rsquo;a pas h\u00e9sit\u00e9 \u00e0 sortir des sentiers battus : en faisant preuve d&rsquo;imagination, l&rsquo;AWZ a trouv\u00e9 des solutions qui, \u00e0 premi\u00e8re vue, ne s&rsquo;inscrivent pas dans le concept et la structure d&rsquo;une institution.<\/p>\n<p>Ce fut le cas pour l&rsquo;introduction de la th\u00e9rapie de Shiatsu, accessible aux r\u00e9sident-e-s de l&rsquo;AWZ depuis maintenant trois ans. Bien que la m\u00e9thode Shiatsu ait \u00e9t\u00e9 un terrain totalement inconnu pour la plupart des r\u00e9sident-e-s tout comme pour le personnel, Karin Filli, responsable du secteur de la r\u00e9sidence, s&rsquo;est fix\u00e9 pour objectif d&rsquo;int\u00e9grer cette m\u00e9thode th\u00e9rapeutique dans le plan des soins de l&rsquo;AWZ.<\/p>\n<p>Pour en savoir plus sur l&rsquo;origine et le succ\u00e8s de cette collaboration, lisez <a href=\"https:\/\/shiatsuverband.ch\/wp-content\/uploads\/2025\/06\/12-5.102-Flyer_SuccessStories_AWZ_FR_20240823.pdf\">le d\u00e9pliant Success-Story<\/a> ou regardez la vid\u00e9o ci-dessous (en allemand). Il s&rsquo;agit d&rsquo;un extrait des interviews avec Karin Filli et Brigitte Wehrli, th\u00e9rapeute de Shiatsu.<\/p>\n<div style=\"padding: 56.25% 0 0 0; position: relative;\"><iframe style=\"position: absolute; top: 0; left: 0; width: 100%; height: 100%;\" title=\"Shiatsu_im_Heim\" src=\"https:\/\/player.vimeo.com\/video\/925771289?badge=0&amp;autopause=0&amp;player_id=0&amp;app_id=58479\" frameborder=\"0\"><\/iframe><\/div>\n<p><script src=\"https:\/\/player.vimeo.com\/api\/player.js\"><\/script><\/p>\n<\/div><\/div><\/section>\n<\/div>\n","protected":false},"excerpt":{"rendered":"","protected":false},"author":11,"featured_media":91751,"parent":4318,"menu_order":0,"comment_status":"closed","ping_status":"closed","template":"","meta":{"_acf_changed":false,"_monsterinsights_skip_tracking":false,"_monsterinsights_sitenote_active":false,"_monsterinsights_sitenote_note":"","_monsterinsights_sitenote_category":0,"footnotes":""},"class_list":["post-99397","page","type-page","status-publish","has-post-thumbnail","hentry"],"acf":[],"yoast_head":"<!-- This site is optimized with the Yoast SEO plugin v27.5 - https:\/\/yoast.com\/product\/yoast-seo-wordpress\/ -->\n<title>D\u00e9couvrir de nouvelles voies : le Shiatsu en situation de handicap - Shiatsu Gesellschaft Schweiz<\/title>\n<meta name=\"robots\" content=\"index, follow, max-snippet:-1, max-image-preview:large, max-video-preview:-1\" \/>\n<link rel=\"canonical\" href=\"https:\/\/shiatsuverband.ch\/fr\/le-shiatsu-comme-profession\/success-stories\/\" \/>\n<meta property=\"og:locale\" content=\"fr_FR\" \/>\n<meta property=\"og:type\" content=\"article\" \/>\n<meta property=\"og:title\" content=\"D\u00e9couvrir de nouvelles voies : le Shiatsu en situation de handicap - Shiatsu Gesellschaft Schweiz\" \/>\n<meta property=\"og:url\" content=\"https:\/\/shiatsuverband.ch\/fr\/le-shiatsu-comme-profession\/success-stories\/\" \/>\n<meta property=\"og:site_name\" content=\"Shiatsu Gesellschaft Schweiz\" \/>\n<meta property=\"article:publisher\" content=\"https:\/\/www.facebook.com\/shiatsugesellschaftschweiz\" \/>\n<meta property=\"article:modified_time\" content=\"2025-08-22T07:28:16+00:00\" \/>\n<meta property=\"og:image\" content=\"https:\/\/shiatsuverband.ch\/wp-content\/uploads\/2024\/03\/9_banner_2024-scaled.jpg\" \/>\n\t<meta property=\"og:image:width\" content=\"2560\" \/>\n\t<meta property=\"og:image:height\" content=\"731\" \/>\n\t<meta property=\"og:image:type\" content=\"image\/jpeg\" \/>\n<meta name=\"twitter:card\" content=\"summary_large_image\" \/>\n<meta name=\"twitter:label1\" content=\"Dur\u00e9e de lecture estim\u00e9e\" \/>\n\t<meta name=\"twitter:data1\" content=\"7 minutes\" \/>\n<script type=\"application\/ld+json\" class=\"yoast-schema-graph\">{\"@context\":\"https:\\\/\\\/schema.org\",\"@graph\":[{\"@type\":\"WebPage\",\"@id\":\"https:\\\/\\\/shiatsuverband.ch\\\/fr\\\/le-shiatsu-comme-profession\\\/success-stories\\\/\",\"url\":\"https:\\\/\\\/shiatsuverband.ch\\\/fr\\\/le-shiatsu-comme-profession\\\/success-stories\\\/\",\"name\":\"D\u00e9couvrir de nouvelles voies : le Shiatsu en situation de handicap - Shiatsu Gesellschaft Schweiz\",\"isPartOf\":{\"@id\":\"https:\\\/\\\/shiatsuverband.ch\\\/fr\\\/#website\"},\"primaryImageOfPage\":{\"@id\":\"https:\\\/\\\/shiatsuverband.ch\\\/fr\\\/le-shiatsu-comme-profession\\\/success-stories\\\/#primaryimage\"},\"image\":{\"@id\":\"https:\\\/\\\/shiatsuverband.ch\\\/fr\\\/le-shiatsu-comme-profession\\\/success-stories\\\/#primaryimage\"},\"thumbnailUrl\":\"https:\\\/\\\/shiatsuverband.ch\\\/wp-content\\\/uploads\\\/2024\\\/03\\\/9_banner_2024-scaled.jpg\",\"datePublished\":\"2024-06-24T07:54:25+00:00\",\"dateModified\":\"2025-08-22T07:28:16+00:00\",\"breadcrumb\":{\"@id\":\"https:\\\/\\\/shiatsuverband.ch\\\/fr\\\/le-shiatsu-comme-profession\\\/success-stories\\\/#breadcrumb\"},\"inLanguage\":\"fr-FR\",\"potentialAction\":[{\"@type\":\"ReadAction\",\"target\":[\"https:\\\/\\\/shiatsuverband.ch\\\/fr\\\/le-shiatsu-comme-profession\\\/success-stories\\\/\"]}]},{\"@type\":\"ImageObject\",\"inLanguage\":\"fr-FR\",\"@id\":\"https:\\\/\\\/shiatsuverband.ch\\\/fr\\\/le-shiatsu-comme-profession\\\/success-stories\\\/#primaryimage\",\"url\":\"https:\\\/\\\/shiatsuverband.ch\\\/wp-content\\\/uploads\\\/2024\\\/03\\\/9_banner_2024-scaled.jpg\",\"contentUrl\":\"https:\\\/\\\/shiatsuverband.ch\\\/wp-content\\\/uploads\\\/2024\\\/03\\\/9_banner_2024-scaled.jpg\",\"width\":2560,\"height\":731},{\"@type\":\"BreadcrumbList\",\"@id\":\"https:\\\/\\\/shiatsuverband.ch\\\/fr\\\/le-shiatsu-comme-profession\\\/success-stories\\\/#breadcrumb\",\"itemListElement\":[{\"@type\":\"ListItem\",\"position\":1,\"name\":\"Startseite\",\"item\":\"https:\\\/\\\/shiatsuverband.ch\\\/fr\\\/le-shiatsu-une-methode-de-la-therapie-complementaire\\\/\"},{\"@type\":\"ListItem\",\"position\":2,\"name\":\"Profession\",\"item\":\"https:\\\/\\\/shiatsuverband.ch\\\/fr\\\/le-shiatsu-comme-profession\\\/\"},{\"@type\":\"ListItem\",\"position\":3,\"name\":\"D\u00e9couvrir de nouvelles voies : le Shiatsu en situation de handicap\"}]},{\"@type\":\"WebSite\",\"@id\":\"https:\\\/\\\/shiatsuverband.ch\\\/fr\\\/#website\",\"url\":\"https:\\\/\\\/shiatsuverband.ch\\\/fr\\\/\",\"name\":\"Shiatsu Gesellschaft Schweiz\",\"description\":\"Shiatsu, eine Methode der Komplement\u00e4rTherapie\",\"publisher\":{\"@id\":\"https:\\\/\\\/shiatsuverband.ch\\\/fr\\\/#organization\"},\"potentialAction\":[{\"@type\":\"SearchAction\",\"target\":{\"@type\":\"EntryPoint\",\"urlTemplate\":\"https:\\\/\\\/shiatsuverband.ch\\\/fr\\\/?s={search_term_string}\"},\"query-input\":{\"@type\":\"PropertyValueSpecification\",\"valueRequired\":true,\"valueName\":\"search_term_string\"}}],\"inLanguage\":\"fr-FR\"},{\"@type\":\"Organization\",\"@id\":\"https:\\\/\\\/shiatsuverband.ch\\\/fr\\\/#organization\",\"name\":\"Shiatsu Gesellschaft Schweiz\",\"url\":\"https:\\\/\\\/shiatsuverband.ch\\\/fr\\\/\",\"logo\":{\"@type\":\"ImageObject\",\"inLanguage\":\"fr-FR\",\"@id\":\"https:\\\/\\\/shiatsuverband.ch\\\/fr\\\/#\\\/schema\\\/logo\\\/image\\\/\",\"url\":\"https:\\\/\\\/shiatsuverband.ch\\\/wp-content\\\/uploads\\\/2019\\\/04\\\/Shiatsuverband_Logo.png\",\"contentUrl\":\"https:\\\/\\\/shiatsuverband.ch\\\/wp-content\\\/uploads\\\/2019\\\/04\\\/Shiatsuverband_Logo.png\",\"width\":387,\"height\":130,\"caption\":\"Shiatsu Gesellschaft Schweiz\"},\"image\":{\"@id\":\"https:\\\/\\\/shiatsuverband.ch\\\/fr\\\/#\\\/schema\\\/logo\\\/image\\\/\"},\"sameAs\":[\"https:\\\/\\\/www.facebook.com\\\/shiatsugesellschaftschweiz\"]}]}<\/script>\n<!-- \/ Yoast SEO plugin. -->","yoast_head_json":{"title":"D\u00e9couvrir de nouvelles voies : le Shiatsu en situation de handicap - Shiatsu Gesellschaft Schweiz","robots":{"index":"index","follow":"follow","max-snippet":"max-snippet:-1","max-image-preview":"max-image-preview:large","max-video-preview":"max-video-preview:-1"},"canonical":"https:\/\/shiatsuverband.ch\/fr\/le-shiatsu-comme-profession\/success-stories\/","og_locale":"fr_FR","og_type":"article","og_title":"D\u00e9couvrir de nouvelles voies : le Shiatsu en situation de handicap - Shiatsu Gesellschaft Schweiz","og_url":"https:\/\/shiatsuverband.ch\/fr\/le-shiatsu-comme-profession\/success-stories\/","og_site_name":"Shiatsu Gesellschaft Schweiz","article_publisher":"https:\/\/www.facebook.com\/shiatsugesellschaftschweiz","article_modified_time":"2025-08-22T07:28:16+00:00","og_image":[{"width":2560,"height":731,"url":"https:\/\/shiatsuverband.ch\/wp-content\/uploads\/2024\/03\/9_banner_2024-scaled.jpg","type":"image\/jpeg"}],"twitter_card":"summary_large_image","twitter_misc":{"Dur\u00e9e de lecture estim\u00e9e":"7 minutes"},"schema":{"@context":"https:\/\/schema.org","@graph":[{"@type":"WebPage","@id":"https:\/\/shiatsuverband.ch\/fr\/le-shiatsu-comme-profession\/success-stories\/","url":"https:\/\/shiatsuverband.ch\/fr\/le-shiatsu-comme-profession\/success-stories\/","name":"D\u00e9couvrir de nouvelles voies : le Shiatsu en situation de handicap - Shiatsu Gesellschaft Schweiz","isPartOf":{"@id":"https:\/\/shiatsuverband.ch\/fr\/#website"},"primaryImageOfPage":{"@id":"https:\/\/shiatsuverband.ch\/fr\/le-shiatsu-comme-profession\/success-stories\/#primaryimage"},"image":{"@id":"https:\/\/shiatsuverband.ch\/fr\/le-shiatsu-comme-profession\/success-stories\/#primaryimage"},"thumbnailUrl":"https:\/\/shiatsuverband.ch\/wp-content\/uploads\/2024\/03\/9_banner_2024-scaled.jpg","datePublished":"2024-06-24T07:54:25+00:00","dateModified":"2025-08-22T07:28:16+00:00","breadcrumb":{"@id":"https:\/\/shiatsuverband.ch\/fr\/le-shiatsu-comme-profession\/success-stories\/#breadcrumb"},"inLanguage":"fr-FR","potentialAction":[{"@type":"ReadAction","target":["https:\/\/shiatsuverband.ch\/fr\/le-shiatsu-comme-profession\/success-stories\/"]}]},{"@type":"ImageObject","inLanguage":"fr-FR","@id":"https:\/\/shiatsuverband.ch\/fr\/le-shiatsu-comme-profession\/success-stories\/#primaryimage","url":"https:\/\/shiatsuverband.ch\/wp-content\/uploads\/2024\/03\/9_banner_2024-scaled.jpg","contentUrl":"https:\/\/shiatsuverband.ch\/wp-content\/uploads\/2024\/03\/9_banner_2024-scaled.jpg","width":2560,"height":731},{"@type":"BreadcrumbList","@id":"https:\/\/shiatsuverband.ch\/fr\/le-shiatsu-comme-profession\/success-stories\/#breadcrumb","itemListElement":[{"@type":"ListItem","position":1,"name":"Startseite","item":"https:\/\/shiatsuverband.ch\/fr\/le-shiatsu-une-methode-de-la-therapie-complementaire\/"},{"@type":"ListItem","position":2,"name":"Profession","item":"https:\/\/shiatsuverband.ch\/fr\/le-shiatsu-comme-profession\/"},{"@type":"ListItem","position":3,"name":"D\u00e9couvrir de nouvelles voies : le Shiatsu en situation de handicap"}]},{"@type":"WebSite","@id":"https:\/\/shiatsuverband.ch\/fr\/#website","url":"https:\/\/shiatsuverband.ch\/fr\/","name":"Shiatsu Gesellschaft Schweiz","description":"Shiatsu, eine Methode der Komplement\u00e4rTherapie","publisher":{"@id":"https:\/\/shiatsuverband.ch\/fr\/#organization"},"potentialAction":[{"@type":"SearchAction","target":{"@type":"EntryPoint","urlTemplate":"https:\/\/shiatsuverband.ch\/fr\/?s={search_term_string}"},"query-input":{"@type":"PropertyValueSpecification","valueRequired":true,"valueName":"search_term_string"}}],"inLanguage":"fr-FR"},{"@type":"Organization","@id":"https:\/\/shiatsuverband.ch\/fr\/#organization","name":"Shiatsu Gesellschaft Schweiz","url":"https:\/\/shiatsuverband.ch\/fr\/","logo":{"@type":"ImageObject","inLanguage":"fr-FR","@id":"https:\/\/shiatsuverband.ch\/fr\/#\/schema\/logo\/image\/","url":"https:\/\/shiatsuverband.ch\/wp-content\/uploads\/2019\/04\/Shiatsuverband_Logo.png","contentUrl":"https:\/\/shiatsuverband.ch\/wp-content\/uploads\/2019\/04\/Shiatsuverband_Logo.png","width":387,"height":130,"caption":"Shiatsu Gesellschaft Schweiz"},"image":{"@id":"https:\/\/shiatsuverband.ch\/fr\/#\/schema\/logo\/image\/"},"sameAs":["https:\/\/www.facebook.com\/shiatsugesellschaftschweiz"]}]}},"_links":{"self":[{"href":"https:\/\/shiatsuverband.ch\/fr\/wp-json\/wp\/v2\/pages\/99397","targetHints":{"allow":["GET"]}}],"collection":[{"href":"https:\/\/shiatsuverband.ch\/fr\/wp-json\/wp\/v2\/pages"}],"about":[{"href":"https:\/\/shiatsuverband.ch\/fr\/wp-json\/wp\/v2\/types\/page"}],"author":[{"embeddable":true,"href":"https:\/\/shiatsuverband.ch\/fr\/wp-json\/wp\/v2\/users\/11"}],"replies":[{"embeddable":true,"href":"https:\/\/shiatsuverband.ch\/fr\/wp-json\/wp\/v2\/comments?post=99397"}],"version-history":[{"count":23,"href":"https:\/\/shiatsuverband.ch\/fr\/wp-json\/wp\/v2\/pages\/99397\/revisions"}],"predecessor-version":[{"id":114138,"href":"https:\/\/shiatsuverband.ch\/fr\/wp-json\/wp\/v2\/pages\/99397\/revisions\/114138"}],"up":[{"embeddable":true,"href":"https:\/\/shiatsuverband.ch\/fr\/wp-json\/wp\/v2\/pages\/4318"}],"wp:featuredmedia":[{"embeddable":true,"href":"https:\/\/shiatsuverband.ch\/fr\/wp-json\/wp\/v2\/media\/91751"}],"wp:attachment":[{"href":"https:\/\/shiatsuverband.ch\/fr\/wp-json\/wp\/v2\/media?parent=99397"}],"curies":[{"name":"wp","href":"https:\/\/api.w.org\/{rel}","templated":true}]}}