{"id":99455,"date":"2024-06-25T11:07:08","date_gmt":"2024-06-25T09:07:08","guid":{"rendered":"https:\/\/shiatsuverband.ch\/?page_id=99455"},"modified":"2025-07-01T09:36:22","modified_gmt":"2025-07-01T07:36:22","slug":"membres-recrutent-des-membres","status":"publish","type":"page","link":"https:\/\/shiatsuverband.ch\/fr\/membres-recrutent-des-membres\/","title":{"rendered":"Les membres recrutent des nouveaux membres"},"content":{"rendered":"\n<style type=\"text\/css\" data-created_by=\"avia_inline_auto\" id=\"style-css-av-ju2nndub-f804f8917d62d4d948195afb46131c49\">\n.avia-section.av-ju2nndub-f804f8917d62d4d948195afb46131c49{\nbackground-repeat:no-repeat;\nbackground-image:url(https:\/\/shiatsuverband.ch\/wp-content\/uploads\/2019\/04\/Shiatsu-Gesellschaft-Schweiz-Banner-SGS-2017-9.jpg);\nbackground-position:50% 50%;\nbackground-attachment:scroll;\n}\n<\/style>\n<div id='av_section_1'  class='avia-section av-ju2nndub-f804f8917d62d4d948195afb46131c49 main_color avia-section-no-padding avia-no-border-styling  avia-builder-el-0  el_before_av_section  avia-builder-el-first  margin-top-color-section av-small-hide av-mini-hide avia-full-stretch avia-bg-style-scroll av-minimum-height av-minimum-height-custom av-height-custom  container_wrap fullsize'  data-section-bg-repeat='stretch' data-av_minimum_height_px='440'><div class='container av-section-cont-open' style='height:440px'><main  role=\"main\" itemprop=\"mainContentOfPage\"  class='template-page content  av-content-full alpha units'><div class='post-entry post-entry-type-page post-entry-99455'><div class='entry-content-wrapper clearfix'>\n<\/div><\/div><\/main><!-- close content main element --><\/div><\/div>\n<style type=\"text\/css\" data-created_by=\"avia_inline_auto\" id=\"style-css-av-julcwse0-654f975b9fe1ed4e8f460bcb80608937\">\n.avia-section.av-julcwse0-654f975b9fe1ed4e8f460bcb80608937{\nbackground-color:#009ed0;\nbackground-image:unset;\n}\n<\/style>\n<div id='av_section_2'  class='avia-section av-julcwse0-654f975b9fe1ed4e8f460bcb80608937 main_color avia-section-no-padding avia-no-border-styling  avia-builder-el-1  el_after_av_section  el_before_av_textblock  color-section-title avia-bg-style-scroll container_wrap fullsize'  ><div class='container av-section-cont-open' ><div class='template-page content  av-content-full alpha units'><div class='post-entry post-entry-type-page post-entry-99455'><div class='entry-content-wrapper clearfix'>\n\n<style type=\"text\/css\" data-created_by=\"avia_inline_auto\" id=\"style-css-av-julcw7xd-e3d59a622805fbe4ea83af60fc5e786c\">\n#top .hr.hr-invisible.av-julcw7xd-e3d59a622805fbe4ea83af60fc5e786c{\nheight:40px;\n}\n<\/style>\n<div  class='hr av-julcw7xd-e3d59a622805fbe4ea83af60fc5e786c hr-invisible  avia-builder-el-2  el_before_av_textblock  avia-builder-el-first '><span class='hr-inner '><span class=\"hr-inner-style\"><\/span><\/span><\/div>\n<section  class='av_textblock_section av-julcuj7o-e6999aa14f179631f65e65b47f133404 '   itemscope=\"itemscope\" itemtype=\"https:\/\/schema.org\/CreativeWork\" ><div class='avia_textblock'  itemprop=\"text\" ><h1 class=\"h1-white\">Les membres recrutent des nouveaux membres<\/h1>\n<\/div><\/section>\n<\/div><\/div><\/div><!-- close content main div --><\/div><\/div><div id='after_section_2'  class='main_color av_default_container_wrap container_wrap fullsize'  ><div class='container av-section-cont-open' ><div class='template-page content  av-content-full alpha units'><div class='post-entry post-entry-type-page post-entry-99455'><div class='entry-content-wrapper clearfix'>\n<section  class='av_textblock_section av-11be7-49be5f1f1524d3522a3f635da6546296 '   itemscope=\"itemscope\" itemtype=\"https:\/\/schema.org\/CreativeWork\" ><div class='avia_textblock'  itemprop=\"text\" ><p>Encourage tes coll\u00e8gues \u00e0 devenir membres de l&rsquo;Association Suisse de Shiatsu ! L&rsquo;ASS te remercie par une r\u00e9duction de CHF 100 par nouveau membre trouv\u00e9 sur ta prochaine cotisation.<\/p>\n<h2>Comment convaincre mes coll\u00e8gues ?<\/h2>\n<p>Tu trouveras tous les arguments dans deux documents que tu peux t\u00e9l\u00e9charger et leur envoyer :<\/p>\n<p>_ <a href=\"https:\/\/shiatsuverband.ch\/wp-content\/uploads\/2022\/06\/8-2-Warum-SGS-Mitglied-werden_FR_20220607.pdf\" target=\"_blank\" rel=\"noopener\">Pourquoi devenir membre de l\u2019ASS<\/a> et<\/p>\n<p>_ <a href=\"https:\/\/shiatsuverband.ch\/wp-content\/uploads\/2021\/08\/8-2.3-Flyer_Shiatsu-Mitglieder-Werbung_FR_Web_20210819.pdf\" target=\"_blank\" rel=\"noopener\">D\u00e9pliant \u00abJ\u2019appr\u00e9cie d\u2019\u00eatre membre de l\u2019Association Suisse de Shiatsu parce que&#8230;\u00bb <\/a>.<\/p>\n<\/div><\/section>\n<div  class='hr av-1c0scu7-56e502f81cc4067a1b059e6b96036c8e hr-default  avia-builder-el-5  el_after_av_textblock  el_before_av_textblock '><span class='hr-inner '><span class=\"hr-inner-style\"><\/span><\/span><\/div>\n<section  class='av_textblock_section av-lxu5z7q4-ac15dfa7fae890a64dd0b70a2107b148 '   itemscope=\"itemscope\" itemtype=\"https:\/\/schema.org\/CreativeWork\" ><div class='avia_textblock'  itemprop=\"text\" ><h2>Comment obtenir la r\u00e9compense ?<\/h2>\n<p><strong>Inscription et demande d&rsquo;adh\u00e9sion<br \/>\n<\/strong>Annonce la\/les personne-s que tu as recrut\u00e9e-s en indiquant le nom et l\u2019adresse par e-mail au secr\u00e9tariat : <a href=\"mailto:gs@shiatsuverband.ch\">gs@shiatsuverband.ch<\/a><\/p>\n<p>La personne qui souhaite devenir membre remplit <a href=\"https:\/\/shiatsuverband.ch\/wp-content\/uploads\/2025\/06\/8-4.1-SGS_Mitgliedschaftsantrag_komplett_FR_20250624.pdf\">la demande d\u2019adh\u00e9sion<\/a>.<\/p>\n<p><strong>D\u00e9duction sur la cotisation de membre<br \/>\n<\/strong>D\u00e9duction sur ta cotisation de membre : lorsque les formalit\u00e9s ont \u00e9t\u00e9 r\u00e9gl\u00e9es et que la premi\u00e8re cotisation de membre a \u00e9t\u00e9 pay\u00e9e par le nouveau membre, le secr\u00e9tariat d\u00e9duit automatiquement le montant correspondant de ta prochaine cotisation de membre.<\/p>\n<p>Pour chaque membre que tu recrutes, nous te cr\u00e9ditons 100 CHF sur ta prochaine cotisation. En tant que membre actif, tu peux recruter jusqu&rsquo;\u00e0 4 nouveaux membres et b\u00e9n\u00e9ficier d&rsquo;un cr\u00e9dit maximal de 400 CHF. En tant que membre en formation, tu peux recruter jusqu&rsquo;\u00e0 2 nouveaux membres et tu recevras un cr\u00e9dit de 200 CHF maximum.<\/p>\n<p><strong>L\u2019action dure jusqu\u2019au 30 septembre 2025.<\/strong><\/p>\n<p>Notre action de promotion s&rsquo;adresse \u00e0 tous les membres actifs et \u00e0 nos membres en formation. Tous les autres membres et les membres du comit\u00e9 de l&rsquo;ASS ne peuvent pas y participer.<\/p>\n<\/div><\/section>\n<div  class='hr av-nfgsan-a29d8ec709b6638bb01b0cf06ab20a7f hr-default  avia-builder-el-7  el_after_av_textblock  avia-builder-el-last '><span class='hr-inner '><span class=\"hr-inner-style\"><\/span><\/span><\/div>\n","protected":false},"excerpt":{"rendered":"","protected":false},"author":11,"featured_media":6685,"parent":0,"menu_order":0,"comment_status":"closed","ping_status":"closed","template":"","meta":{"_acf_changed":false,"_monsterinsights_skip_tracking":false,"_monsterinsights_sitenote_active":false,"_monsterinsights_sitenote_note":"","_monsterinsights_sitenote_category":0,"footnotes":""},"class_list":["post-99455","page","type-page","status-publish","has-post-thumbnail","hentry"],"acf":[],"yoast_head":"<!-- This site is optimized with the Yoast SEO plugin v27.4 - https:\/\/yoast.com\/product\/yoast-seo-wordpress\/ -->\n<title>Les membres recrutent des nouveaux membres - Shiatsu Gesellschaft Schweiz<\/title>\n<meta name=\"robots\" content=\"index, follow, max-snippet:-1, max-image-preview:large, max-video-preview:-1\" \/>\n<link rel=\"canonical\" href=\"https:\/\/shiatsuverband.ch\/fr\/membres-recrutent-des-membres\/\" \/>\n<meta property=\"og:locale\" content=\"fr_FR\" \/>\n<meta property=\"og:type\" content=\"article\" \/>\n<meta property=\"og:title\" content=\"Les membres recrutent des nouveaux membres - Shiatsu Gesellschaft Schweiz\" \/>\n<meta property=\"og:url\" content=\"https:\/\/shiatsuverband.ch\/fr\/membres-recrutent-des-membres\/\" \/>\n<meta property=\"og:site_name\" content=\"Shiatsu Gesellschaft Schweiz\" \/>\n<meta property=\"article:publisher\" content=\"https:\/\/www.facebook.com\/shiatsugesellschaftschweiz\" \/>\n<meta property=\"article:modified_time\" content=\"2025-07-01T07:36:22+00:00\" \/>\n<meta property=\"og:image\" content=\"https:\/\/shiatsuverband.ch\/wp-content\/uploads\/2019\/04\/Shiatsu-Gesellschaft-Schweiz-Banner-SGS-2017-9.jpg\" \/>\n\t<meta property=\"og:image:width\" content=\"1400\" \/>\n\t<meta property=\"og:image:height\" content=\"400\" \/>\n\t<meta property=\"og:image:type\" content=\"image\/jpeg\" \/>\n<meta name=\"twitter:card\" content=\"summary_large_image\" \/>\n<meta name=\"twitter:label1\" content=\"Dur\u00e9e de lecture estim\u00e9e\" \/>\n\t<meta name=\"twitter:data1\" content=\"2 minutes\" \/>\n<script type=\"application\/ld+json\" class=\"yoast-schema-graph\">{\"@context\":\"https:\\\/\\\/schema.org\",\"@graph\":[{\"@type\":\"WebPage\",\"@id\":\"https:\\\/\\\/shiatsuverband.ch\\\/fr\\\/membres-recrutent-des-membres\\\/\",\"url\":\"https:\\\/\\\/shiatsuverband.ch\\\/fr\\\/membres-recrutent-des-membres\\\/\",\"name\":\"Les membres recrutent des nouveaux membres - Shiatsu Gesellschaft Schweiz\",\"isPartOf\":{\"@id\":\"https:\\\/\\\/shiatsuverband.ch\\\/fr\\\/#website\"},\"primaryImageOfPage\":{\"@id\":\"https:\\\/\\\/shiatsuverband.ch\\\/fr\\\/membres-recrutent-des-membres\\\/#primaryimage\"},\"image\":{\"@id\":\"https:\\\/\\\/shiatsuverband.ch\\\/fr\\\/membres-recrutent-des-membres\\\/#primaryimage\"},\"thumbnailUrl\":\"https:\\\/\\\/shiatsuverband.ch\\\/wp-content\\\/uploads\\\/2019\\\/04\\\/Shiatsu-Gesellschaft-Schweiz-Banner-SGS-2017-9.jpg\",\"datePublished\":\"2024-06-25T09:07:08+00:00\",\"dateModified\":\"2025-07-01T07:36:22+00:00\",\"breadcrumb\":{\"@id\":\"https:\\\/\\\/shiatsuverband.ch\\\/fr\\\/membres-recrutent-des-membres\\\/#breadcrumb\"},\"inLanguage\":\"fr-FR\",\"potentialAction\":[{\"@type\":\"ReadAction\",\"target\":[\"https:\\\/\\\/shiatsuverband.ch\\\/fr\\\/membres-recrutent-des-membres\\\/\"]}]},{\"@type\":\"ImageObject\",\"inLanguage\":\"fr-FR\",\"@id\":\"https:\\\/\\\/shiatsuverband.ch\\\/fr\\\/membres-recrutent-des-membres\\\/#primaryimage\",\"url\":\"https:\\\/\\\/shiatsuverband.ch\\\/wp-content\\\/uploads\\\/2019\\\/04\\\/Shiatsu-Gesellschaft-Schweiz-Banner-SGS-2017-9.jpg\",\"contentUrl\":\"https:\\\/\\\/shiatsuverband.ch\\\/wp-content\\\/uploads\\\/2019\\\/04\\\/Shiatsu-Gesellschaft-Schweiz-Banner-SGS-2017-9.jpg\",\"width\":1400,\"height\":400,\"caption\":\"Shiatsu Gesellschaft Schweiz - Banner SGS 2017-9\"},{\"@type\":\"BreadcrumbList\",\"@id\":\"https:\\\/\\\/shiatsuverband.ch\\\/fr\\\/membres-recrutent-des-membres\\\/#breadcrumb\",\"itemListElement\":[{\"@type\":\"ListItem\",\"position\":1,\"name\":\"Startseite\",\"item\":\"https:\\\/\\\/shiatsuverband.ch\\\/fr\\\/le-shiatsu-une-methode-de-la-therapie-complementaire\\\/\"},{\"@type\":\"ListItem\",\"position\":2,\"name\":\"Les membres recrutent des nouveaux membres\"}]},{\"@type\":\"WebSite\",\"@id\":\"https:\\\/\\\/shiatsuverband.ch\\\/fr\\\/#website\",\"url\":\"https:\\\/\\\/shiatsuverband.ch\\\/fr\\\/\",\"name\":\"Shiatsu Gesellschaft Schweiz\",\"description\":\"Shiatsu, eine Methode der Komplement\u00e4rTherapie\",\"publisher\":{\"@id\":\"https:\\\/\\\/shiatsuverband.ch\\\/fr\\\/#organization\"},\"potentialAction\":[{\"@type\":\"SearchAction\",\"target\":{\"@type\":\"EntryPoint\",\"urlTemplate\":\"https:\\\/\\\/shiatsuverband.ch\\\/fr\\\/?s={search_term_string}\"},\"query-input\":{\"@type\":\"PropertyValueSpecification\",\"valueRequired\":true,\"valueName\":\"search_term_string\"}}],\"inLanguage\":\"fr-FR\"},{\"@type\":\"Organization\",\"@id\":\"https:\\\/\\\/shiatsuverband.ch\\\/fr\\\/#organization\",\"name\":\"Shiatsu Gesellschaft Schweiz\",\"url\":\"https:\\\/\\\/shiatsuverband.ch\\\/fr\\\/\",\"logo\":{\"@type\":\"ImageObject\",\"inLanguage\":\"fr-FR\",\"@id\":\"https:\\\/\\\/shiatsuverband.ch\\\/fr\\\/#\\\/schema\\\/logo\\\/image\\\/\",\"url\":\"https:\\\/\\\/shiatsuverband.ch\\\/wp-content\\\/uploads\\\/2019\\\/04\\\/Shiatsuverband_Logo.png\",\"contentUrl\":\"https:\\\/\\\/shiatsuverband.ch\\\/wp-content\\\/uploads\\\/2019\\\/04\\\/Shiatsuverband_Logo.png\",\"width\":387,\"height\":130,\"caption\":\"Shiatsu Gesellschaft Schweiz\"},\"image\":{\"@id\":\"https:\\\/\\\/shiatsuverband.ch\\\/fr\\\/#\\\/schema\\\/logo\\\/image\\\/\"},\"sameAs\":[\"https:\\\/\\\/www.facebook.com\\\/shiatsugesellschaftschweiz\"]}]}<\/script>\n<!-- \/ Yoast SEO plugin. -->","yoast_head_json":{"title":"Les membres recrutent des nouveaux membres - Shiatsu Gesellschaft Schweiz","robots":{"index":"index","follow":"follow","max-snippet":"max-snippet:-1","max-image-preview":"max-image-preview:large","max-video-preview":"max-video-preview:-1"},"canonical":"https:\/\/shiatsuverband.ch\/fr\/membres-recrutent-des-membres\/","og_locale":"fr_FR","og_type":"article","og_title":"Les membres recrutent des nouveaux membres - Shiatsu Gesellschaft Schweiz","og_url":"https:\/\/shiatsuverband.ch\/fr\/membres-recrutent-des-membres\/","og_site_name":"Shiatsu Gesellschaft Schweiz","article_publisher":"https:\/\/www.facebook.com\/shiatsugesellschaftschweiz","article_modified_time":"2025-07-01T07:36:22+00:00","og_image":[{"width":1400,"height":400,"url":"https:\/\/shiatsuverband.ch\/wp-content\/uploads\/2019\/04\/Shiatsu-Gesellschaft-Schweiz-Banner-SGS-2017-9.jpg","type":"image\/jpeg"}],"twitter_card":"summary_large_image","twitter_misc":{"Dur\u00e9e de lecture estim\u00e9e":"2 minutes"},"schema":{"@context":"https:\/\/schema.org","@graph":[{"@type":"WebPage","@id":"https:\/\/shiatsuverband.ch\/fr\/membres-recrutent-des-membres\/","url":"https:\/\/shiatsuverband.ch\/fr\/membres-recrutent-des-membres\/","name":"Les membres recrutent des nouveaux membres - Shiatsu Gesellschaft Schweiz","isPartOf":{"@id":"https:\/\/shiatsuverband.ch\/fr\/#website"},"primaryImageOfPage":{"@id":"https:\/\/shiatsuverband.ch\/fr\/membres-recrutent-des-membres\/#primaryimage"},"image":{"@id":"https:\/\/shiatsuverband.ch\/fr\/membres-recrutent-des-membres\/#primaryimage"},"thumbnailUrl":"https:\/\/shiatsuverband.ch\/wp-content\/uploads\/2019\/04\/Shiatsu-Gesellschaft-Schweiz-Banner-SGS-2017-9.jpg","datePublished":"2024-06-25T09:07:08+00:00","dateModified":"2025-07-01T07:36:22+00:00","breadcrumb":{"@id":"https:\/\/shiatsuverband.ch\/fr\/membres-recrutent-des-membres\/#breadcrumb"},"inLanguage":"fr-FR","potentialAction":[{"@type":"ReadAction","target":["https:\/\/shiatsuverband.ch\/fr\/membres-recrutent-des-membres\/"]}]},{"@type":"ImageObject","inLanguage":"fr-FR","@id":"https:\/\/shiatsuverband.ch\/fr\/membres-recrutent-des-membres\/#primaryimage","url":"https:\/\/shiatsuverband.ch\/wp-content\/uploads\/2019\/04\/Shiatsu-Gesellschaft-Schweiz-Banner-SGS-2017-9.jpg","contentUrl":"https:\/\/shiatsuverband.ch\/wp-content\/uploads\/2019\/04\/Shiatsu-Gesellschaft-Schweiz-Banner-SGS-2017-9.jpg","width":1400,"height":400,"caption":"Shiatsu Gesellschaft Schweiz - Banner SGS 2017-9"},{"@type":"BreadcrumbList","@id":"https:\/\/shiatsuverband.ch\/fr\/membres-recrutent-des-membres\/#breadcrumb","itemListElement":[{"@type":"ListItem","position":1,"name":"Startseite","item":"https:\/\/shiatsuverband.ch\/fr\/le-shiatsu-une-methode-de-la-therapie-complementaire\/"},{"@type":"ListItem","position":2,"name":"Les membres recrutent des nouveaux membres"}]},{"@type":"WebSite","@id":"https:\/\/shiatsuverband.ch\/fr\/#website","url":"https:\/\/shiatsuverband.ch\/fr\/","name":"Shiatsu Gesellschaft Schweiz","description":"Shiatsu, eine Methode der Komplement\u00e4rTherapie","publisher":{"@id":"https:\/\/shiatsuverband.ch\/fr\/#organization"},"potentialAction":[{"@type":"SearchAction","target":{"@type":"EntryPoint","urlTemplate":"https:\/\/shiatsuverband.ch\/fr\/?s={search_term_string}"},"query-input":{"@type":"PropertyValueSpecification","valueRequired":true,"valueName":"search_term_string"}}],"inLanguage":"fr-FR"},{"@type":"Organization","@id":"https:\/\/shiatsuverband.ch\/fr\/#organization","name":"Shiatsu Gesellschaft Schweiz","url":"https:\/\/shiatsuverband.ch\/fr\/","logo":{"@type":"ImageObject","inLanguage":"fr-FR","@id":"https:\/\/shiatsuverband.ch\/fr\/#\/schema\/logo\/image\/","url":"https:\/\/shiatsuverband.ch\/wp-content\/uploads\/2019\/04\/Shiatsuverband_Logo.png","contentUrl":"https:\/\/shiatsuverband.ch\/wp-content\/uploads\/2019\/04\/Shiatsuverband_Logo.png","width":387,"height":130,"caption":"Shiatsu Gesellschaft Schweiz"},"image":{"@id":"https:\/\/shiatsuverband.ch\/fr\/#\/schema\/logo\/image\/"},"sameAs":["https:\/\/www.facebook.com\/shiatsugesellschaftschweiz"]}]}},"_links":{"self":[{"href":"https:\/\/shiatsuverband.ch\/fr\/wp-json\/wp\/v2\/pages\/99455","targetHints":{"allow":["GET"]}}],"collection":[{"href":"https:\/\/shiatsuverband.ch\/fr\/wp-json\/wp\/v2\/pages"}],"about":[{"href":"https:\/\/shiatsuverband.ch\/fr\/wp-json\/wp\/v2\/types\/page"}],"author":[{"embeddable":true,"href":"https:\/\/shiatsuverband.ch\/fr\/wp-json\/wp\/v2\/users\/11"}],"replies":[{"embeddable":true,"href":"https:\/\/shiatsuverband.ch\/fr\/wp-json\/wp\/v2\/comments?post=99455"}],"version-history":[{"count":10,"href":"https:\/\/shiatsuverband.ch\/fr\/wp-json\/wp\/v2\/pages\/99455\/revisions"}],"predecessor-version":[{"id":112889,"href":"https:\/\/shiatsuverband.ch\/fr\/wp-json\/wp\/v2\/pages\/99455\/revisions\/112889"}],"wp:featuredmedia":[{"embeddable":true,"href":"https:\/\/shiatsuverband.ch\/fr\/wp-json\/wp\/v2\/media\/6685"}],"wp:attachment":[{"href":"https:\/\/shiatsuverband.ch\/fr\/wp-json\/wp\/v2\/media?parent=99455"}],"curies":[{"name":"wp","href":"https:\/\/api.w.org\/{rel}","templated":true}]}}